{"id":20051,"date":"2023-09-21T14:13:23","date_gmt":"2023-09-21T12:13:23","guid":{"rendered":"https:\/\/sisgeo.com\/zone-de-telechargement\/fiche-technique\/inclinometres-fixes-ipi\/"},"modified":"2024-10-15T12:39:27","modified_gmt":"2024-10-15T10:39:27","slug":"inclinometres-fixes-ipi","status":"publish","type":"page","link":"https:\/\/sisgeo.com\/fr\/zone-de-telechargement\/fiche-technique\/inclinometres-fixes-ipi\/","title":{"rendered":"Inclinom\u00e8tres fixes \u00ab\u00a0IPI\u00a0\u00bb"},"content":{"rendered":"\t\t<div data-elementor-type=\"wp-page\" data-elementor-id=\"20051\" class=\"elementor elementor-20051 elementor-14329\" data-elementor-post-type=\"page\">\n\t\t\t\t<div class=\"elementor-element elementor-element-cb5d006 e-flex e-con-boxed e-con e-parent\" data-id=\"cb5d006\" data-element_type=\"container\" data-e-type=\"container\">\n\t\t\t\t\t<div class=\"e-con-inner\">\n\t\t\t\t\t<\/div>\n\t\t\t\t<\/div>\n\t\t<div class=\"elementor-element elementor-element-a508917 normali e-flex e-con-boxed e-con e-parent\" data-id=\"a508917\" data-element_type=\"container\" data-e-type=\"container\">\n\t\t\t\t\t<div class=\"e-con-inner\">\n\t\t\t\t<div class=\"elementor-element elementor-element-bc9f539 elementor-widget elementor-widget-text-editor\" data-id=\"bc9f539\" data-element_type=\"widget\" data-e-type=\"widget\" data-widget_type=\"text-editor.default\">\n\t\t\t\t<div class=\"elementor-widget-container\">\n\t\t\t\t\t\t\t\t\t<p>Inclinom\u00e8tres fixes BH-profile<\/p>\n\t\t\t\t\t\t\t\t<\/div>\n\t\t\t\t<\/div>\n\t\t<!-- dce invisible element 0f06bbf -->\t\t<div class=\"elementor-element elementor-element-2118c78 elementor-widget elementor-widget-dce-filebrowser\" data-id=\"2118c78\" data-element_type=\"widget\" data-e-type=\"widget\" data-settings=\"{&quot;enabled_visibility&quot;:&quot;yes&quot;,&quot;dce_visibility_selected&quot;:&quot;yes&quot;}\" data-widget_type=\"dce-filebrowser.default\">\n\t\t\t\t<div class=\"elementor-widget-container\">\n\t\t\t\t\t<ul class=\"list-unstyled dce-list dce-list-root\"><li class=\"file ext-pdf\"><a class=\"block btn-block dce-file-download\" href=\"https:\/\/sisgeo.com\/wp-content\/uploads\/Prodotti\/IPI%20In-Place%20Inclinometers\/BH-Profile%20in-place%20Inclinometers\/Francese\/Datasheet\/S430_IPI_FR_10_chaine-inclinom\u00e9trique-BH-profile.pdf\" target=\"_blank\" data-md5=\"c3ee3bf997fb924e620aa282c92cabd4\" data-original-name=\"S430_IPI_FR_10_chaine-inclinom\u00e9trique-BH-profile.pdf\"><span class=\"middle fiv-viv fiv-icon-pdf\"><\/span><span class=\"dce-file-text\"><strong class=\"dce-file-title\">S430_IPI_FR_10_chaine-inclinom\u00e9trique-BH-profile<\/strong><\/span><\/a><\/li><\/ul>\t\t\t\t<\/div>\n\t\t\t\t<\/div>\n\t\t<!-- dce invisible element 78d350c -->\t\t\t<\/div>\n\t\t\t\t<\/div>\n\t\t<div class=\"elementor-element elementor-element-2d23870 normali e-flex e-con-boxed e-con e-parent\" data-id=\"2d23870\" data-element_type=\"container\" data-e-type=\"container\">\n\t\t\t\t\t<div class=\"e-con-inner\">\n\t\t\t\t<div class=\"elementor-element elementor-element-4cbcff5 elementor-widget elementor-widget-text-editor\" data-id=\"4cbcff5\" data-element_type=\"widget\" data-e-type=\"widget\" data-widget_type=\"text-editor.default\">\n\t\t\t\t<div class=\"elementor-widget-container\">\n\t\t\t\t\t\t\t\t\t<p>Chaine MD-profile<\/p>\n\t\t\t\t\t\t\t\t<\/div>\n\t\t\t\t<\/div>\n\t\t<!-- dce invisible element 064e7ba -->\t\t<div class=\"elementor-element elementor-element-6256183 elementor-widget elementor-widget-dce-filebrowser\" data-id=\"6256183\" data-element_type=\"widget\" data-e-type=\"widget\" data-settings=\"{&quot;enabled_visibility&quot;:&quot;yes&quot;,&quot;dce_visibility_selected&quot;:&quot;yes&quot;}\" data-widget_type=\"dce-filebrowser.default\">\n\t\t\t\t<div class=\"elementor-widget-container\">\n\t\t\t\t\t<ul class=\"list-unstyled dce-list dce-list-root\"><li class=\"file ext-pdf\"><a class=\"block btn-block dce-file-download\" href=\"https:\/\/sisgeo.com\/wp-content\/uploads\/Prodotti\/IPI%20In-Place%20Inclinometers\/MD-Profile%20array\/Francese\/Datasheet\/MD-PROFILE%20360_EN_07.pdf\" target=\"_blank\" data-md5=\"1a7d7e9fd8e97635ae22e3098f38a97c\" data-original-name=\"MD-PROFILE 360_EN_07.pdf\"><span class=\"middle fiv-viv fiv-icon-pdf\"><\/span><span class=\"dce-file-text\"><strong class=\"dce-file-title\">MD-PROFILE 360_EN_07<\/strong><\/span><\/a><\/li><\/ul>\t\t\t\t<\/div>\n\t\t\t\t<\/div>\n\t\t<!-- dce invisible element a0ef5df -->\t\t\t<\/div>\n\t\t\t\t<\/div>\n\t\t<div class=\"elementor-element elementor-element-c10b875 normali e-flex e-con-boxed e-con e-parent\" data-id=\"c10b875\" data-element_type=\"container\" data-e-type=\"container\">\n\t\t\t\t\t<div class=\"e-con-inner\">\n\t\t\t\t<div class=\"elementor-element elementor-element-a1eeea2 elementor-widget elementor-widget-text-editor\" data-id=\"a1eeea2\" data-element_type=\"widget\" data-e-type=\"widget\" data-widget_type=\"text-editor.default\">\n\t\t\t\t<div class=\"elementor-widget-container\">\n\t\t\t\t\t\t\t\t\t<p>Chaine LT-Inclibus<\/p>\n\t\t\t\t\t\t\t\t<\/div>\n\t\t\t\t<\/div>\n\t\t<!-- dce invisible element 92d033e -->\t\t<div class=\"elementor-element elementor-element-721a888 elementor-widget elementor-widget-dce-filebrowser\" data-id=\"721a888\" data-element_type=\"widget\" data-e-type=\"widget\" data-settings=\"{&quot;enabled_visibility&quot;:&quot;yes&quot;,&quot;dce_visibility_selected&quot;:&quot;yes&quot;}\" data-widget_type=\"dce-filebrowser.default\">\n\t\t\t\t<div class=\"elementor-widget-container\">\n\t\t\t\t\t<ul class=\"list-unstyled dce-list dce-list-root\"><li class=\"file ext-pdf\"><a class=\"block btn-block dce-file-download\" href=\"https:\/\/sisgeo.com\/wp-content\/uploads\/Prodotti\/IPI%20In-Place%20Inclinometers\/LT-Inclibus%20array\/Francese\/Datasheet\/LTIN_LT_INCLIBUS_360_datasheet_FR_03.pdf\" target=\"_blank\" data-md5=\"265ccec86fed459a63526a85d0fb0ffa\" data-original-name=\"LTIN_LT_INCLIBUS_360_datasheet_FR_03.pdf\"><span class=\"middle fiv-viv fiv-icon-pdf\"><\/span><span class=\"dce-file-text\"><strong class=\"dce-file-title\">LTIN_LT_INCLIBUS_360_datasheet_FR_03<\/strong><\/span><\/a><\/li><\/ul>\t\t\t\t<\/div>\n\t\t\t\t<\/div>\n\t\t\t\t\t<\/div>\n\t\t\t\t<\/div>\n\t\t<div class=\"elementor-element elementor-element-db92a70 normali e-flex e-con-boxed e-con e-parent\" data-id=\"db92a70\" data-element_type=\"container\" data-e-type=\"container\">\n\t\t\t\t\t<div class=\"e-con-inner\">\n\t\t\t\t<div class=\"elementor-element elementor-element-56f86a5 elementor-widget elementor-widget-text-editor\" data-id=\"56f86a5\" data-element_type=\"widget\" data-e-type=\"widget\" data-widget_type=\"text-editor.default\">\n\t\t\t\t<div class=\"elementor-widget-container\">\n\t\t\t\t\t\t\t\t\t<p>Inclinom\u00e8tres fixes horizontaux<\/p>\n\t\t\t\t\t\t\t\t<\/div>\n\t\t\t\t<\/div>\n\t\t<!-- dce invisible element 2164f15 -->\t\t<div class=\"elementor-element elementor-element-abc4f5b elementor-widget elementor-widget-dce-filebrowser\" data-id=\"abc4f5b\" data-element_type=\"widget\" data-e-type=\"widget\" data-settings=\"{&quot;enabled_visibility&quot;:&quot;yes&quot;,&quot;dce_visibility_selected&quot;:&quot;yes&quot;}\" data-widget_type=\"dce-filebrowser.default\">\n\t\t\t\t<div class=\"elementor-widget-container\">\n\t\t\t\t\t<ul class=\"list-unstyled dce-list dce-list-root\"><li class=\"file ext-pdf\"><a class=\"block btn-block dce-file-download\" href=\"https:\/\/sisgeo.com\/wp-content\/uploads\/Prodotti\/IPI%20In-Place%20Inclinometers\/Horizontal%20In%20Place%20Inclinometers\/Francese\/Datasheet\/S441_FR_07_horizontal%20IPI%20MEMS%20inclinometers.pdf\" target=\"_blank\" data-md5=\"d3af1606b978d4f465d48d8d71221c56\" data-original-name=\"S441_FR_07_horizontal IPI MEMS inclinometers.pdf\"><span class=\"middle fiv-viv fiv-icon-pdf\"><\/span><span class=\"dce-file-text\"><strong class=\"dce-file-title\">S441_FR_07_horizontal IPI MEMS inclinometers<\/strong><\/span><\/a><\/li><\/ul>\t\t\t\t<\/div>\n\t\t\t\t<\/div>\n\t\t<!-- dce invisible element bd44966 -->\t\t\t<\/div>\n\t\t\t\t<\/div>\n\t\t<div class=\"elementor-element elementor-element-b0804e7 normali e-flex e-con-boxed e-con e-parent\" data-id=\"b0804e7\" data-element_type=\"container\" data-e-type=\"container\">\n\t\t\t\t\t<div class=\"e-con-inner\">\n\t\t\t\t<div class=\"elementor-element elementor-element-17e4fda elementor-widget elementor-widget-text-editor\" data-id=\"17e4fda\" data-element_type=\"widget\" data-e-type=\"widget\" data-widget_type=\"text-editor.default\">\n\t\t\t\t<div class=\"elementor-widget-container\">\n\t\t\t\t\t\t\t\t\t<p>Inclinom\u00e8tres fixes MEMS<\/p>\n\t\t\t\t\t\t\t\t<\/div>\n\t\t\t\t<\/div>\n\t\t<!-- dce invisible element 2a3beb1 -->\t\t<div class=\"elementor-element elementor-element-62653eb elementor-widget elementor-widget-dce-filebrowser\" data-id=\"62653eb\" data-element_type=\"widget\" data-e-type=\"widget\" data-settings=\"{&quot;enabled_visibility&quot;:&quot;yes&quot;,&quot;dce_visibility_selected&quot;:&quot;yes&quot;}\" data-widget_type=\"dce-filebrowser.default\">\n\t\t\t\t<div class=\"elementor-widget-container\">\n\t\t\t\t\t<ul class=\"list-unstyled dce-list dce-list-root\"><li class=\"file ext-pdf\"><a class=\"block btn-block dce-file-download\" href=\"https:\/\/sisgeo.com\/wp-content\/uploads\/Prodotti\/IPI%20In-Place%20Inclinometers\/MEMS%20In-place%20Incinometers\/Francese\/Datasheet\/S410_FR_14_MEMS_inclinometres_fixes.pdf\" target=\"_blank\" data-md5=\"e64b3c24f7c4242e1f654ad532be71b3\" data-original-name=\"S410_FR_14_MEMS_inclinometres_fixes.pdf\"><span class=\"middle fiv-viv fiv-icon-pdf\"><\/span><span class=\"dce-file-text\"><strong class=\"dce-file-title\">S410_FR_14_MEMS_inclinometres_fixes<\/strong><\/span><\/a><\/li><\/ul>\t\t\t\t<\/div>\n\t\t\t\t<\/div>\n\t\t<!-- dce invisible element 78d1b81 --><!-- dce invisible element 45ba493 -->\t\t\t<\/div>\n\t\t\t\t<\/div>\n\t\t<div class=\"elementor-element elementor-element-2285fb8 normali e-flex e-con-boxed e-con e-parent\" data-id=\"2285fb8\" data-element_type=\"container\" data-e-type=\"container\">\n\t\t\t\t\t<div class=\"e-con-inner\">\n\t\t\t\t<div class=\"elementor-element elementor-element-9f87614 elementor-widget elementor-widget-text-editor\" data-id=\"9f87614\" data-element_type=\"widget\" data-e-type=\"widget\" data-widget_type=\"text-editor.default\">\n\t\t\t\t<div class=\"elementor-widget-container\">\n\t\t\t\t\t\t\t\t\t<p>3D Extenso-inclinom\u00e8tre DEX-S<\/p>\n\t\t\t\t\t\t\t\t<\/div>\n\t\t\t\t<\/div>\n\t\t<!-- dce invisible element f51ec95 -->\t\t<div class=\"elementor-element elementor-element-9d3f746 elementor-widget elementor-widget-dce-filebrowser\" data-id=\"9d3f746\" data-element_type=\"widget\" data-e-type=\"widget\" data-settings=\"{&quot;enabled_visibility&quot;:&quot;yes&quot;,&quot;dce_visibility_selected&quot;:&quot;yes&quot;}\" data-widget_type=\"dce-filebrowser.default\">\n\t\t\t\t<div class=\"elementor-widget-container\">\n\t\t\t\t\t<ul class=\"list-unstyled dce-list dce-list-root\"><li class=\"file ext-pdf\"><a class=\"block btn-block dce-file-download\" href=\"https:\/\/sisgeo.com\/wp-content\/uploads\/Prodotti\/IPI%20In-Place%20Inclinometers\/DEX%20and%20DEX-S%203D%20estenso-inclinometer\/Francese\/Datasheet\/DEX-S_EN_09_digital_DEX-S_extenso-inclinometer_datasheet.pdf\" target=\"_blank\" data-md5=\"1f199d122241240f1171c3f835da8858\" data-original-name=\"DEX-S_EN_09_digital_DEX-S_extenso-inclinometer_datasheet.pdf\"><span class=\"middle fiv-viv fiv-icon-pdf\"><\/span><span class=\"dce-file-text\"><strong class=\"dce-file-title\">DEX-S_EN_09_digital_DEX-S_extenso-inclinometer_datasheet<\/strong><\/span><\/a><\/li><\/ul>\t\t\t\t<\/div>\n\t\t\t\t<\/div>\n\t\t<!-- dce invisible element c79662d -->\t\t\t<\/div>\n\t\t\t\t<\/div>\n\t\t\t\t<\/div>\n\t\t","protected":false},"excerpt":{"rendered":"<p>Inclinom\u00e8tres fixes BH-profile S430_IPI_EN_10_BH profile IPI inclinometer S430_IPI_FR_10_chaine-inclinom\u00e9trique-BH-profile S430_IPI_ES_10_BH profile IPI inclinometer Chaine MD-profile MD-PROFILE system_EN_05 MD-PROFILE syst\u00e8me_FR_05 MD-PROFILE sistema_ES_05 Chaine LT-Inclibus LTIN-lt-inclibus-360-datasheet-EN-02 LTIN-lt-inclibus-360-datasheet-EN-02 Inclinom\u00e8tres fixes horizontaux S441_EN_07_horizontal IPI MEMS inclinometers S441_FR_07_horizontal IPI MEMS inclinometers S441_ES_07_horizontal IPI MEMS inclinometers Inclinom\u00e8tres fixes MEMS S410_EN_14_MEMS_In-place_inclinometers S410_FR_14_MEMS_inclinometres_fixes S410_IT_14_MEMS_In-place_inclinometers S410_ESP_14_MEMS_In-place_inclinometers 3D Extenso-inclinom\u00e8tre DEX-S DEX-S_EN_08_digital_DEX-S_extenso-inclinometer_datasheet DEX-S_EN_08_digital_DEX-S_extenso-inclinometer_datasheet DEX-S_EN_08_digital_DEX-S_extenso-inclinometer_datasheet<\/p>\n","protected":false},"author":1,"featured_media":0,"parent":20005,"menu_order":0,"comment_status":"closed","ping_status":"closed","template":"","meta":{"footnotes":""},"categories":[],"tags":[],"class_list":["post-20051","page","type-page","status-publish","hentry"],"yoast_head":"<!-- This site is optimized with the Yoast SEO Premium plugin v27.2 (Yoast SEO v27.2) - https:\/\/yoast.com\/product\/yoast-seo-premium-wordpress\/ -->\n<title>Inclinom\u00e8tres fixes &quot;IPI&quot; - Sisgeo<\/title>\n<meta name=\"robots\" content=\"index, follow, max-snippet:-1, max-image-preview:large, max-video-preview:-1\" \/>\n<link rel=\"canonical\" href=\"https:\/\/sisgeo.com\/fr\/zone-de-telechargement\/fiche-technique\/inclinometres-fixes-ipi\/\" \/>\n<meta property=\"og:locale\" content=\"fr_FR\" \/>\n<meta property=\"og:type\" content=\"article\" \/>\n<meta property=\"og:title\" content=\"Inclinom\u00e8tres fixes &quot;IPI&quot;\" \/>\n<meta property=\"og:description\" content=\"Inclinom\u00e8tres fixes BH-profile S430_IPI_EN_10_BH profile IPI inclinometer S430_IPI_FR_10_chaine-inclinom\u00e9trique-BH-profile S430_IPI_ES_10_BH profile IPI inclinometer Chaine MD-profile MD-PROFILE system_EN_05 MD-PROFILE syst\u00e8me_FR_05 MD-PROFILE sistema_ES_05 Chaine LT-Inclibus LTIN-lt-inclibus-360-datasheet-EN-02 LTIN-lt-inclibus-360-datasheet-EN-02 Inclinom\u00e8tres fixes horizontaux S441_EN_07_horizontal IPI MEMS inclinometers S441_FR_07_horizontal IPI MEMS inclinometers S441_ES_07_horizontal IPI MEMS inclinometers Inclinom\u00e8tres fixes MEMS S410_EN_14_MEMS_In-place_inclinometers S410_FR_14_MEMS_inclinometres_fixes S410_IT_14_MEMS_In-place_inclinometers S410_ESP_14_MEMS_In-place_inclinometers 3D Extenso-inclinom\u00e8tre DEX-S DEX-S_EN_08_digital_DEX-S_extenso-inclinometer_datasheet DEX-S_EN_08_digital_DEX-S_extenso-inclinometer_datasheet DEX-S_EN_08_digital_DEX-S_extenso-inclinometer_datasheet\" \/>\n<meta property=\"og:url\" content=\"https:\/\/sisgeo.com\/fr\/zone-de-telechargement\/fiche-technique\/inclinometres-fixes-ipi\/\" \/>\n<meta property=\"og:site_name\" content=\"Sisgeo\" \/>\n<meta property=\"article:modified_time\" content=\"2024-10-15T10:39:27+00:00\" \/>\n<meta name=\"twitter:card\" content=\"summary_large_image\" \/>\n<meta name=\"twitter:label1\" content=\"Dur\u00e9e de lecture estim\u00e9e\" \/>\n\t<meta name=\"twitter:data1\" content=\"1 minute\" \/>\n<script type=\"application\/ld+json\" class=\"yoast-schema-graph\">{\"@context\":\"https:\/\/schema.org\",\"@graph\":[{\"@type\":\"WebPage\",\"@id\":\"https:\/\/sisgeo.com\/fr\/zone-de-telechargement\/fiche-technique\/inclinometres-fixes-ipi\/\",\"url\":\"https:\/\/sisgeo.com\/fr\/zone-de-telechargement\/fiche-technique\/inclinometres-fixes-ipi\/\",\"name\":\"Inclinom\u00e8tres fixes \\\"IPI\\\" - Sisgeo\",\"isPartOf\":{\"@id\":\"https:\/\/sisgeo.com\/fr\/#website\"},\"datePublished\":\"2023-09-21T12:13:23+00:00\",\"dateModified\":\"2024-10-15T10:39:27+00:00\",\"breadcrumb\":{\"@id\":\"https:\/\/sisgeo.com\/fr\/zone-de-telechargement\/fiche-technique\/inclinometres-fixes-ipi\/#breadcrumb\"},\"inLanguage\":\"fr-FR\",\"potentialAction\":[{\"@type\":\"ReadAction\",\"target\":[\"https:\/\/sisgeo.com\/fr\/zone-de-telechargement\/fiche-technique\/inclinometres-fixes-ipi\/\"]}]},{\"@type\":\"BreadcrumbList\",\"@id\":\"https:\/\/sisgeo.com\/fr\/zone-de-telechargement\/fiche-technique\/inclinometres-fixes-ipi\/#breadcrumb\",\"itemListElement\":[{\"@type\":\"ListItem\",\"position\":1,\"name\":\"Home\",\"item\":\"https:\/\/sisgeo.com\/fr\/linstrumentation-geotechnique-et-structurale-pour-le-shm\/\"},{\"@type\":\"ListItem\",\"position\":2,\"name\":\"Zone de t\u00e9l\u00e9chargement\",\"item\":\"https:\/\/sisgeo.com\/fr\/zone-de-telechargement\/\"},{\"@type\":\"ListItem\",\"position\":3,\"name\":\"Fiche technique\",\"item\":\"https:\/\/sisgeo.com\/fr\/zone-de-telechargement\/fiche-technique\/\"},{\"@type\":\"ListItem\",\"position\":4,\"name\":\"Inclinom\u00e8tres fixes &#8220;IPI&#8221;\"}]},{\"@type\":\"WebSite\",\"@id\":\"https:\/\/sisgeo.com\/fr\/#website\",\"url\":\"https:\/\/sisgeo.com\/fr\/\",\"name\":\"Sisgeo\",\"description\":\"Inclined to improvement\",\"publisher\":{\"@id\":\"https:\/\/sisgeo.com\/fr\/#organization\"},\"potentialAction\":[{\"@type\":\"SearchAction\",\"target\":{\"@type\":\"EntryPoint\",\"urlTemplate\":\"https:\/\/sisgeo.com\/fr\/?s={search_term_string}\"},\"query-input\":{\"@type\":\"PropertyValueSpecification\",\"valueRequired\":true,\"valueName\":\"search_term_string\"}}],\"inLanguage\":\"fr-FR\"},{\"@type\":\"Organization\",\"@id\":\"https:\/\/sisgeo.com\/fr\/#organization\",\"name\":\"Sisgeo S.r.l.\",\"url\":\"https:\/\/sisgeo.com\/fr\/\",\"logo\":{\"@type\":\"ImageObject\",\"inLanguage\":\"fr-FR\",\"@id\":\"https:\/\/sisgeo.com\/fr\/#\/schema\/logo\/image\/\",\"url\":\"https:\/\/sisgeodev.pipehosting.it\/wp-content\/uploads\/2023\/06\/logo-RGB.png\",\"contentUrl\":\"https:\/\/sisgeodev.pipehosting.it\/wp-content\/uploads\/2023\/06\/logo-RGB.png\",\"width\":205,\"height\":97,\"caption\":\"Sisgeo S.r.l.\"},\"image\":{\"@id\":\"https:\/\/sisgeo.com\/fr\/#\/schema\/logo\/image\/\"}}]}<\/script>\n<!-- \/ Yoast SEO Premium plugin. -->","yoast_head_json":{"title":"Inclinom\u00e8tres fixes \"IPI\" - Sisgeo","robots":{"index":"index","follow":"follow","max-snippet":"max-snippet:-1","max-image-preview":"max-image-preview:large","max-video-preview":"max-video-preview:-1"},"canonical":"https:\/\/sisgeo.com\/fr\/zone-de-telechargement\/fiche-technique\/inclinometres-fixes-ipi\/","og_locale":"fr_FR","og_type":"article","og_title":"Inclinom\u00e8tres fixes \"IPI\"","og_description":"Inclinom\u00e8tres fixes BH-profile S430_IPI_EN_10_BH profile IPI inclinometer S430_IPI_FR_10_chaine-inclinom\u00e9trique-BH-profile S430_IPI_ES_10_BH profile IPI inclinometer Chaine MD-profile MD-PROFILE system_EN_05 MD-PROFILE syst\u00e8me_FR_05 MD-PROFILE sistema_ES_05 Chaine LT-Inclibus LTIN-lt-inclibus-360-datasheet-EN-02 LTIN-lt-inclibus-360-datasheet-EN-02 Inclinom\u00e8tres fixes horizontaux S441_EN_07_horizontal IPI MEMS inclinometers S441_FR_07_horizontal IPI MEMS inclinometers S441_ES_07_horizontal IPI MEMS inclinometers Inclinom\u00e8tres fixes MEMS S410_EN_14_MEMS_In-place_inclinometers S410_FR_14_MEMS_inclinometres_fixes S410_IT_14_MEMS_In-place_inclinometers S410_ESP_14_MEMS_In-place_inclinometers 3D Extenso-inclinom\u00e8tre DEX-S DEX-S_EN_08_digital_DEX-S_extenso-inclinometer_datasheet DEX-S_EN_08_digital_DEX-S_extenso-inclinometer_datasheet DEX-S_EN_08_digital_DEX-S_extenso-inclinometer_datasheet","og_url":"https:\/\/sisgeo.com\/fr\/zone-de-telechargement\/fiche-technique\/inclinometres-fixes-ipi\/","og_site_name":"Sisgeo","article_modified_time":"2024-10-15T10:39:27+00:00","twitter_card":"summary_large_image","twitter_misc":{"Dur\u00e9e de lecture estim\u00e9e":"1 minute"},"schema":{"@context":"https:\/\/schema.org","@graph":[{"@type":"WebPage","@id":"https:\/\/sisgeo.com\/fr\/zone-de-telechargement\/fiche-technique\/inclinometres-fixes-ipi\/","url":"https:\/\/sisgeo.com\/fr\/zone-de-telechargement\/fiche-technique\/inclinometres-fixes-ipi\/","name":"Inclinom\u00e8tres fixes \"IPI\" - Sisgeo","isPartOf":{"@id":"https:\/\/sisgeo.com\/fr\/#website"},"datePublished":"2023-09-21T12:13:23+00:00","dateModified":"2024-10-15T10:39:27+00:00","breadcrumb":{"@id":"https:\/\/sisgeo.com\/fr\/zone-de-telechargement\/fiche-technique\/inclinometres-fixes-ipi\/#breadcrumb"},"inLanguage":"fr-FR","potentialAction":[{"@type":"ReadAction","target":["https:\/\/sisgeo.com\/fr\/zone-de-telechargement\/fiche-technique\/inclinometres-fixes-ipi\/"]}]},{"@type":"BreadcrumbList","@id":"https:\/\/sisgeo.com\/fr\/zone-de-telechargement\/fiche-technique\/inclinometres-fixes-ipi\/#breadcrumb","itemListElement":[{"@type":"ListItem","position":1,"name":"Home","item":"https:\/\/sisgeo.com\/fr\/linstrumentation-geotechnique-et-structurale-pour-le-shm\/"},{"@type":"ListItem","position":2,"name":"Zone de t\u00e9l\u00e9chargement","item":"https:\/\/sisgeo.com\/fr\/zone-de-telechargement\/"},{"@type":"ListItem","position":3,"name":"Fiche technique","item":"https:\/\/sisgeo.com\/fr\/zone-de-telechargement\/fiche-technique\/"},{"@type":"ListItem","position":4,"name":"Inclinom\u00e8tres fixes &#8220;IPI&#8221;"}]},{"@type":"WebSite","@id":"https:\/\/sisgeo.com\/fr\/#website","url":"https:\/\/sisgeo.com\/fr\/","name":"Sisgeo","description":"Inclined to improvement","publisher":{"@id":"https:\/\/sisgeo.com\/fr\/#organization"},"potentialAction":[{"@type":"SearchAction","target":{"@type":"EntryPoint","urlTemplate":"https:\/\/sisgeo.com\/fr\/?s={search_term_string}"},"query-input":{"@type":"PropertyValueSpecification","valueRequired":true,"valueName":"search_term_string"}}],"inLanguage":"fr-FR"},{"@type":"Organization","@id":"https:\/\/sisgeo.com\/fr\/#organization","name":"Sisgeo S.r.l.","url":"https:\/\/sisgeo.com\/fr\/","logo":{"@type":"ImageObject","inLanguage":"fr-FR","@id":"https:\/\/sisgeo.com\/fr\/#\/schema\/logo\/image\/","url":"https:\/\/sisgeodev.pipehosting.it\/wp-content\/uploads\/2023\/06\/logo-RGB.png","contentUrl":"https:\/\/sisgeodev.pipehosting.it\/wp-content\/uploads\/2023\/06\/logo-RGB.png","width":205,"height":97,"caption":"Sisgeo S.r.l."},"image":{"@id":"https:\/\/sisgeo.com\/fr\/#\/schema\/logo\/image\/"}}]}},"_links":{"self":[{"href":"https:\/\/sisgeo.com\/fr\/wp-json\/wp\/v2\/pages\/20051","targetHints":{"allow":["GET"]}}],"collection":[{"href":"https:\/\/sisgeo.com\/fr\/wp-json\/wp\/v2\/pages"}],"about":[{"href":"https:\/\/sisgeo.com\/fr\/wp-json\/wp\/v2\/types\/page"}],"author":[{"embeddable":true,"href":"https:\/\/sisgeo.com\/fr\/wp-json\/wp\/v2\/users\/1"}],"replies":[{"embeddable":true,"href":"https:\/\/sisgeo.com\/fr\/wp-json\/wp\/v2\/comments?post=20051"}],"version-history":[{"count":8,"href":"https:\/\/sisgeo.com\/fr\/wp-json\/wp\/v2\/pages\/20051\/revisions"}],"predecessor-version":[{"id":26398,"href":"https:\/\/sisgeo.com\/fr\/wp-json\/wp\/v2\/pages\/20051\/revisions\/26398"}],"up":[{"embeddable":true,"href":"https:\/\/sisgeo.com\/fr\/wp-json\/wp\/v2\/pages\/20005"}],"wp:attachment":[{"href":"https:\/\/sisgeo.com\/fr\/wp-json\/wp\/v2\/media?parent=20051"}],"wp:term":[{"taxonomy":"category","embeddable":true,"href":"https:\/\/sisgeo.com\/fr\/wp-json\/wp\/v2\/categories?post=20051"},{"taxonomy":"post_tag","embeddable":true,"href":"https:\/\/sisgeo.com\/fr\/wp-json\/wp\/v2\/tags?post=20051"}],"curies":[{"name":"wp","href":"https:\/\/api.w.org\/{rel}","templated":true}]}}