{"id":20092,"date":"2023-09-21T11:55:41","date_gmt":"2023-09-21T09:55:41","guid":{"rendered":"https:\/\/sisgeo.com\/zone-de-telechargement\/manuels\/"},"modified":"2025-05-08T10:07:41","modified_gmt":"2025-05-08T08:07:41","slug":"manuels","status":"publish","type":"page","link":"https:\/\/sisgeo.com\/fr\/zone-de-telechargement\/manuels\/","title":{"rendered":"Manuels"},"content":{"rendered":"\t\t<div data-elementor-type=\"wp-page\" data-elementor-id=\"20092\" class=\"elementor elementor-20092 elementor-14234\" data-elementor-post-type=\"page\">\n\t\t\t\t<div class=\"elementor-element elementor-element-31b928f e-flex e-con-boxed e-con e-parent\" data-id=\"31b928f\" data-element_type=\"container\" data-e-type=\"container\">\n\t\t\t\t\t<div class=\"e-con-inner\">\n\t\t\t\t\t<\/div>\n\t\t\t\t<\/div>\n\t\t<div class=\"elementor-element elementor-element-1a5d818 e-flex e-con-boxed e-con e-parent\" data-id=\"1a5d818\" data-element_type=\"container\" data-e-type=\"container\">\n\t\t\t\t\t<div class=\"e-con-inner\">\n\t\t<div class=\"elementor-element elementor-element-a6b5d83 e-con-full e-flex e-con e-child\" data-id=\"a6b5d83\" data-element_type=\"container\" data-e-type=\"container\">\n\t\t\t\t<div class=\"elementor-element elementor-element-45d29ce pag elementor-widget elementor-widget-text-editor\" data-id=\"45d29ce\" data-element_type=\"widget\" data-e-type=\"widget\" data-widget_type=\"text-editor.default\">\n\t\t\t\t<div class=\"elementor-widget-container\">\n\t\t\t\t\t\t\t\t\t<p><a href=\"https:\/\/sisgeo.com\/fr\/zone-de-telechargement\/manuels\/tubes-inclinometriques\/\">Tubes inclinom\u00e9triques<\/a><\/p><p><a href=\"https:\/\/sisgeo.com\/fr\/zone-de-telechargement\/manuels\/brain-sonde-inclinometrique-mems\/\">B.R.A.IN sonde inclinometrique MEMS<\/a><\/p><p><a href=\"https:\/\/sisgeo.com\/fr\/zone-de-telechargement\/manuels\/inclinometres-fixes-ipi\/\">Inclinom\u00e8tres fixes \u00ab\u00a0IPI\u00a0\u00bb<\/a><\/p><p><a href=\"https:\/\/sisgeo.com\/fr\/zone-de-telechargement\/manuels\/clinometres\/\">Clinom\u00e8tres<\/a><\/p>\t\t\t\t\t\t\t\t<\/div>\n\t\t\t\t<\/div>\n\t\t\t\t<\/div>\n\t\t<div class=\"elementor-element elementor-element-5b91ce9 e-con-full e-flex e-con e-child\" data-id=\"5b91ce9\" data-element_type=\"container\" data-e-type=\"container\">\n\t\t\t\t<div class=\"elementor-element elementor-element-c9c1395 pag elementor-widget elementor-widget-text-editor\" data-id=\"c9c1395\" data-element_type=\"widget\" data-e-type=\"widget\" data-widget_type=\"text-editor.default\">\n\t\t\t\t<div class=\"elementor-widget-container\">\n\t\t\t\t\t\t\t\t\t<p><a href=\"https:\/\/sisgeo.com\/fr\/zone-de-telechargement\/manuels\/pendules\/\">Pendules<\/a><\/p><p><a href=\"https:\/\/sisgeo.com\/fr\/zone-de-telechargement\/manuels\/piezometres\/\">Piezometres<\/a><\/p><p><a href=\"https:\/\/sisgeo.com\/fr\/zone-de-telechargement\/manuels\/cellules-de-pression\/\">Cellules de pression<\/a><\/p><p><a href=\"https:\/\/sisgeo.com\/fr\/zone-de-telechargement\/manuels\/cellules-de-charge\/\">Cellules de charge<\/a><\/p>\t\t\t\t\t\t\t\t<\/div>\n\t\t\t\t<\/div>\n\t\t\t\t<\/div>\n\t\t<div class=\"elementor-element elementor-element-26ec893 e-con-full e-flex e-con e-child\" data-id=\"26ec893\" data-element_type=\"container\" data-e-type=\"container\">\n\t\t\t\t<div class=\"elementor-element elementor-element-0b8facb pag elementor-widget elementor-widget-text-editor\" data-id=\"0b8facb\" data-element_type=\"widget\" data-e-type=\"widget\" data-widget_type=\"text-editor.default\">\n\t\t\t\t<div class=\"elementor-widget-container\">\n\t\t\t\t\t\t\t\t\t<p><a href=\"https:\/\/sisgeo.com\/fr\/zone-de-telechargement\/manuels\/jauges-de-tassement\/\">Jauges de tassement<\/a><\/p><p><a href=\"https:\/\/sisgeo.com\/fr\/zone-de-telechargement\/manuels\/extensometres\/\">Extensometres<\/a><\/p><p><a href=\"https:\/\/sisgeo.com\/fr\/zone-de-telechargement\/manuels\/fissurometres-et-jointmetres\/\">Fissurom\u00e8tres et jointm\u00e8tres<\/a><\/p><p><a href=\"https:\/\/sisgeo.com\/fr\/zone-de-telechargement\/manuels\/jauges-de-contrainte\/\">Jauges de contrainte<\/a><\/p>\t\t\t\t\t\t\t\t<\/div>\n\t\t\t\t<\/div>\n\t\t\t\t<\/div>\n\t\t<div class=\"elementor-element elementor-element-ecef31e e-con-full e-flex e-con e-child\" data-id=\"ecef31e\" data-element_type=\"container\" data-e-type=\"container\">\n\t\t\t\t<div class=\"elementor-element elementor-element-5d14b8e pag elementor-widget elementor-widget-text-editor\" data-id=\"5d14b8e\" data-element_type=\"widget\" data-e-type=\"widget\" data-widget_type=\"text-editor.default\">\n\t\t\t\t<div class=\"elementor-widget-container\">\n\t\t\t\t\t\t\t\t\t<p><a href=\"https:\/\/sisgeo.com\/fr\/zone-de-telechargement\/manuels\/temperature\/\">Temperature<\/a><\/p><p><a href=\"https:\/\/sisgeo.com\/fr\/zone-de-telechargement\/manuels\/lecteurs-portables\/\">Lecteurs portables<\/a><\/p><p><a href=\"https:\/\/sisgeo.com\/fr\/zone-de-telechargement\/manuels\/enregistreurs-de-donnees\/\">Enregistreurs de donn\u00e9es<\/a><\/p><p><a href=\"https:\/\/sisgeo.com\/fr\/zone-de-telechargement\/manuels\/fin-de-serie\/\">Fin de serie<\/a><\/p>\t\t\t\t\t\t\t\t<\/div>\n\t\t\t\t<\/div>\n\t\t\t\t<\/div>\n\t\t\t\t\t<\/div>\n\t\t\t\t<\/div>\n\t\t\t\t<\/div>\n\t\t","protected":false},"excerpt":{"rendered":"<p>Tubes inclinom\u00e9triques B.R.A.IN sonde inclinometrique MEMS Inclinom\u00e8tres fixes \u00ab\u00a0IPI\u00a0\u00bb Clinom\u00e8tres Pendules Piezometres Cellules de pression Cellules de charge Jauges de tassement Extensometres Fissurom\u00e8tres et jointm\u00e8tres Jauges de contrainte Temperature Lecteurs portables Enregistreurs de donn\u00e9es Fin de serie<\/p>\n","protected":false},"author":1,"featured_media":0,"parent":19975,"menu_order":0,"comment_status":"closed","ping_status":"closed","template":"","meta":{"footnotes":""},"categories":[],"tags":[],"class_list":["post-20092","page","type-page","status-publish","hentry"],"yoast_head":"<!-- This site is optimized with the Yoast SEO Premium plugin v27.2 (Yoast SEO v27.2) - https:\/\/yoast.com\/product\/yoast-seo-premium-wordpress\/ -->\n<title>Manuels - Sisgeo<\/title>\n<meta name=\"robots\" content=\"index, follow, max-snippet:-1, max-image-preview:large, max-video-preview:-1\" \/>\n<link rel=\"canonical\" href=\"https:\/\/sisgeo.com\/fr\/zone-de-telechargement\/manuels\/\" \/>\n<meta property=\"og:locale\" content=\"fr_FR\" \/>\n<meta property=\"og:type\" content=\"article\" \/>\n<meta property=\"og:title\" content=\"Manuels\" \/>\n<meta property=\"og:description\" content=\"Tubes inclinom\u00e9triques B.R.A.IN sonde inclinometrique MEMS Inclinom\u00e8tres fixes \u00ab\u00a0IPI\u00a0\u00bb Clinom\u00e8tres Pendules Piezometres Cellules de pression Cellules de charge Jauges de tassement Extensometres Fissurom\u00e8tres et jointm\u00e8tres Jauges de contrainte Temperature Lecteurs portables Enregistreurs de donn\u00e9es Fin de serie\" \/>\n<meta property=\"og:url\" content=\"https:\/\/sisgeo.com\/fr\/zone-de-telechargement\/manuels\/\" \/>\n<meta property=\"og:site_name\" content=\"Sisgeo\" \/>\n<meta property=\"article:modified_time\" content=\"2025-05-08T08:07:41+00:00\" \/>\n<meta name=\"twitter:card\" content=\"summary_large_image\" \/>\n<script type=\"application\/ld+json\" class=\"yoast-schema-graph\">{\"@context\":\"https:\/\/schema.org\",\"@graph\":[{\"@type\":\"WebPage\",\"@id\":\"https:\/\/sisgeo.com\/fr\/zone-de-telechargement\/manuels\/\",\"url\":\"https:\/\/sisgeo.com\/fr\/zone-de-telechargement\/manuels\/\",\"name\":\"Manuels - Sisgeo\",\"isPartOf\":{\"@id\":\"https:\/\/sisgeo.com\/fr\/#website\"},\"datePublished\":\"2023-09-21T09:55:41+00:00\",\"dateModified\":\"2025-05-08T08:07:41+00:00\",\"breadcrumb\":{\"@id\":\"https:\/\/sisgeo.com\/fr\/zone-de-telechargement\/manuels\/#breadcrumb\"},\"inLanguage\":\"fr-FR\",\"potentialAction\":[{\"@type\":\"ReadAction\",\"target\":[\"https:\/\/sisgeo.com\/fr\/zone-de-telechargement\/manuels\/\"]}]},{\"@type\":\"BreadcrumbList\",\"@id\":\"https:\/\/sisgeo.com\/fr\/zone-de-telechargement\/manuels\/#breadcrumb\",\"itemListElement\":[{\"@type\":\"ListItem\",\"position\":1,\"name\":\"Home\",\"item\":\"https:\/\/sisgeo.com\/fr\/linstrumentation-geotechnique-et-structurale-pour-le-shm\/\"},{\"@type\":\"ListItem\",\"position\":2,\"name\":\"Zone de t\u00e9l\u00e9chargement\",\"item\":\"https:\/\/sisgeo.com\/fr\/zone-de-telechargement\/\"},{\"@type\":\"ListItem\",\"position\":3,\"name\":\"Manuels\"}]},{\"@type\":\"WebSite\",\"@id\":\"https:\/\/sisgeo.com\/fr\/#website\",\"url\":\"https:\/\/sisgeo.com\/fr\/\",\"name\":\"Sisgeo\",\"description\":\"Inclined to improvement\",\"publisher\":{\"@id\":\"https:\/\/sisgeo.com\/fr\/#organization\"},\"potentialAction\":[{\"@type\":\"SearchAction\",\"target\":{\"@type\":\"EntryPoint\",\"urlTemplate\":\"https:\/\/sisgeo.com\/fr\/?s={search_term_string}\"},\"query-input\":{\"@type\":\"PropertyValueSpecification\",\"valueRequired\":true,\"valueName\":\"search_term_string\"}}],\"inLanguage\":\"fr-FR\"},{\"@type\":\"Organization\",\"@id\":\"https:\/\/sisgeo.com\/fr\/#organization\",\"name\":\"Sisgeo S.r.l.\",\"url\":\"https:\/\/sisgeo.com\/fr\/\",\"logo\":{\"@type\":\"ImageObject\",\"inLanguage\":\"fr-FR\",\"@id\":\"https:\/\/sisgeo.com\/fr\/#\/schema\/logo\/image\/\",\"url\":\"https:\/\/sisgeodev.pipehosting.it\/wp-content\/uploads\/2023\/06\/logo-RGB.png\",\"contentUrl\":\"https:\/\/sisgeodev.pipehosting.it\/wp-content\/uploads\/2023\/06\/logo-RGB.png\",\"width\":205,\"height\":97,\"caption\":\"Sisgeo S.r.l.\"},\"image\":{\"@id\":\"https:\/\/sisgeo.com\/fr\/#\/schema\/logo\/image\/\"}}]}<\/script>\n<!-- \/ Yoast SEO Premium plugin. -->","yoast_head_json":{"title":"Manuels - Sisgeo","robots":{"index":"index","follow":"follow","max-snippet":"max-snippet:-1","max-image-preview":"max-image-preview:large","max-video-preview":"max-video-preview:-1"},"canonical":"https:\/\/sisgeo.com\/fr\/zone-de-telechargement\/manuels\/","og_locale":"fr_FR","og_type":"article","og_title":"Manuels","og_description":"Tubes inclinom\u00e9triques B.R.A.IN sonde inclinometrique MEMS Inclinom\u00e8tres fixes \u00ab\u00a0IPI\u00a0\u00bb Clinom\u00e8tres Pendules Piezometres Cellules de pression Cellules de charge Jauges de tassement Extensometres Fissurom\u00e8tres et jointm\u00e8tres Jauges de contrainte Temperature Lecteurs portables Enregistreurs de donn\u00e9es Fin de serie","og_url":"https:\/\/sisgeo.com\/fr\/zone-de-telechargement\/manuels\/","og_site_name":"Sisgeo","article_modified_time":"2025-05-08T08:07:41+00:00","twitter_card":"summary_large_image","schema":{"@context":"https:\/\/schema.org","@graph":[{"@type":"WebPage","@id":"https:\/\/sisgeo.com\/fr\/zone-de-telechargement\/manuels\/","url":"https:\/\/sisgeo.com\/fr\/zone-de-telechargement\/manuels\/","name":"Manuels - Sisgeo","isPartOf":{"@id":"https:\/\/sisgeo.com\/fr\/#website"},"datePublished":"2023-09-21T09:55:41+00:00","dateModified":"2025-05-08T08:07:41+00:00","breadcrumb":{"@id":"https:\/\/sisgeo.com\/fr\/zone-de-telechargement\/manuels\/#breadcrumb"},"inLanguage":"fr-FR","potentialAction":[{"@type":"ReadAction","target":["https:\/\/sisgeo.com\/fr\/zone-de-telechargement\/manuels\/"]}]},{"@type":"BreadcrumbList","@id":"https:\/\/sisgeo.com\/fr\/zone-de-telechargement\/manuels\/#breadcrumb","itemListElement":[{"@type":"ListItem","position":1,"name":"Home","item":"https:\/\/sisgeo.com\/fr\/linstrumentation-geotechnique-et-structurale-pour-le-shm\/"},{"@type":"ListItem","position":2,"name":"Zone de t\u00e9l\u00e9chargement","item":"https:\/\/sisgeo.com\/fr\/zone-de-telechargement\/"},{"@type":"ListItem","position":3,"name":"Manuels"}]},{"@type":"WebSite","@id":"https:\/\/sisgeo.com\/fr\/#website","url":"https:\/\/sisgeo.com\/fr\/","name":"Sisgeo","description":"Inclined to improvement","publisher":{"@id":"https:\/\/sisgeo.com\/fr\/#organization"},"potentialAction":[{"@type":"SearchAction","target":{"@type":"EntryPoint","urlTemplate":"https:\/\/sisgeo.com\/fr\/?s={search_term_string}"},"query-input":{"@type":"PropertyValueSpecification","valueRequired":true,"valueName":"search_term_string"}}],"inLanguage":"fr-FR"},{"@type":"Organization","@id":"https:\/\/sisgeo.com\/fr\/#organization","name":"Sisgeo S.r.l.","url":"https:\/\/sisgeo.com\/fr\/","logo":{"@type":"ImageObject","inLanguage":"fr-FR","@id":"https:\/\/sisgeo.com\/fr\/#\/schema\/logo\/image\/","url":"https:\/\/sisgeodev.pipehosting.it\/wp-content\/uploads\/2023\/06\/logo-RGB.png","contentUrl":"https:\/\/sisgeodev.pipehosting.it\/wp-content\/uploads\/2023\/06\/logo-RGB.png","width":205,"height":97,"caption":"Sisgeo S.r.l."},"image":{"@id":"https:\/\/sisgeo.com\/fr\/#\/schema\/logo\/image\/"}}]}},"_links":{"self":[{"href":"https:\/\/sisgeo.com\/fr\/wp-json\/wp\/v2\/pages\/20092","targetHints":{"allow":["GET"]}}],"collection":[{"href":"https:\/\/sisgeo.com\/fr\/wp-json\/wp\/v2\/pages"}],"about":[{"href":"https:\/\/sisgeo.com\/fr\/wp-json\/wp\/v2\/types\/page"}],"author":[{"embeddable":true,"href":"https:\/\/sisgeo.com\/fr\/wp-json\/wp\/v2\/users\/1"}],"replies":[{"embeddable":true,"href":"https:\/\/sisgeo.com\/fr\/wp-json\/wp\/v2\/comments?post=20092"}],"version-history":[{"count":4,"href":"https:\/\/sisgeo.com\/fr\/wp-json\/wp\/v2\/pages\/20092\/revisions"}],"predecessor-version":[{"id":28378,"href":"https:\/\/sisgeo.com\/fr\/wp-json\/wp\/v2\/pages\/20092\/revisions\/28378"}],"up":[{"embeddable":true,"href":"https:\/\/sisgeo.com\/fr\/wp-json\/wp\/v2\/pages\/19975"}],"wp:attachment":[{"href":"https:\/\/sisgeo.com\/fr\/wp-json\/wp\/v2\/media?parent=20092"}],"wp:term":[{"taxonomy":"category","embeddable":true,"href":"https:\/\/sisgeo.com\/fr\/wp-json\/wp\/v2\/categories?post=20092"},{"taxonomy":"post_tag","embeddable":true,"href":"https:\/\/sisgeo.com\/fr\/wp-json\/wp\/v2\/tags?post=20092"}],"curies":[{"name":"wp","href":"https:\/\/api.w.org\/{rel}","templated":true}]}}