{"id":20116,"date":"2023-09-22T11:41:57","date_gmt":"2023-09-22T09:41:57","guid":{"rendered":"https:\/\/sisgeo.com\/zone-de-telechargement\/manuels\/extensometres\/"},"modified":"2023-12-07T16:14:45","modified_gmt":"2023-12-07T15:14:45","slug":"extensometres","status":"publish","type":"page","link":"https:\/\/sisgeo.com\/fr\/zone-de-telechargement\/manuels\/extensometres\/","title":{"rendered":"Extensometres"},"content":{"rendered":"\t\t<div data-elementor-type=\"wp-page\" data-elementor-id=\"20116\" class=\"elementor elementor-20116 elementor-14908\" data-elementor-post-type=\"page\">\n\t\t\t\t<div class=\"elementor-element elementor-element-cb5d006 e-flex e-con-boxed e-con e-parent\" data-id=\"cb5d006\" data-element_type=\"container\" data-e-type=\"container\">\n\t\t\t\t\t<div class=\"e-con-inner\">\n\t\t\t\t\t<\/div>\n\t\t\t\t<\/div>\n\t\t<div class=\"elementor-element elementor-element-a508917 normali e-flex e-con-boxed e-con e-parent\" data-id=\"a508917\" data-element_type=\"container\" data-e-type=\"container\">\n\t\t\t\t\t<div class=\"e-con-inner\">\n\t\t\t\t<div class=\"elementor-element elementor-element-bc9f539 elementor-widget elementor-widget-text-editor\" data-id=\"bc9f539\" data-element_type=\"widget\" data-e-type=\"widget\" data-widget_type=\"text-editor.default\">\n\t\t\t\t<div class=\"elementor-widget-container\">\n\t\t\t\t\t\t\t\t\t<p>MPBX &#8211; Extensom\u00e8tres en Forage multipoints<\/p>\n\t\t\t\t\t\t\t\t<\/div>\n\t\t\t\t<\/div>\n\t\t<div class=\"elementor-element elementor-element-717641b e-flex e-con-boxed e-con e-child\" data-id=\"717641b\" data-element_type=\"container\" data-e-type=\"container\" data-settings=\"{&quot;enabled_visibility&quot;:&quot;yes&quot;,&quot;dce_visibility_selected&quot;:&quot;yes&quot;}\">\n\t\t\t\t\t<div class=\"e-con-inner\">\n\t\t\t\t<div class=\"elementor-element elementor-element-d98ce81 elementor-view-default elementor-widget elementor-widget-icon\" data-id=\"d98ce81\" data-element_type=\"widget\" data-e-type=\"widget\" data-widget_type=\"icon.default\">\n\t\t\t\t<div class=\"elementor-widget-container\">\n\t\t\t\t\t\t\t<div class=\"elementor-icon-wrapper\">\n\t\t\t<a class=\"elementor-icon\" href=\"\/wp-login.php\">\n\t\t\t<svg xmlns=\"http:\/\/www.w3.org\/2000\/svg\" width=\"36\" height=\"34\" viewBox=\"0 0 36 34\" fill=\"none\"><path fill-rule=\"evenodd\" clip-rule=\"evenodd\" d=\"M0.5 33.6683H35.5V32.1677H0.5V33.6683Z\" fill=\"black\"><\/path><path fill-rule=\"evenodd\" clip-rule=\"evenodd\" d=\"M17.3679 0.911133V26.0091L8.71256 17.0458L7.61621 18.1655L18.1341 28.9214L28.6162 18.1655L27.5206 17.0458L18.9018 26.0091V0.911133H17.3679Z\" fill=\"black\"><\/path><\/svg>\t\t\t<\/a>\n\t\t<\/div>\n\t\t\t\t\t\t<\/div>\n\t\t\t\t<\/div>\n\t\t\t\t<div class=\"elementor-element elementor-element-15890b7 elementor-widget elementor-widget-heading\" data-id=\"15890b7\" data-element_type=\"widget\" data-e-type=\"widget\" data-widget_type=\"heading.default\">\n\t\t\t\t<div class=\"elementor-widget-container\">\n\t\t\t\t\t<p class=\"elementor-heading-title elementor-size-default\"><a href=\"\/wp-login.php\">connectez-vous pour t\u00e9l\u00e9charger le manuel<\/a><\/p>\t\t\t\t<\/div>\n\t\t\t\t<\/div>\n\t\t\t\t\t<\/div>\n\t\t\t\t<\/div>\n\t\t<!-- dce invisible element 0f06bbf --><!-- dce invisible element 299b5d8 --><!-- dce invisible element 3a9f658 --><!-- dce invisible element 14221a0 --><!-- dce invisible element 79e81aa -->\t\t\t<\/div>\n\t\t\t\t<\/div>\n\t\t<div class=\"elementor-element elementor-element-2d23870 normali e-flex e-con-boxed e-con e-parent\" data-id=\"2d23870\" data-element_type=\"container\" data-e-type=\"container\">\n\t\t\t\t\t<div class=\"e-con-inner\">\n\t\t\t\t<div class=\"elementor-element elementor-element-4cbcff5 elementor-widget elementor-widget-text-editor\" data-id=\"4cbcff5\" data-element_type=\"widget\" data-e-type=\"widget\" data-widget_type=\"text-editor.default\">\n\t\t\t\t<div class=\"elementor-widget-container\">\n\t\t\t\t\t\t\t\t\t<p>MEXID &#8211; MPBX miniaturis\u00e9<\/p>\n\t\t\t\t\t\t\t\t<\/div>\n\t\t\t\t<\/div>\n\t\t<div class=\"elementor-element elementor-element-76c5723 e-flex e-con-boxed e-con e-child\" data-id=\"76c5723\" data-element_type=\"container\" data-e-type=\"container\" data-settings=\"{&quot;enabled_visibility&quot;:&quot;yes&quot;,&quot;dce_visibility_selected&quot;:&quot;yes&quot;}\">\n\t\t\t\t\t<div class=\"e-con-inner\">\n\t\t\t\t<div class=\"elementor-element elementor-element-8eeec8c elementor-view-default elementor-widget elementor-widget-icon\" data-id=\"8eeec8c\" data-element_type=\"widget\" data-e-type=\"widget\" data-widget_type=\"icon.default\">\n\t\t\t\t<div class=\"elementor-widget-container\">\n\t\t\t\t\t\t\t<div class=\"elementor-icon-wrapper\">\n\t\t\t<a class=\"elementor-icon\" href=\"\/wp-login.php\">\n\t\t\t<svg xmlns=\"http:\/\/www.w3.org\/2000\/svg\" width=\"36\" height=\"34\" viewBox=\"0 0 36 34\" fill=\"none\"><path fill-rule=\"evenodd\" clip-rule=\"evenodd\" d=\"M0.5 33.6683H35.5V32.1677H0.5V33.6683Z\" fill=\"black\"><\/path><path fill-rule=\"evenodd\" clip-rule=\"evenodd\" d=\"M17.3679 0.911133V26.0091L8.71256 17.0458L7.61621 18.1655L18.1341 28.9214L28.6162 18.1655L27.5206 17.0458L18.9018 26.0091V0.911133H17.3679Z\" fill=\"black\"><\/path><\/svg>\t\t\t<\/a>\n\t\t<\/div>\n\t\t\t\t\t\t<\/div>\n\t\t\t\t<\/div>\n\t\t\t\t<div class=\"elementor-element elementor-element-6190093 elementor-widget elementor-widget-heading\" data-id=\"6190093\" data-element_type=\"widget\" data-e-type=\"widget\" data-widget_type=\"heading.default\">\n\t\t\t\t<div class=\"elementor-widget-container\">\n\t\t\t\t\t<p class=\"elementor-heading-title elementor-size-default\"><a href=\"\/wp-login.php\">connectez-vous pour t\u00e9l\u00e9charger le manuel<\/a><\/p>\t\t\t\t<\/div>\n\t\t\t\t<\/div>\n\t\t\t\t\t<\/div>\n\t\t\t\t<\/div>\n\t\t<!-- dce invisible element 064e7ba --><!-- dce invisible element 42dd1c0 --><!-- dce invisible element 70c7690 --><!-- dce invisible element 1ff67d9 --><!-- dce invisible element cab8e30 --><!-- dce invisible element c9663a9 -->\t\t\t<\/div>\n\t\t\t\t<\/div>\n\t\t<div class=\"elementor-element elementor-element-f88ae58 normali e-flex e-con-boxed e-con e-parent\" data-id=\"f88ae58\" data-element_type=\"container\" data-e-type=\"container\">\n\t\t\t\t\t<div class=\"e-con-inner\">\n\t\t\t\t<div class=\"elementor-element elementor-element-345f084 elementor-widget elementor-widget-text-editor\" data-id=\"345f084\" data-element_type=\"widget\" data-e-type=\"widget\" data-widget_type=\"text-editor.default\">\n\t\t\t\t<div class=\"elementor-widget-container\">\n\t\t\t\t\t\t\t\t\t<p>Extensom\u00e8tres DEX et DEX-S 3D<\/p>\n\t\t\t\t\t\t\t\t<\/div>\n\t\t\t\t<\/div>\n\t\t<div class=\"elementor-element elementor-element-d23d53a e-flex e-con-boxed e-con e-child\" data-id=\"d23d53a\" data-element_type=\"container\" data-e-type=\"container\" data-settings=\"{&quot;enabled_visibility&quot;:&quot;yes&quot;,&quot;dce_visibility_selected&quot;:&quot;yes&quot;}\">\n\t\t\t\t\t<div class=\"e-con-inner\">\n\t\t\t\t<div class=\"elementor-element elementor-element-b739bb9 elementor-view-default elementor-widget elementor-widget-icon\" data-id=\"b739bb9\" data-element_type=\"widget\" data-e-type=\"widget\" data-widget_type=\"icon.default\">\n\t\t\t\t<div class=\"elementor-widget-container\">\n\t\t\t\t\t\t\t<div class=\"elementor-icon-wrapper\">\n\t\t\t<a class=\"elementor-icon\" href=\"\/wp-login.php\">\n\t\t\t<svg xmlns=\"http:\/\/www.w3.org\/2000\/svg\" width=\"36\" height=\"34\" viewBox=\"0 0 36 34\" fill=\"none\"><path fill-rule=\"evenodd\" clip-rule=\"evenodd\" d=\"M0.5 33.6683H35.5V32.1677H0.5V33.6683Z\" fill=\"black\"><\/path><path fill-rule=\"evenodd\" clip-rule=\"evenodd\" d=\"M17.3679 0.911133V26.0091L8.71256 17.0458L7.61621 18.1655L18.1341 28.9214L28.6162 18.1655L27.5206 17.0458L18.9018 26.0091V0.911133H17.3679Z\" fill=\"black\"><\/path><\/svg>\t\t\t<\/a>\n\t\t<\/div>\n\t\t\t\t\t\t<\/div>\n\t\t\t\t<\/div>\n\t\t\t\t<div class=\"elementor-element elementor-element-1f14caf elementor-widget elementor-widget-heading\" data-id=\"1f14caf\" data-element_type=\"widget\" data-e-type=\"widget\" data-widget_type=\"heading.default\">\n\t\t\t\t<div class=\"elementor-widget-container\">\n\t\t\t\t\t<p class=\"elementor-heading-title elementor-size-default\"><a href=\"\/wp-login.php\">connectez-vous pour t\u00e9l\u00e9charger le manuel<\/a><\/p>\t\t\t\t<\/div>\n\t\t\t\t<\/div>\n\t\t\t\t\t<\/div>\n\t\t\t\t<\/div>\n\t\t<!-- dce invisible element bf3dd8e --><!-- dce invisible element bf2b8e6 --><!-- dce invisible element 70ab31c --><!-- dce invisible element 3a7223d --><!-- dce invisible element c721ff0 --><!-- dce invisible element 57e431f --><!-- dce invisible element 616bbc1 -->\t\t\t<\/div>\n\t\t\t\t<\/div>\n\t\t<div class=\"elementor-element elementor-element-e1adc36 normali e-flex e-con-boxed e-con e-parent\" data-id=\"e1adc36\" data-element_type=\"container\" data-e-type=\"container\">\n\t\t\t\t\t<div class=\"e-con-inner\">\n\t\t\t\t<div class=\"elementor-element elementor-element-0f49181 elementor-widget elementor-widget-text-editor\" data-id=\"0f49181\" data-element_type=\"widget\" data-e-type=\"widget\" data-widget_type=\"text-editor.default\">\n\t\t\t\t<div class=\"elementor-widget-container\">\n\t\t\t\t\t\t\t\t\t<p>Extensom\u00e8tres de remblai<\/p>\n\t\t\t\t\t\t\t\t<\/div>\n\t\t\t\t<\/div>\n\t\t<div class=\"elementor-element elementor-element-f7f1022 e-flex e-con-boxed e-con e-child\" data-id=\"f7f1022\" data-element_type=\"container\" data-e-type=\"container\" data-settings=\"{&quot;enabled_visibility&quot;:&quot;yes&quot;,&quot;dce_visibility_selected&quot;:&quot;yes&quot;}\">\n\t\t\t\t\t<div class=\"e-con-inner\">\n\t\t\t\t<div class=\"elementor-element elementor-element-afd6ca1 elementor-view-default elementor-widget elementor-widget-icon\" data-id=\"afd6ca1\" data-element_type=\"widget\" data-e-type=\"widget\" data-widget_type=\"icon.default\">\n\t\t\t\t<div class=\"elementor-widget-container\">\n\t\t\t\t\t\t\t<div class=\"elementor-icon-wrapper\">\n\t\t\t<a class=\"elementor-icon\" href=\"\/wp-login.php\">\n\t\t\t<svg xmlns=\"http:\/\/www.w3.org\/2000\/svg\" width=\"36\" height=\"34\" viewBox=\"0 0 36 34\" fill=\"none\"><path fill-rule=\"evenodd\" clip-rule=\"evenodd\" d=\"M0.5 33.6683H35.5V32.1677H0.5V33.6683Z\" fill=\"black\"><\/path><path fill-rule=\"evenodd\" clip-rule=\"evenodd\" d=\"M17.3679 0.911133V26.0091L8.71256 17.0458L7.61621 18.1655L18.1341 28.9214L28.6162 18.1655L27.5206 17.0458L18.9018 26.0091V0.911133H17.3679Z\" fill=\"black\"><\/path><\/svg>\t\t\t<\/a>\n\t\t<\/div>\n\t\t\t\t\t\t<\/div>\n\t\t\t\t<\/div>\n\t\t\t\t<div class=\"elementor-element elementor-element-0be8fca elementor-widget elementor-widget-heading\" data-id=\"0be8fca\" data-element_type=\"widget\" data-e-type=\"widget\" data-widget_type=\"heading.default\">\n\t\t\t\t<div class=\"elementor-widget-container\">\n\t\t\t\t\t<p class=\"elementor-heading-title elementor-size-default\"><a href=\"\/wp-login.php\">connectez-vous pour t\u00e9l\u00e9charger le manuel<\/a><\/p>\t\t\t\t<\/div>\n\t\t\t\t<\/div>\n\t\t\t\t\t<\/div>\n\t\t\t\t<\/div>\n\t\t<!-- dce invisible element 9516b0f --><!-- dce invisible element 26ef1f1 --><!-- dce invisible element 22bb5f4 --><!-- dce invisible element 819a0bc --><!-- dce invisible element 0f54d37 -->\t\t\t<\/div>\n\t\t\t\t<\/div>\n\t\t<div class=\"elementor-element elementor-element-cd15141 normali e-flex e-con-boxed e-con e-parent\" data-id=\"cd15141\" data-element_type=\"container\" data-e-type=\"container\">\n\t\t\t\t\t<div class=\"e-con-inner\">\n\t\t\t\t<div class=\"elementor-element elementor-element-df1e71e elementor-widget elementor-widget-text-editor\" data-id=\"df1e71e\" data-element_type=\"widget\" data-e-type=\"widget\" data-widget_type=\"text-editor.default\">\n\t\t\t\t<div class=\"elementor-widget-container\">\n\t\t\t\t\t\t\t\t\t<p>T-REX Extensom\u00e8tre Incr\u00e9mentiel<\/p>\n\t\t\t\t\t\t\t\t<\/div>\n\t\t\t\t<\/div>\n\t\t<div class=\"elementor-element elementor-element-fb207dd e-flex e-con-boxed e-con e-child\" data-id=\"fb207dd\" data-element_type=\"container\" data-e-type=\"container\" data-settings=\"{&quot;enabled_visibility&quot;:&quot;yes&quot;,&quot;dce_visibility_selected&quot;:&quot;yes&quot;}\">\n\t\t\t\t\t<div class=\"e-con-inner\">\n\t\t\t\t<div class=\"elementor-element elementor-element-dc022ff elementor-view-default elementor-widget elementor-widget-icon\" data-id=\"dc022ff\" data-element_type=\"widget\" data-e-type=\"widget\" data-widget_type=\"icon.default\">\n\t\t\t\t<div class=\"elementor-widget-container\">\n\t\t\t\t\t\t\t<div class=\"elementor-icon-wrapper\">\n\t\t\t<a class=\"elementor-icon\" href=\"\/wp-login.php\">\n\t\t\t<svg xmlns=\"http:\/\/www.w3.org\/2000\/svg\" width=\"36\" height=\"34\" viewBox=\"0 0 36 34\" fill=\"none\"><path fill-rule=\"evenodd\" clip-rule=\"evenodd\" d=\"M0.5 33.6683H35.5V32.1677H0.5V33.6683Z\" fill=\"black\"><\/path><path fill-rule=\"evenodd\" clip-rule=\"evenodd\" d=\"M17.3679 0.911133V26.0091L8.71256 17.0458L7.61621 18.1655L18.1341 28.9214L28.6162 18.1655L27.5206 17.0458L18.9018 26.0091V0.911133H17.3679Z\" fill=\"black\"><\/path><\/svg>\t\t\t<\/a>\n\t\t<\/div>\n\t\t\t\t\t\t<\/div>\n\t\t\t\t<\/div>\n\t\t\t\t<div class=\"elementor-element elementor-element-e56cc58 elementor-widget elementor-widget-heading\" data-id=\"e56cc58\" data-element_type=\"widget\" data-e-type=\"widget\" data-widget_type=\"heading.default\">\n\t\t\t\t<div class=\"elementor-widget-container\">\n\t\t\t\t\t<p class=\"elementor-heading-title elementor-size-default\"><a href=\"\/wp-login.php\">connectez-vous pour t\u00e9l\u00e9charger le manuel<\/a><\/p>\t\t\t\t<\/div>\n\t\t\t\t<\/div>\n\t\t\t\t\t<\/div>\n\t\t\t\t<\/div>\n\t\t<!-- dce invisible element b272a51 --><!-- dce invisible element b5e58ca --><!-- dce invisible element 69418ca --><!-- dce invisible element bb2c976 -->\t\t\t<\/div>\n\t\t\t\t<\/div>\n\t\t<div class=\"elementor-element elementor-element-6384ce5 normali e-flex e-con-boxed e-con e-parent\" data-id=\"6384ce5\" data-element_type=\"container\" data-e-type=\"container\">\n\t\t\t\t\t<div class=\"e-con-inner\">\n\t\t\t\t<div class=\"elementor-element elementor-element-b1e5043 elementor-widget elementor-widget-text-editor\" data-id=\"b1e5043\" data-element_type=\"widget\" data-e-type=\"widget\" data-widget_type=\"text-editor.default\">\n\t\t\t\t<div class=\"elementor-widget-container\">\n\t\t\t\t\t\t\t\t\t<p>KLION software for inclinometers and T-Rex extensometers<\/p>\n\t\t\t\t\t\t\t\t<\/div>\n\t\t\t\t<\/div>\n\t\t<div class=\"elementor-element elementor-element-458acf2 e-flex e-con-boxed e-con e-child\" data-id=\"458acf2\" data-element_type=\"container\" data-e-type=\"container\" data-settings=\"{&quot;enabled_visibility&quot;:&quot;yes&quot;,&quot;dce_visibility_selected&quot;:&quot;yes&quot;}\">\n\t\t\t\t\t<div class=\"e-con-inner\">\n\t\t\t\t<div class=\"elementor-element elementor-element-6ebed73 elementor-view-default elementor-widget elementor-widget-icon\" data-id=\"6ebed73\" data-element_type=\"widget\" data-e-type=\"widget\" data-widget_type=\"icon.default\">\n\t\t\t\t<div class=\"elementor-widget-container\">\n\t\t\t\t\t\t\t<div class=\"elementor-icon-wrapper\">\n\t\t\t<a class=\"elementor-icon\" href=\"\/wp-login.php\">\n\t\t\t<svg xmlns=\"http:\/\/www.w3.org\/2000\/svg\" width=\"36\" height=\"34\" viewBox=\"0 0 36 34\" fill=\"none\"><path fill-rule=\"evenodd\" clip-rule=\"evenodd\" d=\"M0.5 33.6683H35.5V32.1677H0.5V33.6683Z\" fill=\"black\"><\/path><path fill-rule=\"evenodd\" clip-rule=\"evenodd\" d=\"M17.3679 0.911133V26.0091L8.71256 17.0458L7.61621 18.1655L18.1341 28.9214L28.6162 18.1655L27.5206 17.0458L18.9018 26.0091V0.911133H17.3679Z\" fill=\"black\"><\/path><\/svg>\t\t\t<\/a>\n\t\t<\/div>\n\t\t\t\t\t\t<\/div>\n\t\t\t\t<\/div>\n\t\t\t\t<div class=\"elementor-element elementor-element-c545bbd elementor-widget elementor-widget-heading\" data-id=\"c545bbd\" data-element_type=\"widget\" data-e-type=\"widget\" data-widget_type=\"heading.default\">\n\t\t\t\t<div class=\"elementor-widget-container\">\n\t\t\t\t\t<p class=\"elementor-heading-title elementor-size-default\"><a href=\"\/wp-login.php\">connectez-vous pour t\u00e9l\u00e9charger le manuel<\/a><\/p>\t\t\t\t<\/div>\n\t\t\t\t<\/div>\n\t\t\t\t\t<\/div>\n\t\t\t\t<\/div>\n\t\t<!-- dce invisible element 6e4a26d -->\t\t\t<\/div>\n\t\t\t\t<\/div>\n\t\t\t\t<\/div>\n\t\t","protected":false},"excerpt":{"rendered":"<p>MPBX &#8211; Extensom\u00e8tres en Forage multipoints connectez-vous pour t\u00e9l\u00e9charger le manuel Multipoint_Rod_Extensometer_EN_04_23 ADDENDUM_-_DATA_PROCESSING_-_EN_00 ADDENDUM_-_PROCESAMIENTO_DEL_DATO_- ADDENDUM_-_TRAITEMENT_DES_DONNEES ADDENDUM_ELABORAZIONE_DATI_-_IT_00 MEXID &#8211; MPBX miniaturis\u00e9 connectez-vous pour t\u00e9l\u00e9charger le manuel Mexid_extensometer_user_manual_EN_03_21 SISGEO MODBUS protocol manual &#8211; EN_05_20 ADDENDUM_-_DATA_PROCESSING_-_EN_00 ADDENDUM_-_PROCESAMIENTO_DEL_DATO_- ADDENDUM_-_TRAITEMENT_DES_DONNEES ADDENDUM_ELABORAZIONE_DATI_-_IT_00 Extensom\u00e8tres DEX et DEX-S 3D connectez-vous pour t\u00e9l\u00e9charger le manuel DEX_EXTENSOMETERS_AND_DEX-S_EXTENSO-INCLINOMETERS DEX_EXTENSOMETRES_ET_DEX-S_EXTENSO-INCLINOMETRES SISGEO MODBUS protocol manual &#8211; EN_05_20 ADDENDUM_-_DATA_PROCESSING_-_EN_00 [&hellip;]<\/p>\n","protected":false},"author":1,"featured_media":0,"parent":20092,"menu_order":0,"comment_status":"closed","ping_status":"closed","template":"","meta":{"footnotes":""},"categories":[],"tags":[],"class_list":["post-20116","page","type-page","status-publish","hentry"],"yoast_head":"<!-- This site is optimized with the Yoast SEO Premium plugin v27.2 (Yoast SEO v27.2) - https:\/\/yoast.com\/product\/yoast-seo-premium-wordpress\/ -->\n<title>Extensometres - Sisgeo<\/title>\n<meta name=\"robots\" content=\"index, follow, max-snippet:-1, max-image-preview:large, max-video-preview:-1\" \/>\n<link rel=\"canonical\" href=\"https:\/\/sisgeo.com\/fr\/zone-de-telechargement\/manuels\/extensometres\/\" \/>\n<meta property=\"og:locale\" content=\"fr_FR\" \/>\n<meta property=\"og:type\" content=\"article\" \/>\n<meta property=\"og:title\" content=\"Extensometres\" \/>\n<meta property=\"og:description\" content=\"MPBX &#8211; Extensom\u00e8tres en Forage multipoints connectez-vous pour t\u00e9l\u00e9charger le manuel Multipoint_Rod_Extensometer_EN_04_23 ADDENDUM_-_DATA_PROCESSING_-_EN_00 ADDENDUM_-_PROCESAMIENTO_DEL_DATO_- ADDENDUM_-_TRAITEMENT_DES_DONNEES ADDENDUM_ELABORAZIONE_DATI_-_IT_00 MEXID &#8211; MPBX miniaturis\u00e9 connectez-vous pour t\u00e9l\u00e9charger le manuel Mexid_extensometer_user_manual_EN_03_21 SISGEO MODBUS protocol manual &#8211; EN_05_20 ADDENDUM_-_DATA_PROCESSING_-_EN_00 ADDENDUM_-_PROCESAMIENTO_DEL_DATO_- ADDENDUM_-_TRAITEMENT_DES_DONNEES ADDENDUM_ELABORAZIONE_DATI_-_IT_00 Extensom\u00e8tres DEX et DEX-S 3D connectez-vous pour t\u00e9l\u00e9charger le manuel DEX_EXTENSOMETERS_AND_DEX-S_EXTENSO-INCLINOMETERS DEX_EXTENSOMETRES_ET_DEX-S_EXTENSO-INCLINOMETRES SISGEO MODBUS protocol manual &#8211; EN_05_20 ADDENDUM_-_DATA_PROCESSING_-_EN_00 [&hellip;]\" \/>\n<meta property=\"og:url\" content=\"https:\/\/sisgeo.com\/fr\/zone-de-telechargement\/manuels\/extensometres\/\" \/>\n<meta property=\"og:site_name\" content=\"Sisgeo\" \/>\n<meta property=\"article:modified_time\" content=\"2023-12-07T15:14:45+00:00\" \/>\n<meta name=\"twitter:card\" content=\"summary_large_image\" \/>\n<meta name=\"twitter:label1\" content=\"Dur\u00e9e de lecture estim\u00e9e\" \/>\n\t<meta name=\"twitter:data1\" content=\"1 minute\" \/>\n<script type=\"application\/ld+json\" class=\"yoast-schema-graph\">{\"@context\":\"https:\/\/schema.org\",\"@graph\":[{\"@type\":\"WebPage\",\"@id\":\"https:\/\/sisgeo.com\/fr\/zone-de-telechargement\/manuels\/extensometres\/\",\"url\":\"https:\/\/sisgeo.com\/fr\/zone-de-telechargement\/manuels\/extensometres\/\",\"name\":\"Extensometres - Sisgeo\",\"isPartOf\":{\"@id\":\"https:\/\/sisgeo.com\/fr\/#website\"},\"datePublished\":\"2023-09-22T09:41:57+00:00\",\"dateModified\":\"2023-12-07T15:14:45+00:00\",\"breadcrumb\":{\"@id\":\"https:\/\/sisgeo.com\/fr\/zone-de-telechargement\/manuels\/extensometres\/#breadcrumb\"},\"inLanguage\":\"fr-FR\",\"potentialAction\":[{\"@type\":\"ReadAction\",\"target\":[\"https:\/\/sisgeo.com\/fr\/zone-de-telechargement\/manuels\/extensometres\/\"]}]},{\"@type\":\"BreadcrumbList\",\"@id\":\"https:\/\/sisgeo.com\/fr\/zone-de-telechargement\/manuels\/extensometres\/#breadcrumb\",\"itemListElement\":[{\"@type\":\"ListItem\",\"position\":1,\"name\":\"Home\",\"item\":\"https:\/\/sisgeo.com\/fr\/linstrumentation-geotechnique-et-structurale-pour-le-shm\/\"},{\"@type\":\"ListItem\",\"position\":2,\"name\":\"Zone de t\u00e9l\u00e9chargement\",\"item\":\"https:\/\/sisgeo.com\/fr\/zone-de-telechargement\/\"},{\"@type\":\"ListItem\",\"position\":3,\"name\":\"Manuels\",\"item\":\"https:\/\/sisgeo.com\/fr\/zone-de-telechargement\/manuels\/\"},{\"@type\":\"ListItem\",\"position\":4,\"name\":\"Extensometres\"}]},{\"@type\":\"WebSite\",\"@id\":\"https:\/\/sisgeo.com\/fr\/#website\",\"url\":\"https:\/\/sisgeo.com\/fr\/\",\"name\":\"Sisgeo\",\"description\":\"Inclined to improvement\",\"publisher\":{\"@id\":\"https:\/\/sisgeo.com\/fr\/#organization\"},\"potentialAction\":[{\"@type\":\"SearchAction\",\"target\":{\"@type\":\"EntryPoint\",\"urlTemplate\":\"https:\/\/sisgeo.com\/fr\/?s={search_term_string}\"},\"query-input\":{\"@type\":\"PropertyValueSpecification\",\"valueRequired\":true,\"valueName\":\"search_term_string\"}}],\"inLanguage\":\"fr-FR\"},{\"@type\":\"Organization\",\"@id\":\"https:\/\/sisgeo.com\/fr\/#organization\",\"name\":\"Sisgeo S.r.l.\",\"url\":\"https:\/\/sisgeo.com\/fr\/\",\"logo\":{\"@type\":\"ImageObject\",\"inLanguage\":\"fr-FR\",\"@id\":\"https:\/\/sisgeo.com\/fr\/#\/schema\/logo\/image\/\",\"url\":\"https:\/\/sisgeodev.pipehosting.it\/wp-content\/uploads\/2023\/06\/logo-RGB.png\",\"contentUrl\":\"https:\/\/sisgeodev.pipehosting.it\/wp-content\/uploads\/2023\/06\/logo-RGB.png\",\"width\":205,\"height\":97,\"caption\":\"Sisgeo S.r.l.\"},\"image\":{\"@id\":\"https:\/\/sisgeo.com\/fr\/#\/schema\/logo\/image\/\"}}]}<\/script>\n<!-- \/ Yoast SEO Premium plugin. -->","yoast_head_json":{"title":"Extensometres - Sisgeo","robots":{"index":"index","follow":"follow","max-snippet":"max-snippet:-1","max-image-preview":"max-image-preview:large","max-video-preview":"max-video-preview:-1"},"canonical":"https:\/\/sisgeo.com\/fr\/zone-de-telechargement\/manuels\/extensometres\/","og_locale":"fr_FR","og_type":"article","og_title":"Extensometres","og_description":"MPBX &#8211; Extensom\u00e8tres en Forage multipoints connectez-vous pour t\u00e9l\u00e9charger le manuel Multipoint_Rod_Extensometer_EN_04_23 ADDENDUM_-_DATA_PROCESSING_-_EN_00 ADDENDUM_-_PROCESAMIENTO_DEL_DATO_- ADDENDUM_-_TRAITEMENT_DES_DONNEES ADDENDUM_ELABORAZIONE_DATI_-_IT_00 MEXID &#8211; MPBX miniaturis\u00e9 connectez-vous pour t\u00e9l\u00e9charger le manuel Mexid_extensometer_user_manual_EN_03_21 SISGEO MODBUS protocol manual &#8211; EN_05_20 ADDENDUM_-_DATA_PROCESSING_-_EN_00 ADDENDUM_-_PROCESAMIENTO_DEL_DATO_- ADDENDUM_-_TRAITEMENT_DES_DONNEES ADDENDUM_ELABORAZIONE_DATI_-_IT_00 Extensom\u00e8tres DEX et DEX-S 3D connectez-vous pour t\u00e9l\u00e9charger le manuel DEX_EXTENSOMETERS_AND_DEX-S_EXTENSO-INCLINOMETERS DEX_EXTENSOMETRES_ET_DEX-S_EXTENSO-INCLINOMETRES SISGEO MODBUS protocol manual &#8211; EN_05_20 ADDENDUM_-_DATA_PROCESSING_-_EN_00 [&hellip;]","og_url":"https:\/\/sisgeo.com\/fr\/zone-de-telechargement\/manuels\/extensometres\/","og_site_name":"Sisgeo","article_modified_time":"2023-12-07T15:14:45+00:00","twitter_card":"summary_large_image","twitter_misc":{"Dur\u00e9e de lecture estim\u00e9e":"1 minute"},"schema":{"@context":"https:\/\/schema.org","@graph":[{"@type":"WebPage","@id":"https:\/\/sisgeo.com\/fr\/zone-de-telechargement\/manuels\/extensometres\/","url":"https:\/\/sisgeo.com\/fr\/zone-de-telechargement\/manuels\/extensometres\/","name":"Extensometres - Sisgeo","isPartOf":{"@id":"https:\/\/sisgeo.com\/fr\/#website"},"datePublished":"2023-09-22T09:41:57+00:00","dateModified":"2023-12-07T15:14:45+00:00","breadcrumb":{"@id":"https:\/\/sisgeo.com\/fr\/zone-de-telechargement\/manuels\/extensometres\/#breadcrumb"},"inLanguage":"fr-FR","potentialAction":[{"@type":"ReadAction","target":["https:\/\/sisgeo.com\/fr\/zone-de-telechargement\/manuels\/extensometres\/"]}]},{"@type":"BreadcrumbList","@id":"https:\/\/sisgeo.com\/fr\/zone-de-telechargement\/manuels\/extensometres\/#breadcrumb","itemListElement":[{"@type":"ListItem","position":1,"name":"Home","item":"https:\/\/sisgeo.com\/fr\/linstrumentation-geotechnique-et-structurale-pour-le-shm\/"},{"@type":"ListItem","position":2,"name":"Zone de t\u00e9l\u00e9chargement","item":"https:\/\/sisgeo.com\/fr\/zone-de-telechargement\/"},{"@type":"ListItem","position":3,"name":"Manuels","item":"https:\/\/sisgeo.com\/fr\/zone-de-telechargement\/manuels\/"},{"@type":"ListItem","position":4,"name":"Extensometres"}]},{"@type":"WebSite","@id":"https:\/\/sisgeo.com\/fr\/#website","url":"https:\/\/sisgeo.com\/fr\/","name":"Sisgeo","description":"Inclined to improvement","publisher":{"@id":"https:\/\/sisgeo.com\/fr\/#organization"},"potentialAction":[{"@type":"SearchAction","target":{"@type":"EntryPoint","urlTemplate":"https:\/\/sisgeo.com\/fr\/?s={search_term_string}"},"query-input":{"@type":"PropertyValueSpecification","valueRequired":true,"valueName":"search_term_string"}}],"inLanguage":"fr-FR"},{"@type":"Organization","@id":"https:\/\/sisgeo.com\/fr\/#organization","name":"Sisgeo S.r.l.","url":"https:\/\/sisgeo.com\/fr\/","logo":{"@type":"ImageObject","inLanguage":"fr-FR","@id":"https:\/\/sisgeo.com\/fr\/#\/schema\/logo\/image\/","url":"https:\/\/sisgeodev.pipehosting.it\/wp-content\/uploads\/2023\/06\/logo-RGB.png","contentUrl":"https:\/\/sisgeodev.pipehosting.it\/wp-content\/uploads\/2023\/06\/logo-RGB.png","width":205,"height":97,"caption":"Sisgeo S.r.l."},"image":{"@id":"https:\/\/sisgeo.com\/fr\/#\/schema\/logo\/image\/"}}]}},"_links":{"self":[{"href":"https:\/\/sisgeo.com\/fr\/wp-json\/wp\/v2\/pages\/20116","targetHints":{"allow":["GET"]}}],"collection":[{"href":"https:\/\/sisgeo.com\/fr\/wp-json\/wp\/v2\/pages"}],"about":[{"href":"https:\/\/sisgeo.com\/fr\/wp-json\/wp\/v2\/types\/page"}],"author":[{"embeddable":true,"href":"https:\/\/sisgeo.com\/fr\/wp-json\/wp\/v2\/users\/1"}],"replies":[{"embeddable":true,"href":"https:\/\/sisgeo.com\/fr\/wp-json\/wp\/v2\/comments?post=20116"}],"version-history":[{"count":1,"href":"https:\/\/sisgeo.com\/fr\/wp-json\/wp\/v2\/pages\/20116\/revisions"}],"predecessor-version":[{"id":20117,"href":"https:\/\/sisgeo.com\/fr\/wp-json\/wp\/v2\/pages\/20116\/revisions\/20117"}],"up":[{"embeddable":true,"href":"https:\/\/sisgeo.com\/fr\/wp-json\/wp\/v2\/pages\/20092"}],"wp:attachment":[{"href":"https:\/\/sisgeo.com\/fr\/wp-json\/wp\/v2\/media?parent=20116"}],"wp:term":[{"taxonomy":"category","embeddable":true,"href":"https:\/\/sisgeo.com\/fr\/wp-json\/wp\/v2\/categories?post=20116"},{"taxonomy":"post_tag","embeddable":true,"href":"https:\/\/sisgeo.com\/fr\/wp-json\/wp\/v2\/tags?post=20116"}],"curies":[{"name":"wp","href":"https:\/\/api.w.org\/{rel}","templated":true}]}}