{"id":20128,"date":"2023-09-22T09:09:14","date_gmt":"2023-09-22T07:09:14","guid":{"rendered":"https:\/\/sisgeo.com\/zone-de-telechargement\/manuels\/cellules-de-charge\/"},"modified":"2023-12-07T16:27:04","modified_gmt":"2023-12-07T15:27:04","slug":"cellules-de-charge","status":"publish","type":"page","link":"https:\/\/sisgeo.com\/fr\/zone-de-telechargement\/manuels\/cellules-de-charge\/","title":{"rendered":"Cellules de charge"},"content":{"rendered":"\t\t<div data-elementor-type=\"wp-page\" data-elementor-id=\"20128\" class=\"elementor elementor-20128 elementor-14719\" data-elementor-post-type=\"page\">\n\t\t\t\t<div class=\"elementor-element elementor-element-cb5d006 e-flex e-con-boxed e-con e-parent\" data-id=\"cb5d006\" data-element_type=\"container\" data-e-type=\"container\">\n\t\t\t\t\t<div class=\"e-con-inner\">\n\t\t\t\t\t<\/div>\n\t\t\t\t<\/div>\n\t\t<div class=\"elementor-element elementor-element-a508917 normali e-flex e-con-boxed e-con e-parent\" data-id=\"a508917\" data-element_type=\"container\" data-e-type=\"container\">\n\t\t\t\t\t<div class=\"e-con-inner\">\n\t\t\t\t<div class=\"elementor-element elementor-element-bc9f539 elementor-widget elementor-widget-text-editor\" data-id=\"bc9f539\" data-element_type=\"widget\" data-e-type=\"widget\" data-widget_type=\"text-editor.default\">\n\t\t\t\t<div class=\"elementor-widget-container\">\n\t\t\t\t\t\t\t\t\t<p>Cellules de charge \u00e9lectriques pour ancrage<\/p>\n\t\t\t\t\t\t\t\t<\/div>\n\t\t\t\t<\/div>\n\t\t<div class=\"elementor-element elementor-element-690a12d e-flex e-con-boxed e-con e-child\" data-id=\"690a12d\" data-element_type=\"container\" data-e-type=\"container\" data-settings=\"{&quot;enabled_visibility&quot;:&quot;yes&quot;,&quot;dce_visibility_selected&quot;:&quot;yes&quot;}\">\n\t\t\t\t\t<div class=\"e-con-inner\">\n\t\t\t\t<div class=\"elementor-element elementor-element-6ccebe6 elementor-view-default elementor-widget elementor-widget-icon\" data-id=\"6ccebe6\" data-element_type=\"widget\" data-e-type=\"widget\" data-widget_type=\"icon.default\">\n\t\t\t\t<div class=\"elementor-widget-container\">\n\t\t\t\t\t\t\t<div class=\"elementor-icon-wrapper\">\n\t\t\t<a class=\"elementor-icon\" href=\"\/wp-login.php\">\n\t\t\t<svg xmlns=\"http:\/\/www.w3.org\/2000\/svg\" width=\"36\" height=\"34\" viewBox=\"0 0 36 34\" fill=\"none\"><path fill-rule=\"evenodd\" clip-rule=\"evenodd\" d=\"M0.5 33.6683H35.5V32.1677H0.5V33.6683Z\" fill=\"black\"><\/path><path fill-rule=\"evenodd\" clip-rule=\"evenodd\" d=\"M17.3679 0.911133V26.0091L8.71256 17.0458L7.61621 18.1655L18.1341 28.9214L28.6162 18.1655L27.5206 17.0458L18.9018 26.0091V0.911133H17.3679Z\" fill=\"black\"><\/path><\/svg>\t\t\t<\/a>\n\t\t<\/div>\n\t\t\t\t\t\t<\/div>\n\t\t\t\t<\/div>\n\t\t\t\t<div class=\"elementor-element elementor-element-e561d9c elementor-widget elementor-widget-heading\" data-id=\"e561d9c\" data-element_type=\"widget\" data-e-type=\"widget\" data-widget_type=\"heading.default\">\n\t\t\t\t<div class=\"elementor-widget-container\">\n\t\t\t\t\t<p class=\"elementor-heading-title elementor-size-default\"><a href=\"\/wp-login.php\">connectez-vous pour t\u00e9l\u00e9charger le manuel<\/a><\/p>\t\t\t\t<\/div>\n\t\t\t\t<\/div>\n\t\t\t\t\t<\/div>\n\t\t\t\t<\/div>\n\t\t<!-- dce invisible element 0f06bbf --><!-- dce invisible element ffb4ea6 --><!-- dce invisible element 2588d05 --><!-- dce invisible element be07fcc --><!-- dce invisible element 2ec4006 --><!-- dce invisible element 0fc2d12 --><!-- dce invisible element ac43845 --><!-- dce invisible element 6a24eef -->\t\t\t<\/div>\n\t\t\t\t<\/div>\n\t\t<div class=\"elementor-element elementor-element-2d23870 normali e-flex e-con-boxed e-con e-parent\" data-id=\"2d23870\" data-element_type=\"container\" data-e-type=\"container\">\n\t\t\t\t\t<div class=\"e-con-inner\">\n\t\t\t\t<div class=\"elementor-element elementor-element-4cbcff5 elementor-widget elementor-widget-text-editor\" data-id=\"4cbcff5\" data-element_type=\"widget\" data-e-type=\"widget\" data-widget_type=\"text-editor.default\">\n\t\t\t\t<div class=\"elementor-widget-container\">\n\t\t\t\t\t\t\t\t\t<p>Cellules de charge hydrauliques pour ancrage<\/p>\n\t\t\t\t\t\t\t\t<\/div>\n\t\t\t\t<\/div>\n\t\t<div class=\"elementor-element elementor-element-aebd1be e-flex e-con-boxed e-con e-child\" data-id=\"aebd1be\" data-element_type=\"container\" data-e-type=\"container\" data-settings=\"{&quot;enabled_visibility&quot;:&quot;yes&quot;,&quot;dce_visibility_selected&quot;:&quot;yes&quot;}\">\n\t\t\t\t\t<div class=\"e-con-inner\">\n\t\t\t\t<div class=\"elementor-element elementor-element-4761c34 elementor-view-default elementor-widget elementor-widget-icon\" data-id=\"4761c34\" data-element_type=\"widget\" data-e-type=\"widget\" data-widget_type=\"icon.default\">\n\t\t\t\t<div class=\"elementor-widget-container\">\n\t\t\t\t\t\t\t<div class=\"elementor-icon-wrapper\">\n\t\t\t<a class=\"elementor-icon\" href=\"\/wp-login.php\">\n\t\t\t<svg xmlns=\"http:\/\/www.w3.org\/2000\/svg\" width=\"36\" height=\"34\" viewBox=\"0 0 36 34\" fill=\"none\"><path fill-rule=\"evenodd\" clip-rule=\"evenodd\" d=\"M0.5 33.6683H35.5V32.1677H0.5V33.6683Z\" fill=\"black\"><\/path><path fill-rule=\"evenodd\" clip-rule=\"evenodd\" d=\"M17.3679 0.911133V26.0091L8.71256 17.0458L7.61621 18.1655L18.1341 28.9214L28.6162 18.1655L27.5206 17.0458L18.9018 26.0091V0.911133H17.3679Z\" fill=\"black\"><\/path><\/svg>\t\t\t<\/a>\n\t\t<\/div>\n\t\t\t\t\t\t<\/div>\n\t\t\t\t<\/div>\n\t\t\t\t<div class=\"elementor-element elementor-element-059475d elementor-widget elementor-widget-heading\" data-id=\"059475d\" data-element_type=\"widget\" data-e-type=\"widget\" data-widget_type=\"heading.default\">\n\t\t\t\t<div class=\"elementor-widget-container\">\n\t\t\t\t\t<p class=\"elementor-heading-title elementor-size-default\"><a href=\"\/wp-login.php\">connectez-vous pour t\u00e9l\u00e9charger le manuel<\/a><\/p>\t\t\t\t<\/div>\n\t\t\t\t<\/div>\n\t\t\t\t\t<\/div>\n\t\t\t\t<\/div>\n\t\t<!-- dce invisible element 48e65c4 --><!-- dce invisible element ae9d5cb --><!-- dce invisible element 8d1fdbc --><!-- dce invisible element fb2fc1c --><!-- dce invisible element 5100ba6 --><!-- dce invisible element 79c70e8 --><!-- dce invisible element 4811d9d --><!-- dce invisible element 6f31326 -->\t\t\t<\/div>\n\t\t\t\t<\/div>\n\t\t<div class=\"elementor-element elementor-element-f88ae58 normali e-flex e-con-boxed e-con e-parent\" data-id=\"f88ae58\" data-element_type=\"container\" data-e-type=\"container\">\n\t\t\t\t\t<div class=\"e-con-inner\">\n\t\t\t\t<div class=\"elementor-element elementor-element-345f084 elementor-widget elementor-widget-text-editor\" data-id=\"345f084\" data-element_type=\"widget\" data-e-type=\"widget\" data-widget_type=\"text-editor.default\">\n\t\t\t\t<div class=\"elementor-widget-container\">\n\t\t\t\t\t\t\t\t\t<p>Cellules de charge \u00e9lectro-hydrauliques pour les sout\u00e8nements en acier et les butons<\/p>\n\t\t\t\t\t\t\t\t<\/div>\n\t\t\t\t<\/div>\n\t\t<div class=\"elementor-element elementor-element-55b5285 e-flex e-con-boxed e-con e-child\" data-id=\"55b5285\" data-element_type=\"container\" data-e-type=\"container\" data-settings=\"{&quot;enabled_visibility&quot;:&quot;yes&quot;,&quot;dce_visibility_selected&quot;:&quot;yes&quot;}\">\n\t\t\t\t\t<div class=\"e-con-inner\">\n\t\t\t\t<div class=\"elementor-element elementor-element-41c3057 elementor-view-default elementor-widget elementor-widget-icon\" data-id=\"41c3057\" data-element_type=\"widget\" data-e-type=\"widget\" data-widget_type=\"icon.default\">\n\t\t\t\t<div class=\"elementor-widget-container\">\n\t\t\t\t\t\t\t<div class=\"elementor-icon-wrapper\">\n\t\t\t<a class=\"elementor-icon\" href=\"\/wp-login.php\">\n\t\t\t<svg xmlns=\"http:\/\/www.w3.org\/2000\/svg\" width=\"36\" height=\"34\" viewBox=\"0 0 36 34\" fill=\"none\"><path fill-rule=\"evenodd\" clip-rule=\"evenodd\" d=\"M0.5 33.6683H35.5V32.1677H0.5V33.6683Z\" fill=\"black\"><\/path><path fill-rule=\"evenodd\" clip-rule=\"evenodd\" d=\"M17.3679 0.911133V26.0091L8.71256 17.0458L7.61621 18.1655L18.1341 28.9214L28.6162 18.1655L27.5206 17.0458L18.9018 26.0091V0.911133H17.3679Z\" fill=\"black\"><\/path><\/svg>\t\t\t<\/a>\n\t\t<\/div>\n\t\t\t\t\t\t<\/div>\n\t\t\t\t<\/div>\n\t\t\t\t<div class=\"elementor-element elementor-element-861e352 elementor-widget elementor-widget-heading\" data-id=\"861e352\" data-element_type=\"widget\" data-e-type=\"widget\" data-widget_type=\"heading.default\">\n\t\t\t\t<div class=\"elementor-widget-container\">\n\t\t\t\t\t<p class=\"elementor-heading-title elementor-size-default\"><a href=\"\/wp-login.php\">connectez-vous pour t\u00e9l\u00e9charger le manuel<\/a><\/p>\t\t\t\t<\/div>\n\t\t\t\t<\/div>\n\t\t\t\t\t<\/div>\n\t\t\t\t<\/div>\n\t\t<!-- dce invisible element bf3dd8e --><!-- dce invisible element bf2b8e6 --><!-- dce invisible element 3e7ae0c --><!-- dce invisible element f4317f1 --><!-- dce invisible element ee9a017 --><!-- dce invisible element ce3c341 --><!-- dce invisible element 6ebbea8 --><!-- dce invisible element bed0a84 -->\t\t\t<\/div>\n\t\t\t\t<\/div>\n\t\t<div class=\"elementor-element elementor-element-2285fb8 normali e-flex e-con-boxed e-con e-parent\" data-id=\"2285fb8\" data-element_type=\"container\" data-e-type=\"container\">\n\t\t\t\t\t<div class=\"e-con-inner\">\n\t\t\t\t<div class=\"elementor-element elementor-element-9f87614 elementor-widget elementor-widget-text-editor\" data-id=\"9f87614\" data-element_type=\"widget\" data-e-type=\"widget\" data-widget_type=\"text-editor.default\">\n\t\t\t\t<div class=\"elementor-widget-container\">\n\t\t\t\t\t\t\t\t\t<p>Cellules de charges pleines r\u00e9sistives pour les essais de pieux<\/p>\n\t\t\t\t\t\t\t\t<\/div>\n\t\t\t\t<\/div>\n\t\t<div class=\"elementor-element elementor-element-2f3957c e-flex e-con-boxed e-con e-child\" data-id=\"2f3957c\" data-element_type=\"container\" data-e-type=\"container\" data-settings=\"{&quot;enabled_visibility&quot;:&quot;yes&quot;,&quot;dce_visibility_selected&quot;:&quot;yes&quot;}\">\n\t\t\t\t\t<div class=\"e-con-inner\">\n\t\t\t\t<div class=\"elementor-element elementor-element-5f0fd73 elementor-view-default elementor-widget elementor-widget-icon\" data-id=\"5f0fd73\" data-element_type=\"widget\" data-e-type=\"widget\" data-widget_type=\"icon.default\">\n\t\t\t\t<div class=\"elementor-widget-container\">\n\t\t\t\t\t\t\t<div class=\"elementor-icon-wrapper\">\n\t\t\t<a class=\"elementor-icon\" href=\"\/wp-login.php\">\n\t\t\t<svg xmlns=\"http:\/\/www.w3.org\/2000\/svg\" width=\"36\" height=\"34\" viewBox=\"0 0 36 34\" fill=\"none\"><path fill-rule=\"evenodd\" clip-rule=\"evenodd\" d=\"M0.5 33.6683H35.5V32.1677H0.5V33.6683Z\" fill=\"black\"><\/path><path fill-rule=\"evenodd\" clip-rule=\"evenodd\" d=\"M17.3679 0.911133V26.0091L8.71256 17.0458L7.61621 18.1655L18.1341 28.9214L28.6162 18.1655L27.5206 17.0458L18.9018 26.0091V0.911133H17.3679Z\" fill=\"black\"><\/path><\/svg>\t\t\t<\/a>\n\t\t<\/div>\n\t\t\t\t\t\t<\/div>\n\t\t\t\t<\/div>\n\t\t\t\t<div class=\"elementor-element elementor-element-a9c1a3b elementor-widget elementor-widget-heading\" data-id=\"a9c1a3b\" data-element_type=\"widget\" data-e-type=\"widget\" data-widget_type=\"heading.default\">\n\t\t\t\t<div class=\"elementor-widget-container\">\n\t\t\t\t\t<p class=\"elementor-heading-title elementor-size-default\"><a href=\"\/wp-login.php\">connectez-vous pour t\u00e9l\u00e9charger le manuel<\/a><\/p>\t\t\t\t<\/div>\n\t\t\t\t<\/div>\n\t\t\t\t\t<\/div>\n\t\t\t\t<\/div>\n\t\t<!-- dce invisible element 2d0504e --><!-- dce invisible element f7cec99 --><!-- dce invisible element 0507b31 --><!-- dce invisible element f370a99 --><!-- dce invisible element 8ca681c --><!-- dce invisible element 788eb0a --><!-- dce invisible element c43c729 --><!-- dce invisible element 6e3e8a6 -->\t\t\t<\/div>\n\t\t\t\t<\/div>\n\t\t\t\t<\/div>\n\t\t","protected":false},"excerpt":{"rendered":"<p>Cellules de charge \u00e9lectriques pour ancrage connectez-vous pour t\u00e9l\u00e9charger le manuel Anchor_load_cells_EN_00_13_1 Anchor_load_cells_FR_00_13 Celdas_de_Carga_ESP_00_13_conv_1 Celle_di_carico_per_tiranti_IT_00_13 ADDENDUM_-_DATA_PROCESSING_-_EN_00 ADDENDUM_-_PROCESAMIENTO_DEL_DATO_- ADDENDUM_-_TRAITEMENT_DES_DONNEES ADDENDUM_ELABORAZIONE_DATI_-_IT_00 Cellules de charge hydrauliques pour ancrage connectez-vous pour t\u00e9l\u00e9charger le manuel Anchor_load_cells_EN_00_13_1 Anchor_load_cells_FR_00_13 Celdas_de_Carga_ESP_00_13_conv_1 Celle_di_carico_per_tiranti_IT_00_13 ADDENDUM_-_DATA_PROCESSING_-_EN_00 ADDENDUM_-_PROCESAMIENTO_DEL_DATO_- ADDENDUM_-_TRAITEMENT_DES_DONNEES ADDENDUM_ELABORAZIONE_DATI_-_IT_00 Cellules de charge \u00e9lectro-hydrauliques pour les sout\u00e8nements en acier et les butons connectez-vous pour t\u00e9l\u00e9charger le manuel [&hellip;]<\/p>\n","protected":false},"author":1,"featured_media":0,"parent":20092,"menu_order":0,"comment_status":"closed","ping_status":"closed","template":"","meta":{"footnotes":""},"categories":[],"tags":[],"class_list":["post-20128","page","type-page","status-publish","hentry"],"yoast_head":"<!-- This site is optimized with the Yoast SEO Premium plugin v27.2 (Yoast SEO v27.2) - https:\/\/yoast.com\/product\/yoast-seo-premium-wordpress\/ -->\n<title>Cellules de charge - Sisgeo<\/title>\n<meta name=\"robots\" content=\"index, follow, max-snippet:-1, max-image-preview:large, max-video-preview:-1\" \/>\n<link rel=\"canonical\" href=\"https:\/\/sisgeo.com\/fr\/zone-de-telechargement\/manuels\/cellules-de-charge\/\" \/>\n<meta property=\"og:locale\" content=\"fr_FR\" \/>\n<meta property=\"og:type\" content=\"article\" \/>\n<meta property=\"og:title\" content=\"Cellules de charge\" \/>\n<meta property=\"og:description\" content=\"Cellules de charge \u00e9lectriques pour ancrage connectez-vous pour t\u00e9l\u00e9charger le manuel Anchor_load_cells_EN_00_13_1 Anchor_load_cells_FR_00_13 Celdas_de_Carga_ESP_00_13_conv_1 Celle_di_carico_per_tiranti_IT_00_13 ADDENDUM_-_DATA_PROCESSING_-_EN_00 ADDENDUM_-_PROCESAMIENTO_DEL_DATO_- ADDENDUM_-_TRAITEMENT_DES_DONNEES ADDENDUM_ELABORAZIONE_DATI_-_IT_00 Cellules de charge hydrauliques pour ancrage connectez-vous pour t\u00e9l\u00e9charger le manuel Anchor_load_cells_EN_00_13_1 Anchor_load_cells_FR_00_13 Celdas_de_Carga_ESP_00_13_conv_1 Celle_di_carico_per_tiranti_IT_00_13 ADDENDUM_-_DATA_PROCESSING_-_EN_00 ADDENDUM_-_PROCESAMIENTO_DEL_DATO_- ADDENDUM_-_TRAITEMENT_DES_DONNEES ADDENDUM_ELABORAZIONE_DATI_-_IT_00 Cellules de charge \u00e9lectro-hydrauliques pour les sout\u00e8nements en acier et les butons connectez-vous pour t\u00e9l\u00e9charger le manuel [&hellip;]\" \/>\n<meta property=\"og:url\" content=\"https:\/\/sisgeo.com\/fr\/zone-de-telechargement\/manuels\/cellules-de-charge\/\" \/>\n<meta property=\"og:site_name\" content=\"Sisgeo\" \/>\n<meta property=\"article:modified_time\" content=\"2023-12-07T15:27:04+00:00\" \/>\n<meta name=\"twitter:card\" content=\"summary_large_image\" \/>\n<meta name=\"twitter:label1\" content=\"Dur\u00e9e de lecture estim\u00e9e\" \/>\n\t<meta name=\"twitter:data1\" content=\"1 minute\" \/>\n<script type=\"application\/ld+json\" class=\"yoast-schema-graph\">{\"@context\":\"https:\/\/schema.org\",\"@graph\":[{\"@type\":\"WebPage\",\"@id\":\"https:\/\/sisgeo.com\/fr\/zone-de-telechargement\/manuels\/cellules-de-charge\/\",\"url\":\"https:\/\/sisgeo.com\/fr\/zone-de-telechargement\/manuels\/cellules-de-charge\/\",\"name\":\"Cellules de charge - Sisgeo\",\"isPartOf\":{\"@id\":\"https:\/\/sisgeo.com\/fr\/#website\"},\"datePublished\":\"2023-09-22T07:09:14+00:00\",\"dateModified\":\"2023-12-07T15:27:04+00:00\",\"breadcrumb\":{\"@id\":\"https:\/\/sisgeo.com\/fr\/zone-de-telechargement\/manuels\/cellules-de-charge\/#breadcrumb\"},\"inLanguage\":\"fr-FR\",\"potentialAction\":[{\"@type\":\"ReadAction\",\"target\":[\"https:\/\/sisgeo.com\/fr\/zone-de-telechargement\/manuels\/cellules-de-charge\/\"]}]},{\"@type\":\"BreadcrumbList\",\"@id\":\"https:\/\/sisgeo.com\/fr\/zone-de-telechargement\/manuels\/cellules-de-charge\/#breadcrumb\",\"itemListElement\":[{\"@type\":\"ListItem\",\"position\":1,\"name\":\"Home\",\"item\":\"https:\/\/sisgeo.com\/fr\/linstrumentation-geotechnique-et-structurale-pour-le-shm\/\"},{\"@type\":\"ListItem\",\"position\":2,\"name\":\"Zone de t\u00e9l\u00e9chargement\",\"item\":\"https:\/\/sisgeo.com\/fr\/zone-de-telechargement\/\"},{\"@type\":\"ListItem\",\"position\":3,\"name\":\"Manuels\",\"item\":\"https:\/\/sisgeo.com\/fr\/zone-de-telechargement\/manuels\/\"},{\"@type\":\"ListItem\",\"position\":4,\"name\":\"Cellules de charge\"}]},{\"@type\":\"WebSite\",\"@id\":\"https:\/\/sisgeo.com\/fr\/#website\",\"url\":\"https:\/\/sisgeo.com\/fr\/\",\"name\":\"Sisgeo\",\"description\":\"Inclined to improvement\",\"publisher\":{\"@id\":\"https:\/\/sisgeo.com\/fr\/#organization\"},\"potentialAction\":[{\"@type\":\"SearchAction\",\"target\":{\"@type\":\"EntryPoint\",\"urlTemplate\":\"https:\/\/sisgeo.com\/fr\/?s={search_term_string}\"},\"query-input\":{\"@type\":\"PropertyValueSpecification\",\"valueRequired\":true,\"valueName\":\"search_term_string\"}}],\"inLanguage\":\"fr-FR\"},{\"@type\":\"Organization\",\"@id\":\"https:\/\/sisgeo.com\/fr\/#organization\",\"name\":\"Sisgeo S.r.l.\",\"url\":\"https:\/\/sisgeo.com\/fr\/\",\"logo\":{\"@type\":\"ImageObject\",\"inLanguage\":\"fr-FR\",\"@id\":\"https:\/\/sisgeo.com\/fr\/#\/schema\/logo\/image\/\",\"url\":\"https:\/\/sisgeodev.pipehosting.it\/wp-content\/uploads\/2023\/06\/logo-RGB.png\",\"contentUrl\":\"https:\/\/sisgeodev.pipehosting.it\/wp-content\/uploads\/2023\/06\/logo-RGB.png\",\"width\":205,\"height\":97,\"caption\":\"Sisgeo S.r.l.\"},\"image\":{\"@id\":\"https:\/\/sisgeo.com\/fr\/#\/schema\/logo\/image\/\"}}]}<\/script>\n<!-- \/ Yoast SEO Premium plugin. -->","yoast_head_json":{"title":"Cellules de charge - Sisgeo","robots":{"index":"index","follow":"follow","max-snippet":"max-snippet:-1","max-image-preview":"max-image-preview:large","max-video-preview":"max-video-preview:-1"},"canonical":"https:\/\/sisgeo.com\/fr\/zone-de-telechargement\/manuels\/cellules-de-charge\/","og_locale":"fr_FR","og_type":"article","og_title":"Cellules de charge","og_description":"Cellules de charge \u00e9lectriques pour ancrage connectez-vous pour t\u00e9l\u00e9charger le manuel Anchor_load_cells_EN_00_13_1 Anchor_load_cells_FR_00_13 Celdas_de_Carga_ESP_00_13_conv_1 Celle_di_carico_per_tiranti_IT_00_13 ADDENDUM_-_DATA_PROCESSING_-_EN_00 ADDENDUM_-_PROCESAMIENTO_DEL_DATO_- ADDENDUM_-_TRAITEMENT_DES_DONNEES ADDENDUM_ELABORAZIONE_DATI_-_IT_00 Cellules de charge hydrauliques pour ancrage connectez-vous pour t\u00e9l\u00e9charger le manuel Anchor_load_cells_EN_00_13_1 Anchor_load_cells_FR_00_13 Celdas_de_Carga_ESP_00_13_conv_1 Celle_di_carico_per_tiranti_IT_00_13 ADDENDUM_-_DATA_PROCESSING_-_EN_00 ADDENDUM_-_PROCESAMIENTO_DEL_DATO_- ADDENDUM_-_TRAITEMENT_DES_DONNEES ADDENDUM_ELABORAZIONE_DATI_-_IT_00 Cellules de charge \u00e9lectro-hydrauliques pour les sout\u00e8nements en acier et les butons connectez-vous pour t\u00e9l\u00e9charger le manuel [&hellip;]","og_url":"https:\/\/sisgeo.com\/fr\/zone-de-telechargement\/manuels\/cellules-de-charge\/","og_site_name":"Sisgeo","article_modified_time":"2023-12-07T15:27:04+00:00","twitter_card":"summary_large_image","twitter_misc":{"Dur\u00e9e de lecture estim\u00e9e":"1 minute"},"schema":{"@context":"https:\/\/schema.org","@graph":[{"@type":"WebPage","@id":"https:\/\/sisgeo.com\/fr\/zone-de-telechargement\/manuels\/cellules-de-charge\/","url":"https:\/\/sisgeo.com\/fr\/zone-de-telechargement\/manuels\/cellules-de-charge\/","name":"Cellules de charge - Sisgeo","isPartOf":{"@id":"https:\/\/sisgeo.com\/fr\/#website"},"datePublished":"2023-09-22T07:09:14+00:00","dateModified":"2023-12-07T15:27:04+00:00","breadcrumb":{"@id":"https:\/\/sisgeo.com\/fr\/zone-de-telechargement\/manuels\/cellules-de-charge\/#breadcrumb"},"inLanguage":"fr-FR","potentialAction":[{"@type":"ReadAction","target":["https:\/\/sisgeo.com\/fr\/zone-de-telechargement\/manuels\/cellules-de-charge\/"]}]},{"@type":"BreadcrumbList","@id":"https:\/\/sisgeo.com\/fr\/zone-de-telechargement\/manuels\/cellules-de-charge\/#breadcrumb","itemListElement":[{"@type":"ListItem","position":1,"name":"Home","item":"https:\/\/sisgeo.com\/fr\/linstrumentation-geotechnique-et-structurale-pour-le-shm\/"},{"@type":"ListItem","position":2,"name":"Zone de t\u00e9l\u00e9chargement","item":"https:\/\/sisgeo.com\/fr\/zone-de-telechargement\/"},{"@type":"ListItem","position":3,"name":"Manuels","item":"https:\/\/sisgeo.com\/fr\/zone-de-telechargement\/manuels\/"},{"@type":"ListItem","position":4,"name":"Cellules de charge"}]},{"@type":"WebSite","@id":"https:\/\/sisgeo.com\/fr\/#website","url":"https:\/\/sisgeo.com\/fr\/","name":"Sisgeo","description":"Inclined to improvement","publisher":{"@id":"https:\/\/sisgeo.com\/fr\/#organization"},"potentialAction":[{"@type":"SearchAction","target":{"@type":"EntryPoint","urlTemplate":"https:\/\/sisgeo.com\/fr\/?s={search_term_string}"},"query-input":{"@type":"PropertyValueSpecification","valueRequired":true,"valueName":"search_term_string"}}],"inLanguage":"fr-FR"},{"@type":"Organization","@id":"https:\/\/sisgeo.com\/fr\/#organization","name":"Sisgeo S.r.l.","url":"https:\/\/sisgeo.com\/fr\/","logo":{"@type":"ImageObject","inLanguage":"fr-FR","@id":"https:\/\/sisgeo.com\/fr\/#\/schema\/logo\/image\/","url":"https:\/\/sisgeodev.pipehosting.it\/wp-content\/uploads\/2023\/06\/logo-RGB.png","contentUrl":"https:\/\/sisgeodev.pipehosting.it\/wp-content\/uploads\/2023\/06\/logo-RGB.png","width":205,"height":97,"caption":"Sisgeo S.r.l."},"image":{"@id":"https:\/\/sisgeo.com\/fr\/#\/schema\/logo\/image\/"}}]}},"_links":{"self":[{"href":"https:\/\/sisgeo.com\/fr\/wp-json\/wp\/v2\/pages\/20128","targetHints":{"allow":["GET"]}}],"collection":[{"href":"https:\/\/sisgeo.com\/fr\/wp-json\/wp\/v2\/pages"}],"about":[{"href":"https:\/\/sisgeo.com\/fr\/wp-json\/wp\/v2\/types\/page"}],"author":[{"embeddable":true,"href":"https:\/\/sisgeo.com\/fr\/wp-json\/wp\/v2\/users\/1"}],"replies":[{"embeddable":true,"href":"https:\/\/sisgeo.com\/fr\/wp-json\/wp\/v2\/comments?post=20128"}],"version-history":[{"count":1,"href":"https:\/\/sisgeo.com\/fr\/wp-json\/wp\/v2\/pages\/20128\/revisions"}],"predecessor-version":[{"id":20129,"href":"https:\/\/sisgeo.com\/fr\/wp-json\/wp\/v2\/pages\/20128\/revisions\/20129"}],"up":[{"embeddable":true,"href":"https:\/\/sisgeo.com\/fr\/wp-json\/wp\/v2\/pages\/20092"}],"wp:attachment":[{"href":"https:\/\/sisgeo.com\/fr\/wp-json\/wp\/v2\/media?parent=20128"}],"wp:term":[{"taxonomy":"category","embeddable":true,"href":"https:\/\/sisgeo.com\/fr\/wp-json\/wp\/v2\/categories?post=20128"},{"taxonomy":"post_tag","embeddable":true,"href":"https:\/\/sisgeo.com\/fr\/wp-json\/wp\/v2\/tags?post=20128"}],"curies":[{"name":"wp","href":"https:\/\/api.w.org\/{rel}","templated":true}]}}