{"id":20160,"date":"2023-09-21T18:09:47","date_gmt":"2023-09-21T16:09:47","guid":{"rendered":"https:\/\/sisgeo.com\/zone-de-telechargement\/manuels\/clinometres\/"},"modified":"2023-12-07T16:39:55","modified_gmt":"2023-12-07T15:39:55","slug":"clinometres","status":"publish","type":"page","link":"https:\/\/sisgeo.com\/fr\/zone-de-telechargement\/manuels\/clinometres\/","title":{"rendered":"Clinom\u00e8tres"},"content":{"rendered":"\t\t<div data-elementor-type=\"wp-page\" data-elementor-id=\"20160\" class=\"elementor elementor-20160 elementor-14655\" data-elementor-post-type=\"page\">\n\t\t\t\t<div class=\"elementor-element elementor-element-cb5d006 e-flex e-con-boxed e-con e-parent\" data-id=\"cb5d006\" data-element_type=\"container\" data-e-type=\"container\">\n\t\t\t\t\t<div class=\"e-con-inner\">\n\t\t\t\t\t<\/div>\n\t\t\t\t<\/div>\n\t\t<div class=\"elementor-element elementor-element-a508917 normali e-flex e-con-boxed e-con e-parent\" data-id=\"a508917\" data-element_type=\"container\" data-e-type=\"container\">\n\t\t\t\t\t<div class=\"e-con-inner\">\n\t\t\t\t<div class=\"elementor-element elementor-element-bc9f539 elementor-widget elementor-widget-text-editor\" data-id=\"bc9f539\" data-element_type=\"widget\" data-e-type=\"widget\" data-widget_type=\"text-editor.default\">\n\t\t\t\t<div class=\"elementor-widget-container\">\n\t\t\t\t\t\t\t\t\t<p>D-Tiltmeter &#8211; Clinom\u00e8tres num\u00e9riques MEMS<\/p>\n\t\t\t\t\t\t\t\t<\/div>\n\t\t\t\t<\/div>\n\t\t<div class=\"elementor-element elementor-element-d5bb101 e-flex e-con-boxed e-con e-child\" data-id=\"d5bb101\" data-element_type=\"container\" data-e-type=\"container\" data-settings=\"{&quot;enabled_visibility&quot;:&quot;yes&quot;,&quot;dce_visibility_selected&quot;:&quot;yes&quot;}\">\n\t\t\t\t\t<div class=\"e-con-inner\">\n\t\t\t\t<div class=\"elementor-element elementor-element-ce1c019 elementor-view-default elementor-widget elementor-widget-icon\" data-id=\"ce1c019\" data-element_type=\"widget\" data-e-type=\"widget\" data-widget_type=\"icon.default\">\n\t\t\t\t<div class=\"elementor-widget-container\">\n\t\t\t\t\t\t\t<div class=\"elementor-icon-wrapper\">\n\t\t\t<a class=\"elementor-icon\" href=\"\/wp-login.php\">\n\t\t\t<svg xmlns=\"http:\/\/www.w3.org\/2000\/svg\" width=\"36\" height=\"34\" viewBox=\"0 0 36 34\" fill=\"none\"><path fill-rule=\"evenodd\" clip-rule=\"evenodd\" d=\"M0.5 33.6683H35.5V32.1677H0.5V33.6683Z\" fill=\"black\"><\/path><path fill-rule=\"evenodd\" clip-rule=\"evenodd\" d=\"M17.3679 0.911133V26.0091L8.71256 17.0458L7.61621 18.1655L18.1341 28.9214L28.6162 18.1655L27.5206 17.0458L18.9018 26.0091V0.911133H17.3679Z\" fill=\"black\"><\/path><\/svg>\t\t\t<\/a>\n\t\t<\/div>\n\t\t\t\t\t\t<\/div>\n\t\t\t\t<\/div>\n\t\t\t\t<div class=\"elementor-element elementor-element-4e326aa elementor-widget elementor-widget-heading\" data-id=\"4e326aa\" data-element_type=\"widget\" data-e-type=\"widget\" data-widget_type=\"heading.default\">\n\t\t\t\t<div class=\"elementor-widget-container\">\n\t\t\t\t\t<p class=\"elementor-heading-title elementor-size-default\"><a href=\"\/wp-login.php\">connectez-vous pour t\u00e9l\u00e9charger le manuel<\/a><\/p>\t\t\t\t<\/div>\n\t\t\t\t<\/div>\n\t\t\t\t\t<\/div>\n\t\t\t\t<\/div>\n\t\t<!-- dce invisible element 0f06bbf --><!-- dce invisible element 2118c78 --><!-- dce invisible element 78d350c --><!-- dce invisible element 251f5b2 --><!-- dce invisible element 29952dc --><!-- dce invisible element f878ffe --><!-- dce invisible element 40a50c7 --><!-- dce invisible element 9c94d85 -->\t\t\t<\/div>\n\t\t\t\t<\/div>\n\t\t<div class=\"elementor-element elementor-element-2d23870 normali e-flex e-con-boxed e-con e-parent\" data-id=\"2d23870\" data-element_type=\"container\" data-e-type=\"container\">\n\t\t\t\t\t<div class=\"e-con-inner\">\n\t\t\t\t<div class=\"elementor-element elementor-element-4cbcff5 elementor-widget elementor-widget-text-editor\" data-id=\"4cbcff5\" data-element_type=\"widget\" data-e-type=\"widget\" data-widget_type=\"text-editor.default\">\n\t\t\t\t<div class=\"elementor-widget-container\">\n\t\t\t\t\t\t\t\t\t<p>Clinom\u00e8tres analogiques MEMS<\/p>\n\t\t\t\t\t\t\t\t<\/div>\n\t\t\t\t<\/div>\n\t\t<div class=\"elementor-element elementor-element-4641561 e-flex e-con-boxed e-con e-child\" data-id=\"4641561\" data-element_type=\"container\" data-e-type=\"container\" data-settings=\"{&quot;enabled_visibility&quot;:&quot;yes&quot;,&quot;dce_visibility_selected&quot;:&quot;yes&quot;}\">\n\t\t\t\t\t<div class=\"e-con-inner\">\n\t\t\t\t<div class=\"elementor-element elementor-element-73fdfae elementor-view-default elementor-widget elementor-widget-icon\" data-id=\"73fdfae\" data-element_type=\"widget\" data-e-type=\"widget\" data-widget_type=\"icon.default\">\n\t\t\t\t<div class=\"elementor-widget-container\">\n\t\t\t\t\t\t\t<div class=\"elementor-icon-wrapper\">\n\t\t\t<a class=\"elementor-icon\" href=\"\/wp-login.php\">\n\t\t\t<svg xmlns=\"http:\/\/www.w3.org\/2000\/svg\" width=\"36\" height=\"34\" viewBox=\"0 0 36 34\" fill=\"none\"><path fill-rule=\"evenodd\" clip-rule=\"evenodd\" d=\"M0.5 33.6683H35.5V32.1677H0.5V33.6683Z\" fill=\"black\"><\/path><path fill-rule=\"evenodd\" clip-rule=\"evenodd\" d=\"M17.3679 0.911133V26.0091L8.71256 17.0458L7.61621 18.1655L18.1341 28.9214L28.6162 18.1655L27.5206 17.0458L18.9018 26.0091V0.911133H17.3679Z\" fill=\"black\"><\/path><\/svg>\t\t\t<\/a>\n\t\t<\/div>\n\t\t\t\t\t\t<\/div>\n\t\t\t\t<\/div>\n\t\t\t\t<div class=\"elementor-element elementor-element-5a4c46d elementor-widget elementor-widget-heading\" data-id=\"5a4c46d\" data-element_type=\"widget\" data-e-type=\"widget\" data-widget_type=\"heading.default\">\n\t\t\t\t<div class=\"elementor-widget-container\">\n\t\t\t\t\t<p class=\"elementor-heading-title elementor-size-default\"><a href=\"\/wp-login.php\">connectez-vous pour t\u00e9l\u00e9charger le manuel<\/a><\/p>\t\t\t\t<\/div>\n\t\t\t\t<\/div>\n\t\t\t\t\t<\/div>\n\t\t\t\t<\/div>\n\t\t<!-- dce invisible element 064e7ba --><!-- dce invisible element 6256183 -->\t\t\t<\/div>\n\t\t\t\t<\/div>\n\t\t<div class=\"elementor-element elementor-element-db92a70 normali e-flex e-con-boxed e-con e-parent\" data-id=\"db92a70\" data-element_type=\"container\" data-e-type=\"container\">\n\t\t\t\t\t<div class=\"e-con-inner\">\n\t\t\t\t<div class=\"elementor-element elementor-element-56f86a5 elementor-widget elementor-widget-text-editor\" data-id=\"56f86a5\" data-element_type=\"widget\" data-e-type=\"widget\" data-widget_type=\"text-editor.default\">\n\t\t\t\t<div class=\"elementor-widget-container\">\n\t\t\t\t\t\t\t\t\t<p>Clinom\u00e8tre \u00e0 barre (TB)<\/p>\n\t\t\t\t\t\t\t\t<\/div>\n\t\t\t\t<\/div>\n\t\t<div class=\"elementor-element elementor-element-0e3b2ac e-flex e-con-boxed e-con e-child\" data-id=\"0e3b2ac\" data-element_type=\"container\" data-e-type=\"container\" data-settings=\"{&quot;enabled_visibility&quot;:&quot;yes&quot;,&quot;dce_visibility_selected&quot;:&quot;yes&quot;}\">\n\t\t\t\t\t<div class=\"e-con-inner\">\n\t\t\t\t<div class=\"elementor-element elementor-element-0571bc2 elementor-view-default elementor-widget elementor-widget-icon\" data-id=\"0571bc2\" data-element_type=\"widget\" data-e-type=\"widget\" data-widget_type=\"icon.default\">\n\t\t\t\t<div class=\"elementor-widget-container\">\n\t\t\t\t\t\t\t<div class=\"elementor-icon-wrapper\">\n\t\t\t<a class=\"elementor-icon\" href=\"\/wp-login.php\">\n\t\t\t<svg xmlns=\"http:\/\/www.w3.org\/2000\/svg\" width=\"36\" height=\"34\" viewBox=\"0 0 36 34\" fill=\"none\"><path fill-rule=\"evenodd\" clip-rule=\"evenodd\" d=\"M0.5 33.6683H35.5V32.1677H0.5V33.6683Z\" fill=\"black\"><\/path><path fill-rule=\"evenodd\" clip-rule=\"evenodd\" d=\"M17.3679 0.911133V26.0091L8.71256 17.0458L7.61621 18.1655L18.1341 28.9214L28.6162 18.1655L27.5206 17.0458L18.9018 26.0091V0.911133H17.3679Z\" fill=\"black\"><\/path><\/svg>\t\t\t<\/a>\n\t\t<\/div>\n\t\t\t\t\t\t<\/div>\n\t\t\t\t<\/div>\n\t\t\t\t<div class=\"elementor-element elementor-element-0a54040 elementor-widget elementor-widget-heading\" data-id=\"0a54040\" data-element_type=\"widget\" data-e-type=\"widget\" data-widget_type=\"heading.default\">\n\t\t\t\t<div class=\"elementor-widget-container\">\n\t\t\t\t\t<p class=\"elementor-heading-title elementor-size-default\"><a href=\"\/wp-login.php\">connectez-vous pour t\u00e9l\u00e9charger le manuel<\/a><\/p>\t\t\t\t<\/div>\n\t\t\t\t<\/div>\n\t\t\t\t\t<\/div>\n\t\t\t\t<\/div>\n\t\t<!-- dce invisible element 2164f15 --><!-- dce invisible element abc4f5b --><!-- dce invisible element bd44966 --><!-- dce invisible element cdad05d --><!-- dce invisible element c5ad3e4 --><!-- dce invisible element 9b07037 --><!-- dce invisible element 9ef0ff7 --><!-- dce invisible element 036613b -->\t\t\t<\/div>\n\t\t\t\t<\/div>\n\t\t<div class=\"elementor-element elementor-element-c10b875 normali e-flex e-con-boxed e-con e-parent\" data-id=\"c10b875\" data-element_type=\"container\" data-e-type=\"container\">\n\t\t\t\t\t<div class=\"e-con-inner\">\n\t\t\t\t<div class=\"elementor-element elementor-element-a1eeea2 elementor-widget elementor-widget-text-editor\" data-id=\"a1eeea2\" data-element_type=\"widget\" data-e-type=\"widget\" data-widget_type=\"text-editor.default\">\n\t\t\t\t<div class=\"elementor-widget-container\">\n\t\t\t\t\t\t\t\t\t<p>Chaine LT-Inclibus<\/p>\n\t\t\t\t\t\t\t\t<\/div>\n\t\t\t\t<\/div>\n\t\t<div class=\"elementor-element elementor-element-98533b4 e-flex e-con-boxed e-con e-child\" data-id=\"98533b4\" data-element_type=\"container\" data-e-type=\"container\" data-settings=\"{&quot;enabled_visibility&quot;:&quot;yes&quot;,&quot;dce_visibility_selected&quot;:&quot;yes&quot;}\">\n\t\t\t\t\t<div class=\"e-con-inner\">\n\t\t\t\t<div class=\"elementor-element elementor-element-db13bf2 elementor-view-default elementor-widget elementor-widget-icon\" data-id=\"db13bf2\" data-element_type=\"widget\" data-e-type=\"widget\" data-widget_type=\"icon.default\">\n\t\t\t\t<div class=\"elementor-widget-container\">\n\t\t\t\t\t\t\t<div class=\"elementor-icon-wrapper\">\n\t\t\t<a class=\"elementor-icon\" href=\"\/wp-login.php\">\n\t\t\t<svg xmlns=\"http:\/\/www.w3.org\/2000\/svg\" width=\"36\" height=\"34\" viewBox=\"0 0 36 34\" fill=\"none\"><path fill-rule=\"evenodd\" clip-rule=\"evenodd\" d=\"M0.5 33.6683H35.5V32.1677H0.5V33.6683Z\" fill=\"black\"><\/path><path fill-rule=\"evenodd\" clip-rule=\"evenodd\" d=\"M17.3679 0.911133V26.0091L8.71256 17.0458L7.61621 18.1655L18.1341 28.9214L28.6162 18.1655L27.5206 17.0458L18.9018 26.0091V0.911133H17.3679Z\" fill=\"black\"><\/path><\/svg>\t\t\t<\/a>\n\t\t<\/div>\n\t\t\t\t\t\t<\/div>\n\t\t\t\t<\/div>\n\t\t\t\t<div class=\"elementor-element elementor-element-0f75189 elementor-widget elementor-widget-heading\" data-id=\"0f75189\" data-element_type=\"widget\" data-e-type=\"widget\" data-widget_type=\"heading.default\">\n\t\t\t\t<div class=\"elementor-widget-container\">\n\t\t\t\t\t<p class=\"elementor-heading-title elementor-size-default\"><a href=\"\/wp-login.php\">connectez-vous pour t\u00e9l\u00e9charger le manuel<\/a><\/p>\t\t\t\t<\/div>\n\t\t\t\t<\/div>\n\t\t\t\t\t<\/div>\n\t\t\t\t<\/div>\n\t\t<!-- dce invisible element 92d033e --><!-- dce invisible element 721a888 --><!-- dce invisible element 99242e4 -->\t\t\t<\/div>\n\t\t\t\t<\/div>\n\t\t<div class=\"elementor-element elementor-element-2285fb8 normali e-flex e-con-boxed e-con e-parent\" data-id=\"2285fb8\" data-element_type=\"container\" data-e-type=\"container\">\n\t\t\t\t\t<div class=\"e-con-inner\">\n\t\t\t\t<div class=\"elementor-element elementor-element-9f87614 elementor-widget elementor-widget-text-editor\" data-id=\"9f87614\" data-element_type=\"widget\" data-e-type=\"widget\" data-widget_type=\"text-editor.default\">\n\t\t\t\t<div class=\"elementor-widget-container\">\n\t\t\t\t\t\t\t\t\t<p>Clinom\u00e8tre portable Tilli<\/p>\n\t\t\t\t\t\t\t\t<\/div>\n\t\t\t\t<\/div>\n\t\t<div class=\"elementor-element elementor-element-f7ac002 e-flex e-con-boxed e-con e-child\" data-id=\"f7ac002\" data-element_type=\"container\" data-e-type=\"container\" data-settings=\"{&quot;enabled_visibility&quot;:&quot;yes&quot;,&quot;dce_visibility_selected&quot;:&quot;yes&quot;}\">\n\t\t\t\t\t<div class=\"e-con-inner\">\n\t\t\t\t<div class=\"elementor-element elementor-element-4ad1503 elementor-view-default elementor-widget elementor-widget-icon\" data-id=\"4ad1503\" data-element_type=\"widget\" data-e-type=\"widget\" data-widget_type=\"icon.default\">\n\t\t\t\t<div class=\"elementor-widget-container\">\n\t\t\t\t\t\t\t<div class=\"elementor-icon-wrapper\">\n\t\t\t<a class=\"elementor-icon\" href=\"\/wp-login.php\">\n\t\t\t<svg xmlns=\"http:\/\/www.w3.org\/2000\/svg\" width=\"36\" height=\"34\" viewBox=\"0 0 36 34\" fill=\"none\"><path fill-rule=\"evenodd\" clip-rule=\"evenodd\" d=\"M0.5 33.6683H35.5V32.1677H0.5V33.6683Z\" fill=\"black\"><\/path><path fill-rule=\"evenodd\" clip-rule=\"evenodd\" d=\"M17.3679 0.911133V26.0091L8.71256 17.0458L7.61621 18.1655L18.1341 28.9214L28.6162 18.1655L27.5206 17.0458L18.9018 26.0091V0.911133H17.3679Z\" fill=\"black\"><\/path><\/svg>\t\t\t<\/a>\n\t\t<\/div>\n\t\t\t\t\t\t<\/div>\n\t\t\t\t<\/div>\n\t\t\t\t<div class=\"elementor-element elementor-element-f706c29 elementor-widget elementor-widget-heading\" data-id=\"f706c29\" data-element_type=\"widget\" data-e-type=\"widget\" data-widget_type=\"heading.default\">\n\t\t\t\t<div class=\"elementor-widget-container\">\n\t\t\t\t\t<p class=\"elementor-heading-title elementor-size-default\"><a href=\"\/wp-login.php\">connectez-vous pour t\u00e9l\u00e9charger le manuel<\/a><\/p>\t\t\t\t<\/div>\n\t\t\t\t<\/div>\n\t\t\t\t\t<\/div>\n\t\t\t\t<\/div>\n\t\t<!-- dce invisible element a808b67 --><!-- dce invisible element c79662d --><!-- dce invisible element 9d3f746 --><!-- dce invisible element b479cc0 --><!-- dce invisible element e00c342 --><!-- dce invisible element 9102f62 --><!-- dce invisible element c9b5202 -->\t\t\t<\/div>\n\t\t\t\t<\/div>\n\t\t\t\t<\/div>\n\t\t","protected":false},"excerpt":{"rendered":"<p>D-Tiltmeter &#8211; Clinom\u00e8tres num\u00e9riques MEMS connectez-vous pour t\u00e9l\u00e9charger le manuel TILTMETERS_AND_TILT_BEAMS_User_Manual_EN_04_19 CLINOMETRES_CLINOMETRES_a_BARRE_FR_04_19 SISGEO MODBUS protocol manual &#8211; EN_05_20 SISGEO_digitized_instruments_-_Modbus_protocol_specification ADDENDUM_-_DATA_PROCESSING_-_EN_00 ADDENDUM_-_PROCESAMIENTO_DEL_DATO_- ADDENDUM_-_TRAITEMENT_DES_DONNEES ADDENDUM_ELABORAZIONE_DATI_-_IT_00 Clinom\u00e8tres analogiques MEMS connectez-vous pour t\u00e9l\u00e9charger le manuel TILTMETERS_AND_TILT_BEAMS_User_Manual_EN_04_19 CLINOMETRES_CLINOMETRES_a_BARRE_FR_04_19 Clinom\u00e8tre \u00e0 barre (TB) connectez-vous pour t\u00e9l\u00e9charger le manuel TILTMETERS_AND_TILT_BEAMS_User_Manual_EN_04_19 CLINOMETRES_CLINOMETRES_a_BARRE_FR_04_19 SISGEO MODBUS protocol manual &#8211; EN_05_20 SISGEO_digitized_instruments_-_Modbus_protocol_specification ADDENDUM_-_DATA_PROCESSING_-_EN_00 ADDENDUM_-_PROCESAMIENTO_DEL_DATO_- ADDENDUM_-_TRAITEMENT_DES_DONNEES ADDENDUM_ELABORAZIONE_DATI_-_IT_00 [&hellip;]<\/p>\n","protected":false},"author":1,"featured_media":0,"parent":20092,"menu_order":0,"comment_status":"closed","ping_status":"closed","template":"","meta":{"footnotes":""},"categories":[],"tags":[],"class_list":["post-20160","page","type-page","status-publish","hentry"],"yoast_head":"<!-- This site is optimized with the Yoast SEO Premium plugin v27.2 (Yoast SEO v27.2) - https:\/\/yoast.com\/product\/yoast-seo-premium-wordpress\/ -->\n<title>Clinom\u00e8tres - Sisgeo<\/title>\n<meta name=\"robots\" content=\"index, follow, max-snippet:-1, max-image-preview:large, max-video-preview:-1\" \/>\n<link rel=\"canonical\" href=\"https:\/\/sisgeo.com\/fr\/zone-de-telechargement\/manuels\/clinometres\/\" \/>\n<meta property=\"og:locale\" content=\"fr_FR\" \/>\n<meta property=\"og:type\" content=\"article\" \/>\n<meta property=\"og:title\" content=\"Clinom\u00e8tres\" \/>\n<meta property=\"og:description\" content=\"D-Tiltmeter &#8211; Clinom\u00e8tres num\u00e9riques MEMS connectez-vous pour t\u00e9l\u00e9charger le manuel TILTMETERS_AND_TILT_BEAMS_User_Manual_EN_04_19 CLINOMETRES_CLINOMETRES_a_BARRE_FR_04_19 SISGEO MODBUS protocol manual &#8211; EN_05_20 SISGEO_digitized_instruments_-_Modbus_protocol_specification ADDENDUM_-_DATA_PROCESSING_-_EN_00 ADDENDUM_-_PROCESAMIENTO_DEL_DATO_- ADDENDUM_-_TRAITEMENT_DES_DONNEES ADDENDUM_ELABORAZIONE_DATI_-_IT_00 Clinom\u00e8tres analogiques MEMS connectez-vous pour t\u00e9l\u00e9charger le manuel TILTMETERS_AND_TILT_BEAMS_User_Manual_EN_04_19 CLINOMETRES_CLINOMETRES_a_BARRE_FR_04_19 Clinom\u00e8tre \u00e0 barre (TB) connectez-vous pour t\u00e9l\u00e9charger le manuel TILTMETERS_AND_TILT_BEAMS_User_Manual_EN_04_19 CLINOMETRES_CLINOMETRES_a_BARRE_FR_04_19 SISGEO MODBUS protocol manual &#8211; EN_05_20 SISGEO_digitized_instruments_-_Modbus_protocol_specification ADDENDUM_-_DATA_PROCESSING_-_EN_00 ADDENDUM_-_PROCESAMIENTO_DEL_DATO_- ADDENDUM_-_TRAITEMENT_DES_DONNEES ADDENDUM_ELABORAZIONE_DATI_-_IT_00 [&hellip;]\" \/>\n<meta property=\"og:url\" content=\"https:\/\/sisgeo.com\/fr\/zone-de-telechargement\/manuels\/clinometres\/\" \/>\n<meta property=\"og:site_name\" content=\"Sisgeo\" \/>\n<meta property=\"article:modified_time\" content=\"2023-12-07T15:39:55+00:00\" \/>\n<meta name=\"twitter:card\" content=\"summary_large_image\" \/>\n<meta name=\"twitter:label1\" content=\"Dur\u00e9e de lecture estim\u00e9e\" \/>\n\t<meta name=\"twitter:data1\" content=\"1 minute\" \/>\n<script type=\"application\/ld+json\" class=\"yoast-schema-graph\">{\"@context\":\"https:\/\/schema.org\",\"@graph\":[{\"@type\":\"WebPage\",\"@id\":\"https:\/\/sisgeo.com\/fr\/zone-de-telechargement\/manuels\/clinometres\/\",\"url\":\"https:\/\/sisgeo.com\/fr\/zone-de-telechargement\/manuels\/clinometres\/\",\"name\":\"Clinom\u00e8tres - Sisgeo\",\"isPartOf\":{\"@id\":\"https:\/\/sisgeo.com\/fr\/#website\"},\"datePublished\":\"2023-09-21T16:09:47+00:00\",\"dateModified\":\"2023-12-07T15:39:55+00:00\",\"breadcrumb\":{\"@id\":\"https:\/\/sisgeo.com\/fr\/zone-de-telechargement\/manuels\/clinometres\/#breadcrumb\"},\"inLanguage\":\"fr-FR\",\"potentialAction\":[{\"@type\":\"ReadAction\",\"target\":[\"https:\/\/sisgeo.com\/fr\/zone-de-telechargement\/manuels\/clinometres\/\"]}]},{\"@type\":\"BreadcrumbList\",\"@id\":\"https:\/\/sisgeo.com\/fr\/zone-de-telechargement\/manuels\/clinometres\/#breadcrumb\",\"itemListElement\":[{\"@type\":\"ListItem\",\"position\":1,\"name\":\"Home\",\"item\":\"https:\/\/sisgeo.com\/fr\/linstrumentation-geotechnique-et-structurale-pour-le-shm\/\"},{\"@type\":\"ListItem\",\"position\":2,\"name\":\"Zone de t\u00e9l\u00e9chargement\",\"item\":\"https:\/\/sisgeo.com\/fr\/zone-de-telechargement\/\"},{\"@type\":\"ListItem\",\"position\":3,\"name\":\"Manuels\",\"item\":\"https:\/\/sisgeo.com\/fr\/zone-de-telechargement\/manuels\/\"},{\"@type\":\"ListItem\",\"position\":4,\"name\":\"Clinom\u00e8tres\"}]},{\"@type\":\"WebSite\",\"@id\":\"https:\/\/sisgeo.com\/fr\/#website\",\"url\":\"https:\/\/sisgeo.com\/fr\/\",\"name\":\"Sisgeo\",\"description\":\"Inclined to improvement\",\"publisher\":{\"@id\":\"https:\/\/sisgeo.com\/fr\/#organization\"},\"potentialAction\":[{\"@type\":\"SearchAction\",\"target\":{\"@type\":\"EntryPoint\",\"urlTemplate\":\"https:\/\/sisgeo.com\/fr\/?s={search_term_string}\"},\"query-input\":{\"@type\":\"PropertyValueSpecification\",\"valueRequired\":true,\"valueName\":\"search_term_string\"}}],\"inLanguage\":\"fr-FR\"},{\"@type\":\"Organization\",\"@id\":\"https:\/\/sisgeo.com\/fr\/#organization\",\"name\":\"Sisgeo S.r.l.\",\"url\":\"https:\/\/sisgeo.com\/fr\/\",\"logo\":{\"@type\":\"ImageObject\",\"inLanguage\":\"fr-FR\",\"@id\":\"https:\/\/sisgeo.com\/fr\/#\/schema\/logo\/image\/\",\"url\":\"https:\/\/sisgeodev.pipehosting.it\/wp-content\/uploads\/2023\/06\/logo-RGB.png\",\"contentUrl\":\"https:\/\/sisgeodev.pipehosting.it\/wp-content\/uploads\/2023\/06\/logo-RGB.png\",\"width\":205,\"height\":97,\"caption\":\"Sisgeo S.r.l.\"},\"image\":{\"@id\":\"https:\/\/sisgeo.com\/fr\/#\/schema\/logo\/image\/\"}}]}<\/script>\n<!-- \/ Yoast SEO Premium plugin. -->","yoast_head_json":{"title":"Clinom\u00e8tres - Sisgeo","robots":{"index":"index","follow":"follow","max-snippet":"max-snippet:-1","max-image-preview":"max-image-preview:large","max-video-preview":"max-video-preview:-1"},"canonical":"https:\/\/sisgeo.com\/fr\/zone-de-telechargement\/manuels\/clinometres\/","og_locale":"fr_FR","og_type":"article","og_title":"Clinom\u00e8tres","og_description":"D-Tiltmeter &#8211; Clinom\u00e8tres num\u00e9riques MEMS connectez-vous pour t\u00e9l\u00e9charger le manuel TILTMETERS_AND_TILT_BEAMS_User_Manual_EN_04_19 CLINOMETRES_CLINOMETRES_a_BARRE_FR_04_19 SISGEO MODBUS protocol manual &#8211; EN_05_20 SISGEO_digitized_instruments_-_Modbus_protocol_specification ADDENDUM_-_DATA_PROCESSING_-_EN_00 ADDENDUM_-_PROCESAMIENTO_DEL_DATO_- ADDENDUM_-_TRAITEMENT_DES_DONNEES ADDENDUM_ELABORAZIONE_DATI_-_IT_00 Clinom\u00e8tres analogiques MEMS connectez-vous pour t\u00e9l\u00e9charger le manuel TILTMETERS_AND_TILT_BEAMS_User_Manual_EN_04_19 CLINOMETRES_CLINOMETRES_a_BARRE_FR_04_19 Clinom\u00e8tre \u00e0 barre (TB) connectez-vous pour t\u00e9l\u00e9charger le manuel TILTMETERS_AND_TILT_BEAMS_User_Manual_EN_04_19 CLINOMETRES_CLINOMETRES_a_BARRE_FR_04_19 SISGEO MODBUS protocol manual &#8211; EN_05_20 SISGEO_digitized_instruments_-_Modbus_protocol_specification ADDENDUM_-_DATA_PROCESSING_-_EN_00 ADDENDUM_-_PROCESAMIENTO_DEL_DATO_- ADDENDUM_-_TRAITEMENT_DES_DONNEES ADDENDUM_ELABORAZIONE_DATI_-_IT_00 [&hellip;]","og_url":"https:\/\/sisgeo.com\/fr\/zone-de-telechargement\/manuels\/clinometres\/","og_site_name":"Sisgeo","article_modified_time":"2023-12-07T15:39:55+00:00","twitter_card":"summary_large_image","twitter_misc":{"Dur\u00e9e de lecture estim\u00e9e":"1 minute"},"schema":{"@context":"https:\/\/schema.org","@graph":[{"@type":"WebPage","@id":"https:\/\/sisgeo.com\/fr\/zone-de-telechargement\/manuels\/clinometres\/","url":"https:\/\/sisgeo.com\/fr\/zone-de-telechargement\/manuels\/clinometres\/","name":"Clinom\u00e8tres - Sisgeo","isPartOf":{"@id":"https:\/\/sisgeo.com\/fr\/#website"},"datePublished":"2023-09-21T16:09:47+00:00","dateModified":"2023-12-07T15:39:55+00:00","breadcrumb":{"@id":"https:\/\/sisgeo.com\/fr\/zone-de-telechargement\/manuels\/clinometres\/#breadcrumb"},"inLanguage":"fr-FR","potentialAction":[{"@type":"ReadAction","target":["https:\/\/sisgeo.com\/fr\/zone-de-telechargement\/manuels\/clinometres\/"]}]},{"@type":"BreadcrumbList","@id":"https:\/\/sisgeo.com\/fr\/zone-de-telechargement\/manuels\/clinometres\/#breadcrumb","itemListElement":[{"@type":"ListItem","position":1,"name":"Home","item":"https:\/\/sisgeo.com\/fr\/linstrumentation-geotechnique-et-structurale-pour-le-shm\/"},{"@type":"ListItem","position":2,"name":"Zone de t\u00e9l\u00e9chargement","item":"https:\/\/sisgeo.com\/fr\/zone-de-telechargement\/"},{"@type":"ListItem","position":3,"name":"Manuels","item":"https:\/\/sisgeo.com\/fr\/zone-de-telechargement\/manuels\/"},{"@type":"ListItem","position":4,"name":"Clinom\u00e8tres"}]},{"@type":"WebSite","@id":"https:\/\/sisgeo.com\/fr\/#website","url":"https:\/\/sisgeo.com\/fr\/","name":"Sisgeo","description":"Inclined to improvement","publisher":{"@id":"https:\/\/sisgeo.com\/fr\/#organization"},"potentialAction":[{"@type":"SearchAction","target":{"@type":"EntryPoint","urlTemplate":"https:\/\/sisgeo.com\/fr\/?s={search_term_string}"},"query-input":{"@type":"PropertyValueSpecification","valueRequired":true,"valueName":"search_term_string"}}],"inLanguage":"fr-FR"},{"@type":"Organization","@id":"https:\/\/sisgeo.com\/fr\/#organization","name":"Sisgeo S.r.l.","url":"https:\/\/sisgeo.com\/fr\/","logo":{"@type":"ImageObject","inLanguage":"fr-FR","@id":"https:\/\/sisgeo.com\/fr\/#\/schema\/logo\/image\/","url":"https:\/\/sisgeodev.pipehosting.it\/wp-content\/uploads\/2023\/06\/logo-RGB.png","contentUrl":"https:\/\/sisgeodev.pipehosting.it\/wp-content\/uploads\/2023\/06\/logo-RGB.png","width":205,"height":97,"caption":"Sisgeo S.r.l."},"image":{"@id":"https:\/\/sisgeo.com\/fr\/#\/schema\/logo\/image\/"}}]}},"_links":{"self":[{"href":"https:\/\/sisgeo.com\/fr\/wp-json\/wp\/v2\/pages\/20160","targetHints":{"allow":["GET"]}}],"collection":[{"href":"https:\/\/sisgeo.com\/fr\/wp-json\/wp\/v2\/pages"}],"about":[{"href":"https:\/\/sisgeo.com\/fr\/wp-json\/wp\/v2\/types\/page"}],"author":[{"embeddable":true,"href":"https:\/\/sisgeo.com\/fr\/wp-json\/wp\/v2\/users\/1"}],"replies":[{"embeddable":true,"href":"https:\/\/sisgeo.com\/fr\/wp-json\/wp\/v2\/comments?post=20160"}],"version-history":[{"count":1,"href":"https:\/\/sisgeo.com\/fr\/wp-json\/wp\/v2\/pages\/20160\/revisions"}],"predecessor-version":[{"id":20161,"href":"https:\/\/sisgeo.com\/fr\/wp-json\/wp\/v2\/pages\/20160\/revisions\/20161"}],"up":[{"embeddable":true,"href":"https:\/\/sisgeo.com\/fr\/wp-json\/wp\/v2\/pages\/20092"}],"wp:attachment":[{"href":"https:\/\/sisgeo.com\/fr\/wp-json\/wp\/v2\/media?parent=20160"}],"wp:term":[{"taxonomy":"category","embeddable":true,"href":"https:\/\/sisgeo.com\/fr\/wp-json\/wp\/v2\/categories?post=20160"},{"taxonomy":"post_tag","embeddable":true,"href":"https:\/\/sisgeo.com\/fr\/wp-json\/wp\/v2\/tags?post=20160"}],"curies":[{"name":"wp","href":"https:\/\/api.w.org\/{rel}","templated":true}]}}