{"id":20264,"date":"2023-07-27T09:53:09","date_gmt":"2023-07-27T07:53:09","guid":{"rendered":"https:\/\/sisgeo.com\/produits\/brain-sonde-inclinometrique-mems\/"},"modified":"2023-12-08T16:09:27","modified_gmt":"2023-12-08T15:09:27","slug":"brain-sonde-inclinometrique-mems","status":"publish","type":"page","link":"https:\/\/sisgeo.com\/fr\/produits\/brain-sonde-inclinometrique-mems\/","title":{"rendered":"BRAIN sonde inclinometrique MEMS"},"content":{"rendered":"\t\t<div data-elementor-type=\"wp-page\" data-elementor-id=\"20264\" class=\"elementor elementor-20264 elementor-3866\" data-elementor-post-type=\"page\">\n\t\t\t\t<div class=\"elementor-element elementor-element-7a63a93 e-flex e-con-boxed e-con e-parent\" data-id=\"7a63a93\" data-element_type=\"container\" data-e-type=\"container\">\n\t\t\t\t\t<div class=\"e-con-inner\">\n\t\t\t\t<div class=\"elementor-element elementor-element-99defb4 elementor-widget elementor-widget-text-editor\" data-id=\"99defb4\" data-element_type=\"widget\" data-e-type=\"widget\" data-widget_type=\"text-editor.default\">\n\t\t\t\t<div class=\"elementor-widget-container\">\n\t\t\t\t\t\t\t\t\tLe syst\u00e8me inclinom\u00e9trique BRAIN est un dispositif utilis\u00e9 pour mesurer les d\u00e9placements dans le sol ou sous les structures. Il est particuli\u00e8rement utile pour \u00e9valuer la stabilit\u00e9 des pentes, des talus, des murs de sout\u00e8nement et d&rsquo;autres structures susceptibles de bouger ou de se d\u00e9former. En mesurant le changement d&rsquo;inclinaison dans le temps, les inclinom\u00e8tres fournissent des donn\u00e9es pr\u00e9cieuses pour analyser le comportement et le mouvement des structures surveill\u00e9es. Le syst\u00e8me BRAIN, associ\u00e9 au logiciel d&rsquo;analyse de donn\u00e9es KLION, fournit un rapport d&rsquo;inclinaison conforme \u00e0 la norme ISO 18674-3.  \n\n\t\t\t\t\t\t\t\t<\/div>\n\t\t\t\t<\/div>\n\t\t\t\t<div class=\"elementor-element elementor-element-8a09a03 elementor-widget elementor-widget-accordion\" data-id=\"8a09a03\" data-element_type=\"widget\" data-e-type=\"widget\" data-widget_type=\"accordion.default\">\n\t\t\t\t<div class=\"elementor-widget-container\">\n\t\t\t\t\t\t\t<div class=\"elementor-accordion\">\n\t\t\t\t\t\t\t<div class=\"elementor-accordion-item\">\n\t\t\t\t\t<div id=\"elementor-tab-title-1441\" class=\"elementor-tab-title\" data-tab=\"1\" role=\"button\" aria-controls=\"elementor-tab-content-1441\" aria-expanded=\"false\">\n\t\t\t\t\t\t\t\t\t\t\t\t\t<span class=\"elementor-accordion-icon elementor-accordion-icon-right\" aria-hidden=\"true\">\n\t\t\t\t\t\t\t\t\t\t\t\t\t\t\t<span class=\"elementor-accordion-icon-closed\"><svg xmlns=\"http:\/\/www.w3.org\/2000\/svg\" width=\"29\" height=\"16\" viewBox=\"0 0 29 16\" fill=\"none\"><path fill-rule=\"evenodd\" clip-rule=\"evenodd\" d=\"M27.25 0L14.375 13.038L1.5 0L0 1.5L14.4 15.9L28.749 1.5L27.25 0Z\" fill=\"#E4002B\"><\/path><\/svg><\/span>\n\t\t\t\t\t\t\t\t<span class=\"elementor-accordion-icon-opened\"><svg xmlns=\"http:\/\/www.w3.org\/2000\/svg\" width=\"29\" height=\"14\" viewBox=\"0 0 29 14\" fill=\"none\"><path fill-rule=\"evenodd\" clip-rule=\"evenodd\" d=\"M1.49902 13.1885L14.374 2.61651L27.249 13.1885L28.749 11.9722L14.349 0.295833L2.28882e-05 11.9722L1.49902 13.1885Z\" fill=\"#E4002B\"><\/path><\/svg><\/span>\n\t\t\t\t\t\t\t\t\t\t\t\t\t\t<\/span>\n\t\t\t\t\t\t\t\t\t\t\t\t<a class=\"elementor-accordion-title\" tabindex=\"0\">Plus d'informations sur ce sujet<\/a>\n\t\t\t\t\t<\/div>\n\t\t\t\t\t<div id=\"elementor-tab-content-1441\" class=\"elementor-tab-content elementor-clearfix\" data-tab=\"1\" role=\"region\" aria-labelledby=\"elementor-tab-title-1441\"><p>Le <strong>syst\u00e8me inclinom\u00e9trique BRAIN<\/strong> se compose principalement d&rsquo;une sonde inclinom\u00e9trique, d&rsquo;un c\u00e2ble sur enrouleur avec connexion Bluetooth, d&rsquo;une application pour appareils Android ou iOS et du logiciel avanc\u00e9 d&rsquo;analyse des donn\u00e9es KLION.<\/p>\n<p>L&rsquo;<strong>application BRAIN<\/strong> a \u00e9t\u00e9 d\u00e9velopp\u00e9e pour g\u00e9rer rapidement et facilement le syst\u00e8me BRAIN. L&rsquo;application BRAIN prend en charge toutes les sondes mobiles num\u00e9riques fabriqu\u00e9es par Sisgeo (sondes inclinom\u00e9triques, sondes de spiralit\u00e9 et sondes extensom\u00e9triques T-REX). <\/p>\n<p><strong>KLION<\/strong> est un logiciel avanc\u00e9 pour le traitement, la cr\u00e9ation de graphiques et la production de rapports pour les lev\u00e9s inclinom\u00e9triques, la compensation spirale et les mesures d&rsquo;extensom\u00e8tre incr\u00e9mentiel T-REX.<\/p>\n<\/div>\n\t\t\t\t<\/div>\n\t\t\t\t\t\t\t\t<\/div>\n\t\t\t\t\t\t<\/div>\n\t\t\t\t<\/div>\n\t\t\t\t<div class=\"elementor-element elementor-element-58a3ecd dce-posts-layout-default dce-col-4 dce-col-tablet-3 dce-col-mobile-1 dce-align-left elementor-widget elementor-widget-dce-dynamicposts-v2\" data-id=\"58a3ecd\" data-element_type=\"widget\" data-e-type=\"widget\" data-settings=\"{&quot;style_items&quot;:&quot;default&quot;,&quot;grid_grid_type&quot;:&quot;flex&quot;}\" data-widget_type=\"dce-dynamicposts-v2.grid\">\n\t\t\t\t<div class=\"elementor-widget-container\">\n\t\t\t\t\t\n\t\t<div class=\"dce-fix-background-loop dce-posts-container dce-posts dce-dynamic-posts-collection  dce-skin-grid dce-skin-grid-flex\">\n\t\t\t\t\t\t<div class=\"dce-posts-wrapper dce-wrapper-grid\">\n\t\t\t\n\t\t<article class=\"post-20276 page type-page status-publish has-post-thumbnail hentry category-brain-sonde-inclinometrique-mems category-inclinometre-a-sonde-mems-b-r-a-in dce-post dce-post-item dce-item-grid\" data-dce-post-id=\"20276\" data-dce-post-index=\"0\">\n\t\t\t<div class=\"dce-post-block elementor-animation-grow\">\n\t\t<div class=\"dce-item dce-item_image elementor-repeater-item-9ee1dae\"><a class=\"dce-post-image\" href=\"https:\/\/sisgeo.com\/fr\/produits\/brain-sonde-inclinometrique-mems\/b-r-a-in-systeme-inclinometrique-numerique-mems\/\"><figure  class=\"dce-img\"><img fetchpriority=\"high\" decoding=\"async\" width=\"960\" height=\"540\" src=\"https:\/\/sisgeo.com\/wp-content\/uploads\/2023\/08\/0_sisgeo_borehole_readout_array_for_incli.png\" class=\"\" alt=\"B.R.A.IN &#8211; Syst\u00e8me inclinom\u00e9trique num\u00e9rique MEMS\" srcset=\"https:\/\/sisgeo.com\/wp-content\/uploads\/2023\/08\/0_sisgeo_borehole_readout_array_for_incli.png 960w, https:\/\/sisgeo.com\/wp-content\/uploads\/2023\/08\/0_sisgeo_borehole_readout_array_for_incli-300x169.png 300w, https:\/\/sisgeo.com\/wp-content\/uploads\/2023\/08\/0_sisgeo_borehole_readout_array_for_incli-768x432.png 768w\" sizes=\"(max-width: 960px) 100vw, 960px\" \/><\/figure><\/a><\/div><div class=\"dce-item dce-item_title elementor-repeater-item-b433209\"><h5 class=\"dce-post-title\"><a href=\"https:\/\/sisgeo.com\/fr\/produits\/brain-sonde-inclinometrique-mems\/b-r-a-in-systeme-inclinometrique-numerique-mems\/\">B.R.A.IN &#8211; Syst\u00e8me inclinom\u00e9trique num\u00e9rique MEMS<\/a><\/h5><\/div><div class=\"dce-item dce-item_readmore elementor-repeater-item-ef0e5ce\">\t\t<div class=\"dce-post-button\">\n\t\t\t<a href=\"https:\/\/sisgeo.com\/fr\/produits\/brain-sonde-inclinometrique-mems\/b-r-a-in-systeme-inclinometrique-numerique-mems\/\" class=\"elementor-button-link elementor-button dce-button elementor-size-sm\" role=\"button\" >\n\t\t\t<div class=\"align-middle\"><span>Apprendre encore plus<\/span><img decoding=\"async\" src=\"https:\/\/sisgeo.com\/wp-content\/uploads\/2023\/05\/arrow_red.png\"><\/div>\t\t\t<\/a>\n\t\t<\/div>\n\t\t<\/div>\t\t\t<\/div>\n\t\t<\/article>\n\t\t\n\t\t<article class=\"post-20268 page type-page status-publish has-post-thumbnail hentry category-application-b-r-a-in category-inclinometre-a-sonde-mems-b-r-a-in dce-post dce-post-item dce-item-grid\" data-dce-post-id=\"20268\" data-dce-post-index=\"1\">\n\t\t\t<div class=\"dce-post-block elementor-animation-grow\">\n\t\t<div class=\"dce-item dce-item_image elementor-repeater-item-9ee1dae\"><a class=\"dce-post-image\" href=\"https:\/\/sisgeo.com\/fr\/produits\/brain-sonde-inclinometrique-mems\/application-b-r-a-in\/\"><figure  class=\"dce-img\"><img decoding=\"async\" width=\"960\" height=\"540\" src=\"https:\/\/sisgeo.com\/wp-content\/uploads\/2023\/08\/3_sisgeo_brain_app_476bc42af59607a8728995e8.jpg\" class=\"\" alt=\"Application B.R.A.IN\" srcset=\"https:\/\/sisgeo.com\/wp-content\/uploads\/2023\/08\/3_sisgeo_brain_app_476bc42af59607a8728995e8.jpg 960w, https:\/\/sisgeo.com\/wp-content\/uploads\/2023\/08\/3_sisgeo_brain_app_476bc42af59607a8728995e8-300x169.jpg 300w, https:\/\/sisgeo.com\/wp-content\/uploads\/2023\/08\/3_sisgeo_brain_app_476bc42af59607a8728995e8-768x432.jpg 768w\" sizes=\"(max-width: 960px) 100vw, 960px\" \/><\/figure><\/a><\/div><div class=\"dce-item dce-item_title elementor-repeater-item-b433209\"><h5 class=\"dce-post-title\"><a href=\"https:\/\/sisgeo.com\/fr\/produits\/brain-sonde-inclinometrique-mems\/application-b-r-a-in\/\">Application B.R.A.IN<\/a><\/h5><\/div><div class=\"dce-item dce-item_readmore elementor-repeater-item-ef0e5ce\">\t\t<div class=\"dce-post-button\">\n\t\t\t<a href=\"https:\/\/sisgeo.com\/fr\/produits\/brain-sonde-inclinometrique-mems\/application-b-r-a-in\/\" class=\"elementor-button-link elementor-button dce-button elementor-size-sm\" role=\"button\" >\n\t\t\t<div class=\"align-middle\"><span>Apprendre encore plus<\/span><img decoding=\"async\" src=\"https:\/\/sisgeo.com\/wp-content\/uploads\/2023\/05\/arrow_red.png\"><\/div>\t\t\t<\/a>\n\t\t<\/div>\n\t\t<\/div>\t\t\t<\/div>\n\t\t<\/article>\n\t\t\n\t\t<article class=\"post-20285 page type-page status-publish has-post-thumbnail hentry category-extensometres category-inclinometre-a-sonde-mems-b-r-a-in category-klion-software-for-inclinometers-and-t-rex-extensometers category-klion-software-for-inclinometers-and-t-rex-extensometers-fr dce-post dce-post-item dce-item-grid\" data-dce-post-id=\"20285\" data-dce-post-index=\"2\">\n\t\t\t<div class=\"dce-post-block elementor-animation-grow\">\n\t\t<div class=\"dce-item dce-item_image elementor-repeater-item-9ee1dae\"><a class=\"dce-post-image\" href=\"https:\/\/sisgeo.com\/fr\/produits\/brain-sonde-inclinometrique-mems\/klion-software-for-inclinometers-and-extensometers\/\"><figure  class=\"dce-img\"><img decoding=\"async\" width=\"960\" height=\"540\" src=\"https:\/\/sisgeo.com\/wp-content\/uploads\/2023\/08\/00_Klion_software_sisgeo_inclinometers_an.png\" class=\"\" alt=\"KLION software for inclinometers and T-Rex extensometers\" srcset=\"https:\/\/sisgeo.com\/wp-content\/uploads\/2023\/08\/00_Klion_software_sisgeo_inclinometers_an.png 960w, https:\/\/sisgeo.com\/wp-content\/uploads\/2023\/08\/00_Klion_software_sisgeo_inclinometers_an-300x169.png 300w, https:\/\/sisgeo.com\/wp-content\/uploads\/2023\/08\/00_Klion_software_sisgeo_inclinometers_an-768x432.png 768w\" sizes=\"(max-width: 960px) 100vw, 960px\" \/><\/figure><\/a><\/div><div class=\"dce-item dce-item_title elementor-repeater-item-b433209\"><h5 class=\"dce-post-title\"><a href=\"https:\/\/sisgeo.com\/fr\/produits\/brain-sonde-inclinometrique-mems\/klion-software-for-inclinometers-and-extensometers\/\">KLION software for inclinometers and T-Rex extensometers<\/a><\/h5><\/div><div class=\"dce-item dce-item_readmore elementor-repeater-item-ef0e5ce\">\t\t<div class=\"dce-post-button\">\n\t\t\t<a href=\"https:\/\/sisgeo.com\/fr\/produits\/brain-sonde-inclinometrique-mems\/klion-software-for-inclinometers-and-extensometers\/\" class=\"elementor-button-link elementor-button dce-button elementor-size-sm\" role=\"button\" >\n\t\t\t<div class=\"align-middle\"><span>Apprendre encore plus<\/span><img decoding=\"async\" src=\"https:\/\/sisgeo.com\/wp-content\/uploads\/2023\/05\/arrow_red.png\"><\/div>\t\t\t<\/a>\n\t\t<\/div>\n\t\t<\/div>\t\t\t<\/div>\n\t\t<\/article>\n\t\t\t\t\t<\/div>\n\t\t\t\t\t<\/div>\n\t\t\t\t\t\t<\/div>\n\t\t\t\t<\/div>\n\t\t\t\t\t<\/div>\n\t\t\t\t<\/div>\n\t\t\t\t<\/div>\n\t\t","protected":false},"excerpt":{"rendered":"<p>Le syst\u00e8me inclinom\u00e9trique BRAIN est un dispositif utilis\u00e9 pour mesurer les d\u00e9placements dans le sol ou sous les structures. Il est particuli\u00e8rement utile pour \u00e9valuer la stabilit\u00e9 des pentes, des talus, des murs de sout\u00e8nement et d&rsquo;autres structures susceptibles de bouger ou de se d\u00e9former. En mesurant le changement d&rsquo;inclinaison dans le temps, les inclinom\u00e8tres [&hellip;]<\/p>\n","protected":false},"author":1,"featured_media":4124,"parent":20237,"menu_order":0,"comment_status":"closed","ping_status":"closed","template":"","meta":{"_acf_changed":false,"footnotes":""},"categories":[214],"tags":[],"class_list":["post-20264","page","type-page","status-publish","has-post-thumbnail","hentry","category-products-fr-2"],"acf":[],"yoast_head":"<!-- This site is optimized with the Yoast SEO Premium plugin v27.4 (Yoast SEO v27.4) - https:\/\/yoast.com\/product\/yoast-seo-premium-wordpress\/ -->\n<title>BRAIN sonde inclinometrique MEMS - Sisgeo<\/title>\n<meta name=\"robots\" content=\"index, follow, max-snippet:-1, max-image-preview:large, max-video-preview:-1\" \/>\n<link rel=\"canonical\" href=\"https:\/\/sisgeo.com\/fr\/produits\/brain-sonde-inclinometrique-mems\/\" \/>\n<meta property=\"og:locale\" content=\"fr_FR\" \/>\n<meta property=\"og:type\" content=\"article\" \/>\n<meta property=\"og:title\" content=\"BRAIN sonde inclinometrique MEMS\" \/>\n<meta property=\"og:description\" content=\"Le syst\u00e8me inclinom\u00e9trique BRAIN est un dispositif utilis\u00e9 pour mesurer les d\u00e9placements dans le sol ou sous les structures. Il est particuli\u00e8rement utile pour \u00e9valuer la stabilit\u00e9 des pentes, des talus, des murs de sout\u00e8nement et d&rsquo;autres structures susceptibles de bouger ou de se d\u00e9former. En mesurant le changement d&rsquo;inclinaison dans le temps, les inclinom\u00e8tres [&hellip;]\" \/>\n<meta property=\"og:url\" content=\"https:\/\/sisgeo.com\/fr\/produits\/brain-sonde-inclinometrique-mems\/\" \/>\n<meta property=\"og:site_name\" content=\"Sisgeo\" \/>\n<meta property=\"article:modified_time\" content=\"2023-12-08T15:09:27+00:00\" \/>\n<meta property=\"og:image\" content=\"https:\/\/sisgeo.com\/wp-content\/uploads\/2023\/07\/2_BRAIN-MEMS-PROBE-INCLINOMETER.jpg\" \/>\n\t<meta property=\"og:image:width\" content=\"294\" \/>\n\t<meta property=\"og:image:height\" content=\"164\" \/>\n\t<meta property=\"og:image:type\" content=\"image\/jpeg\" \/>\n<meta name=\"twitter:card\" content=\"summary_large_image\" \/>\n<meta name=\"twitter:label1\" content=\"Dur\u00e9e de lecture estim\u00e9e\" \/>\n\t<meta name=\"twitter:data1\" content=\"1 minute\" \/>\n<script type=\"application\/ld+json\" class=\"yoast-schema-graph\">{\"@context\":\"https:\\\/\\\/schema.org\",\"@graph\":[{\"@type\":\"WebPage\",\"@id\":\"https:\\\/\\\/sisgeo.com\\\/fr\\\/produits\\\/brain-sonde-inclinometrique-mems\\\/\",\"url\":\"https:\\\/\\\/sisgeo.com\\\/fr\\\/produits\\\/brain-sonde-inclinometrique-mems\\\/\",\"name\":\"BRAIN sonde inclinometrique MEMS - Sisgeo\",\"isPartOf\":{\"@id\":\"https:\\\/\\\/sisgeo.com\\\/fr\\\/#website\"},\"primaryImageOfPage\":{\"@id\":\"https:\\\/\\\/sisgeo.com\\\/fr\\\/produits\\\/brain-sonde-inclinometrique-mems\\\/#primaryimage\"},\"image\":{\"@id\":\"https:\\\/\\\/sisgeo.com\\\/fr\\\/produits\\\/brain-sonde-inclinometrique-mems\\\/#primaryimage\"},\"thumbnailUrl\":\"https:\\\/\\\/sisgeo.com\\\/wp-content\\\/uploads\\\/2023\\\/07\\\/2_BRAIN-MEMS-PROBE-INCLINOMETER.jpg\",\"datePublished\":\"2023-07-27T07:53:09+00:00\",\"dateModified\":\"2023-12-08T15:09:27+00:00\",\"breadcrumb\":{\"@id\":\"https:\\\/\\\/sisgeo.com\\\/fr\\\/produits\\\/brain-sonde-inclinometrique-mems\\\/#breadcrumb\"},\"inLanguage\":\"fr-FR\",\"potentialAction\":[{\"@type\":\"ReadAction\",\"target\":[\"https:\\\/\\\/sisgeo.com\\\/fr\\\/produits\\\/brain-sonde-inclinometrique-mems\\\/\"]}]},{\"@type\":\"ImageObject\",\"inLanguage\":\"fr-FR\",\"@id\":\"https:\\\/\\\/sisgeo.com\\\/fr\\\/produits\\\/brain-sonde-inclinometrique-mems\\\/#primaryimage\",\"url\":\"https:\\\/\\\/sisgeo.com\\\/wp-content\\\/uploads\\\/2023\\\/07\\\/2_BRAIN-MEMS-PROBE-INCLINOMETER.jpg\",\"contentUrl\":\"https:\\\/\\\/sisgeo.com\\\/wp-content\\\/uploads\\\/2023\\\/07\\\/2_BRAIN-MEMS-PROBE-INCLINOMETER.jpg\",\"width\":294,\"height\":164},{\"@type\":\"BreadcrumbList\",\"@id\":\"https:\\\/\\\/sisgeo.com\\\/fr\\\/produits\\\/brain-sonde-inclinometrique-mems\\\/#breadcrumb\",\"itemListElement\":[{\"@type\":\"ListItem\",\"position\":1,\"name\":\"Home\",\"item\":\"https:\\\/\\\/sisgeo.com\\\/fr\\\/linstrumentation-geotechnique-et-structurale-pour-le-shm\\\/\"},{\"@type\":\"ListItem\",\"position\":2,\"name\":\"Produits\",\"item\":\"https:\\\/\\\/sisgeo.com\\\/fr\\\/produits\\\/\"},{\"@type\":\"ListItem\",\"position\":3,\"name\":\"BRAIN sonde inclinometrique MEMS\"}]},{\"@type\":\"WebSite\",\"@id\":\"https:\\\/\\\/sisgeo.com\\\/fr\\\/#website\",\"url\":\"https:\\\/\\\/sisgeo.com\\\/fr\\\/\",\"name\":\"Sisgeo\",\"description\":\"Inclined to improvement\",\"publisher\":{\"@id\":\"https:\\\/\\\/sisgeo.com\\\/fr\\\/#organization\"},\"potentialAction\":[{\"@type\":\"SearchAction\",\"target\":{\"@type\":\"EntryPoint\",\"urlTemplate\":\"https:\\\/\\\/sisgeo.com\\\/fr\\\/?s={search_term_string}\"},\"query-input\":{\"@type\":\"PropertyValueSpecification\",\"valueRequired\":true,\"valueName\":\"search_term_string\"}}],\"inLanguage\":\"fr-FR\"},{\"@type\":\"Organization\",\"@id\":\"https:\\\/\\\/sisgeo.com\\\/fr\\\/#organization\",\"name\":\"Sisgeo S.r.l.\",\"url\":\"https:\\\/\\\/sisgeo.com\\\/fr\\\/\",\"logo\":{\"@type\":\"ImageObject\",\"inLanguage\":\"fr-FR\",\"@id\":\"https:\\\/\\\/sisgeo.com\\\/fr\\\/#\\\/schema\\\/logo\\\/image\\\/\",\"url\":\"https:\\\/\\\/sisgeodev.pipehosting.it\\\/wp-content\\\/uploads\\\/2023\\\/06\\\/logo-RGB.png\",\"contentUrl\":\"https:\\\/\\\/sisgeodev.pipehosting.it\\\/wp-content\\\/uploads\\\/2023\\\/06\\\/logo-RGB.png\",\"width\":205,\"height\":97,\"caption\":\"Sisgeo S.r.l.\"},\"image\":{\"@id\":\"https:\\\/\\\/sisgeo.com\\\/fr\\\/#\\\/schema\\\/logo\\\/image\\\/\"}}]}<\/script>\n<!-- \/ Yoast SEO Premium plugin. -->","yoast_head_json":{"title":"BRAIN sonde inclinometrique MEMS - Sisgeo","robots":{"index":"index","follow":"follow","max-snippet":"max-snippet:-1","max-image-preview":"max-image-preview:large","max-video-preview":"max-video-preview:-1"},"canonical":"https:\/\/sisgeo.com\/fr\/produits\/brain-sonde-inclinometrique-mems\/","og_locale":"fr_FR","og_type":"article","og_title":"BRAIN sonde inclinometrique MEMS","og_description":"Le syst\u00e8me inclinom\u00e9trique BRAIN est un dispositif utilis\u00e9 pour mesurer les d\u00e9placements dans le sol ou sous les structures. Il est particuli\u00e8rement utile pour \u00e9valuer la stabilit\u00e9 des pentes, des talus, des murs de sout\u00e8nement et d&rsquo;autres structures susceptibles de bouger ou de se d\u00e9former. En mesurant le changement d&rsquo;inclinaison dans le temps, les inclinom\u00e8tres [&hellip;]","og_url":"https:\/\/sisgeo.com\/fr\/produits\/brain-sonde-inclinometrique-mems\/","og_site_name":"Sisgeo","article_modified_time":"2023-12-08T15:09:27+00:00","og_image":[{"width":294,"height":164,"url":"https:\/\/sisgeo.com\/wp-content\/uploads\/2023\/07\/2_BRAIN-MEMS-PROBE-INCLINOMETER.jpg","type":"image\/jpeg"}],"twitter_card":"summary_large_image","twitter_misc":{"Dur\u00e9e de lecture estim\u00e9e":"1 minute"},"schema":{"@context":"https:\/\/schema.org","@graph":[{"@type":"WebPage","@id":"https:\/\/sisgeo.com\/fr\/produits\/brain-sonde-inclinometrique-mems\/","url":"https:\/\/sisgeo.com\/fr\/produits\/brain-sonde-inclinometrique-mems\/","name":"BRAIN sonde inclinometrique MEMS - Sisgeo","isPartOf":{"@id":"https:\/\/sisgeo.com\/fr\/#website"},"primaryImageOfPage":{"@id":"https:\/\/sisgeo.com\/fr\/produits\/brain-sonde-inclinometrique-mems\/#primaryimage"},"image":{"@id":"https:\/\/sisgeo.com\/fr\/produits\/brain-sonde-inclinometrique-mems\/#primaryimage"},"thumbnailUrl":"https:\/\/sisgeo.com\/wp-content\/uploads\/2023\/07\/2_BRAIN-MEMS-PROBE-INCLINOMETER.jpg","datePublished":"2023-07-27T07:53:09+00:00","dateModified":"2023-12-08T15:09:27+00:00","breadcrumb":{"@id":"https:\/\/sisgeo.com\/fr\/produits\/brain-sonde-inclinometrique-mems\/#breadcrumb"},"inLanguage":"fr-FR","potentialAction":[{"@type":"ReadAction","target":["https:\/\/sisgeo.com\/fr\/produits\/brain-sonde-inclinometrique-mems\/"]}]},{"@type":"ImageObject","inLanguage":"fr-FR","@id":"https:\/\/sisgeo.com\/fr\/produits\/brain-sonde-inclinometrique-mems\/#primaryimage","url":"https:\/\/sisgeo.com\/wp-content\/uploads\/2023\/07\/2_BRAIN-MEMS-PROBE-INCLINOMETER.jpg","contentUrl":"https:\/\/sisgeo.com\/wp-content\/uploads\/2023\/07\/2_BRAIN-MEMS-PROBE-INCLINOMETER.jpg","width":294,"height":164},{"@type":"BreadcrumbList","@id":"https:\/\/sisgeo.com\/fr\/produits\/brain-sonde-inclinometrique-mems\/#breadcrumb","itemListElement":[{"@type":"ListItem","position":1,"name":"Home","item":"https:\/\/sisgeo.com\/fr\/linstrumentation-geotechnique-et-structurale-pour-le-shm\/"},{"@type":"ListItem","position":2,"name":"Produits","item":"https:\/\/sisgeo.com\/fr\/produits\/"},{"@type":"ListItem","position":3,"name":"BRAIN sonde inclinometrique MEMS"}]},{"@type":"WebSite","@id":"https:\/\/sisgeo.com\/fr\/#website","url":"https:\/\/sisgeo.com\/fr\/","name":"Sisgeo","description":"Inclined to improvement","publisher":{"@id":"https:\/\/sisgeo.com\/fr\/#organization"},"potentialAction":[{"@type":"SearchAction","target":{"@type":"EntryPoint","urlTemplate":"https:\/\/sisgeo.com\/fr\/?s={search_term_string}"},"query-input":{"@type":"PropertyValueSpecification","valueRequired":true,"valueName":"search_term_string"}}],"inLanguage":"fr-FR"},{"@type":"Organization","@id":"https:\/\/sisgeo.com\/fr\/#organization","name":"Sisgeo S.r.l.","url":"https:\/\/sisgeo.com\/fr\/","logo":{"@type":"ImageObject","inLanguage":"fr-FR","@id":"https:\/\/sisgeo.com\/fr\/#\/schema\/logo\/image\/","url":"https:\/\/sisgeodev.pipehosting.it\/wp-content\/uploads\/2023\/06\/logo-RGB.png","contentUrl":"https:\/\/sisgeodev.pipehosting.it\/wp-content\/uploads\/2023\/06\/logo-RGB.png","width":205,"height":97,"caption":"Sisgeo S.r.l."},"image":{"@id":"https:\/\/sisgeo.com\/fr\/#\/schema\/logo\/image\/"}}]}},"_links":{"self":[{"href":"https:\/\/sisgeo.com\/fr\/wp-json\/wp\/v2\/pages\/20264","targetHints":{"allow":["GET"]}}],"collection":[{"href":"https:\/\/sisgeo.com\/fr\/wp-json\/wp\/v2\/pages"}],"about":[{"href":"https:\/\/sisgeo.com\/fr\/wp-json\/wp\/v2\/types\/page"}],"author":[{"embeddable":true,"href":"https:\/\/sisgeo.com\/fr\/wp-json\/wp\/v2\/users\/1"}],"replies":[{"embeddable":true,"href":"https:\/\/sisgeo.com\/fr\/wp-json\/wp\/v2\/comments?post=20264"}],"version-history":[{"count":1,"href":"https:\/\/sisgeo.com\/fr\/wp-json\/wp\/v2\/pages\/20264\/revisions"}],"predecessor-version":[{"id":20265,"href":"https:\/\/sisgeo.com\/fr\/wp-json\/wp\/v2\/pages\/20264\/revisions\/20265"}],"up":[{"embeddable":true,"href":"https:\/\/sisgeo.com\/fr\/wp-json\/wp\/v2\/pages\/20237"}],"wp:featuredmedia":[{"embeddable":true,"href":"https:\/\/sisgeo.com\/fr\/wp-json\/wp\/v2\/media\/4124"}],"wp:attachment":[{"href":"https:\/\/sisgeo.com\/fr\/wp-json\/wp\/v2\/media?parent=20264"}],"wp:term":[{"taxonomy":"category","embeddable":true,"href":"https:\/\/sisgeo.com\/fr\/wp-json\/wp\/v2\/categories?post=20264"},{"taxonomy":"post_tag","embeddable":true,"href":"https:\/\/sisgeo.com\/fr\/wp-json\/wp\/v2\/tags?post=20264"}],"curies":[{"name":"wp","href":"https:\/\/api.w.org\/{rel}","templated":true}]}}