{"id":20348,"date":"2023-06-27T15:12:32","date_gmt":"2023-06-27T13:12:32","guid":{"rendered":"https:\/\/sisgeo.com\/produits\/enregistreurs-de-donnees\/"},"modified":"2024-01-17T15:35:04","modified_gmt":"2024-01-17T14:35:04","slug":"enregistreurs-de-donnees","status":"publish","type":"page","link":"https:\/\/sisgeo.com\/fr\/produits\/enregistreurs-de-donnees\/","title":{"rendered":"Enregistreurs de donn\u00e9es"},"content":{"rendered":"\t\t<div data-elementor-type=\"wp-page\" data-elementor-id=\"20348\" class=\"elementor elementor-20348 elementor-2744\" data-elementor-post-type=\"page\">\n\t\t\t\t<div class=\"elementor-element elementor-element-7a63a93 e-flex e-con-boxed e-con e-parent\" data-id=\"7a63a93\" data-element_type=\"container\" data-e-type=\"container\">\n\t\t\t\t\t<div class=\"e-con-inner\">\n\t\t\t\t<div class=\"elementor-element elementor-element-caccc42 elementor-widget elementor-widget-heading\" data-id=\"caccc42\" data-element_type=\"widget\" data-e-type=\"widget\" data-widget_type=\"heading.default\">\n\t\t\t\t<div class=\"elementor-widget-container\">\n\t\t\t\t\t<h1 class=\"elementor-heading-title elementor-size-default\">Enregistreurs de donn\u00e9es<\/h1>\t\t\t\t<\/div>\n\t\t\t\t<\/div>\n\t\t\t\t<div class=\"elementor-element elementor-element-99defb4 elementor-widget elementor-widget-text-editor\" data-id=\"99defb4\" data-element_type=\"widget\" data-e-type=\"widget\" data-widget_type=\"text-editor.default\">\n\t\t\t\t<div class=\"elementor-widget-container\">\n\t\t\t\t\t\t\t\t\t<p>Les enregistreurs de donn\u00e9es sont essentiels pour la surveillance g\u00e9otechnique et structurelle car ils facilitent l&rsquo;acquisition de donn\u00e9es, la surveillance en temps r\u00e9el, l&rsquo;enregistrement de donn\u00e9es \u00e0 long terme, le traitement et l&rsquo;analyse des donn\u00e9es, la surveillance rentable et les syst\u00e8mes d&rsquo;alarme. <\/p>\n<p>Ces capacit\u00e9s am\u00e9liorent la pr\u00e9cision, l&rsquo;efficacit\u00e9 et la fiabilit\u00e9 des syst\u00e8mes de surveillance, ce qui se traduit par une am\u00e9lioration de la s\u00e9curit\u00e9, des performances et de la prise de d\u00e9cision dans les projets d&rsquo;infrastructure.<\/p>\n\t\t\t\t\t\t\t\t<\/div>\n\t\t\t\t<\/div>\n\t\t\t\t<div data-dce-title-color=\"#E20717\" class=\"elementor-element elementor-element-8a09a03 elementor-widget elementor-widget-accordion\" data-id=\"8a09a03\" data-element_type=\"widget\" data-e-type=\"widget\" data-widget_type=\"accordion.default\">\n\t\t\t\t<div class=\"elementor-widget-container\">\n\t\t\t\t\t\t\t<div class=\"elementor-accordion\">\n\t\t\t\t\t\t\t<div class=\"elementor-accordion-item\">\n\t\t\t\t\t<div id=\"elementor-tab-title-1441\" class=\"elementor-tab-title\" data-tab=\"1\" role=\"button\" aria-controls=\"elementor-tab-content-1441\" aria-expanded=\"false\">\n\t\t\t\t\t\t\t\t\t\t\t\t\t<span class=\"elementor-accordion-icon elementor-accordion-icon-right\" aria-hidden=\"true\">\n\t\t\t\t\t\t\t\t\t\t\t\t\t\t\t<span class=\"elementor-accordion-icon-closed\"><svg xmlns=\"http:\/\/www.w3.org\/2000\/svg\" width=\"29\" height=\"16\" viewBox=\"0 0 29 16\" fill=\"none\"><path fill-rule=\"evenodd\" clip-rule=\"evenodd\" d=\"M27.25 0L14.375 13.038L1.5 0L0 1.5L14.4 15.9L28.749 1.5L27.25 0Z\" fill=\"#E4002B\"><\/path><\/svg><\/span>\n\t\t\t\t\t\t\t\t<span class=\"elementor-accordion-icon-opened\"><svg xmlns=\"http:\/\/www.w3.org\/2000\/svg\" width=\"29\" height=\"14\" viewBox=\"0 0 29 14\" fill=\"none\"><path fill-rule=\"evenodd\" clip-rule=\"evenodd\" d=\"M1.49902 13.1885L14.374 2.61651L27.249 13.1885L28.749 11.9722L14.349 0.295833L2.28882e-05 11.9722L1.49902 13.1885Z\" fill=\"#E4002B\"><\/path><\/svg><\/span>\n\t\t\t\t\t\t\t\t\t\t\t\t\t\t<\/span>\n\t\t\t\t\t\t\t\t\t\t\t\t<a class=\"elementor-accordion-title\" tabindex=\"0\">Plus d'informations sur ce sujet<\/a>\n\t\t\t\t\t<\/div>\n\t\t\t\t\t<div id=\"elementor-tab-content-1441\" class=\"elementor-tab-content elementor-clearfix\" data-tab=\"1\" role=\"region\" aria-labelledby=\"elementor-tab-title-1441\"><p>L&rsquo;<strong>enregistreur de donn\u00e9es OMNIAlog<\/strong> est un outil avanc\u00e9 pour la lecture et le stockage automatiques des donn\u00e9es d&rsquo;un syst\u00e8me de surveillance c\u00e2bl\u00e9.<\/p>\n<p>Les principales caract\u00e9ristiques d&rsquo;OMNIAlog sont les suivantes:<\/p>\n<p>&#8211; Il ne n\u00e9cessite l&rsquo;installation d&rsquo;aucun logiciel, gr\u00e2ce au serveur web int\u00e9gr\u00e9<\/p>\n<p>&#8211; Port LAN standard pour connecter toute interface de communication ou pour brancher l&rsquo;enregistreur sur un r\u00e9seau local<\/p>\n<p>&#8211; Haute performance en termes de r\u00e9solution et de pr\u00e9cision sur une large plage de temp\u00e9ratures de fonctionnement (-30\u00b0C \u00e0 +70\u00b0C)<\/p>\n<p>&#8211; Lecture des instruments analogiques et num\u00e9riques<\/p>\n<p>&#8211; Compatible avec tous les principaux capteurs g\u00e9otechniques du march\u00e9<\/p>\n<p>Chaque syst\u00e8me OMNIAlog peut g\u00e9rer plus de 400 instruments analogiques gr\u00e2ce \u00e0 l&rsquo;utilisation de cartes d&rsquo;extension multiplexeur. Gr\u00e2ce \u00e0 l&rsquo;interface LAN standard, on peut relier n&rsquo;importe quelle interface de communication disponible sur le march\u00e9 (par exemple, routeur 4G, point d&rsquo;acc\u00e8s Wi-Fi, modem radio, commutateur \u00e0 fibre optique, etc.) <\/p>\n<p>Aucun souci de compatibilit\u00e9 du mat\u00e9riel avec les syst\u00e8mes d&rsquo;exploitation ou diff\u00e9rentes langues. Le logiciel de gestion avanc\u00e9e OMNIAlog fonctionne comme un site web : il suffit d&rsquo;ouvrir le navigateur, d&rsquo;entrer l&rsquo;adresse IP d&rsquo;OMNIAlog et de commencer \u00e0 travailler. <\/p>\n<\/p>\n<p><strong>WR-Log<\/strong> est un syst\u00e8me d&rsquo;enregistrement de donn\u00e9es sans fil qui permet l&rsquo;acquisition et la transmission de donn\u00e9es \u00e0 distance \u00e0 partir d&rsquo;instruments g\u00e9otechniques ou structurels sans n\u00e9cessiter de connexions physiques ou c\u00e2bl\u00e9es.<\/p>\n<p>Le syst\u00e8me se compose principalement d&rsquo;une s\u00e9rie de \u00ab\u00a0n\u0153uds\u00a0\u00bb aliment\u00e9s par des piles et capables de lire des capteurs num\u00e9riques ou analogiques, qui transmettent les donn\u00e9es par radio \u00e0 une passerelle locale. La passerelle recueille toutes les donn\u00e9es re\u00e7ues. La passerelle dispose d&rsquo;un port LAN embarqu\u00e9 et d&rsquo;un routeur interne capable d&rsquo;envoyer des donn\u00e9es sur Internet.  <\/p>\n<\/div>\n\t\t\t\t<\/div>\n\t\t\t\t\t\t\t\t<\/div>\n\t\t\t\t\t\t<\/div>\n\t\t\t\t<\/div>\n\t\t\t\t<div class=\"elementor-element elementor-element-58a3ecd dce-posts-layout-default dce-col-4 dce-col-tablet-3 dce-col-mobile-1 dce-align-left elementor-widget elementor-widget-dce-dynamicposts-v2\" data-id=\"58a3ecd\" data-element_type=\"widget\" data-e-type=\"widget\" data-settings=\"{&quot;style_items&quot;:&quot;default&quot;,&quot;grid_grid_type&quot;:&quot;flex&quot;}\" data-widget_type=\"dce-dynamicposts-v2.grid\">\n\t\t\t\t<div class=\"elementor-widget-container\">\n\t\t\t\t\t\n\t\t<div class=\"dce-fix-background-loop dce-posts-container dce-posts dce-dynamic-posts-collection  dce-skin-grid dce-skin-grid-flex\">\n\t\t\t\t\t\t<div class=\"dce-posts-wrapper dce-wrapper-grid\">\n\t\t\t\n\t\t<article class=\"post-20365 page type-page status-publish has-post-thumbnail hentry category-enregistreur-de-donnees-omnialog category-enregistreurs-de-donnees dce-post dce-post-item dce-item-grid\" data-dce-post-id=\"20365\" data-dce-post-index=\"0\">\n\t\t\t<div class=\"dce-post-block elementor-animation-grow\">\n\t\t<div class=\"dce-item dce-item_image elementor-repeater-item-9ee1dae\"><a class=\"dce-post-image\" href=\"https:\/\/sisgeo.com\/fr\/produits\/enregistreurs-de-donnees\/enregistreur-de-donnees-omnialog\/\"><figure  class=\"dce-img\"><img fetchpriority=\"high\" decoding=\"async\" width=\"960\" height=\"540\" src=\"https:\/\/sisgeo.com\/wp-content\/uploads\/2023\/06\/0_omnialog_module_.png\" class=\"\" alt=\"Enregistreur de donn\u00e9es OMNIAlog\" srcset=\"https:\/\/sisgeo.com\/wp-content\/uploads\/2023\/06\/0_omnialog_module_.png 960w, https:\/\/sisgeo.com\/wp-content\/uploads\/2023\/06\/0_omnialog_module_-300x169.png 300w, https:\/\/sisgeo.com\/wp-content\/uploads\/2023\/06\/0_omnialog_module_-768x432.png 768w\" sizes=\"(max-width: 960px) 100vw, 960px\" \/><\/figure><\/a><\/div><div class=\"dce-item dce-item_title elementor-repeater-item-b433209\"><h5 class=\"dce-post-title\"><a href=\"https:\/\/sisgeo.com\/fr\/produits\/enregistreurs-de-donnees\/enregistreur-de-donnees-omnialog\/\">Enregistreur de donn\u00e9es OMNIAlog<\/a><\/h5><\/div><div class=\"dce-item dce-item_readmore elementor-repeater-item-ef0e5ce\">\t\t<div class=\"dce-post-button\">\n\t\t\t<a href=\"https:\/\/sisgeo.com\/fr\/produits\/enregistreurs-de-donnees\/enregistreur-de-donnees-omnialog\/\" class=\"elementor-button-link elementor-button dce-button elementor-size-sm\" role=\"button\" >\n\t\t\t<div class=\"align-middle\"><span>Apprendre encore plus<\/span><img decoding=\"async\" src=\"https:\/\/sisgeo.com\/wp-content\/uploads\/2023\/05\/arrow_red.png\"><\/div>\t\t\t<\/a>\n\t\t<\/div>\n\t\t<\/div>\t\t\t<\/div>\n\t\t<\/article>\n\t\t\n\t\t<article class=\"post-30072 page type-page status-publish has-post-thumbnail hentry category-enregistreurs-de-donnees category-senceive-wireless-nodes dce-post dce-post-item dce-item-grid\" data-dce-post-id=\"30072\" data-dce-post-index=\"1\">\n\t\t\t<div class=\"dce-post-block elementor-animation-grow\">\n\t\t<div class=\"dce-item dce-item_image elementor-repeater-item-9ee1dae\"><a class=\"dce-post-image\" href=\"https:\/\/sisgeo.com\/fr\/produits\/enregistreurs-de-donnees\/senceive-wireless-nodes\/\"><figure  class=\"dce-img\"><img decoding=\"async\" width=\"960\" height=\"540\" src=\"https:\/\/sisgeo.com\/wp-content\/uploads\/2026\/02\/Senceive-wireless-nodes.jpg\" class=\"\" alt=\"Senceive Wireless nodes\" srcset=\"https:\/\/sisgeo.com\/wp-content\/uploads\/2026\/02\/Senceive-wireless-nodes.jpg 960w, https:\/\/sisgeo.com\/wp-content\/uploads\/2026\/02\/Senceive-wireless-nodes-300x169.jpg 300w, https:\/\/sisgeo.com\/wp-content\/uploads\/2026\/02\/Senceive-wireless-nodes-768x432.jpg 768w\" sizes=\"(max-width: 960px) 100vw, 960px\" \/><\/figure><\/a><\/div><div class=\"dce-item dce-item_title elementor-repeater-item-b433209\"><h5 class=\"dce-post-title\"><a href=\"https:\/\/sisgeo.com\/fr\/produits\/enregistreurs-de-donnees\/senceive-wireless-nodes\/\">Senceive Wireless nodes<\/a><\/h5><\/div><div class=\"dce-item dce-item_readmore elementor-repeater-item-ef0e5ce\">\t\t<div class=\"dce-post-button\">\n\t\t\t<a href=\"https:\/\/sisgeo.com\/fr\/produits\/enregistreurs-de-donnees\/senceive-wireless-nodes\/\" class=\"elementor-button-link elementor-button dce-button elementor-size-sm\" role=\"button\" >\n\t\t\t<div class=\"align-middle\"><span>Apprendre encore plus<\/span><img decoding=\"async\" src=\"https:\/\/sisgeo.com\/wp-content\/uploads\/2023\/05\/arrow_red.png\"><\/div>\t\t\t<\/a>\n\t\t<\/div>\n\t\t<\/div>\t\t\t<\/div>\n\t\t<\/article>\n\t\t\t\t\t<\/div>\n\t\t\t\t\t<\/div>\n\t\t\t\t\t\t<\/div>\n\t\t\t\t<\/div>\n\t\t\t\t\t<\/div>\n\t\t\t\t<\/div>\n\t\t\t\t<\/div>\n\t\t","protected":false},"excerpt":{"rendered":"<p>Enregistreurs de donn\u00e9es Les enregistreurs de donn\u00e9es sont essentiels pour la surveillance g\u00e9otechnique et structurelle car ils facilitent l&rsquo;acquisition de donn\u00e9es, la surveillance en temps r\u00e9el, l&rsquo;enregistrement de donn\u00e9es \u00e0 long terme, le traitement et l&rsquo;analyse des donn\u00e9es, la surveillance rentable et les syst\u00e8mes d&rsquo;alarme. Ces capacit\u00e9s am\u00e9liorent la pr\u00e9cision, l&rsquo;efficacit\u00e9 et la fiabilit\u00e9 des [&hellip;]<\/p>\n","protected":false},"author":1,"featured_media":30077,"parent":20237,"menu_order":0,"comment_status":"closed","ping_status":"closed","template":"","meta":{"footnotes":""},"categories":[214],"tags":[],"class_list":["post-20348","page","type-page","status-publish","has-post-thumbnail","hentry","category-products-fr-2"],"yoast_head":"<!-- This site is optimized with the Yoast SEO Premium plugin v27.2 (Yoast SEO v27.2) - https:\/\/yoast.com\/product\/yoast-seo-premium-wordpress\/ -->\n<title>Enregistreurs de donn\u00e9es - Sisgeo<\/title>\n<meta name=\"robots\" content=\"index, follow, max-snippet:-1, max-image-preview:large, max-video-preview:-1\" \/>\n<link rel=\"canonical\" href=\"https:\/\/sisgeo.com\/fr\/produits\/enregistreurs-de-donnees\/\" \/>\n<meta property=\"og:locale\" content=\"fr_FR\" \/>\n<meta property=\"og:type\" content=\"article\" \/>\n<meta property=\"og:title\" content=\"Enregistreurs de donn\u00e9es\" \/>\n<meta property=\"og:description\" content=\"Enregistreurs de donn\u00e9es Les enregistreurs de donn\u00e9es sont essentiels pour la surveillance g\u00e9otechnique et structurelle car ils facilitent l&rsquo;acquisition de donn\u00e9es, la surveillance en temps r\u00e9el, l&rsquo;enregistrement de donn\u00e9es \u00e0 long terme, le traitement et l&rsquo;analyse des donn\u00e9es, la surveillance rentable et les syst\u00e8mes d&rsquo;alarme. Ces capacit\u00e9s am\u00e9liorent la pr\u00e9cision, l&rsquo;efficacit\u00e9 et la fiabilit\u00e9 des [&hellip;]\" \/>\n<meta property=\"og:url\" content=\"https:\/\/sisgeo.com\/fr\/produits\/enregistreurs-de-donnees\/\" \/>\n<meta property=\"og:site_name\" content=\"Sisgeo\" \/>\n<meta property=\"article:modified_time\" content=\"2024-01-17T14:35:04+00:00\" \/>\n<meta property=\"og:image\" content=\"https:\/\/sisgeo.com\/wp-content\/uploads\/2023\/07\/16_DATALOGGERS.jpg\" \/>\n\t<meta property=\"og:image:width\" content=\"294\" \/>\n\t<meta property=\"og:image:height\" content=\"164\" \/>\n\t<meta property=\"og:image:type\" content=\"image\/jpeg\" \/>\n<meta name=\"twitter:card\" content=\"summary_large_image\" \/>\n<meta name=\"twitter:label1\" content=\"Dur\u00e9e de lecture estim\u00e9e\" \/>\n\t<meta name=\"twitter:data1\" content=\"2 minutes\" \/>\n<script type=\"application\/ld+json\" class=\"yoast-schema-graph\">{\"@context\":\"https:\/\/schema.org\",\"@graph\":[{\"@type\":\"WebPage\",\"@id\":\"https:\/\/sisgeo.com\/fr\/produits\/enregistreurs-de-donnees\/\",\"url\":\"https:\/\/sisgeo.com\/fr\/produits\/enregistreurs-de-donnees\/\",\"name\":\"Enregistreurs de donn\u00e9es - Sisgeo\",\"isPartOf\":{\"@id\":\"https:\/\/sisgeo.com\/fr\/#website\"},\"primaryImageOfPage\":{\"@id\":\"https:\/\/sisgeo.com\/fr\/produits\/enregistreurs-de-donnees\/#primaryimage\"},\"image\":{\"@id\":\"https:\/\/sisgeo.com\/fr\/produits\/enregistreurs-de-donnees\/#primaryimage\"},\"thumbnailUrl\":\"https:\/\/sisgeo.com\/wp-content\/uploads\/2026\/02\/datalogger-sisgo-senceive.jpg\",\"datePublished\":\"2023-06-27T13:12:32+00:00\",\"dateModified\":\"2024-01-17T14:35:04+00:00\",\"breadcrumb\":{\"@id\":\"https:\/\/sisgeo.com\/fr\/produits\/enregistreurs-de-donnees\/#breadcrumb\"},\"inLanguage\":\"fr-FR\",\"potentialAction\":[{\"@type\":\"ReadAction\",\"target\":[\"https:\/\/sisgeo.com\/fr\/produits\/enregistreurs-de-donnees\/\"]}]},{\"@type\":\"ImageObject\",\"inLanguage\":\"fr-FR\",\"@id\":\"https:\/\/sisgeo.com\/fr\/produits\/enregistreurs-de-donnees\/#primaryimage\",\"url\":\"https:\/\/sisgeo.com\/wp-content\/uploads\/2026\/02\/datalogger-sisgo-senceive.jpg\",\"contentUrl\":\"https:\/\/sisgeo.com\/wp-content\/uploads\/2026\/02\/datalogger-sisgo-senceive.jpg\",\"width\":960,\"height\":540},{\"@type\":\"BreadcrumbList\",\"@id\":\"https:\/\/sisgeo.com\/fr\/produits\/enregistreurs-de-donnees\/#breadcrumb\",\"itemListElement\":[{\"@type\":\"ListItem\",\"position\":1,\"name\":\"Home\",\"item\":\"https:\/\/sisgeo.com\/fr\/linstrumentation-geotechnique-et-structurale-pour-le-shm\/\"},{\"@type\":\"ListItem\",\"position\":2,\"name\":\"Produits\",\"item\":\"https:\/\/sisgeo.com\/fr\/produits\/\"},{\"@type\":\"ListItem\",\"position\":3,\"name\":\"Enregistreurs de donn\u00e9es\"}]},{\"@type\":\"WebSite\",\"@id\":\"https:\/\/sisgeo.com\/fr\/#website\",\"url\":\"https:\/\/sisgeo.com\/fr\/\",\"name\":\"Sisgeo\",\"description\":\"Inclined to improvement\",\"publisher\":{\"@id\":\"https:\/\/sisgeo.com\/fr\/#organization\"},\"potentialAction\":[{\"@type\":\"SearchAction\",\"target\":{\"@type\":\"EntryPoint\",\"urlTemplate\":\"https:\/\/sisgeo.com\/fr\/?s={search_term_string}\"},\"query-input\":{\"@type\":\"PropertyValueSpecification\",\"valueRequired\":true,\"valueName\":\"search_term_string\"}}],\"inLanguage\":\"fr-FR\"},{\"@type\":\"Organization\",\"@id\":\"https:\/\/sisgeo.com\/fr\/#organization\",\"name\":\"Sisgeo S.r.l.\",\"url\":\"https:\/\/sisgeo.com\/fr\/\",\"logo\":{\"@type\":\"ImageObject\",\"inLanguage\":\"fr-FR\",\"@id\":\"https:\/\/sisgeo.com\/fr\/#\/schema\/logo\/image\/\",\"url\":\"https:\/\/sisgeodev.pipehosting.it\/wp-content\/uploads\/2023\/06\/logo-RGB.png\",\"contentUrl\":\"https:\/\/sisgeodev.pipehosting.it\/wp-content\/uploads\/2023\/06\/logo-RGB.png\",\"width\":205,\"height\":97,\"caption\":\"Sisgeo S.r.l.\"},\"image\":{\"@id\":\"https:\/\/sisgeo.com\/fr\/#\/schema\/logo\/image\/\"}}]}<\/script>\n<!-- \/ Yoast SEO Premium plugin. -->","yoast_head_json":{"title":"Enregistreurs de donn\u00e9es - Sisgeo","robots":{"index":"index","follow":"follow","max-snippet":"max-snippet:-1","max-image-preview":"max-image-preview:large","max-video-preview":"max-video-preview:-1"},"canonical":"https:\/\/sisgeo.com\/fr\/produits\/enregistreurs-de-donnees\/","og_locale":"fr_FR","og_type":"article","og_title":"Enregistreurs de donn\u00e9es","og_description":"Enregistreurs de donn\u00e9es Les enregistreurs de donn\u00e9es sont essentiels pour la surveillance g\u00e9otechnique et structurelle car ils facilitent l&rsquo;acquisition de donn\u00e9es, la surveillance en temps r\u00e9el, l&rsquo;enregistrement de donn\u00e9es \u00e0 long terme, le traitement et l&rsquo;analyse des donn\u00e9es, la surveillance rentable et les syst\u00e8mes d&rsquo;alarme. Ces capacit\u00e9s am\u00e9liorent la pr\u00e9cision, l&rsquo;efficacit\u00e9 et la fiabilit\u00e9 des [&hellip;]","og_url":"https:\/\/sisgeo.com\/fr\/produits\/enregistreurs-de-donnees\/","og_site_name":"Sisgeo","article_modified_time":"2024-01-17T14:35:04+00:00","og_image":[{"width":294,"height":164,"url":"https:\/\/sisgeo.com\/wp-content\/uploads\/2023\/07\/16_DATALOGGERS.jpg","type":"image\/jpeg"}],"twitter_card":"summary_large_image","twitter_misc":{"Dur\u00e9e de lecture estim\u00e9e":"2 minutes"},"schema":{"@context":"https:\/\/schema.org","@graph":[{"@type":"WebPage","@id":"https:\/\/sisgeo.com\/fr\/produits\/enregistreurs-de-donnees\/","url":"https:\/\/sisgeo.com\/fr\/produits\/enregistreurs-de-donnees\/","name":"Enregistreurs de donn\u00e9es - Sisgeo","isPartOf":{"@id":"https:\/\/sisgeo.com\/fr\/#website"},"primaryImageOfPage":{"@id":"https:\/\/sisgeo.com\/fr\/produits\/enregistreurs-de-donnees\/#primaryimage"},"image":{"@id":"https:\/\/sisgeo.com\/fr\/produits\/enregistreurs-de-donnees\/#primaryimage"},"thumbnailUrl":"https:\/\/sisgeo.com\/wp-content\/uploads\/2026\/02\/datalogger-sisgo-senceive.jpg","datePublished":"2023-06-27T13:12:32+00:00","dateModified":"2024-01-17T14:35:04+00:00","breadcrumb":{"@id":"https:\/\/sisgeo.com\/fr\/produits\/enregistreurs-de-donnees\/#breadcrumb"},"inLanguage":"fr-FR","potentialAction":[{"@type":"ReadAction","target":["https:\/\/sisgeo.com\/fr\/produits\/enregistreurs-de-donnees\/"]}]},{"@type":"ImageObject","inLanguage":"fr-FR","@id":"https:\/\/sisgeo.com\/fr\/produits\/enregistreurs-de-donnees\/#primaryimage","url":"https:\/\/sisgeo.com\/wp-content\/uploads\/2026\/02\/datalogger-sisgo-senceive.jpg","contentUrl":"https:\/\/sisgeo.com\/wp-content\/uploads\/2026\/02\/datalogger-sisgo-senceive.jpg","width":960,"height":540},{"@type":"BreadcrumbList","@id":"https:\/\/sisgeo.com\/fr\/produits\/enregistreurs-de-donnees\/#breadcrumb","itemListElement":[{"@type":"ListItem","position":1,"name":"Home","item":"https:\/\/sisgeo.com\/fr\/linstrumentation-geotechnique-et-structurale-pour-le-shm\/"},{"@type":"ListItem","position":2,"name":"Produits","item":"https:\/\/sisgeo.com\/fr\/produits\/"},{"@type":"ListItem","position":3,"name":"Enregistreurs de donn\u00e9es"}]},{"@type":"WebSite","@id":"https:\/\/sisgeo.com\/fr\/#website","url":"https:\/\/sisgeo.com\/fr\/","name":"Sisgeo","description":"Inclined to improvement","publisher":{"@id":"https:\/\/sisgeo.com\/fr\/#organization"},"potentialAction":[{"@type":"SearchAction","target":{"@type":"EntryPoint","urlTemplate":"https:\/\/sisgeo.com\/fr\/?s={search_term_string}"},"query-input":{"@type":"PropertyValueSpecification","valueRequired":true,"valueName":"search_term_string"}}],"inLanguage":"fr-FR"},{"@type":"Organization","@id":"https:\/\/sisgeo.com\/fr\/#organization","name":"Sisgeo S.r.l.","url":"https:\/\/sisgeo.com\/fr\/","logo":{"@type":"ImageObject","inLanguage":"fr-FR","@id":"https:\/\/sisgeo.com\/fr\/#\/schema\/logo\/image\/","url":"https:\/\/sisgeodev.pipehosting.it\/wp-content\/uploads\/2023\/06\/logo-RGB.png","contentUrl":"https:\/\/sisgeodev.pipehosting.it\/wp-content\/uploads\/2023\/06\/logo-RGB.png","width":205,"height":97,"caption":"Sisgeo S.r.l."},"image":{"@id":"https:\/\/sisgeo.com\/fr\/#\/schema\/logo\/image\/"}}]}},"_links":{"self":[{"href":"https:\/\/sisgeo.com\/fr\/wp-json\/wp\/v2\/pages\/20348","targetHints":{"allow":["GET"]}}],"collection":[{"href":"https:\/\/sisgeo.com\/fr\/wp-json\/wp\/v2\/pages"}],"about":[{"href":"https:\/\/sisgeo.com\/fr\/wp-json\/wp\/v2\/types\/page"}],"author":[{"embeddable":true,"href":"https:\/\/sisgeo.com\/fr\/wp-json\/wp\/v2\/users\/1"}],"replies":[{"embeddable":true,"href":"https:\/\/sisgeo.com\/fr\/wp-json\/wp\/v2\/comments?post=20348"}],"version-history":[{"count":2,"href":"https:\/\/sisgeo.com\/fr\/wp-json\/wp\/v2\/pages\/20348\/revisions"}],"predecessor-version":[{"id":22746,"href":"https:\/\/sisgeo.com\/fr\/wp-json\/wp\/v2\/pages\/20348\/revisions\/22746"}],"up":[{"embeddable":true,"href":"https:\/\/sisgeo.com\/fr\/wp-json\/wp\/v2\/pages\/20237"}],"wp:featuredmedia":[{"embeddable":true,"href":"https:\/\/sisgeo.com\/fr\/wp-json\/wp\/v2\/media\/30077"}],"wp:attachment":[{"href":"https:\/\/sisgeo.com\/fr\/wp-json\/wp\/v2\/media?parent=20348"}],"wp:term":[{"taxonomy":"category","embeddable":true,"href":"https:\/\/sisgeo.com\/fr\/wp-json\/wp\/v2\/categories?post=20348"},{"taxonomy":"post_tag","embeddable":true,"href":"https:\/\/sisgeo.com\/fr\/wp-json\/wp\/v2\/tags?post=20348"}],"curies":[{"name":"wp","href":"https:\/\/api.w.org\/{rel}","templated":true}]}}