{"id":20503,"date":"2023-06-05T10:24:17","date_gmt":"2023-06-05T08:24:17","guid":{"rendered":"https:\/\/sisgeo.com\/produits\/tubes-inclinometriques\/"},"modified":"2023-12-11T15:42:07","modified_gmt":"2023-12-11T14:42:07","slug":"tubes-inclinometriques","status":"publish","type":"page","link":"https:\/\/sisgeo.com\/fr\/produits\/tubes-inclinometriques\/","title":{"rendered":"Tubes inclinom\u00e9triques"},"content":{"rendered":"\t\t<div data-elementor-type=\"wp-page\" data-elementor-id=\"20503\" class=\"elementor elementor-20503 elementor-1860\" data-elementor-post-type=\"page\">\n\t\t\t\t<div class=\"elementor-element elementor-element-7a63a93 e-flex e-con-boxed e-con e-parent\" data-id=\"7a63a93\" data-element_type=\"container\" data-e-type=\"container\">\n\t\t\t\t\t<div class=\"e-con-inner\">\n\t\t\t\t<div class=\"elementor-element elementor-element-99defb4 elementor-widget elementor-widget-text-editor\" data-id=\"99defb4\" data-element_type=\"widget\" data-e-type=\"widget\" data-widget_type=\"text-editor.default\">\n\t\t\t\t<div class=\"elementor-widget-container\">\n\t\t\t\t\t\t\t\t\t<p>Les tubes inclinom\u00e9triques jouent un r\u00f4le crucial dans la surveillance g\u00e9otechnique en combinaison avec les sondes inclinom\u00e9triques, et en fournissant un cadre de r\u00e9f\u00e9rence stable pour des mesures pr\u00e9cises des mouvements du sol. Ils sont g\u00e9n\u00e9ralement fabriqu\u00e9s en ABS ou en aluminium, choisis en fonction des exigences sp\u00e9cifiques du projet et des conditions du site. <\/p>\n<p>Les tubes inclinom\u00e9triques sont largement utilis\u00e9s pour surveiller les pentes instables, les parois moul\u00e9es, les murs de sout\u00e8nement, les mines, les tunnels et les barrages.<\/p>\n\t\t\t\t\t\t\t\t<\/div>\n\t\t\t\t<\/div>\n\t\t\t\t<div class=\"elementor-element elementor-element-8a09a03 elementor-widget elementor-widget-accordion\" data-id=\"8a09a03\" data-element_type=\"widget\" data-e-type=\"widget\" data-widget_type=\"accordion.default\">\n\t\t\t\t<div class=\"elementor-widget-container\">\n\t\t\t\t\t\t\t<div class=\"elementor-accordion\">\n\t\t\t\t\t\t\t<div class=\"elementor-accordion-item\">\n\t\t\t\t\t<div id=\"elementor-tab-title-1441\" class=\"elementor-tab-title\" data-tab=\"1\" role=\"button\" aria-controls=\"elementor-tab-content-1441\" aria-expanded=\"false\">\n\t\t\t\t\t\t\t\t\t\t\t\t\t<span class=\"elementor-accordion-icon elementor-accordion-icon-right\" aria-hidden=\"true\">\n\t\t\t\t\t\t\t\t\t\t\t\t\t\t\t<span class=\"elementor-accordion-icon-closed\"><svg xmlns=\"http:\/\/www.w3.org\/2000\/svg\" width=\"29\" height=\"16\" viewBox=\"0 0 29 16\" fill=\"none\"><path fill-rule=\"evenodd\" clip-rule=\"evenodd\" d=\"M27.25 0L14.375 13.038L1.5 0L0 1.5L14.4 15.9L28.749 1.5L27.25 0Z\" fill=\"#E4002B\"><\/path><\/svg><\/span>\n\t\t\t\t\t\t\t\t<span class=\"elementor-accordion-icon-opened\"><svg xmlns=\"http:\/\/www.w3.org\/2000\/svg\" width=\"29\" height=\"14\" viewBox=\"0 0 29 14\" fill=\"none\"><path fill-rule=\"evenodd\" clip-rule=\"evenodd\" d=\"M1.49902 13.1885L14.374 2.61651L27.249 13.1885L28.749 11.9722L14.349 0.295833L2.28882e-05 11.9722L1.49902 13.1885Z\" fill=\"#E4002B\"><\/path><\/svg><\/span>\n\t\t\t\t\t\t\t\t\t\t\t\t\t\t<\/span>\n\t\t\t\t\t\t\t\t\t\t\t\t<a class=\"elementor-accordion-title\" tabindex=\"0\">Plus d'informations sur ce sujet<\/a>\n\t\t\t\t\t<\/div>\n\t\t\t\t\t<div id=\"elementor-tab-content-1441\" class=\"elementor-tab-content elementor-clearfix\" data-tab=\"1\" role=\"region\" aria-labelledby=\"elementor-tab-title-1441\"><p>Sisgeo propose diff\u00e9rents mod\u00e8les de <strong>TUBES INCLINOMETRIQUES<\/strong> qui doivent \u00eatre choisis en fonction de la profondeur d&rsquo;installation, de la stratification du sol et des \u00e9ventuels impacts chimiques et physiques. Les TUBES INCLINOMETRIQUES en ABS sont fortement recommand\u00e9s pour leur r\u00e9sistance et leur inertie aux produits chimiques et aux courants de fuite. <\/p>\n<p>Les tubes en aluminium sont recommand\u00e9s pour les installations tr\u00e8s profondes (par exemple, profondeur &gt; 150 m).<\/p>\n<p>Les tubes peuvent \u00eatre mesur\u00e9s \u00e0 l&rsquo;aide d&rsquo;une sonde inclinom\u00e9trique MEMS num\u00e9rique (sonde inclinom\u00e9trique BRAIN) ou d&rsquo;une cha\u00eene d&rsquo;inclinom\u00e8tres num\u00e9riques IPI In-Place.<\/p>\n<p>De nombreuses informations et suggestions concernant les bo\u00eetiers d&rsquo;inclinom\u00e8tres peuvent \u00eatre trouv\u00e9es dans la norme internationale ISO 18674-3 \u00ab\u00a0Measurement of displacements across a line : Inclinom\u00e8tres\u00a0\u00bb.<\/p>\n<\/div>\n\t\t\t\t<\/div>\n\t\t\t\t\t\t\t\t<\/div>\n\t\t\t\t\t\t<\/div>\n\t\t\t\t<\/div>\n\t\t\t\t<div class=\"elementor-element elementor-element-58a3ecd dce-posts-layout-default dce-col-4 dce-col-tablet-3 dce-col-mobile-1 dce-align-left elementor-widget elementor-widget-dce-dynamicposts-v2\" data-id=\"58a3ecd\" data-element_type=\"widget\" data-e-type=\"widget\" data-settings=\"{&quot;templatemode_linkable&quot;:&quot;yes&quot;,&quot;style_items&quot;:&quot;default&quot;,&quot;grid_grid_type&quot;:&quot;flex&quot;}\" data-widget_type=\"dce-dynamicposts-v2.grid\">\n\t\t\t\t<div class=\"elementor-widget-container\">\n\t\t\t\t\t\n\t\t<div class=\"dce-fix-background-loop dce-posts-container dce-posts dce-dynamic-posts-collection  dce-skin-grid dce-skin-grid-flex\">\n\t\t\t\t\t\t<div class=\"dce-posts-wrapper dce-wrapper-grid\">\n\t\t\t\n\t\t<article class=\"post-20525 page type-page status-publish has-post-thumbnail hentry category-tube-inclinometrique-quick-joint category-tubes-inclinometriques dce-post dce-post-item dce-item-grid\" data-dce-post-id=\"20525\" data-dce-post-index=\"0\" data-post-link=\"https:\/\/sisgeo.com\/fr\/produits\/tubes-inclinometriques\/tube-inclinometrique-quick-joint\/\">\n\t\t\t<div class=\"dce-post-block elementor-animation-grow\">\n\t\t<div class=\"dce-item dce-item_image elementor-repeater-item-9ee1dae\"><a class=\"dce-post-image\" href=\"https:\/\/sisgeo.com\/fr\/produits\/tubes-inclinometriques\/tube-inclinometrique-quick-joint\/\"><figure  class=\"dce-img\"><img fetchpriority=\"high\" decoding=\"async\" width=\"960\" height=\"540\" src=\"https:\/\/sisgeo.com\/wp-content\/uploads\/2023\/08\/0_quick_joint_inclinometer_casing.png\" class=\"\" alt=\"Tube inclinom\u00e9trique Quick Joint\" srcset=\"https:\/\/sisgeo.com\/wp-content\/uploads\/2023\/08\/0_quick_joint_inclinometer_casing.png 960w, https:\/\/sisgeo.com\/wp-content\/uploads\/2023\/08\/0_quick_joint_inclinometer_casing-300x169.png 300w, https:\/\/sisgeo.com\/wp-content\/uploads\/2023\/08\/0_quick_joint_inclinometer_casing-768x432.png 768w\" sizes=\"(max-width: 960px) 100vw, 960px\" \/><\/figure><\/a><\/div><div class=\"dce-item dce-item_title elementor-repeater-item-b433209\"><h5 class=\"dce-post-title\"><a href=\"https:\/\/sisgeo.com\/fr\/produits\/tubes-inclinometriques\/tube-inclinometrique-quick-joint\/\">Tube inclinom\u00e9trique Quick Joint<\/a><\/h5><\/div><div class=\"dce-item dce-item_readmore elementor-repeater-item-ef0e5ce\">\t\t<div class=\"dce-post-button\">\n\t\t\t<a href=\"https:\/\/sisgeo.com\/fr\/produits\/tubes-inclinometriques\/tube-inclinometrique-quick-joint\/\" class=\"elementor-button-link elementor-button dce-button elementor-size-sm\" role=\"button\" >\n\t\t\t<div class=\"align-middle\"><span>Apprendre encore plus<\/span><img decoding=\"async\" src=\"https:\/\/sisgeo.com\/wp-content\/uploads\/2023\/05\/arrow_red.png\"><\/div>\t\t\t<\/a>\n\t\t<\/div>\n\t\t<\/div>\t\t\t<\/div>\n\t\t<\/article>\n\t\t\n\t\t<article class=\"post-20508 page type-page status-publish has-post-thumbnail hentry category-tube-inclinometrique-a-raccord-lisse-easy-lock category-tubes-inclinometriques dce-post dce-post-item dce-item-grid\" data-dce-post-id=\"20508\" data-dce-post-index=\"1\" data-post-link=\"https:\/\/sisgeo.com\/fr\/produits\/tubes-inclinometriques\/tube-inclinometrique-a-raccord-lisse-easy-lock\/\">\n\t\t\t<div class=\"dce-post-block elementor-animation-grow\">\n\t\t<div class=\"dce-item dce-item_image elementor-repeater-item-9ee1dae\"><a class=\"dce-post-image\" href=\"https:\/\/sisgeo.com\/fr\/produits\/tubes-inclinometriques\/tube-inclinometrique-a-raccord-lisse-easy-lock\/\"><figure  class=\"dce-img\"><img decoding=\"async\" width=\"960\" height=\"540\" src=\"https:\/\/sisgeo.com\/wp-content\/uploads\/2023\/08\/00_easy_lock_ABS_inclinometer_.png\" class=\"\" alt=\"Tube inclinom\u00e9trique \u00e0 raccord lisse \u00ab\u00a0Easy Lock\u00a0\u00bb\" srcset=\"https:\/\/sisgeo.com\/wp-content\/uploads\/2023\/08\/00_easy_lock_ABS_inclinometer_.png 960w, https:\/\/sisgeo.com\/wp-content\/uploads\/2023\/08\/00_easy_lock_ABS_inclinometer_-300x169.png 300w, https:\/\/sisgeo.com\/wp-content\/uploads\/2023\/08\/00_easy_lock_ABS_inclinometer_-768x432.png 768w\" sizes=\"(max-width: 960px) 100vw, 960px\" \/><\/figure><\/a><\/div><div class=\"dce-item dce-item_title elementor-repeater-item-b433209\"><h5 class=\"dce-post-title\"><a href=\"https:\/\/sisgeo.com\/fr\/produits\/tubes-inclinometriques\/tube-inclinometrique-a-raccord-lisse-easy-lock\/\">Tube inclinom\u00e9trique \u00e0 raccord lisse \u00ab\u00a0Easy Lock\u00a0\u00bb<\/a><\/h5><\/div><div class=\"dce-item dce-item_readmore elementor-repeater-item-ef0e5ce\">\t\t<div class=\"dce-post-button\">\n\t\t\t<a href=\"https:\/\/sisgeo.com\/fr\/produits\/tubes-inclinometriques\/tube-inclinometrique-a-raccord-lisse-easy-lock\/\" class=\"elementor-button-link elementor-button dce-button elementor-size-sm\" role=\"button\" >\n\t\t\t<div class=\"align-middle\"><span>Apprendre encore plus<\/span><img decoding=\"async\" src=\"https:\/\/sisgeo.com\/wp-content\/uploads\/2023\/05\/arrow_red.png\"><\/div>\t\t\t<\/a>\n\t\t<\/div>\n\t\t<\/div>\t\t\t<\/div>\n\t\t<\/article>\n\t\t\n\t\t<article class=\"post-20517 page type-page status-publish has-post-thumbnail hentry category-tubes-inclinometriques category-tubes-inclinometriques-fr dce-post dce-post-item dce-item-grid\" data-dce-post-id=\"20517\" data-dce-post-index=\"2\" data-post-link=\"https:\/\/sisgeo.com\/fr\/produits\/tubes-inclinometriques\/tube-inclinometrique\/\">\n\t\t\t<div class=\"dce-post-block elementor-animation-grow\">\n\t\t<div class=\"dce-item dce-item_image elementor-repeater-item-9ee1dae\"><a class=\"dce-post-image\" href=\"https:\/\/sisgeo.com\/fr\/produits\/tubes-inclinometriques\/tube-inclinometrique\/\"><figure  class=\"dce-img\"><img decoding=\"async\" width=\"960\" height=\"540\" src=\"https:\/\/sisgeo.com\/wp-content\/uploads\/2023\/08\/inclinometer_tubes_00_sisgeo_red.png\" class=\"\" alt=\"Tube inclinom\u00e9trique\" srcset=\"https:\/\/sisgeo.com\/wp-content\/uploads\/2023\/08\/inclinometer_tubes_00_sisgeo_red.png 960w, https:\/\/sisgeo.com\/wp-content\/uploads\/2023\/08\/inclinometer_tubes_00_sisgeo_red-300x169.png 300w, https:\/\/sisgeo.com\/wp-content\/uploads\/2023\/08\/inclinometer_tubes_00_sisgeo_red-768x432.png 768w\" sizes=\"(max-width: 960px) 100vw, 960px\" \/><\/figure><\/a><\/div><div class=\"dce-item dce-item_title elementor-repeater-item-b433209\"><h5 class=\"dce-post-title\"><a href=\"https:\/\/sisgeo.com\/fr\/produits\/tubes-inclinometriques\/tube-inclinometrique\/\">Tube inclinom\u00e9trique<\/a><\/h5><\/div><div class=\"dce-item dce-item_readmore elementor-repeater-item-ef0e5ce\">\t\t<div class=\"dce-post-button\">\n\t\t\t<a href=\"https:\/\/sisgeo.com\/fr\/produits\/tubes-inclinometriques\/tube-inclinometrique\/\" class=\"elementor-button-link elementor-button dce-button elementor-size-sm\" role=\"button\" >\n\t\t\t<div class=\"align-middle\"><span>Apprendre encore plus<\/span><img decoding=\"async\" src=\"https:\/\/sisgeo.com\/wp-content\/uploads\/2023\/05\/arrow_red.png\"><\/div>\t\t\t<\/a>\n\t\t<\/div>\n\t\t<\/div>\t\t\t<\/div>\n\t\t<\/article>\n\t\t\t\t\t<\/div>\n\t\t\t\t\t<\/div>\n\t\t\t\t\t\t<\/div>\n\t\t\t\t<\/div>\n\t\t\t\t\t<\/div>\n\t\t\t\t<\/div>\n\t\t\t\t<\/div>\n\t\t","protected":false},"excerpt":{"rendered":"<p>Les tubes inclinom\u00e9triques jouent un r\u00f4le crucial dans la surveillance g\u00e9otechnique en combinaison avec les sondes inclinom\u00e9triques, et en fournissant un cadre de r\u00e9f\u00e9rence stable pour des mesures pr\u00e9cises des mouvements du sol. Ils sont g\u00e9n\u00e9ralement fabriqu\u00e9s en ABS ou en aluminium, choisis en fonction des exigences sp\u00e9cifiques du projet et des conditions du site. [&hellip;]<\/p>\n","protected":false},"author":1,"featured_media":3869,"parent":20237,"menu_order":0,"comment_status":"closed","ping_status":"closed","template":"","meta":{"_acf_changed":false,"footnotes":""},"categories":[214],"tags":[],"class_list":["post-20503","page","type-page","status-publish","has-post-thumbnail","hentry","category-products-fr-2"],"acf":[],"yoast_head":"<!-- This site is optimized with the Yoast SEO Premium plugin v27.4 (Yoast SEO v27.4) - https:\/\/yoast.com\/product\/yoast-seo-premium-wordpress\/ -->\n<title>Tubes inclinom\u00e9triques - Sisgeo<\/title>\n<meta name=\"robots\" content=\"index, follow, max-snippet:-1, max-image-preview:large, max-video-preview:-1\" \/>\n<link rel=\"canonical\" href=\"https:\/\/sisgeo.com\/fr\/produits\/tubes-inclinometriques\/\" \/>\n<meta property=\"og:locale\" content=\"fr_FR\" \/>\n<meta property=\"og:type\" content=\"article\" \/>\n<meta property=\"og:title\" content=\"Tubes inclinom\u00e9triques\" \/>\n<meta property=\"og:description\" content=\"Les tubes inclinom\u00e9triques jouent un r\u00f4le crucial dans la surveillance g\u00e9otechnique en combinaison avec les sondes inclinom\u00e9triques, et en fournissant un cadre de r\u00e9f\u00e9rence stable pour des mesures pr\u00e9cises des mouvements du sol. Ils sont g\u00e9n\u00e9ralement fabriqu\u00e9s en ABS ou en aluminium, choisis en fonction des exigences sp\u00e9cifiques du projet et des conditions du site. [&hellip;]\" \/>\n<meta property=\"og:url\" content=\"https:\/\/sisgeo.com\/fr\/produits\/tubes-inclinometriques\/\" \/>\n<meta property=\"og:site_name\" content=\"Sisgeo\" \/>\n<meta property=\"article:modified_time\" content=\"2023-12-11T14:42:07+00:00\" \/>\n<meta property=\"og:image\" content=\"https:\/\/sisgeo.com\/wp-content\/uploads\/2023\/07\/1_INCLINOMETER-CASINGS.jpg\" \/>\n\t<meta property=\"og:image:width\" content=\"294\" \/>\n\t<meta property=\"og:image:height\" content=\"164\" \/>\n\t<meta property=\"og:image:type\" content=\"image\/jpeg\" \/>\n<meta name=\"twitter:card\" content=\"summary_large_image\" \/>\n<meta name=\"twitter:label1\" content=\"Dur\u00e9e de lecture estim\u00e9e\" \/>\n\t<meta name=\"twitter:data1\" content=\"1 minute\" \/>\n<script type=\"application\/ld+json\" class=\"yoast-schema-graph\">{\"@context\":\"https:\\\/\\\/schema.org\",\"@graph\":[{\"@type\":\"WebPage\",\"@id\":\"https:\\\/\\\/sisgeo.com\\\/fr\\\/produits\\\/tubes-inclinometriques\\\/\",\"url\":\"https:\\\/\\\/sisgeo.com\\\/fr\\\/produits\\\/tubes-inclinometriques\\\/\",\"name\":\"Tubes inclinom\u00e9triques - Sisgeo\",\"isPartOf\":{\"@id\":\"https:\\\/\\\/sisgeo.com\\\/fr\\\/#website\"},\"primaryImageOfPage\":{\"@id\":\"https:\\\/\\\/sisgeo.com\\\/fr\\\/produits\\\/tubes-inclinometriques\\\/#primaryimage\"},\"image\":{\"@id\":\"https:\\\/\\\/sisgeo.com\\\/fr\\\/produits\\\/tubes-inclinometriques\\\/#primaryimage\"},\"thumbnailUrl\":\"https:\\\/\\\/sisgeo.com\\\/wp-content\\\/uploads\\\/2023\\\/07\\\/1_INCLINOMETER-CASINGS.jpg\",\"datePublished\":\"2023-06-05T08:24:17+00:00\",\"dateModified\":\"2023-12-11T14:42:07+00:00\",\"breadcrumb\":{\"@id\":\"https:\\\/\\\/sisgeo.com\\\/fr\\\/produits\\\/tubes-inclinometriques\\\/#breadcrumb\"},\"inLanguage\":\"fr-FR\",\"potentialAction\":[{\"@type\":\"ReadAction\",\"target\":[\"https:\\\/\\\/sisgeo.com\\\/fr\\\/produits\\\/tubes-inclinometriques\\\/\"]}]},{\"@type\":\"ImageObject\",\"inLanguage\":\"fr-FR\",\"@id\":\"https:\\\/\\\/sisgeo.com\\\/fr\\\/produits\\\/tubes-inclinometriques\\\/#primaryimage\",\"url\":\"https:\\\/\\\/sisgeo.com\\\/wp-content\\\/uploads\\\/2023\\\/07\\\/1_INCLINOMETER-CASINGS.jpg\",\"contentUrl\":\"https:\\\/\\\/sisgeo.com\\\/wp-content\\\/uploads\\\/2023\\\/07\\\/1_INCLINOMETER-CASINGS.jpg\",\"width\":294,\"height\":164},{\"@type\":\"BreadcrumbList\",\"@id\":\"https:\\\/\\\/sisgeo.com\\\/fr\\\/produits\\\/tubes-inclinometriques\\\/#breadcrumb\",\"itemListElement\":[{\"@type\":\"ListItem\",\"position\":1,\"name\":\"Home\",\"item\":\"https:\\\/\\\/sisgeo.com\\\/fr\\\/linstrumentation-geotechnique-et-structurale-pour-le-shm\\\/\"},{\"@type\":\"ListItem\",\"position\":2,\"name\":\"Produits\",\"item\":\"https:\\\/\\\/sisgeo.com\\\/fr\\\/produits\\\/\"},{\"@type\":\"ListItem\",\"position\":3,\"name\":\"Tubes inclinom\u00e9triques\"}]},{\"@type\":\"WebSite\",\"@id\":\"https:\\\/\\\/sisgeo.com\\\/fr\\\/#website\",\"url\":\"https:\\\/\\\/sisgeo.com\\\/fr\\\/\",\"name\":\"Sisgeo\",\"description\":\"Inclined to improvement\",\"publisher\":{\"@id\":\"https:\\\/\\\/sisgeo.com\\\/fr\\\/#organization\"},\"potentialAction\":[{\"@type\":\"SearchAction\",\"target\":{\"@type\":\"EntryPoint\",\"urlTemplate\":\"https:\\\/\\\/sisgeo.com\\\/fr\\\/?s={search_term_string}\"},\"query-input\":{\"@type\":\"PropertyValueSpecification\",\"valueRequired\":true,\"valueName\":\"search_term_string\"}}],\"inLanguage\":\"fr-FR\"},{\"@type\":\"Organization\",\"@id\":\"https:\\\/\\\/sisgeo.com\\\/fr\\\/#organization\",\"name\":\"Sisgeo S.r.l.\",\"url\":\"https:\\\/\\\/sisgeo.com\\\/fr\\\/\",\"logo\":{\"@type\":\"ImageObject\",\"inLanguage\":\"fr-FR\",\"@id\":\"https:\\\/\\\/sisgeo.com\\\/fr\\\/#\\\/schema\\\/logo\\\/image\\\/\",\"url\":\"https:\\\/\\\/sisgeodev.pipehosting.it\\\/wp-content\\\/uploads\\\/2023\\\/06\\\/logo-RGB.png\",\"contentUrl\":\"https:\\\/\\\/sisgeodev.pipehosting.it\\\/wp-content\\\/uploads\\\/2023\\\/06\\\/logo-RGB.png\",\"width\":205,\"height\":97,\"caption\":\"Sisgeo S.r.l.\"},\"image\":{\"@id\":\"https:\\\/\\\/sisgeo.com\\\/fr\\\/#\\\/schema\\\/logo\\\/image\\\/\"}}]}<\/script>\n<!-- \/ Yoast SEO Premium plugin. -->","yoast_head_json":{"title":"Tubes inclinom\u00e9triques - Sisgeo","robots":{"index":"index","follow":"follow","max-snippet":"max-snippet:-1","max-image-preview":"max-image-preview:large","max-video-preview":"max-video-preview:-1"},"canonical":"https:\/\/sisgeo.com\/fr\/produits\/tubes-inclinometriques\/","og_locale":"fr_FR","og_type":"article","og_title":"Tubes inclinom\u00e9triques","og_description":"Les tubes inclinom\u00e9triques jouent un r\u00f4le crucial dans la surveillance g\u00e9otechnique en combinaison avec les sondes inclinom\u00e9triques, et en fournissant un cadre de r\u00e9f\u00e9rence stable pour des mesures pr\u00e9cises des mouvements du sol. Ils sont g\u00e9n\u00e9ralement fabriqu\u00e9s en ABS ou en aluminium, choisis en fonction des exigences sp\u00e9cifiques du projet et des conditions du site. [&hellip;]","og_url":"https:\/\/sisgeo.com\/fr\/produits\/tubes-inclinometriques\/","og_site_name":"Sisgeo","article_modified_time":"2023-12-11T14:42:07+00:00","og_image":[{"width":294,"height":164,"url":"https:\/\/sisgeo.com\/wp-content\/uploads\/2023\/07\/1_INCLINOMETER-CASINGS.jpg","type":"image\/jpeg"}],"twitter_card":"summary_large_image","twitter_misc":{"Dur\u00e9e de lecture estim\u00e9e":"1 minute"},"schema":{"@context":"https:\/\/schema.org","@graph":[{"@type":"WebPage","@id":"https:\/\/sisgeo.com\/fr\/produits\/tubes-inclinometriques\/","url":"https:\/\/sisgeo.com\/fr\/produits\/tubes-inclinometriques\/","name":"Tubes inclinom\u00e9triques - Sisgeo","isPartOf":{"@id":"https:\/\/sisgeo.com\/fr\/#website"},"primaryImageOfPage":{"@id":"https:\/\/sisgeo.com\/fr\/produits\/tubes-inclinometriques\/#primaryimage"},"image":{"@id":"https:\/\/sisgeo.com\/fr\/produits\/tubes-inclinometriques\/#primaryimage"},"thumbnailUrl":"https:\/\/sisgeo.com\/wp-content\/uploads\/2023\/07\/1_INCLINOMETER-CASINGS.jpg","datePublished":"2023-06-05T08:24:17+00:00","dateModified":"2023-12-11T14:42:07+00:00","breadcrumb":{"@id":"https:\/\/sisgeo.com\/fr\/produits\/tubes-inclinometriques\/#breadcrumb"},"inLanguage":"fr-FR","potentialAction":[{"@type":"ReadAction","target":["https:\/\/sisgeo.com\/fr\/produits\/tubes-inclinometriques\/"]}]},{"@type":"ImageObject","inLanguage":"fr-FR","@id":"https:\/\/sisgeo.com\/fr\/produits\/tubes-inclinometriques\/#primaryimage","url":"https:\/\/sisgeo.com\/wp-content\/uploads\/2023\/07\/1_INCLINOMETER-CASINGS.jpg","contentUrl":"https:\/\/sisgeo.com\/wp-content\/uploads\/2023\/07\/1_INCLINOMETER-CASINGS.jpg","width":294,"height":164},{"@type":"BreadcrumbList","@id":"https:\/\/sisgeo.com\/fr\/produits\/tubes-inclinometriques\/#breadcrumb","itemListElement":[{"@type":"ListItem","position":1,"name":"Home","item":"https:\/\/sisgeo.com\/fr\/linstrumentation-geotechnique-et-structurale-pour-le-shm\/"},{"@type":"ListItem","position":2,"name":"Produits","item":"https:\/\/sisgeo.com\/fr\/produits\/"},{"@type":"ListItem","position":3,"name":"Tubes inclinom\u00e9triques"}]},{"@type":"WebSite","@id":"https:\/\/sisgeo.com\/fr\/#website","url":"https:\/\/sisgeo.com\/fr\/","name":"Sisgeo","description":"Inclined to improvement","publisher":{"@id":"https:\/\/sisgeo.com\/fr\/#organization"},"potentialAction":[{"@type":"SearchAction","target":{"@type":"EntryPoint","urlTemplate":"https:\/\/sisgeo.com\/fr\/?s={search_term_string}"},"query-input":{"@type":"PropertyValueSpecification","valueRequired":true,"valueName":"search_term_string"}}],"inLanguage":"fr-FR"},{"@type":"Organization","@id":"https:\/\/sisgeo.com\/fr\/#organization","name":"Sisgeo S.r.l.","url":"https:\/\/sisgeo.com\/fr\/","logo":{"@type":"ImageObject","inLanguage":"fr-FR","@id":"https:\/\/sisgeo.com\/fr\/#\/schema\/logo\/image\/","url":"https:\/\/sisgeodev.pipehosting.it\/wp-content\/uploads\/2023\/06\/logo-RGB.png","contentUrl":"https:\/\/sisgeodev.pipehosting.it\/wp-content\/uploads\/2023\/06\/logo-RGB.png","width":205,"height":97,"caption":"Sisgeo S.r.l."},"image":{"@id":"https:\/\/sisgeo.com\/fr\/#\/schema\/logo\/image\/"}}]}},"_links":{"self":[{"href":"https:\/\/sisgeo.com\/fr\/wp-json\/wp\/v2\/pages\/20503","targetHints":{"allow":["GET"]}}],"collection":[{"href":"https:\/\/sisgeo.com\/fr\/wp-json\/wp\/v2\/pages"}],"about":[{"href":"https:\/\/sisgeo.com\/fr\/wp-json\/wp\/v2\/types\/page"}],"author":[{"embeddable":true,"href":"https:\/\/sisgeo.com\/fr\/wp-json\/wp\/v2\/users\/1"}],"replies":[{"embeddable":true,"href":"https:\/\/sisgeo.com\/fr\/wp-json\/wp\/v2\/comments?post=20503"}],"version-history":[{"count":1,"href":"https:\/\/sisgeo.com\/fr\/wp-json\/wp\/v2\/pages\/20503\/revisions"}],"predecessor-version":[{"id":20504,"href":"https:\/\/sisgeo.com\/fr\/wp-json\/wp\/v2\/pages\/20503\/revisions\/20504"}],"up":[{"embeddable":true,"href":"https:\/\/sisgeo.com\/fr\/wp-json\/wp\/v2\/pages\/20237"}],"wp:featuredmedia":[{"embeddable":true,"href":"https:\/\/sisgeo.com\/fr\/wp-json\/wp\/v2\/media\/3869"}],"wp:attachment":[{"href":"https:\/\/sisgeo.com\/fr\/wp-json\/wp\/v2\/media?parent=20503"}],"wp:term":[{"taxonomy":"category","embeddable":true,"href":"https:\/\/sisgeo.com\/fr\/wp-json\/wp\/v2\/categories?post=20503"},{"taxonomy":"post_tag","embeddable":true,"href":"https:\/\/sisgeo.com\/fr\/wp-json\/wp\/v2\/tags?post=20503"}],"curies":[{"name":"wp","href":"https:\/\/api.w.org\/{rel}","templated":true}]}}