{"id":20582,"date":"2023-07-27T10:25:55","date_gmt":"2023-07-27T08:25:55","guid":{"rendered":"https:\/\/sisgeo.com\/produits\/cellules-de-charge\/"},"modified":"2023-12-12T10:47:46","modified_gmt":"2023-12-12T09:47:46","slug":"cellules-de-charge","status":"publish","type":"page","link":"https:\/\/sisgeo.com\/fr\/produits\/cellules-de-charge\/","title":{"rendered":"Cellules de charge"},"content":{"rendered":"\t\t<div data-elementor-type=\"wp-page\" data-elementor-id=\"20582\" class=\"elementor elementor-20582 elementor-3911\" data-elementor-post-type=\"page\">\n\t\t\t\t<div class=\"elementor-element elementor-element-7a63a93 e-flex e-con-boxed e-con e-parent\" data-id=\"7a63a93\" data-element_type=\"container\" data-e-type=\"container\">\n\t\t\t\t\t<div class=\"e-con-inner\">\n\t\t\t\t<div class=\"elementor-element elementor-element-99defb4 elementor-widget elementor-widget-text-editor\" data-id=\"99defb4\" data-element_type=\"widget\" data-e-type=\"widget\" data-widget_type=\"text-editor.default\">\n\t\t\t\t<div class=\"elementor-widget-container\">\n\t\t\t\t\t\t\t\t\t<p>Les cellules de charge jouent un r\u00f4le essentiel dans l&rsquo;\u00e9valuation des performances, de la s\u00e9curit\u00e9 et de la fiabilit\u00e9 des structures et des syst\u00e8mes g\u00e9otechniques en mesurant et en contr\u00f4lant avec pr\u00e9cision les charges et les forces.<\/p>\n<p>En instrumentation g\u00e9otechnique et structurelle, les cellules de charge sont couramment utilis\u00e9es pour contr\u00f4ler la charge appliqu\u00e9e aux tiges d&rsquo;ancrage, la charge appliqu\u00e9e aux pieux ou aux butons, et pour mesurer la distribution des forces dans les rev\u00eatements en acier (creusement de tunnels). D&rsquo;autres applications sont les murs de sout\u00e8nement, les barrages, les fondations, les cul\u00e9es de pont. <\/p>\n<p>Les cellules de charge permettent aux ing\u00e9nieurs de prendre des d\u00e9cisions \u00e9clair\u00e9es concernant l&rsquo;optimisation de la conception, la maintenance et le contr\u00f4le de l&rsquo;\u00e9tat des structures.<\/p>\n\t\t\t\t\t\t\t\t<\/div>\n\t\t\t\t<\/div>\n\t\t\t\t<div class=\"elementor-element elementor-element-8a09a03 elementor-widget elementor-widget-accordion\" data-id=\"8a09a03\" data-element_type=\"widget\" data-e-type=\"widget\" data-widget_type=\"accordion.default\">\n\t\t\t\t<div class=\"elementor-widget-container\">\n\t\t\t\t\t\t\t<div class=\"elementor-accordion\">\n\t\t\t\t\t\t\t<div class=\"elementor-accordion-item\">\n\t\t\t\t\t<div id=\"elementor-tab-title-1441\" class=\"elementor-tab-title\" data-tab=\"1\" role=\"button\" aria-controls=\"elementor-tab-content-1441\" aria-expanded=\"false\">\n\t\t\t\t\t\t\t\t\t\t\t\t\t<span class=\"elementor-accordion-icon elementor-accordion-icon-right\" aria-hidden=\"true\">\n\t\t\t\t\t\t\t\t\t\t\t\t\t\t\t<span class=\"elementor-accordion-icon-closed\"><svg xmlns=\"http:\/\/www.w3.org\/2000\/svg\" width=\"29\" height=\"16\" viewBox=\"0 0 29 16\" fill=\"none\"><path fill-rule=\"evenodd\" clip-rule=\"evenodd\" d=\"M27.25 0L14.375 13.038L1.5 0L0 1.5L14.4 15.9L28.749 1.5L27.25 0Z\" fill=\"#E4002B\"><\/path><\/svg><\/span>\n\t\t\t\t\t\t\t\t<span class=\"elementor-accordion-icon-opened\"><svg xmlns=\"http:\/\/www.w3.org\/2000\/svg\" width=\"29\" height=\"14\" viewBox=\"0 0 29 14\" fill=\"none\"><path fill-rule=\"evenodd\" clip-rule=\"evenodd\" d=\"M1.49902 13.1885L14.374 2.61651L27.249 13.1885L28.749 11.9722L14.349 0.295833L2.28882e-05 11.9722L1.49902 13.1885Z\" fill=\"#E4002B\"><\/path><\/svg><\/span>\n\t\t\t\t\t\t\t\t\t\t\t\t\t\t<\/span>\n\t\t\t\t\t\t\t\t\t\t\t\t<a class=\"elementor-accordion-title\" tabindex=\"0\">Plus d'informations sur ce sujet<\/a>\n\t\t\t\t\t<\/div>\n\t\t\t\t\t<div id=\"elementor-tab-content-1441\" class=\"elementor-tab-content elementor-clearfix\" data-tab=\"1\" role=\"region\" aria-labelledby=\"elementor-tab-title-1441\"><p>Les <strong>cellules de charge hydrauliques pour ancrages<\/strong> sont essentiellement un coussin en forme d&rsquo;anneau rempli d&rsquo;huile d\u00e9sa\u00e9r\u00e9e et reli\u00e9 \u00e0 un manom\u00e8tre de Bourdon qui indique la charge appliqu\u00e9e \u00e0 la cellule.<\/p>\n<p>Les <strong>cellules de charge \u00e9lectriques pour ancrage<\/strong> sont constitu\u00e9es d&rsquo;un corps toro\u00efdal en acier inoxydable muni de jauges de contrainte r\u00e9sistives, dans une configuration de pont de Wheatstone, afin de garantir, avec la conception particuli\u00e8re de la cellule, une tr\u00e8s faible sensibilit\u00e9 aux charges excentriques.<\/p>\n<p>Les deux mod\u00e8les sont fournis avec une plaque de distribution de charge tr\u00e8s rigide pour r\u00e9partir la force autour du corps de l&rsquo;instrument. Des capteurs \u00e0 ancrage de diff\u00e9rentes tailles et plages de mesure sont disponibles pour r\u00e9pondre aux diff\u00e9rentes situations. <\/p>\n<p>Les <strong>cellules de charge pour sout\u00e8nement<\/strong> sont sp\u00e9cialement con\u00e7ues pour \u00eatre install\u00e9es sous les sout\u00e8nements en acier afin de contr\u00f4ler la transmission de la charge appliqu\u00e9e de la roche ou du sol environnant \u00e0 la poutre. Il s&rsquo;agit de plaques circulaires remplies d&rsquo;huile d\u00e9sa\u00e9r\u00e9e et mesur\u00e9es \u00e0 l&rsquo;aide d&rsquo;un capteur de pression \u00e9lectrique. Ce mod\u00e8le de capteur est disponible avec des plaques sph\u00e9riques jumelles sp\u00e9ciales pour une application entre des surfaces non parall\u00e8les.  <\/p>\n<p>Les <strong>cellules de charge r\u00e9sistives pleines<\/strong> sont tr\u00e8s robustes et con\u00e7ues pour une grande stabilit\u00e9 \u00e0 long terme. Elles peuvent \u00eatre utilis\u00e9es pour des essais de charge sur pieux ou pour tout autre projet n\u00e9cessitant une large plage de mesure. <\/p>\n<\/div>\n\t\t\t\t<\/div>\n\t\t\t\t\t\t\t\t<\/div>\n\t\t\t\t\t\t<\/div>\n\t\t\t\t<\/div>\n\t\t\t\t<div class=\"elementor-element elementor-element-58a3ecd dce-posts-layout-default dce-col-4 dce-col-tablet-3 dce-col-mobile-1 dce-align-left elementor-widget elementor-widget-dce-dynamicposts-v2\" data-id=\"58a3ecd\" data-element_type=\"widget\" data-e-type=\"widget\" data-settings=\"{&quot;style_items&quot;:&quot;default&quot;,&quot;grid_grid_type&quot;:&quot;flex&quot;}\" data-widget_type=\"dce-dynamicposts-v2.grid\">\n\t\t\t\t<div class=\"elementor-widget-container\">\n\t\t\t\t\t\n\t\t<div class=\"dce-fix-background-loop dce-posts-container dce-posts dce-dynamic-posts-collection  dce-skin-grid dce-skin-grid-flex\">\n\t\t\t\t\t\t<div class=\"dce-posts-wrapper dce-wrapper-grid\">\n\t\t\t\n\t\t<article class=\"post-20586 page type-page status-publish has-post-thumbnail hentry category-cellules-de-charge category-cellules-de-charge-electriques-pour-ancrage dce-post dce-post-item dce-item-grid\" data-dce-post-id=\"20586\" data-dce-post-index=\"0\">\n\t\t\t<div class=\"dce-post-block elementor-animation-grow\">\n\t\t<div class=\"dce-item dce-item_image elementor-repeater-item-9ee1dae\"><a class=\"dce-post-image\" href=\"https:\/\/sisgeo.com\/fr\/produits\/cellules-de-charge\/cellules-de-charge-electriques-pour-ancrage\/\"><figure  class=\"dce-img\"><img fetchpriority=\"high\" decoding=\"async\" width=\"960\" height=\"540\" src=\"https:\/\/sisgeo.com\/wp-content\/uploads\/2023\/09\/eletric_anchor_load_cell_0_sisgeo_8baf8b38bf759.png\" class=\"\" alt=\"Cellules de charge \u00e9lectriques pour ancrage\" srcset=\"https:\/\/sisgeo.com\/wp-content\/uploads\/2023\/09\/eletric_anchor_load_cell_0_sisgeo_8baf8b38bf759.png 960w, https:\/\/sisgeo.com\/wp-content\/uploads\/2023\/09\/eletric_anchor_load_cell_0_sisgeo_8baf8b38bf759-300x169.png 300w, https:\/\/sisgeo.com\/wp-content\/uploads\/2023\/09\/eletric_anchor_load_cell_0_sisgeo_8baf8b38bf759-768x432.png 768w\" sizes=\"(max-width: 960px) 100vw, 960px\" \/><\/figure><\/a><\/div><div class=\"dce-item dce-item_title elementor-repeater-item-b433209\"><h5 class=\"dce-post-title\"><a href=\"https:\/\/sisgeo.com\/fr\/produits\/cellules-de-charge\/cellules-de-charge-electriques-pour-ancrage\/\">Cellules de charge \u00e9lectriques pour ancrage<\/a><\/h5><\/div><div class=\"dce-item dce-item_readmore elementor-repeater-item-ef0e5ce\">\t\t<div class=\"dce-post-button\">\n\t\t\t<a href=\"https:\/\/sisgeo.com\/fr\/produits\/cellules-de-charge\/cellules-de-charge-electriques-pour-ancrage\/\" class=\"elementor-button-link elementor-button dce-button elementor-size-sm\" role=\"button\" >\n\t\t\t<div class=\"align-middle\"><span>Apprendre encore plus<\/span><img decoding=\"async\" src=\"https:\/\/sisgeo.com\/wp-content\/uploads\/2023\/05\/arrow_red.png\"><\/div>\t\t\t<\/a>\n\t\t<\/div>\n\t\t<\/div>\t\t\t<\/div>\n\t\t<\/article>\n\t\t\n\t\t<article class=\"post-20601 page type-page status-publish has-post-thumbnail hentry category-cellules-de-charge category-cellules-de-charge-hydrauliques-pour-ancrage dce-post dce-post-item dce-item-grid\" data-dce-post-id=\"20601\" data-dce-post-index=\"1\">\n\t\t\t<div class=\"dce-post-block elementor-animation-grow\">\n\t\t<div class=\"dce-item dce-item_image elementor-repeater-item-9ee1dae\"><a class=\"dce-post-image\" href=\"https:\/\/sisgeo.com\/fr\/produits\/cellules-de-charge\/cellules-de-charge-hydrauliques-pour-ancrage\/\"><figure  class=\"dce-img\"><img decoding=\"async\" width=\"960\" height=\"540\" src=\"https:\/\/sisgeo.com\/wp-content\/uploads\/2023\/09\/hydraulic_anchor_load_cell_0_sisgeo_2672b744530adb3c45.png\" class=\"\" alt=\"Cellules de charge hydrauliques pour ancrage\" srcset=\"https:\/\/sisgeo.com\/wp-content\/uploads\/2023\/09\/hydraulic_anchor_load_cell_0_sisgeo_2672b744530adb3c45.png 960w, https:\/\/sisgeo.com\/wp-content\/uploads\/2023\/09\/hydraulic_anchor_load_cell_0_sisgeo_2672b744530adb3c45-300x169.png 300w, https:\/\/sisgeo.com\/wp-content\/uploads\/2023\/09\/hydraulic_anchor_load_cell_0_sisgeo_2672b744530adb3c45-768x432.png 768w\" sizes=\"(max-width: 960px) 100vw, 960px\" \/><\/figure><\/a><\/div><div class=\"dce-item dce-item_title elementor-repeater-item-b433209\"><h5 class=\"dce-post-title\"><a href=\"https:\/\/sisgeo.com\/fr\/produits\/cellules-de-charge\/cellules-de-charge-hydrauliques-pour-ancrage\/\">Cellules de charge hydrauliques pour ancrage<\/a><\/h5><\/div><div class=\"dce-item dce-item_readmore elementor-repeater-item-ef0e5ce\">\t\t<div class=\"dce-post-button\">\n\t\t\t<a href=\"https:\/\/sisgeo.com\/fr\/produits\/cellules-de-charge\/cellules-de-charge-hydrauliques-pour-ancrage\/\" class=\"elementor-button-link elementor-button dce-button elementor-size-sm\" role=\"button\" >\n\t\t\t<div class=\"align-middle\"><span>Apprendre encore plus<\/span><img decoding=\"async\" src=\"https:\/\/sisgeo.com\/wp-content\/uploads\/2023\/05\/arrow_red.png\"><\/div>\t\t\t<\/a>\n\t\t<\/div>\n\t\t<\/div>\t\t\t<\/div>\n\t\t<\/article>\n\t\t\n\t\t<article class=\"post-20593 page type-page status-publish has-post-thumbnail hentry category-cellules-de-charge category-cellules-de-charge-electro-hydrauliques-pour-les-soutenements-en-acier-et-les-butons dce-post dce-post-item dce-item-grid\" data-dce-post-id=\"20593\" data-dce-post-index=\"2\">\n\t\t\t<div class=\"dce-post-block elementor-animation-grow\">\n\t\t<div class=\"dce-item dce-item_image elementor-repeater-item-9ee1dae\"><a class=\"dce-post-image\" href=\"https:\/\/sisgeo.com\/fr\/produits\/cellules-de-charge\/cellules-de-charge-electro-hydrauliques-pour-les-soutenements-en-acier-et-les-butons\/\"><figure  class=\"dce-img\"><img decoding=\"async\" width=\"960\" height=\"540\" src=\"https:\/\/sisgeo.com\/wp-content\/uploads\/2023\/09\/0_electro_hydraulic_load_cells_for_steel_linings_a.png\" class=\"\" alt=\"Cellules de charge \u00e9lectro-hydrauliques pour les sout\u00e8nements en acier et les butons\" srcset=\"https:\/\/sisgeo.com\/wp-content\/uploads\/2023\/09\/0_electro_hydraulic_load_cells_for_steel_linings_a.png 960w, https:\/\/sisgeo.com\/wp-content\/uploads\/2023\/09\/0_electro_hydraulic_load_cells_for_steel_linings_a-300x169.png 300w, https:\/\/sisgeo.com\/wp-content\/uploads\/2023\/09\/0_electro_hydraulic_load_cells_for_steel_linings_a-768x432.png 768w\" sizes=\"(max-width: 960px) 100vw, 960px\" \/><\/figure><\/a><\/div><div class=\"dce-item dce-item_title elementor-repeater-item-b433209\"><h5 class=\"dce-post-title\"><a href=\"https:\/\/sisgeo.com\/fr\/produits\/cellules-de-charge\/cellules-de-charge-electro-hydrauliques-pour-les-soutenements-en-acier-et-les-butons\/\">Cellules de charge \u00e9lectro-hydrauliques pour les sout\u00e8nements en acier et les butons<\/a><\/h5><\/div><div class=\"dce-item dce-item_readmore elementor-repeater-item-ef0e5ce\">\t\t<div class=\"dce-post-button\">\n\t\t\t<a href=\"https:\/\/sisgeo.com\/fr\/produits\/cellules-de-charge\/cellules-de-charge-electro-hydrauliques-pour-les-soutenements-en-acier-et-les-butons\/\" class=\"elementor-button-link elementor-button dce-button elementor-size-sm\" role=\"button\" >\n\t\t\t<div class=\"align-middle\"><span>Apprendre encore plus<\/span><img decoding=\"async\" src=\"https:\/\/sisgeo.com\/wp-content\/uploads\/2023\/05\/arrow_red.png\"><\/div>\t\t\t<\/a>\n\t\t<\/div>\n\t\t<\/div>\t\t\t<\/div>\n\t\t<\/article>\n\t\t\t\t\t<\/div>\n\t\t\t\t\t<\/div>\n\t\t\t\t\t\t<\/div>\n\t\t\t\t<\/div>\n\t\t\t\t\t<\/div>\n\t\t\t\t<\/div>\n\t\t\t\t<\/div>\n\t\t","protected":false},"excerpt":{"rendered":"<p>Les cellules de charge jouent un r\u00f4le essentiel dans l&rsquo;\u00e9valuation des performances, de la s\u00e9curit\u00e9 et de la fiabilit\u00e9 des structures et des syst\u00e8mes g\u00e9otechniques en mesurant et en contr\u00f4lant avec pr\u00e9cision les charges et les forces. En instrumentation g\u00e9otechnique et structurelle, les cellules de charge sont couramment utilis\u00e9es pour contr\u00f4ler la charge appliqu\u00e9e aux [&hellip;]<\/p>\n","protected":false},"author":1,"featured_media":4078,"parent":20237,"menu_order":0,"comment_status":"closed","ping_status":"closed","template":"","meta":{"footnotes":""},"categories":[214],"tags":[],"class_list":["post-20582","page","type-page","status-publish","has-post-thumbnail","hentry","category-products-fr-2"],"yoast_head":"<!-- This site is optimized with the Yoast SEO Premium plugin v27.2 (Yoast SEO v27.2) - https:\/\/yoast.com\/product\/yoast-seo-premium-wordpress\/ -->\n<title>Cellules de charge - Sisgeo<\/title>\n<meta name=\"robots\" content=\"index, follow, max-snippet:-1, max-image-preview:large, max-video-preview:-1\" \/>\n<link rel=\"canonical\" href=\"https:\/\/sisgeo.com\/fr\/produits\/cellules-de-charge\/\" \/>\n<meta property=\"og:locale\" content=\"fr_FR\" \/>\n<meta property=\"og:type\" content=\"article\" \/>\n<meta property=\"og:title\" content=\"Cellules de charge\" \/>\n<meta property=\"og:description\" content=\"Les cellules de charge jouent un r\u00f4le essentiel dans l&rsquo;\u00e9valuation des performances, de la s\u00e9curit\u00e9 et de la fiabilit\u00e9 des structures et des syst\u00e8mes g\u00e9otechniques en mesurant et en contr\u00f4lant avec pr\u00e9cision les charges et les forces. En instrumentation g\u00e9otechnique et structurelle, les cellules de charge sont couramment utilis\u00e9es pour contr\u00f4ler la charge appliqu\u00e9e aux [&hellip;]\" \/>\n<meta property=\"og:url\" content=\"https:\/\/sisgeo.com\/fr\/produits\/cellules-de-charge\/\" \/>\n<meta property=\"og:site_name\" content=\"Sisgeo\" \/>\n<meta property=\"article:modified_time\" content=\"2023-12-12T09:47:46+00:00\" \/>\n<meta property=\"og:image\" content=\"https:\/\/sisgeo.com\/wp-content\/uploads\/2023\/07\/8_LOAD-CELL.jpg\" \/>\n\t<meta property=\"og:image:width\" content=\"294\" \/>\n\t<meta property=\"og:image:height\" content=\"164\" \/>\n\t<meta property=\"og:image:type\" content=\"image\/jpeg\" \/>\n<meta name=\"twitter:card\" content=\"summary_large_image\" \/>\n<meta name=\"twitter:label1\" content=\"Dur\u00e9e de lecture estim\u00e9e\" \/>\n\t<meta name=\"twitter:data1\" content=\"2 minutes\" \/>\n<script type=\"application\/ld+json\" class=\"yoast-schema-graph\">{\"@context\":\"https:\/\/schema.org\",\"@graph\":[{\"@type\":\"WebPage\",\"@id\":\"https:\/\/sisgeo.com\/fr\/produits\/cellules-de-charge\/\",\"url\":\"https:\/\/sisgeo.com\/fr\/produits\/cellules-de-charge\/\",\"name\":\"Cellules de charge - Sisgeo\",\"isPartOf\":{\"@id\":\"https:\/\/sisgeo.com\/fr\/#website\"},\"primaryImageOfPage\":{\"@id\":\"https:\/\/sisgeo.com\/fr\/produits\/cellules-de-charge\/#primaryimage\"},\"image\":{\"@id\":\"https:\/\/sisgeo.com\/fr\/produits\/cellules-de-charge\/#primaryimage\"},\"thumbnailUrl\":\"https:\/\/sisgeo.com\/wp-content\/uploads\/2023\/07\/8_LOAD-CELL.jpg\",\"datePublished\":\"2023-07-27T08:25:55+00:00\",\"dateModified\":\"2023-12-12T09:47:46+00:00\",\"breadcrumb\":{\"@id\":\"https:\/\/sisgeo.com\/fr\/produits\/cellules-de-charge\/#breadcrumb\"},\"inLanguage\":\"fr-FR\",\"potentialAction\":[{\"@type\":\"ReadAction\",\"target\":[\"https:\/\/sisgeo.com\/fr\/produits\/cellules-de-charge\/\"]}]},{\"@type\":\"ImageObject\",\"inLanguage\":\"fr-FR\",\"@id\":\"https:\/\/sisgeo.com\/fr\/produits\/cellules-de-charge\/#primaryimage\",\"url\":\"https:\/\/sisgeo.com\/wp-content\/uploads\/2023\/07\/8_LOAD-CELL.jpg\",\"contentUrl\":\"https:\/\/sisgeo.com\/wp-content\/uploads\/2023\/07\/8_LOAD-CELL.jpg\",\"width\":294,\"height\":164},{\"@type\":\"BreadcrumbList\",\"@id\":\"https:\/\/sisgeo.com\/fr\/produits\/cellules-de-charge\/#breadcrumb\",\"itemListElement\":[{\"@type\":\"ListItem\",\"position\":1,\"name\":\"Home\",\"item\":\"https:\/\/sisgeo.com\/fr\/linstrumentation-geotechnique-et-structurale-pour-le-shm\/\"},{\"@type\":\"ListItem\",\"position\":2,\"name\":\"Produits\",\"item\":\"https:\/\/sisgeo.com\/fr\/produits\/\"},{\"@type\":\"ListItem\",\"position\":3,\"name\":\"Cellules de charge\"}]},{\"@type\":\"WebSite\",\"@id\":\"https:\/\/sisgeo.com\/fr\/#website\",\"url\":\"https:\/\/sisgeo.com\/fr\/\",\"name\":\"Sisgeo\",\"description\":\"Inclined to improvement\",\"publisher\":{\"@id\":\"https:\/\/sisgeo.com\/fr\/#organization\"},\"potentialAction\":[{\"@type\":\"SearchAction\",\"target\":{\"@type\":\"EntryPoint\",\"urlTemplate\":\"https:\/\/sisgeo.com\/fr\/?s={search_term_string}\"},\"query-input\":{\"@type\":\"PropertyValueSpecification\",\"valueRequired\":true,\"valueName\":\"search_term_string\"}}],\"inLanguage\":\"fr-FR\"},{\"@type\":\"Organization\",\"@id\":\"https:\/\/sisgeo.com\/fr\/#organization\",\"name\":\"Sisgeo S.r.l.\",\"url\":\"https:\/\/sisgeo.com\/fr\/\",\"logo\":{\"@type\":\"ImageObject\",\"inLanguage\":\"fr-FR\",\"@id\":\"https:\/\/sisgeo.com\/fr\/#\/schema\/logo\/image\/\",\"url\":\"https:\/\/sisgeodev.pipehosting.it\/wp-content\/uploads\/2023\/06\/logo-RGB.png\",\"contentUrl\":\"https:\/\/sisgeodev.pipehosting.it\/wp-content\/uploads\/2023\/06\/logo-RGB.png\",\"width\":205,\"height\":97,\"caption\":\"Sisgeo S.r.l.\"},\"image\":{\"@id\":\"https:\/\/sisgeo.com\/fr\/#\/schema\/logo\/image\/\"}}]}<\/script>\n<!-- \/ Yoast SEO Premium plugin. -->","yoast_head_json":{"title":"Cellules de charge - Sisgeo","robots":{"index":"index","follow":"follow","max-snippet":"max-snippet:-1","max-image-preview":"max-image-preview:large","max-video-preview":"max-video-preview:-1"},"canonical":"https:\/\/sisgeo.com\/fr\/produits\/cellules-de-charge\/","og_locale":"fr_FR","og_type":"article","og_title":"Cellules de charge","og_description":"Les cellules de charge jouent un r\u00f4le essentiel dans l&rsquo;\u00e9valuation des performances, de la s\u00e9curit\u00e9 et de la fiabilit\u00e9 des structures et des syst\u00e8mes g\u00e9otechniques en mesurant et en contr\u00f4lant avec pr\u00e9cision les charges et les forces. En instrumentation g\u00e9otechnique et structurelle, les cellules de charge sont couramment utilis\u00e9es pour contr\u00f4ler la charge appliqu\u00e9e aux [&hellip;]","og_url":"https:\/\/sisgeo.com\/fr\/produits\/cellules-de-charge\/","og_site_name":"Sisgeo","article_modified_time":"2023-12-12T09:47:46+00:00","og_image":[{"width":294,"height":164,"url":"https:\/\/sisgeo.com\/wp-content\/uploads\/2023\/07\/8_LOAD-CELL.jpg","type":"image\/jpeg"}],"twitter_card":"summary_large_image","twitter_misc":{"Dur\u00e9e de lecture estim\u00e9e":"2 minutes"},"schema":{"@context":"https:\/\/schema.org","@graph":[{"@type":"WebPage","@id":"https:\/\/sisgeo.com\/fr\/produits\/cellules-de-charge\/","url":"https:\/\/sisgeo.com\/fr\/produits\/cellules-de-charge\/","name":"Cellules de charge - Sisgeo","isPartOf":{"@id":"https:\/\/sisgeo.com\/fr\/#website"},"primaryImageOfPage":{"@id":"https:\/\/sisgeo.com\/fr\/produits\/cellules-de-charge\/#primaryimage"},"image":{"@id":"https:\/\/sisgeo.com\/fr\/produits\/cellules-de-charge\/#primaryimage"},"thumbnailUrl":"https:\/\/sisgeo.com\/wp-content\/uploads\/2023\/07\/8_LOAD-CELL.jpg","datePublished":"2023-07-27T08:25:55+00:00","dateModified":"2023-12-12T09:47:46+00:00","breadcrumb":{"@id":"https:\/\/sisgeo.com\/fr\/produits\/cellules-de-charge\/#breadcrumb"},"inLanguage":"fr-FR","potentialAction":[{"@type":"ReadAction","target":["https:\/\/sisgeo.com\/fr\/produits\/cellules-de-charge\/"]}]},{"@type":"ImageObject","inLanguage":"fr-FR","@id":"https:\/\/sisgeo.com\/fr\/produits\/cellules-de-charge\/#primaryimage","url":"https:\/\/sisgeo.com\/wp-content\/uploads\/2023\/07\/8_LOAD-CELL.jpg","contentUrl":"https:\/\/sisgeo.com\/wp-content\/uploads\/2023\/07\/8_LOAD-CELL.jpg","width":294,"height":164},{"@type":"BreadcrumbList","@id":"https:\/\/sisgeo.com\/fr\/produits\/cellules-de-charge\/#breadcrumb","itemListElement":[{"@type":"ListItem","position":1,"name":"Home","item":"https:\/\/sisgeo.com\/fr\/linstrumentation-geotechnique-et-structurale-pour-le-shm\/"},{"@type":"ListItem","position":2,"name":"Produits","item":"https:\/\/sisgeo.com\/fr\/produits\/"},{"@type":"ListItem","position":3,"name":"Cellules de charge"}]},{"@type":"WebSite","@id":"https:\/\/sisgeo.com\/fr\/#website","url":"https:\/\/sisgeo.com\/fr\/","name":"Sisgeo","description":"Inclined to improvement","publisher":{"@id":"https:\/\/sisgeo.com\/fr\/#organization"},"potentialAction":[{"@type":"SearchAction","target":{"@type":"EntryPoint","urlTemplate":"https:\/\/sisgeo.com\/fr\/?s={search_term_string}"},"query-input":{"@type":"PropertyValueSpecification","valueRequired":true,"valueName":"search_term_string"}}],"inLanguage":"fr-FR"},{"@type":"Organization","@id":"https:\/\/sisgeo.com\/fr\/#organization","name":"Sisgeo S.r.l.","url":"https:\/\/sisgeo.com\/fr\/","logo":{"@type":"ImageObject","inLanguage":"fr-FR","@id":"https:\/\/sisgeo.com\/fr\/#\/schema\/logo\/image\/","url":"https:\/\/sisgeodev.pipehosting.it\/wp-content\/uploads\/2023\/06\/logo-RGB.png","contentUrl":"https:\/\/sisgeodev.pipehosting.it\/wp-content\/uploads\/2023\/06\/logo-RGB.png","width":205,"height":97,"caption":"Sisgeo S.r.l."},"image":{"@id":"https:\/\/sisgeo.com\/fr\/#\/schema\/logo\/image\/"}}]}},"_links":{"self":[{"href":"https:\/\/sisgeo.com\/fr\/wp-json\/wp\/v2\/pages\/20582","targetHints":{"allow":["GET"]}}],"collection":[{"href":"https:\/\/sisgeo.com\/fr\/wp-json\/wp\/v2\/pages"}],"about":[{"href":"https:\/\/sisgeo.com\/fr\/wp-json\/wp\/v2\/types\/page"}],"author":[{"embeddable":true,"href":"https:\/\/sisgeo.com\/fr\/wp-json\/wp\/v2\/users\/1"}],"replies":[{"embeddable":true,"href":"https:\/\/sisgeo.com\/fr\/wp-json\/wp\/v2\/comments?post=20582"}],"version-history":[{"count":1,"href":"https:\/\/sisgeo.com\/fr\/wp-json\/wp\/v2\/pages\/20582\/revisions"}],"predecessor-version":[{"id":20583,"href":"https:\/\/sisgeo.com\/fr\/wp-json\/wp\/v2\/pages\/20582\/revisions\/20583"}],"up":[{"embeddable":true,"href":"https:\/\/sisgeo.com\/fr\/wp-json\/wp\/v2\/pages\/20237"}],"wp:featuredmedia":[{"embeddable":true,"href":"https:\/\/sisgeo.com\/fr\/wp-json\/wp\/v2\/media\/4078"}],"wp:attachment":[{"href":"https:\/\/sisgeo.com\/fr\/wp-json\/wp\/v2\/media?parent=20582"}],"wp:term":[{"taxonomy":"category","embeddable":true,"href":"https:\/\/sisgeo.com\/fr\/wp-json\/wp\/v2\/categories?post=20582"},{"taxonomy":"post_tag","embeddable":true,"href":"https:\/\/sisgeo.com\/fr\/wp-json\/wp\/v2\/tags?post=20582"}],"curies":[{"name":"wp","href":"https:\/\/api.w.org\/{rel}","templated":true}]}}