{"id":20618,"date":"2023-06-05T10:36:29","date_gmt":"2023-06-05T08:36:29","guid":{"rendered":"https:\/\/sisgeo.com\/produits\/pendules\/"},"modified":"2023-12-12T12:06:36","modified_gmt":"2023-12-12T11:06:36","slug":"pendules","status":"publish","type":"page","link":"https:\/\/sisgeo.com\/fr\/produits\/pendules\/","title":{"rendered":"Pendules"},"content":{"rendered":"\t\t<div data-elementor-type=\"wp-page\" data-elementor-id=\"20618\" class=\"elementor elementor-20618 elementor-1871\" data-elementor-post-type=\"page\">\n\t\t\t\t<div class=\"elementor-element elementor-element-7a63a93 e-flex e-con-boxed e-con e-parent\" data-id=\"7a63a93\" data-element_type=\"container\" data-e-type=\"container\">\n\t\t\t\t\t<div class=\"e-con-inner\">\n\t\t\t\t<div class=\"elementor-element elementor-element-caccc42 elementor-widget elementor-widget-heading\" data-id=\"caccc42\" data-element_type=\"widget\" data-e-type=\"widget\" data-widget_type=\"heading.default\">\n\t\t\t\t<div class=\"elementor-widget-container\">\n\t\t\t\t\t<h1 class=\"elementor-heading-title elementor-size-default\">Pendules<\/h1>\t\t\t\t<\/div>\n\t\t\t\t<\/div>\n\t\t\t\t<div class=\"elementor-element elementor-element-99defb4 elementor-widget elementor-widget-text-editor\" data-id=\"99defb4\" data-element_type=\"widget\" data-e-type=\"widget\" data-widget_type=\"text-editor.default\">\n\t\t\t\t<div class=\"elementor-widget-container\">\n\t\t\t\t\t\t\t\t\t<p>Les syst\u00e8mes de pendule sont con\u00e7us pour surveiller les mouvements horizontaux des barrages et de leurs fondations. Les syst\u00e8mes de pendule sont utilis\u00e9s avec succ\u00e8s dans la r\u00e9habilitation des barrages. Ils peuvent \u00e9galement \u00eatre utilis\u00e9s pour la surveillance structurelle des tours ou des gratte-ciels. Les syst\u00e8mes de pendule sont disponibles en deux mod\u00e8les : le pendule direct et le pendule invers\u00e9.   <\/p>\n<p>Les pendules peuvent \u00eatre lus \u00e0 l&rsquo;aide d&rsquo;un coordinom\u00e8tre optique manuel ou automatiquement avec le t\u00e9l\u00e9pendule T-1000.<\/p>\n\t\t\t\t\t\t\t\t<\/div>\n\t\t\t\t<\/div>\n\t\t\t\t<div class=\"elementor-element elementor-element-8a09a03 elementor-widget elementor-widget-accordion\" data-id=\"8a09a03\" data-element_type=\"widget\" data-e-type=\"widget\" data-widget_type=\"accordion.default\">\n\t\t\t\t<div class=\"elementor-widget-container\">\n\t\t\t\t\t\t\t<div class=\"elementor-accordion\">\n\t\t\t\t\t\t\t<div class=\"elementor-accordion-item\">\n\t\t\t\t\t<div id=\"elementor-tab-title-1441\" class=\"elementor-tab-title\" data-tab=\"1\" role=\"button\" aria-controls=\"elementor-tab-content-1441\" aria-expanded=\"false\">\n\t\t\t\t\t\t\t\t\t\t\t\t\t<span class=\"elementor-accordion-icon elementor-accordion-icon-right\" aria-hidden=\"true\">\n\t\t\t\t\t\t\t\t\t\t\t\t\t\t\t<span class=\"elementor-accordion-icon-closed\"><svg xmlns=\"http:\/\/www.w3.org\/2000\/svg\" width=\"29\" height=\"16\" viewBox=\"0 0 29 16\" fill=\"none\"><path fill-rule=\"evenodd\" clip-rule=\"evenodd\" d=\"M27.25 0L14.375 13.038L1.5 0L0 1.5L14.4 15.9L28.749 1.5L27.25 0Z\" fill=\"#E4002B\"><\/path><\/svg><\/span>\n\t\t\t\t\t\t\t\t<span class=\"elementor-accordion-icon-opened\"><svg xmlns=\"http:\/\/www.w3.org\/2000\/svg\" width=\"29\" height=\"14\" viewBox=\"0 0 29 14\" fill=\"none\"><path fill-rule=\"evenodd\" clip-rule=\"evenodd\" d=\"M1.49902 13.1885L14.374 2.61651L27.249 13.1885L28.749 11.9722L14.349 0.295833L2.28882e-05 11.9722L1.49902 13.1885Z\" fill=\"#E4002B\"><\/path><\/svg><\/span>\n\t\t\t\t\t\t\t\t\t\t\t\t\t\t<\/span>\n\t\t\t\t\t\t\t\t\t\t\t\t<a class=\"elementor-accordion-title\" tabindex=\"0\">Plus d'informations sur ce sujet<\/a>\n\t\t\t\t\t<\/div>\n\t\t\t\t\t<div id=\"elementor-tab-content-1441\" class=\"elementor-tab-content elementor-clearfix\" data-tab=\"1\" role=\"region\" aria-labelledby=\"elementor-tab-title-1441\"><p>Le <strong>pendule direct<\/strong> est constitu\u00e9 d&rsquo;un fil d&rsquo;acier ancr\u00e9 \u00e0 l&rsquo;extr\u00e9mit\u00e9 sup\u00e9rieure du barrage, avec un poids en tension suspendu \u00e0 l&rsquo;extr\u00e9mit\u00e9 inf\u00e9rieure, libre de se d\u00e9placer dans un r\u00e9servoir rempli d&rsquo;un fluide amortisseur.<\/p>\n<p>Le <strong>pendule invers\u00e9<\/strong> fournit un point de r\u00e9f\u00e9rence fixe \u00e0 partir duquel le mouvement de la structure peut \u00eatre mesur\u00e9. Il utilise un fil ancr\u00e9 dans un sol solide sous la structure, avec une unit\u00e9 flottante attach\u00e9e \u00e0 l&rsquo;extr\u00e9mit\u00e9 sup\u00e9rieure. L&rsquo;unit\u00e9 flottante est libre de se d\u00e9placer dans un r\u00e9servoir de fluide tout en maintenant le fil en position verticale. Les pendules invers\u00e9s et directs sont souvent install\u00e9s ensemble dans la m\u00eame structure, g\u00e9n\u00e9ralement des barrages-poids ou des barrages-vo\u00fbtes.   <\/p>\n<p>Le <strong>coordinom\u00e8tre optique<\/strong> est un instrument manuel capable de d\u00e9tecter la position du fil du pendule sur une surface horizontale.<\/p>\n<p>Le <strong>t\u00e9l\u00e9pendule T-1000<\/strong>, quant \u00e0 lui, est un instrument de mesure automatis\u00e9 des pendules.<br \/>Le T-1000 est configur\u00e9 localement via une application sp\u00e9ciale, qui peut \u00e9galement renvoyer une mesure extemporan\u00e9e et certains param\u00e8tres de diagnostic de l&rsquo;instrument. En le connectant \u00e0 un enregistreur de donn\u00e9es, les mesures peuvent \u00eatre collect\u00e9es de mani\u00e8re automatique. <\/p>\n<\/div>\n\t\t\t\t<\/div>\n\t\t\t\t\t\t\t\t<\/div>\n\t\t\t\t\t\t<\/div>\n\t\t\t\t<\/div>\n\t\t\t\t<div class=\"elementor-element elementor-element-58a3ecd dce-posts-layout-default dce-col-4 dce-col-tablet-3 dce-col-mobile-1 dce-align-left elementor-widget elementor-widget-dce-dynamicposts-v2\" data-id=\"58a3ecd\" data-element_type=\"widget\" data-e-type=\"widget\" data-settings=\"{&quot;style_items&quot;:&quot;default&quot;,&quot;grid_grid_type&quot;:&quot;flex&quot;}\" data-widget_type=\"dce-dynamicposts-v2.grid\">\n\t\t\t\t<div class=\"elementor-widget-container\">\n\t\t\t\t\t\n\t\t<div class=\"dce-fix-background-loop dce-posts-container dce-posts dce-dynamic-posts-collection  dce-skin-grid dce-skin-grid-flex\">\n\t\t\t\t\t\t<div class=\"dce-posts-wrapper dce-wrapper-grid\">\n\t\t\t\n\t\t<article class=\"post-20623 page type-page status-publish has-post-thumbnail hentry category-pendules category-pendules-directs-et-inverses dce-post dce-post-item dce-item-grid\" data-dce-post-id=\"20623\" data-dce-post-index=\"0\">\n\t\t\t<div class=\"dce-post-block elementor-animation-grow\">\n\t\t<div class=\"dce-item dce-item_image elementor-repeater-item-9ee1dae\"><a class=\"dce-post-image\" href=\"https:\/\/sisgeo.com\/fr\/produits\/pendules\/pendules-directs-et-inverses\/\"><figure  class=\"dce-img\"><img fetchpriority=\"high\" decoding=\"async\" width=\"960\" height=\"540\" src=\"https:\/\/sisgeo.com\/wp-content\/uploads\/2023\/08\/0_direct_and_inverted_pendulum_sisgeo_f16b709f1.png\" class=\"\" alt=\"Pendules directs et invers\u00e9s\" srcset=\"https:\/\/sisgeo.com\/wp-content\/uploads\/2023\/08\/0_direct_and_inverted_pendulum_sisgeo_f16b709f1.png 960w, https:\/\/sisgeo.com\/wp-content\/uploads\/2023\/08\/0_direct_and_inverted_pendulum_sisgeo_f16b709f1-300x169.png 300w, https:\/\/sisgeo.com\/wp-content\/uploads\/2023\/08\/0_direct_and_inverted_pendulum_sisgeo_f16b709f1-768x432.png 768w\" sizes=\"(max-width: 960px) 100vw, 960px\" \/><\/figure><\/a><\/div><div class=\"dce-item dce-item_title elementor-repeater-item-b433209\"><h5 class=\"dce-post-title\"><a href=\"https:\/\/sisgeo.com\/fr\/produits\/pendules\/pendules-directs-et-inverses\/\">Pendules directs et invers\u00e9s<\/a><\/h5><\/div><div class=\"dce-item dce-item_readmore elementor-repeater-item-ef0e5ce\">\t\t<div class=\"dce-post-button\">\n\t\t\t<a href=\"https:\/\/sisgeo.com\/fr\/produits\/pendules\/pendules-directs-et-inverses\/\" class=\"elementor-button-link elementor-button dce-button elementor-size-sm\" role=\"button\" >\n\t\t\t<div class=\"align-middle\"><span>Apprendre encore plus<\/span><img decoding=\"async\" src=\"https:\/\/sisgeo.com\/wp-content\/uploads\/2023\/05\/arrow_red.png\"><\/div>\t\t\t<\/a>\n\t\t<\/div>\n\t\t<\/div>\t\t\t<\/div>\n\t\t<\/article>\n\t\t\n\t\t<article class=\"post-20638 page type-page status-publish has-post-thumbnail hentry category-pendules category-telependule-t-1000 dce-post dce-post-item dce-item-grid\" data-dce-post-id=\"20638\" data-dce-post-index=\"1\">\n\t\t\t<div class=\"dce-post-block elementor-animation-grow\">\n\t\t<div class=\"dce-item dce-item_image elementor-repeater-item-9ee1dae\"><a class=\"dce-post-image\" href=\"https:\/\/sisgeo.com\/fr\/produits\/pendules\/telependule-t-1000\/\"><figure  class=\"dce-img\"><img decoding=\"async\" width=\"960\" height=\"540\" src=\"https:\/\/sisgeo.com\/wp-content\/uploads\/2023\/08\/t-1000-telependulum-sisgeo_3ca92993454dade329ff2c2.png\" class=\"\" alt=\"T\u00e9l\u00e9pendule T-1000\" srcset=\"https:\/\/sisgeo.com\/wp-content\/uploads\/2023\/08\/t-1000-telependulum-sisgeo_3ca92993454dade329ff2c2.png 960w, https:\/\/sisgeo.com\/wp-content\/uploads\/2023\/08\/t-1000-telependulum-sisgeo_3ca92993454dade329ff2c2-300x169.png 300w, https:\/\/sisgeo.com\/wp-content\/uploads\/2023\/08\/t-1000-telependulum-sisgeo_3ca92993454dade329ff2c2-768x432.png 768w\" sizes=\"(max-width: 960px) 100vw, 960px\" \/><\/figure><\/a><\/div><div class=\"dce-item dce-item_title elementor-repeater-item-b433209\"><h5 class=\"dce-post-title\"><a href=\"https:\/\/sisgeo.com\/fr\/produits\/pendules\/telependule-t-1000\/\">T\u00e9l\u00e9pendule T-1000<\/a><\/h5><\/div><div class=\"dce-item dce-item_readmore elementor-repeater-item-ef0e5ce\">\t\t<div class=\"dce-post-button\">\n\t\t\t<a href=\"https:\/\/sisgeo.com\/fr\/produits\/pendules\/telependule-t-1000\/\" class=\"elementor-button-link elementor-button dce-button elementor-size-sm\" role=\"button\" >\n\t\t\t<div class=\"align-middle\"><span>Apprendre encore plus<\/span><img decoding=\"async\" src=\"https:\/\/sisgeo.com\/wp-content\/uploads\/2023\/05\/arrow_red.png\"><\/div>\t\t\t<\/a>\n\t\t<\/div>\n\t\t<\/div>\t\t\t<\/div>\n\t\t<\/article>\n\t\t\n\t\t<article class=\"post-20631 page type-page status-publish has-post-thumbnail hentry category-coordinoscope-pour-pendule category-pendules dce-post dce-post-item dce-item-grid\" data-dce-post-id=\"20631\" data-dce-post-index=\"2\">\n\t\t\t<div class=\"dce-post-block elementor-animation-grow\">\n\t\t<div class=\"dce-item dce-item_image elementor-repeater-item-9ee1dae\"><a class=\"dce-post-image\" href=\"https:\/\/sisgeo.com\/fr\/produits\/pendules\/coordinoscope-pour-pendule\/\"><figure  class=\"dce-img\"><img decoding=\"async\" width=\"960\" height=\"540\" src=\"https:\/\/sisgeo.com\/wp-content\/uploads\/2023\/08\/00_cordinometer_sisgeo_fb7e373ceb836de581a30.png\" class=\"\" alt=\"Coordinoscope pour pendule\" srcset=\"https:\/\/sisgeo.com\/wp-content\/uploads\/2023\/08\/00_cordinometer_sisgeo_fb7e373ceb836de581a30.png 960w, https:\/\/sisgeo.com\/wp-content\/uploads\/2023\/08\/00_cordinometer_sisgeo_fb7e373ceb836de581a30-300x169.png 300w, https:\/\/sisgeo.com\/wp-content\/uploads\/2023\/08\/00_cordinometer_sisgeo_fb7e373ceb836de581a30-768x432.png 768w\" sizes=\"(max-width: 960px) 100vw, 960px\" \/><\/figure><\/a><\/div><div class=\"dce-item dce-item_title elementor-repeater-item-b433209\"><h5 class=\"dce-post-title\"><a href=\"https:\/\/sisgeo.com\/fr\/produits\/pendules\/coordinoscope-pour-pendule\/\">Coordinoscope pour pendule<\/a><\/h5><\/div><div class=\"dce-item dce-item_readmore elementor-repeater-item-ef0e5ce\">\t\t<div class=\"dce-post-button\">\n\t\t\t<a href=\"https:\/\/sisgeo.com\/fr\/produits\/pendules\/coordinoscope-pour-pendule\/\" class=\"elementor-button-link elementor-button dce-button elementor-size-sm\" role=\"button\" >\n\t\t\t<div class=\"align-middle\"><span>Apprendre encore plus<\/span><img decoding=\"async\" src=\"https:\/\/sisgeo.com\/wp-content\/uploads\/2023\/05\/arrow_red.png\"><\/div>\t\t\t<\/a>\n\t\t<\/div>\n\t\t<\/div>\t\t\t<\/div>\n\t\t<\/article>\n\t\t\t\t\t<\/div>\n\t\t\t\t\t<\/div>\n\t\t\t\t\t\t<\/div>\n\t\t\t\t<\/div>\n\t\t\t\t\t<\/div>\n\t\t\t\t<\/div>\n\t\t\t\t<\/div>\n\t\t","protected":false},"excerpt":{"rendered":"<p>Pendules Les syst\u00e8mes de pendule sont con\u00e7us pour surveiller les mouvements horizontaux des barrages et de leurs fondations. Les syst\u00e8mes de pendule sont utilis\u00e9s avec succ\u00e8s dans la r\u00e9habilitation des barrages. Ils peuvent \u00e9galement \u00eatre utilis\u00e9s pour la surveillance structurelle des tours ou des gratte-ciels. Les syst\u00e8mes de pendule sont disponibles en deux mod\u00e8les : [&hellip;]<\/p>\n","protected":false},"author":1,"featured_media":4100,"parent":20237,"menu_order":0,"comment_status":"closed","ping_status":"closed","template":"","meta":{"_acf_changed":false,"footnotes":""},"categories":[214],"tags":[],"class_list":["post-20618","page","type-page","status-publish","has-post-thumbnail","hentry","category-products-fr-2"],"acf":[],"yoast_head":"<!-- This site is optimized with the Yoast SEO Premium plugin v27.4 (Yoast SEO v27.4) - https:\/\/yoast.com\/product\/yoast-seo-premium-wordpress\/ -->\n<title>Pendules - Sisgeo<\/title>\n<meta name=\"robots\" content=\"index, follow, max-snippet:-1, max-image-preview:large, max-video-preview:-1\" \/>\n<link rel=\"canonical\" href=\"https:\/\/sisgeo.com\/fr\/produits\/pendules\/\" \/>\n<meta property=\"og:locale\" content=\"fr_FR\" \/>\n<meta property=\"og:type\" content=\"article\" \/>\n<meta property=\"og:title\" content=\"Pendules\" \/>\n<meta property=\"og:description\" content=\"Pendules Les syst\u00e8mes de pendule sont con\u00e7us pour surveiller les mouvements horizontaux des barrages et de leurs fondations. Les syst\u00e8mes de pendule sont utilis\u00e9s avec succ\u00e8s dans la r\u00e9habilitation des barrages. Ils peuvent \u00e9galement \u00eatre utilis\u00e9s pour la surveillance structurelle des tours ou des gratte-ciels. Les syst\u00e8mes de pendule sont disponibles en deux mod\u00e8les : [&hellip;]\" \/>\n<meta property=\"og:url\" content=\"https:\/\/sisgeo.com\/fr\/produits\/pendules\/\" \/>\n<meta property=\"og:site_name\" content=\"Sisgeo\" \/>\n<meta property=\"article:modified_time\" content=\"2023-12-12T11:06:36+00:00\" \/>\n<meta property=\"og:image\" content=\"https:\/\/sisgeo.com\/wp-content\/uploads\/2023\/07\/5_PENDULUMS.jpg\" \/>\n\t<meta property=\"og:image:width\" content=\"294\" \/>\n\t<meta property=\"og:image:height\" content=\"164\" \/>\n\t<meta property=\"og:image:type\" content=\"image\/jpeg\" \/>\n<meta name=\"twitter:card\" content=\"summary_large_image\" \/>\n<meta name=\"twitter:label1\" content=\"Dur\u00e9e de lecture estim\u00e9e\" \/>\n\t<meta name=\"twitter:data1\" content=\"2 minutes\" \/>\n<script type=\"application\/ld+json\" class=\"yoast-schema-graph\">{\"@context\":\"https:\\\/\\\/schema.org\",\"@graph\":[{\"@type\":\"WebPage\",\"@id\":\"https:\\\/\\\/sisgeo.com\\\/fr\\\/produits\\\/pendules\\\/\",\"url\":\"https:\\\/\\\/sisgeo.com\\\/fr\\\/produits\\\/pendules\\\/\",\"name\":\"Pendules - Sisgeo\",\"isPartOf\":{\"@id\":\"https:\\\/\\\/sisgeo.com\\\/fr\\\/#website\"},\"primaryImageOfPage\":{\"@id\":\"https:\\\/\\\/sisgeo.com\\\/fr\\\/produits\\\/pendules\\\/#primaryimage\"},\"image\":{\"@id\":\"https:\\\/\\\/sisgeo.com\\\/fr\\\/produits\\\/pendules\\\/#primaryimage\"},\"thumbnailUrl\":\"https:\\\/\\\/sisgeo.com\\\/wp-content\\\/uploads\\\/2023\\\/07\\\/5_PENDULUMS.jpg\",\"datePublished\":\"2023-06-05T08:36:29+00:00\",\"dateModified\":\"2023-12-12T11:06:36+00:00\",\"breadcrumb\":{\"@id\":\"https:\\\/\\\/sisgeo.com\\\/fr\\\/produits\\\/pendules\\\/#breadcrumb\"},\"inLanguage\":\"fr-FR\",\"potentialAction\":[{\"@type\":\"ReadAction\",\"target\":[\"https:\\\/\\\/sisgeo.com\\\/fr\\\/produits\\\/pendules\\\/\"]}]},{\"@type\":\"ImageObject\",\"inLanguage\":\"fr-FR\",\"@id\":\"https:\\\/\\\/sisgeo.com\\\/fr\\\/produits\\\/pendules\\\/#primaryimage\",\"url\":\"https:\\\/\\\/sisgeo.com\\\/wp-content\\\/uploads\\\/2023\\\/07\\\/5_PENDULUMS.jpg\",\"contentUrl\":\"https:\\\/\\\/sisgeo.com\\\/wp-content\\\/uploads\\\/2023\\\/07\\\/5_PENDULUMS.jpg\",\"width\":294,\"height\":164},{\"@type\":\"BreadcrumbList\",\"@id\":\"https:\\\/\\\/sisgeo.com\\\/fr\\\/produits\\\/pendules\\\/#breadcrumb\",\"itemListElement\":[{\"@type\":\"ListItem\",\"position\":1,\"name\":\"Home\",\"item\":\"https:\\\/\\\/sisgeo.com\\\/fr\\\/linstrumentation-geotechnique-et-structurale-pour-le-shm\\\/\"},{\"@type\":\"ListItem\",\"position\":2,\"name\":\"Produits\",\"item\":\"https:\\\/\\\/sisgeo.com\\\/fr\\\/produits\\\/\"},{\"@type\":\"ListItem\",\"position\":3,\"name\":\"Pendules\"}]},{\"@type\":\"WebSite\",\"@id\":\"https:\\\/\\\/sisgeo.com\\\/fr\\\/#website\",\"url\":\"https:\\\/\\\/sisgeo.com\\\/fr\\\/\",\"name\":\"Sisgeo\",\"description\":\"Inclined to improvement\",\"publisher\":{\"@id\":\"https:\\\/\\\/sisgeo.com\\\/fr\\\/#organization\"},\"potentialAction\":[{\"@type\":\"SearchAction\",\"target\":{\"@type\":\"EntryPoint\",\"urlTemplate\":\"https:\\\/\\\/sisgeo.com\\\/fr\\\/?s={search_term_string}\"},\"query-input\":{\"@type\":\"PropertyValueSpecification\",\"valueRequired\":true,\"valueName\":\"search_term_string\"}}],\"inLanguage\":\"fr-FR\"},{\"@type\":\"Organization\",\"@id\":\"https:\\\/\\\/sisgeo.com\\\/fr\\\/#organization\",\"name\":\"Sisgeo S.r.l.\",\"url\":\"https:\\\/\\\/sisgeo.com\\\/fr\\\/\",\"logo\":{\"@type\":\"ImageObject\",\"inLanguage\":\"fr-FR\",\"@id\":\"https:\\\/\\\/sisgeo.com\\\/fr\\\/#\\\/schema\\\/logo\\\/image\\\/\",\"url\":\"https:\\\/\\\/sisgeodev.pipehosting.it\\\/wp-content\\\/uploads\\\/2023\\\/06\\\/logo-RGB.png\",\"contentUrl\":\"https:\\\/\\\/sisgeodev.pipehosting.it\\\/wp-content\\\/uploads\\\/2023\\\/06\\\/logo-RGB.png\",\"width\":205,\"height\":97,\"caption\":\"Sisgeo S.r.l.\"},\"image\":{\"@id\":\"https:\\\/\\\/sisgeo.com\\\/fr\\\/#\\\/schema\\\/logo\\\/image\\\/\"}}]}<\/script>\n<!-- \/ Yoast SEO Premium plugin. -->","yoast_head_json":{"title":"Pendules - Sisgeo","robots":{"index":"index","follow":"follow","max-snippet":"max-snippet:-1","max-image-preview":"max-image-preview:large","max-video-preview":"max-video-preview:-1"},"canonical":"https:\/\/sisgeo.com\/fr\/produits\/pendules\/","og_locale":"fr_FR","og_type":"article","og_title":"Pendules","og_description":"Pendules Les syst\u00e8mes de pendule sont con\u00e7us pour surveiller les mouvements horizontaux des barrages et de leurs fondations. Les syst\u00e8mes de pendule sont utilis\u00e9s avec succ\u00e8s dans la r\u00e9habilitation des barrages. Ils peuvent \u00e9galement \u00eatre utilis\u00e9s pour la surveillance structurelle des tours ou des gratte-ciels. Les syst\u00e8mes de pendule sont disponibles en deux mod\u00e8les : [&hellip;]","og_url":"https:\/\/sisgeo.com\/fr\/produits\/pendules\/","og_site_name":"Sisgeo","article_modified_time":"2023-12-12T11:06:36+00:00","og_image":[{"width":294,"height":164,"url":"https:\/\/sisgeo.com\/wp-content\/uploads\/2023\/07\/5_PENDULUMS.jpg","type":"image\/jpeg"}],"twitter_card":"summary_large_image","twitter_misc":{"Dur\u00e9e de lecture estim\u00e9e":"2 minutes"},"schema":{"@context":"https:\/\/schema.org","@graph":[{"@type":"WebPage","@id":"https:\/\/sisgeo.com\/fr\/produits\/pendules\/","url":"https:\/\/sisgeo.com\/fr\/produits\/pendules\/","name":"Pendules - Sisgeo","isPartOf":{"@id":"https:\/\/sisgeo.com\/fr\/#website"},"primaryImageOfPage":{"@id":"https:\/\/sisgeo.com\/fr\/produits\/pendules\/#primaryimage"},"image":{"@id":"https:\/\/sisgeo.com\/fr\/produits\/pendules\/#primaryimage"},"thumbnailUrl":"https:\/\/sisgeo.com\/wp-content\/uploads\/2023\/07\/5_PENDULUMS.jpg","datePublished":"2023-06-05T08:36:29+00:00","dateModified":"2023-12-12T11:06:36+00:00","breadcrumb":{"@id":"https:\/\/sisgeo.com\/fr\/produits\/pendules\/#breadcrumb"},"inLanguage":"fr-FR","potentialAction":[{"@type":"ReadAction","target":["https:\/\/sisgeo.com\/fr\/produits\/pendules\/"]}]},{"@type":"ImageObject","inLanguage":"fr-FR","@id":"https:\/\/sisgeo.com\/fr\/produits\/pendules\/#primaryimage","url":"https:\/\/sisgeo.com\/wp-content\/uploads\/2023\/07\/5_PENDULUMS.jpg","contentUrl":"https:\/\/sisgeo.com\/wp-content\/uploads\/2023\/07\/5_PENDULUMS.jpg","width":294,"height":164},{"@type":"BreadcrumbList","@id":"https:\/\/sisgeo.com\/fr\/produits\/pendules\/#breadcrumb","itemListElement":[{"@type":"ListItem","position":1,"name":"Home","item":"https:\/\/sisgeo.com\/fr\/linstrumentation-geotechnique-et-structurale-pour-le-shm\/"},{"@type":"ListItem","position":2,"name":"Produits","item":"https:\/\/sisgeo.com\/fr\/produits\/"},{"@type":"ListItem","position":3,"name":"Pendules"}]},{"@type":"WebSite","@id":"https:\/\/sisgeo.com\/fr\/#website","url":"https:\/\/sisgeo.com\/fr\/","name":"Sisgeo","description":"Inclined to improvement","publisher":{"@id":"https:\/\/sisgeo.com\/fr\/#organization"},"potentialAction":[{"@type":"SearchAction","target":{"@type":"EntryPoint","urlTemplate":"https:\/\/sisgeo.com\/fr\/?s={search_term_string}"},"query-input":{"@type":"PropertyValueSpecification","valueRequired":true,"valueName":"search_term_string"}}],"inLanguage":"fr-FR"},{"@type":"Organization","@id":"https:\/\/sisgeo.com\/fr\/#organization","name":"Sisgeo S.r.l.","url":"https:\/\/sisgeo.com\/fr\/","logo":{"@type":"ImageObject","inLanguage":"fr-FR","@id":"https:\/\/sisgeo.com\/fr\/#\/schema\/logo\/image\/","url":"https:\/\/sisgeodev.pipehosting.it\/wp-content\/uploads\/2023\/06\/logo-RGB.png","contentUrl":"https:\/\/sisgeodev.pipehosting.it\/wp-content\/uploads\/2023\/06\/logo-RGB.png","width":205,"height":97,"caption":"Sisgeo S.r.l."},"image":{"@id":"https:\/\/sisgeo.com\/fr\/#\/schema\/logo\/image\/"}}]}},"_links":{"self":[{"href":"https:\/\/sisgeo.com\/fr\/wp-json\/wp\/v2\/pages\/20618","targetHints":{"allow":["GET"]}}],"collection":[{"href":"https:\/\/sisgeo.com\/fr\/wp-json\/wp\/v2\/pages"}],"about":[{"href":"https:\/\/sisgeo.com\/fr\/wp-json\/wp\/v2\/types\/page"}],"author":[{"embeddable":true,"href":"https:\/\/sisgeo.com\/fr\/wp-json\/wp\/v2\/users\/1"}],"replies":[{"embeddable":true,"href":"https:\/\/sisgeo.com\/fr\/wp-json\/wp\/v2\/comments?post=20618"}],"version-history":[{"count":1,"href":"https:\/\/sisgeo.com\/fr\/wp-json\/wp\/v2\/pages\/20618\/revisions"}],"predecessor-version":[{"id":20619,"href":"https:\/\/sisgeo.com\/fr\/wp-json\/wp\/v2\/pages\/20618\/revisions\/20619"}],"up":[{"embeddable":true,"href":"https:\/\/sisgeo.com\/fr\/wp-json\/wp\/v2\/pages\/20237"}],"wp:featuredmedia":[{"embeddable":true,"href":"https:\/\/sisgeo.com\/fr\/wp-json\/wp\/v2\/media\/4100"}],"wp:attachment":[{"href":"https:\/\/sisgeo.com\/fr\/wp-json\/wp\/v2\/media?parent=20618"}],"wp:term":[{"taxonomy":"category","embeddable":true,"href":"https:\/\/sisgeo.com\/fr\/wp-json\/wp\/v2\/categories?post=20618"},{"taxonomy":"post_tag","embeddable":true,"href":"https:\/\/sisgeo.com\/fr\/wp-json\/wp\/v2\/tags?post=20618"}],"curies":[{"name":"wp","href":"https:\/\/api.w.org\/{rel}","templated":true}]}}