{"id":20725,"date":"2023-06-26T16:25:54","date_gmt":"2023-06-26T14:25:54","guid":{"rendered":"https:\/\/sisgeo.com\/produits\/lecteurs-portables\/"},"modified":"2023-12-12T16:33:20","modified_gmt":"2023-12-12T15:33:20","slug":"lecteurs-portables","status":"publish","type":"page","link":"https:\/\/sisgeo.com\/fr\/produits\/lecteurs-portables\/","title":{"rendered":"Lecteurs portables"},"content":{"rendered":"\t\t<div data-elementor-type=\"wp-page\" data-elementor-id=\"20725\" class=\"elementor elementor-20725 elementor-2696\" data-elementor-post-type=\"page\">\n\t\t\t\t<div class=\"elementor-element elementor-element-7a63a93 e-flex e-con-boxed e-con e-parent\" data-id=\"7a63a93\" data-element_type=\"container\" data-e-type=\"container\">\n\t\t\t\t\t<div class=\"e-con-inner\">\n\t\t\t\t<div class=\"elementor-element elementor-element-caccc42 elementor-widget elementor-widget-heading\" data-id=\"caccc42\" data-element_type=\"widget\" data-e-type=\"widget\" data-widget_type=\"heading.default\">\n\t\t\t\t<div class=\"elementor-widget-container\">\n\t\t\t\t\t<h1 class=\"elementor-heading-title elementor-size-default\">Lecteurs portables<\/h1>\t\t\t\t<\/div>\n\t\t\t\t<\/div>\n\t\t\t\t<div class=\"elementor-element elementor-element-99defb4 elementor-widget elementor-widget-text-editor\" data-id=\"99defb4\" data-element_type=\"widget\" data-e-type=\"widget\" data-widget_type=\"text-editor.default\">\n\t\t\t\t<div class=\"elementor-widget-container\">\n\t\t\t\t\t\t\t\t\t<p>Les lecteurs portables sont toujours n\u00e9cessaires pendant les proc\u00e9dures d&rsquo;installation pour v\u00e9rifier les instruments avant et apr\u00e8s l&rsquo;installation. Pour les syst\u00e8mes de surveillance, o\u00f9 aucune mesure automatique n&rsquo;est requise, ces unit\u00e9s de lecture sont \u00e9galement utilis\u00e9es pour effectuer des lectures r\u00e9guli\u00e8res et pour v\u00e9rifier le syst\u00e8me de mesure. <br \/>Un bon syst\u00e8me de surveillance comprend non seulement des instruments, des c\u00e2bles et des lecteurs, mais aussi des accessoires fiables, tels que des bo\u00eetes de jonction, des borniers, des parasurtenseurs et des kits de raccordement.<\/p>\n\t\t\t\t\t\t\t\t<\/div>\n\t\t\t\t<\/div>\n\t\t\t\t<div data-dce-title-color=\"#E20717\" class=\"elementor-element elementor-element-8a09a03 elementor-widget elementor-widget-accordion\" data-id=\"8a09a03\" data-element_type=\"widget\" data-e-type=\"widget\" data-widget_type=\"accordion.default\">\n\t\t\t\t<div class=\"elementor-widget-container\">\n\t\t\t\t\t\t\t<div class=\"elementor-accordion\">\n\t\t\t\t\t\t\t<div class=\"elementor-accordion-item\">\n\t\t\t\t\t<div id=\"elementor-tab-title-1441\" class=\"elementor-tab-title\" data-tab=\"1\" role=\"button\" aria-controls=\"elementor-tab-content-1441\" aria-expanded=\"false\">\n\t\t\t\t\t\t\t\t\t\t\t\t\t<span class=\"elementor-accordion-icon elementor-accordion-icon-right\" aria-hidden=\"true\">\n\t\t\t\t\t\t\t\t\t\t\t\t\t\t\t<span class=\"elementor-accordion-icon-closed\"><svg xmlns=\"http:\/\/www.w3.org\/2000\/svg\" width=\"29\" height=\"16\" viewBox=\"0 0 29 16\" fill=\"none\"><path fill-rule=\"evenodd\" clip-rule=\"evenodd\" d=\"M27.25 0L14.375 13.038L1.5 0L0 1.5L14.4 15.9L28.749 1.5L27.25 0Z\" fill=\"#E4002B\"><\/path><\/svg><\/span>\n\t\t\t\t\t\t\t\t<span class=\"elementor-accordion-icon-opened\"><svg xmlns=\"http:\/\/www.w3.org\/2000\/svg\" width=\"29\" height=\"14\" viewBox=\"0 0 29 14\" fill=\"none\"><path fill-rule=\"evenodd\" clip-rule=\"evenodd\" d=\"M1.49902 13.1885L14.374 2.61651L27.249 13.1885L28.749 11.9722L14.349 0.295833L2.28882e-05 11.9722L1.49902 13.1885Z\" fill=\"#E4002B\"><\/path><\/svg><\/span>\n\t\t\t\t\t\t\t\t\t\t\t\t\t\t<\/span>\n\t\t\t\t\t\t\t\t\t\t\t\t<a class=\"elementor-accordion-title\" tabindex=\"0\">Plus d'informations sur ce sujet<\/a>\n\t\t\t\t\t<\/div>\n\t\t\t\t\t<div id=\"elementor-tab-content-1441\" class=\"elementor-tab-content elementor-clearfix\" data-tab=\"1\" role=\"region\" aria-labelledby=\"elementor-tab-title-1441\"><p>L&rsquo;<strong>unit\u00e9 de lecture CRD-400<\/strong> est un appareil monocanal polyvalent capable de lire une large gamme de capteurs g\u00e9otechniques et structurels (pas uniquement ceux fabriqu\u00e9s par Sisgeo). L&rsquo;interface conviviale guide l&rsquo;op\u00e9rateur \u00e0 travers les proc\u00e9dures de mesure en quelques \u00e9tapes simples. <\/p>\n<p>Le <strong>lecteur MIND<\/strong> est un appareil portable capable de lire et de stocker les donn\u00e9es de n&rsquo;importe quel capteur Sisgeo \u00e0 sortie analogique ou num\u00e9rique. MIND est pilot\u00e9 par l&rsquo;application MIND qui peut guider l&rsquo;op\u00e9rateur pendant toutes les phases de la mesure. Il est \u00e9galement capable de tracer les donn\u00e9es du capteur qui lui est connect\u00e9 en temps r\u00e9el. Gr\u00e2ce \u00e0 la d\u00e9tection automatique des capteurs analogiques via QR-Code, le calcul des mesures avec un polyn\u00f4me du troisi\u00e8me ou du quatri\u00e8me degr\u00e9 se fera automatiquement.   <\/p>\n<p>Sisgeo propose une large gamme d&rsquo;accessoires d&rsquo;installation et de lecture:<\/p>\n<ul>\n<li>Bo\u00eetiers commutateur et coffrets de mesure pour une lecture manuelle multiple avec des lecteurs portables;<\/li>\n<li>Bo\u00eetes de jonction pour connecter deux ou plusieurs c\u00e2bles d&rsquo;instrument \u00e0 un c\u00e2ble multiconducteur;<\/li>\n<li>Bo\u00eetes de jonction de protection contre les surtensions avec carte de protection \u00e0 3 niveaux;<\/li>\n<li>Connecteur volant \u00e0 installer sur le c\u00e2ble de l&rsquo;instrument en usine pour une lecture directe avec un lecteur portable;<\/li>\n<li>Kit de raccordement \u00e9tanche pour l&rsquo;extension ou la r\u00e9paration de c\u00e2bles.<\/li>\n<\/ul>\n<p>La qualit\u00e9 d&rsquo;un syst\u00e8me de surveillance d\u00e9pend de la qualit\u00e9 de tous les \u00e9l\u00e9ments du syst\u00e8me : instruments, c\u00e2bles, accessoires et lecteur\/enregistreur de donn\u00e9es. Un syst\u00e8me de surveillance de qualit\u00e9 m\u00e9diocre est synonyme de s\u00e9curit\u00e9 m\u00e9diocre et donc d&rsquo;un risque ou d&rsquo;un accident non d\u00e9tect\u00e9 plus \u00e9lev\u00e9. <\/p>\n<\/div>\n\t\t\t\t<\/div>\n\t\t\t\t\t\t\t\t<\/div>\n\t\t\t\t\t\t<\/div>\n\t\t\t\t<\/div>\n\t\t\t\t<div class=\"elementor-element elementor-element-58a3ecd dce-posts-layout-default dce-col-4 dce-col-tablet-3 dce-col-mobile-1 dce-align-left elementor-widget elementor-widget-dce-dynamicposts-v2\" data-id=\"58a3ecd\" data-element_type=\"widget\" data-e-type=\"widget\" data-settings=\"{&quot;style_items&quot;:&quot;default&quot;,&quot;grid_grid_type&quot;:&quot;flex&quot;}\" data-widget_type=\"dce-dynamicposts-v2.grid\">\n\t\t\t\t<div class=\"elementor-widget-container\">\n\t\t\t\t\t\n\t\t<div class=\"dce-fix-background-loop dce-posts-container dce-posts dce-dynamic-posts-collection  dce-skin-grid dce-skin-grid-flex\">\n\t\t\t\t\t\t<div class=\"dce-posts-wrapper dce-wrapper-grid\">\n\t\t\t\n\t\t<article class=\"post-20774 page type-page status-publish has-post-thumbnail hentry category-lecteurs-portables category-poste-de-lecture-mind dce-post dce-post-item dce-item-grid\" data-dce-post-id=\"20774\" data-dce-post-index=\"0\">\n\t\t\t<div class=\"dce-post-block elementor-animation-grow\">\n\t\t<div class=\"dce-item dce-item_image elementor-repeater-item-9ee1dae\"><a class=\"dce-post-image\" href=\"https:\/\/sisgeo.com\/fr\/produits\/lecteurs-portables\/poste-de-lecture-mind\/\"><figure  class=\"dce-img\"><img fetchpriority=\"high\" decoding=\"async\" width=\"960\" height=\"540\" src=\"https:\/\/sisgeo.com\/wp-content\/uploads\/2023\/07\/sisgeo_mind_readout_0_91db7a6eb11c.png\" class=\"\" alt=\"Poste de lecture MIND\" srcset=\"https:\/\/sisgeo.com\/wp-content\/uploads\/2023\/07\/sisgeo_mind_readout_0_91db7a6eb11c.png 960w, https:\/\/sisgeo.com\/wp-content\/uploads\/2023\/07\/sisgeo_mind_readout_0_91db7a6eb11c-300x169.png 300w, https:\/\/sisgeo.com\/wp-content\/uploads\/2023\/07\/sisgeo_mind_readout_0_91db7a6eb11c-768x432.png 768w\" sizes=\"(max-width: 960px) 100vw, 960px\" \/><\/figure><\/a><\/div><div class=\"dce-item dce-item_title elementor-repeater-item-b433209\"><h5 class=\"dce-post-title\"><a href=\"https:\/\/sisgeo.com\/fr\/produits\/lecteurs-portables\/poste-de-lecture-mind\/\">Poste de lecture MIND<\/a><\/h5><\/div><div class=\"dce-item dce-item_readmore elementor-repeater-item-ef0e5ce\">\t\t<div class=\"dce-post-button\">\n\t\t\t<a href=\"https:\/\/sisgeo.com\/fr\/produits\/lecteurs-portables\/poste-de-lecture-mind\/\" class=\"elementor-button-link elementor-button dce-button elementor-size-sm\" role=\"button\" >\n\t\t\t<div class=\"align-middle\"><span>Apprendre encore plus<\/span><img decoding=\"async\" src=\"https:\/\/sisgeo.com\/wp-content\/uploads\/2023\/05\/arrow_red.png\"><\/div>\t\t\t<\/a>\n\t\t<\/div>\n\t\t<\/div>\t\t\t<\/div>\n\t\t<\/article>\n\t\t\n\t\t<article class=\"post-20764 page type-page status-publish has-post-thumbnail hentry category-application-mind category-lecteurs-portables dce-post dce-post-item dce-item-grid\" data-dce-post-id=\"20764\" data-dce-post-index=\"1\">\n\t\t\t<div class=\"dce-post-block elementor-animation-grow\">\n\t\t<div class=\"dce-item dce-item_image elementor-repeater-item-9ee1dae\"><a class=\"dce-post-image\" href=\"https:\/\/sisgeo.com\/fr\/produits\/lecteurs-portables\/mind-app\/\"><figure  class=\"dce-img\"><img decoding=\"async\" width=\"960\" height=\"540\" src=\"https:\/\/sisgeo.com\/wp-content\/uploads\/2023\/09\/mind_app_sisgeo_0_cbbaf95c13d363fb1d22f04f8.jpg\" class=\"\" alt=\"MIND App\" srcset=\"https:\/\/sisgeo.com\/wp-content\/uploads\/2023\/09\/mind_app_sisgeo_0_cbbaf95c13d363fb1d22f04f8.jpg 960w, https:\/\/sisgeo.com\/wp-content\/uploads\/2023\/09\/mind_app_sisgeo_0_cbbaf95c13d363fb1d22f04f8-300x169.jpg 300w, https:\/\/sisgeo.com\/wp-content\/uploads\/2023\/09\/mind_app_sisgeo_0_cbbaf95c13d363fb1d22f04f8-768x432.jpg 768w\" sizes=\"(max-width: 960px) 100vw, 960px\" \/><\/figure><\/a><\/div><div class=\"dce-item dce-item_title elementor-repeater-item-b433209\"><h5 class=\"dce-post-title\"><a href=\"https:\/\/sisgeo.com\/fr\/produits\/lecteurs-portables\/mind-app\/\">MIND App<\/a><\/h5><\/div><div class=\"dce-item dce-item_readmore elementor-repeater-item-ef0e5ce\">\t\t<div class=\"dce-post-button\">\n\t\t\t<a href=\"https:\/\/sisgeo.com\/fr\/produits\/lecteurs-portables\/mind-app\/\" class=\"elementor-button-link elementor-button dce-button elementor-size-sm\" role=\"button\" >\n\t\t\t<div class=\"align-middle\"><span>Apprendre encore plus<\/span><img decoding=\"async\" src=\"https:\/\/sisgeo.com\/wp-content\/uploads\/2023\/05\/arrow_red.png\"><\/div>\t\t\t<\/a>\n\t\t<\/div>\n\t\t<\/div>\t\t\t<\/div>\n\t\t<\/article>\n\t\t\n\t\t<article class=\"post-20730 page type-page status-publish has-post-thumbnail hentry category-crd-400-poste-de-lecture-polyvalent category-lecteurs-portables dce-post dce-post-item dce-item-grid\" data-dce-post-id=\"20730\" data-dce-post-index=\"2\">\n\t\t\t<div class=\"dce-post-block elementor-animation-grow\">\n\t\t<div class=\"dce-item dce-item_image elementor-repeater-item-9ee1dae\"><a class=\"dce-post-image\" href=\"https:\/\/sisgeo.com\/fr\/produits\/lecteurs-portables\/crd-400-poste-de-lecture-polyvalent\/\"><figure  class=\"dce-img\"><img decoding=\"async\" width=\"960\" height=\"540\" src=\"https:\/\/sisgeo.com\/wp-content\/uploads\/2023\/06\/0_crd_400_m.png\" class=\"\" alt=\"CRD-400 Poste de lecture polyvalent\" srcset=\"https:\/\/sisgeo.com\/wp-content\/uploads\/2023\/06\/0_crd_400_m.png 960w, https:\/\/sisgeo.com\/wp-content\/uploads\/2023\/06\/0_crd_400_m-300x169.png 300w, https:\/\/sisgeo.com\/wp-content\/uploads\/2023\/06\/0_crd_400_m-768x432.png 768w\" sizes=\"(max-width: 960px) 100vw, 960px\" \/><\/figure><\/a><\/div><div class=\"dce-item dce-item_title elementor-repeater-item-b433209\"><h5 class=\"dce-post-title\"><a href=\"https:\/\/sisgeo.com\/fr\/produits\/lecteurs-portables\/crd-400-poste-de-lecture-polyvalent\/\">CRD-400 Poste de lecture polyvalent<\/a><\/h5><\/div><div class=\"dce-item dce-item_readmore elementor-repeater-item-ef0e5ce\">\t\t<div class=\"dce-post-button\">\n\t\t\t<a href=\"https:\/\/sisgeo.com\/fr\/produits\/lecteurs-portables\/crd-400-poste-de-lecture-polyvalent\/\" class=\"elementor-button-link elementor-button dce-button elementor-size-sm\" role=\"button\" >\n\t\t\t<div class=\"align-middle\"><span>Apprendre encore plus<\/span><img decoding=\"async\" src=\"https:\/\/sisgeo.com\/wp-content\/uploads\/2023\/05\/arrow_red.png\"><\/div>\t\t\t<\/a>\n\t\t<\/div>\n\t\t<\/div>\t\t\t<\/div>\n\t\t<\/article>\n\t\t\n\t\t<article class=\"post-20738 page type-page status-publish has-post-thumbnail hentry category-boites-de-jonction-et-accessoires category-lecteurs-portables dce-post dce-post-item dce-item-grid\" data-dce-post-id=\"20738\" data-dce-post-index=\"3\">\n\t\t\t<div class=\"dce-post-block elementor-animation-grow\">\n\t\t<div class=\"dce-item dce-item_image elementor-repeater-item-9ee1dae\"><a class=\"dce-post-image\" href=\"https:\/\/sisgeo.com\/fr\/produits\/lecteurs-portables\/boites-de-jonction-et-accessoires\/\"><figure  class=\"dce-img\"><img loading=\"lazy\" decoding=\"async\" width=\"960\" height=\"540\" src=\"https:\/\/sisgeo.com\/wp-content\/uploads\/2023\/09\/00_junction_boxes_and_accessories_sisgeo_3f4528.png\" class=\"\" alt=\"Bo\u00eetes de jonction et accessoires\" srcset=\"https:\/\/sisgeo.com\/wp-content\/uploads\/2023\/09\/00_junction_boxes_and_accessories_sisgeo_3f4528.png 960w, https:\/\/sisgeo.com\/wp-content\/uploads\/2023\/09\/00_junction_boxes_and_accessories_sisgeo_3f4528-300x169.png 300w, https:\/\/sisgeo.com\/wp-content\/uploads\/2023\/09\/00_junction_boxes_and_accessories_sisgeo_3f4528-768x432.png 768w\" sizes=\"(max-width: 960px) 100vw, 960px\" \/><\/figure><\/a><\/div><div class=\"dce-item dce-item_title elementor-repeater-item-b433209\"><h5 class=\"dce-post-title\"><a href=\"https:\/\/sisgeo.com\/fr\/produits\/lecteurs-portables\/boites-de-jonction-et-accessoires\/\">Bo\u00eetes de jonction et accessoires<\/a><\/h5><\/div><div class=\"dce-item dce-item_readmore elementor-repeater-item-ef0e5ce\">\t\t<div class=\"dce-post-button\">\n\t\t\t<a href=\"https:\/\/sisgeo.com\/fr\/produits\/lecteurs-portables\/boites-de-jonction-et-accessoires\/\" class=\"elementor-button-link elementor-button dce-button elementor-size-sm\" role=\"button\" >\n\t\t\t<div class=\"align-middle\"><span>Apprendre encore plus<\/span><img decoding=\"async\" src=\"https:\/\/sisgeo.com\/wp-content\/uploads\/2023\/05\/arrow_red.png\"><\/div>\t\t\t<\/a>\n\t\t<\/div>\n\t\t<\/div>\t\t\t<\/div>\n\t\t<\/article>\n\t\t\t\t\t<\/div>\n\t\t\t\t\t<\/div>\n\t\t\t\t\t\t<\/div>\n\t\t\t\t<\/div>\n\t\t\t\t\t<\/div>\n\t\t\t\t<\/div>\n\t\t\t\t<\/div>\n\t\t","protected":false},"excerpt":{"rendered":"<p>Lecteurs portables Les lecteurs portables sont toujours n\u00e9cessaires pendant les proc\u00e9dures d&rsquo;installation pour v\u00e9rifier les instruments avant et apr\u00e8s l&rsquo;installation. Pour les syst\u00e8mes de surveillance, o\u00f9 aucune mesure automatique n&rsquo;est requise, ces unit\u00e9s de lecture sont \u00e9galement utilis\u00e9es pour effectuer des lectures r\u00e9guli\u00e8res et pour v\u00e9rifier le syst\u00e8me de mesure. Un bon syst\u00e8me de surveillance [&hellip;]<\/p>\n","protected":false},"author":1,"featured_media":4022,"parent":20237,"menu_order":0,"comment_status":"closed","ping_status":"closed","template":"","meta":{"footnotes":""},"categories":[214],"tags":[],"class_list":["post-20725","page","type-page","status-publish","has-post-thumbnail","hentry","category-products-fr-2"],"yoast_head":"<!-- This site is optimized with the Yoast SEO Premium plugin v27.2 (Yoast SEO v27.2) - https:\/\/yoast.com\/product\/yoast-seo-premium-wordpress\/ -->\n<title>Lecteurs portables - Sisgeo<\/title>\n<meta name=\"robots\" content=\"index, follow, max-snippet:-1, max-image-preview:large, max-video-preview:-1\" \/>\n<link rel=\"canonical\" href=\"https:\/\/sisgeo.com\/fr\/produits\/lecteurs-portables\/\" \/>\n<meta property=\"og:locale\" content=\"fr_FR\" \/>\n<meta property=\"og:type\" content=\"article\" \/>\n<meta property=\"og:title\" content=\"Lecteurs portables\" \/>\n<meta property=\"og:description\" content=\"Lecteurs portables Les lecteurs portables sont toujours n\u00e9cessaires pendant les proc\u00e9dures d&rsquo;installation pour v\u00e9rifier les instruments avant et apr\u00e8s l&rsquo;installation. Pour les syst\u00e8mes de surveillance, o\u00f9 aucune mesure automatique n&rsquo;est requise, ces unit\u00e9s de lecture sont \u00e9galement utilis\u00e9es pour effectuer des lectures r\u00e9guli\u00e8res et pour v\u00e9rifier le syst\u00e8me de mesure. Un bon syst\u00e8me de surveillance [&hellip;]\" \/>\n<meta property=\"og:url\" content=\"https:\/\/sisgeo.com\/fr\/produits\/lecteurs-portables\/\" \/>\n<meta property=\"og:site_name\" content=\"Sisgeo\" \/>\n<meta property=\"article:modified_time\" content=\"2023-12-12T15:33:20+00:00\" \/>\n<meta property=\"og:image\" content=\"https:\/\/sisgeo.com\/wp-content\/uploads\/2023\/07\/15_PORTABLE-READOUTS.jpg\" \/>\n\t<meta property=\"og:image:width\" content=\"294\" \/>\n\t<meta property=\"og:image:height\" content=\"164\" \/>\n\t<meta property=\"og:image:type\" content=\"image\/jpeg\" \/>\n<meta name=\"twitter:card\" content=\"summary_large_image\" \/>\n<meta name=\"twitter:label1\" content=\"Dur\u00e9e de lecture estim\u00e9e\" \/>\n\t<meta name=\"twitter:data1\" content=\"2 minutes\" \/>\n<script type=\"application\/ld+json\" class=\"yoast-schema-graph\">{\"@context\":\"https:\/\/schema.org\",\"@graph\":[{\"@type\":\"WebPage\",\"@id\":\"https:\/\/sisgeo.com\/fr\/produits\/lecteurs-portables\/\",\"url\":\"https:\/\/sisgeo.com\/fr\/produits\/lecteurs-portables\/\",\"name\":\"Lecteurs portables - Sisgeo\",\"isPartOf\":{\"@id\":\"https:\/\/sisgeo.com\/fr\/#website\"},\"primaryImageOfPage\":{\"@id\":\"https:\/\/sisgeo.com\/fr\/produits\/lecteurs-portables\/#primaryimage\"},\"image\":{\"@id\":\"https:\/\/sisgeo.com\/fr\/produits\/lecteurs-portables\/#primaryimage\"},\"thumbnailUrl\":\"https:\/\/sisgeo.com\/wp-content\/uploads\/2023\/07\/15_PORTABLE-READOUTS.jpg\",\"datePublished\":\"2023-06-26T14:25:54+00:00\",\"dateModified\":\"2023-12-12T15:33:20+00:00\",\"breadcrumb\":{\"@id\":\"https:\/\/sisgeo.com\/fr\/produits\/lecteurs-portables\/#breadcrumb\"},\"inLanguage\":\"fr-FR\",\"potentialAction\":[{\"@type\":\"ReadAction\",\"target\":[\"https:\/\/sisgeo.com\/fr\/produits\/lecteurs-portables\/\"]}]},{\"@type\":\"ImageObject\",\"inLanguage\":\"fr-FR\",\"@id\":\"https:\/\/sisgeo.com\/fr\/produits\/lecteurs-portables\/#primaryimage\",\"url\":\"https:\/\/sisgeo.com\/wp-content\/uploads\/2023\/07\/15_PORTABLE-READOUTS.jpg\",\"contentUrl\":\"https:\/\/sisgeo.com\/wp-content\/uploads\/2023\/07\/15_PORTABLE-READOUTS.jpg\",\"width\":294,\"height\":164},{\"@type\":\"BreadcrumbList\",\"@id\":\"https:\/\/sisgeo.com\/fr\/produits\/lecteurs-portables\/#breadcrumb\",\"itemListElement\":[{\"@type\":\"ListItem\",\"position\":1,\"name\":\"Home\",\"item\":\"https:\/\/sisgeo.com\/fr\/linstrumentation-geotechnique-et-structurale-pour-le-shm\/\"},{\"@type\":\"ListItem\",\"position\":2,\"name\":\"Produits\",\"item\":\"https:\/\/sisgeo.com\/fr\/produits\/\"},{\"@type\":\"ListItem\",\"position\":3,\"name\":\"Lecteurs portables\"}]},{\"@type\":\"WebSite\",\"@id\":\"https:\/\/sisgeo.com\/fr\/#website\",\"url\":\"https:\/\/sisgeo.com\/fr\/\",\"name\":\"Sisgeo\",\"description\":\"Inclined to improvement\",\"publisher\":{\"@id\":\"https:\/\/sisgeo.com\/fr\/#organization\"},\"potentialAction\":[{\"@type\":\"SearchAction\",\"target\":{\"@type\":\"EntryPoint\",\"urlTemplate\":\"https:\/\/sisgeo.com\/fr\/?s={search_term_string}\"},\"query-input\":{\"@type\":\"PropertyValueSpecification\",\"valueRequired\":true,\"valueName\":\"search_term_string\"}}],\"inLanguage\":\"fr-FR\"},{\"@type\":\"Organization\",\"@id\":\"https:\/\/sisgeo.com\/fr\/#organization\",\"name\":\"Sisgeo S.r.l.\",\"url\":\"https:\/\/sisgeo.com\/fr\/\",\"logo\":{\"@type\":\"ImageObject\",\"inLanguage\":\"fr-FR\",\"@id\":\"https:\/\/sisgeo.com\/fr\/#\/schema\/logo\/image\/\",\"url\":\"https:\/\/sisgeodev.pipehosting.it\/wp-content\/uploads\/2023\/06\/logo-RGB.png\",\"contentUrl\":\"https:\/\/sisgeodev.pipehosting.it\/wp-content\/uploads\/2023\/06\/logo-RGB.png\",\"width\":205,\"height\":97,\"caption\":\"Sisgeo S.r.l.\"},\"image\":{\"@id\":\"https:\/\/sisgeo.com\/fr\/#\/schema\/logo\/image\/\"}}]}<\/script>\n<!-- \/ Yoast SEO Premium plugin. -->","yoast_head_json":{"title":"Lecteurs portables - Sisgeo","robots":{"index":"index","follow":"follow","max-snippet":"max-snippet:-1","max-image-preview":"max-image-preview:large","max-video-preview":"max-video-preview:-1"},"canonical":"https:\/\/sisgeo.com\/fr\/produits\/lecteurs-portables\/","og_locale":"fr_FR","og_type":"article","og_title":"Lecteurs portables","og_description":"Lecteurs portables Les lecteurs portables sont toujours n\u00e9cessaires pendant les proc\u00e9dures d&rsquo;installation pour v\u00e9rifier les instruments avant et apr\u00e8s l&rsquo;installation. Pour les syst\u00e8mes de surveillance, o\u00f9 aucune mesure automatique n&rsquo;est requise, ces unit\u00e9s de lecture sont \u00e9galement utilis\u00e9es pour effectuer des lectures r\u00e9guli\u00e8res et pour v\u00e9rifier le syst\u00e8me de mesure. Un bon syst\u00e8me de surveillance [&hellip;]","og_url":"https:\/\/sisgeo.com\/fr\/produits\/lecteurs-portables\/","og_site_name":"Sisgeo","article_modified_time":"2023-12-12T15:33:20+00:00","og_image":[{"width":294,"height":164,"url":"https:\/\/sisgeo.com\/wp-content\/uploads\/2023\/07\/15_PORTABLE-READOUTS.jpg","type":"image\/jpeg"}],"twitter_card":"summary_large_image","twitter_misc":{"Dur\u00e9e de lecture estim\u00e9e":"2 minutes"},"schema":{"@context":"https:\/\/schema.org","@graph":[{"@type":"WebPage","@id":"https:\/\/sisgeo.com\/fr\/produits\/lecteurs-portables\/","url":"https:\/\/sisgeo.com\/fr\/produits\/lecteurs-portables\/","name":"Lecteurs portables - Sisgeo","isPartOf":{"@id":"https:\/\/sisgeo.com\/fr\/#website"},"primaryImageOfPage":{"@id":"https:\/\/sisgeo.com\/fr\/produits\/lecteurs-portables\/#primaryimage"},"image":{"@id":"https:\/\/sisgeo.com\/fr\/produits\/lecteurs-portables\/#primaryimage"},"thumbnailUrl":"https:\/\/sisgeo.com\/wp-content\/uploads\/2023\/07\/15_PORTABLE-READOUTS.jpg","datePublished":"2023-06-26T14:25:54+00:00","dateModified":"2023-12-12T15:33:20+00:00","breadcrumb":{"@id":"https:\/\/sisgeo.com\/fr\/produits\/lecteurs-portables\/#breadcrumb"},"inLanguage":"fr-FR","potentialAction":[{"@type":"ReadAction","target":["https:\/\/sisgeo.com\/fr\/produits\/lecteurs-portables\/"]}]},{"@type":"ImageObject","inLanguage":"fr-FR","@id":"https:\/\/sisgeo.com\/fr\/produits\/lecteurs-portables\/#primaryimage","url":"https:\/\/sisgeo.com\/wp-content\/uploads\/2023\/07\/15_PORTABLE-READOUTS.jpg","contentUrl":"https:\/\/sisgeo.com\/wp-content\/uploads\/2023\/07\/15_PORTABLE-READOUTS.jpg","width":294,"height":164},{"@type":"BreadcrumbList","@id":"https:\/\/sisgeo.com\/fr\/produits\/lecteurs-portables\/#breadcrumb","itemListElement":[{"@type":"ListItem","position":1,"name":"Home","item":"https:\/\/sisgeo.com\/fr\/linstrumentation-geotechnique-et-structurale-pour-le-shm\/"},{"@type":"ListItem","position":2,"name":"Produits","item":"https:\/\/sisgeo.com\/fr\/produits\/"},{"@type":"ListItem","position":3,"name":"Lecteurs portables"}]},{"@type":"WebSite","@id":"https:\/\/sisgeo.com\/fr\/#website","url":"https:\/\/sisgeo.com\/fr\/","name":"Sisgeo","description":"Inclined to improvement","publisher":{"@id":"https:\/\/sisgeo.com\/fr\/#organization"},"potentialAction":[{"@type":"SearchAction","target":{"@type":"EntryPoint","urlTemplate":"https:\/\/sisgeo.com\/fr\/?s={search_term_string}"},"query-input":{"@type":"PropertyValueSpecification","valueRequired":true,"valueName":"search_term_string"}}],"inLanguage":"fr-FR"},{"@type":"Organization","@id":"https:\/\/sisgeo.com\/fr\/#organization","name":"Sisgeo S.r.l.","url":"https:\/\/sisgeo.com\/fr\/","logo":{"@type":"ImageObject","inLanguage":"fr-FR","@id":"https:\/\/sisgeo.com\/fr\/#\/schema\/logo\/image\/","url":"https:\/\/sisgeodev.pipehosting.it\/wp-content\/uploads\/2023\/06\/logo-RGB.png","contentUrl":"https:\/\/sisgeodev.pipehosting.it\/wp-content\/uploads\/2023\/06\/logo-RGB.png","width":205,"height":97,"caption":"Sisgeo S.r.l."},"image":{"@id":"https:\/\/sisgeo.com\/fr\/#\/schema\/logo\/image\/"}}]}},"_links":{"self":[{"href":"https:\/\/sisgeo.com\/fr\/wp-json\/wp\/v2\/pages\/20725","targetHints":{"allow":["GET"]}}],"collection":[{"href":"https:\/\/sisgeo.com\/fr\/wp-json\/wp\/v2\/pages"}],"about":[{"href":"https:\/\/sisgeo.com\/fr\/wp-json\/wp\/v2\/types\/page"}],"author":[{"embeddable":true,"href":"https:\/\/sisgeo.com\/fr\/wp-json\/wp\/v2\/users\/1"}],"replies":[{"embeddable":true,"href":"https:\/\/sisgeo.com\/fr\/wp-json\/wp\/v2\/comments?post=20725"}],"version-history":[{"count":1,"href":"https:\/\/sisgeo.com\/fr\/wp-json\/wp\/v2\/pages\/20725\/revisions"}],"predecessor-version":[{"id":20726,"href":"https:\/\/sisgeo.com\/fr\/wp-json\/wp\/v2\/pages\/20725\/revisions\/20726"}],"up":[{"embeddable":true,"href":"https:\/\/sisgeo.com\/fr\/wp-json\/wp\/v2\/pages\/20237"}],"wp:featuredmedia":[{"embeddable":true,"href":"https:\/\/sisgeo.com\/fr\/wp-json\/wp\/v2\/media\/4022"}],"wp:attachment":[{"href":"https:\/\/sisgeo.com\/fr\/wp-json\/wp\/v2\/media?parent=20725"}],"wp:term":[{"taxonomy":"category","embeddable":true,"href":"https:\/\/sisgeo.com\/fr\/wp-json\/wp\/v2\/categories?post=20725"},{"taxonomy":"post_tag","embeddable":true,"href":"https:\/\/sisgeo.com\/fr\/wp-json\/wp\/v2\/tags?post=20725"}],"curies":[{"name":"wp","href":"https:\/\/api.w.org\/{rel}","templated":true}]}}