{"id":20794,"date":"2023-07-27T10:17:58","date_gmt":"2023-07-27T08:17:58","guid":{"rendered":"https:\/\/sisgeo.com\/produits\/cellules-de-pression\/"},"modified":"2023-12-19T15:03:02","modified_gmt":"2023-12-19T14:03:02","slug":"cellules-de-pression","status":"publish","type":"page","link":"https:\/\/sisgeo.com\/fr\/produits\/cellules-de-pression\/","title":{"rendered":"Cellules de pression"},"content":{"rendered":"\t\t<div data-elementor-type=\"wp-page\" data-elementor-id=\"20794\" class=\"elementor elementor-20794 elementor-3894\" data-elementor-post-type=\"page\">\n\t\t\t\t<div class=\"elementor-element elementor-element-7a63a93 e-flex e-con-boxed e-con e-parent\" data-id=\"7a63a93\" data-element_type=\"container\" data-e-type=\"container\">\n\t\t\t\t\t<div class=\"e-con-inner\">\n\t\t\t\t<div class=\"elementor-element elementor-element-99defb4 elementor-widget elementor-widget-text-editor\" data-id=\"99defb4\" data-element_type=\"widget\" data-e-type=\"widget\" data-widget_type=\"text-editor.default\">\n\t\t\t\t<div class=\"elementor-widget-container\">\n\t\t\t\t\t\t\t\t\t<p>Les cellules de pression se composent essentiellement d&rsquo;un coussin de pression rempli d&rsquo;huile d\u00e9sa\u00e9r\u00e9e, reli\u00e9 \u00e0 un capteur de pression par un tube hydraulique. La taille et la forme du coussin de pression doivent \u00eatre choisies en fonction de l&rsquo;application, de la pression attendue, de la taille de la structure dans laquelle il sera install\u00e9 et de la m\u00e9thode d&rsquo;installation. <\/p>\n<p>Les cellules de pression sont couramment utilis\u00e9es lors de la construction de tunnels et de la construction de barrages en terre.<\/p>\n<p>Un v\u00e9rin plat est un dispositif utilis\u00e9 pour mesurer la contrainte ou la capacit\u00e9 de charge d&rsquo;une structure. Il se compose d&rsquo;un v\u00e9rin plat qui est ins\u00e9r\u00e9 dans une fine entaille r\u00e9alis\u00e9e dans une structure en b\u00e9ton ou un massif rocheux. <\/p>\n\t\t\t\t\t\t\t\t<\/div>\n\t\t\t\t<\/div>\n\t\t\t\t<div class=\"elementor-element elementor-element-8a09a03 elementor-widget elementor-widget-accordion\" data-id=\"8a09a03\" data-element_type=\"widget\" data-e-type=\"widget\" data-widget_type=\"accordion.default\">\n\t\t\t\t<div class=\"elementor-widget-container\">\n\t\t\t\t\t\t\t<div class=\"elementor-accordion\">\n\t\t\t\t\t\t\t<div class=\"elementor-accordion-item\">\n\t\t\t\t\t<div id=\"elementor-tab-title-1441\" class=\"elementor-tab-title\" data-tab=\"1\" role=\"button\" aria-controls=\"elementor-tab-content-1441\" aria-expanded=\"false\">\n\t\t\t\t\t\t\t\t\t\t\t\t\t<span class=\"elementor-accordion-icon elementor-accordion-icon-right\" aria-hidden=\"true\">\n\t\t\t\t\t\t\t\t\t\t\t\t\t\t\t<span class=\"elementor-accordion-icon-closed\"><svg xmlns=\"http:\/\/www.w3.org\/2000\/svg\" width=\"29\" height=\"16\" viewBox=\"0 0 29 16\" fill=\"none\"><path fill-rule=\"evenodd\" clip-rule=\"evenodd\" d=\"M27.25 0L14.375 13.038L1.5 0L0 1.5L14.4 15.9L28.749 1.5L27.25 0Z\" fill=\"#E4002B\"><\/path><\/svg><\/span>\n\t\t\t\t\t\t\t\t<span class=\"elementor-accordion-icon-opened\"><svg xmlns=\"http:\/\/www.w3.org\/2000\/svg\" width=\"29\" height=\"14\" viewBox=\"0 0 29 14\" fill=\"none\"><path fill-rule=\"evenodd\" clip-rule=\"evenodd\" d=\"M1.49902 13.1885L14.374 2.61651L27.249 13.1885L28.749 11.9722L14.349 0.295833L2.28882e-05 11.9722L1.49902 13.1885Z\" fill=\"#E4002B\"><\/path><\/svg><\/span>\n\t\t\t\t\t\t\t\t\t\t\t\t\t\t<\/span>\n\t\t\t\t\t\t\t\t\t\t\t\t<a class=\"elementor-accordion-title\" tabindex=\"0\">Plus d'informations sur ce sujet<\/a>\n\t\t\t\t\t<\/div>\n\t\t\t\t\t<div id=\"elementor-tab-content-1441\" class=\"elementor-tab-content elementor-clearfix\" data-tab=\"1\" role=\"region\" aria-labelledby=\"elementor-tab-title-1441\"><p>Les <strong>cellules de pression totale pour sol<\/strong> sont constitu\u00e9es d&rsquo;un coussin de pression sensible sur une seule face, reli\u00e9 au capteur de pression par un tube d&rsquo;acier rigide. Le capteur de pression est g\u00e9n\u00e9ralement un capteur \u00e0 corde vibrante, en raison de la longue dur\u00e9e de vie attendue de cette technologie. <\/p>\n<p>Dans les tunnels, les <strong>cellules de pression hydraulique<\/strong> sont souvent n\u00e9cessaires pour surveiller les contraintes dans le rev\u00eatement en b\u00e9ton. Les cellules de pression hydrauliques sont disponibles en deux mod\u00e8les : les cellules de pression radiales et les cellules de pression tangentielles. Elles doivent \u00eatre personnalis\u00e9es en termes de forme et de taille du coussin, de mod\u00e8le de capteur et de plage de mesure. Avec ce type de cellule de pression, il est possible d&rsquo;effectuer des relev\u00e9s locaux et une surveillance \u00e0 distance.   <\/p>\n<p>Le coussin de <strong>v\u00e9rin plat<\/strong> est pressuris\u00e9 avec un fluide incompressible (de l&rsquo;huile typiquement) qui exerce une pression sur la surface environnante. En mesurant la pression n\u00e9cessaire pour ramener les bords de la saign\u00e9e \u00e0 leur position d\u2019origine, les ing\u00e9nieurs peuvent \u00e9valuer l&rsquo;int\u00e9grit\u00e9 structurelle et les propri\u00e9t\u00e9s m\u00e9caniques du mat\u00e9riau test\u00e9. <\/p>\n<p>De nombreuses informations, conseils et limitations concernant l&rsquo;utilisation des cellules de pression peuvent \u00e9galement \u00eatre trouv\u00e9s dans la norme internationale ISO 18674-5 \u00ab\u00a0Mesures de changement de contrainte par cellules de pression totale (TPC)\u00a0\u00bb.<\/p>\n<\/div>\n\t\t\t\t<\/div>\n\t\t\t\t\t\t\t\t<\/div>\n\t\t\t\t\t\t<\/div>\n\t\t\t\t<\/div>\n\t\t\t\t<div class=\"elementor-element elementor-element-58a3ecd dce-posts-layout-default dce-col-4 dce-col-tablet-3 dce-col-mobile-1 dce-align-left elementor-widget elementor-widget-dce-dynamicposts-v2\" data-id=\"58a3ecd\" data-element_type=\"widget\" data-e-type=\"widget\" data-settings=\"{&quot;style_items&quot;:&quot;default&quot;,&quot;grid_grid_type&quot;:&quot;flex&quot;}\" data-widget_type=\"dce-dynamicposts-v2.grid\">\n\t\t\t\t<div class=\"elementor-widget-container\">\n\t\t\t\t\t\n\t\t<div class=\"dce-fix-background-loop dce-posts-container dce-posts dce-dynamic-posts-collection  dce-skin-grid dce-skin-grid-flex\">\n\t\t\t\t\t\t<div class=\"dce-posts-wrapper dce-wrapper-grid\">\n\t\t\t\n\t\t<article class=\"post-20834 page type-page status-publish has-post-thumbnail hentry category-cellules-de-pression category-cellules-de-pression-hydraulique dce-post dce-post-item dce-item-grid\" data-dce-post-id=\"20834\" data-dce-post-index=\"0\">\n\t\t\t<div class=\"dce-post-block elementor-animation-grow\">\n\t\t<div class=\"dce-item dce-item_image elementor-repeater-item-9ee1dae\"><a class=\"dce-post-image\" href=\"https:\/\/sisgeo.com\/fr\/produits\/cellules-de-pression\/cellules-de-pression-hydraulique\/\"><figure  class=\"dce-img\"><img fetchpriority=\"high\" decoding=\"async\" width=\"960\" height=\"540\" src=\"https:\/\/sisgeo.com\/wp-content\/uploads\/2023\/09\/0_hydraulic_pressure_cells_f2b5505e7ec4c22052.png\" class=\"\" alt=\"Cellules de pression hydraulique\" srcset=\"https:\/\/sisgeo.com\/wp-content\/uploads\/2023\/09\/0_hydraulic_pressure_cells_f2b5505e7ec4c22052.png 960w, https:\/\/sisgeo.com\/wp-content\/uploads\/2023\/09\/0_hydraulic_pressure_cells_f2b5505e7ec4c22052-300x169.png 300w, https:\/\/sisgeo.com\/wp-content\/uploads\/2023\/09\/0_hydraulic_pressure_cells_f2b5505e7ec4c22052-768x432.png 768w\" sizes=\"(max-width: 960px) 100vw, 960px\" \/><\/figure><\/a><\/div><div class=\"dce-item dce-item_title elementor-repeater-item-b433209\"><h5 class=\"dce-post-title\"><a href=\"https:\/\/sisgeo.com\/fr\/produits\/cellules-de-pression\/cellules-de-pression-hydraulique\/\">Cellules de pression hydraulique<\/a><\/h5><\/div><div class=\"dce-item dce-item_readmore elementor-repeater-item-ef0e5ce\">\t\t<div class=\"dce-post-button\">\n\t\t\t<a href=\"https:\/\/sisgeo.com\/fr\/produits\/cellules-de-pression\/cellules-de-pression-hydraulique\/\" class=\"elementor-button-link elementor-button dce-button elementor-size-sm\" role=\"button\" >\n\t\t\t<div class=\"align-middle\"><span>Apprendre encore plus<\/span><img decoding=\"async\" src=\"https:\/\/sisgeo.com\/wp-content\/uploads\/2023\/05\/arrow_red.png\"><\/div>\t\t\t<\/a>\n\t\t<\/div>\n\t\t<\/div>\t\t\t<\/div>\n\t\t<\/article>\n\t\t\n\t\t<article class=\"post-20818 page type-page status-publish has-post-thumbnail hentry category-cellules-de-pression category-cellules-de-pression-des-terres dce-post dce-post-item dce-item-grid\" data-dce-post-id=\"20818\" data-dce-post-index=\"1\">\n\t\t\t<div class=\"dce-post-block elementor-animation-grow\">\n\t\t<div class=\"dce-item dce-item_image elementor-repeater-item-9ee1dae\"><a class=\"dce-post-image\" href=\"https:\/\/sisgeo.com\/fr\/produits\/cellules-de-pression\/cellules-de-pression-des-terres\/\"><figure  class=\"dce-img\"><img decoding=\"async\" width=\"960\" height=\"540\" src=\"https:\/\/sisgeo.com\/wp-content\/uploads\/2023\/09\/00_earth_pressure_cells_sisgeo_e822d231c3a92.png\" class=\"\" alt=\"Cellules de pression des terres\" srcset=\"https:\/\/sisgeo.com\/wp-content\/uploads\/2023\/09\/00_earth_pressure_cells_sisgeo_e822d231c3a92.png 960w, https:\/\/sisgeo.com\/wp-content\/uploads\/2023\/09\/00_earth_pressure_cells_sisgeo_e822d231c3a92-300x169.png 300w, https:\/\/sisgeo.com\/wp-content\/uploads\/2023\/09\/00_earth_pressure_cells_sisgeo_e822d231c3a92-768x432.png 768w\" sizes=\"(max-width: 960px) 100vw, 960px\" \/><\/figure><\/a><\/div><div class=\"dce-item dce-item_title elementor-repeater-item-b433209\"><h5 class=\"dce-post-title\"><a href=\"https:\/\/sisgeo.com\/fr\/produits\/cellules-de-pression\/cellules-de-pression-des-terres\/\">Cellules de pression des terres<\/a><\/h5><\/div><div class=\"dce-item dce-item_readmore elementor-repeater-item-ef0e5ce\">\t\t<div class=\"dce-post-button\">\n\t\t\t<a href=\"https:\/\/sisgeo.com\/fr\/produits\/cellules-de-pression\/cellules-de-pression-des-terres\/\" class=\"elementor-button-link elementor-button dce-button elementor-size-sm\" role=\"button\" >\n\t\t\t<div class=\"align-middle\"><span>Apprendre encore plus<\/span><img decoding=\"async\" src=\"https:\/\/sisgeo.com\/wp-content\/uploads\/2023\/05\/arrow_red.png\"><\/div>\t\t\t<\/a>\n\t\t<\/div>\n\t\t<\/div>\t\t\t<\/div>\n\t\t<\/article>\n\t\t\n\t\t<article class=\"post-20827 page type-page status-publish has-post-thumbnail hentry category-accessoires-de-test-pour-verin-plat category-cellules-de-pression dce-post dce-post-item dce-item-grid\" data-dce-post-id=\"20827\" data-dce-post-index=\"2\">\n\t\t\t<div class=\"dce-post-block elementor-animation-grow\">\n\t\t<div class=\"dce-item dce-item_image elementor-repeater-item-9ee1dae\"><a class=\"dce-post-image\" href=\"https:\/\/sisgeo.com\/fr\/produits\/cellules-de-pression\/accessoires-de-test-pour-verin-plat\/\"><figure  class=\"dce-img\"><img decoding=\"async\" width=\"960\" height=\"540\" src=\"https:\/\/sisgeo.com\/wp-content\/uploads\/2023\/09\/00_flat_jack_testing_sisgeo_6bdaf4f9b61ae.png\" class=\"\" alt=\"Accessoires de test pour v\u00e9rin plat\" srcset=\"https:\/\/sisgeo.com\/wp-content\/uploads\/2023\/09\/00_flat_jack_testing_sisgeo_6bdaf4f9b61ae.png 960w, https:\/\/sisgeo.com\/wp-content\/uploads\/2023\/09\/00_flat_jack_testing_sisgeo_6bdaf4f9b61ae-300x169.png 300w, https:\/\/sisgeo.com\/wp-content\/uploads\/2023\/09\/00_flat_jack_testing_sisgeo_6bdaf4f9b61ae-768x432.png 768w\" sizes=\"(max-width: 960px) 100vw, 960px\" \/><\/figure><\/a><\/div><div class=\"dce-item dce-item_title elementor-repeater-item-b433209\"><h5 class=\"dce-post-title\"><a href=\"https:\/\/sisgeo.com\/fr\/produits\/cellules-de-pression\/accessoires-de-test-pour-verin-plat\/\">Accessoires de test pour v\u00e9rin plat<\/a><\/h5><\/div><div class=\"dce-item dce-item_readmore elementor-repeater-item-ef0e5ce\">\t\t<div class=\"dce-post-button\">\n\t\t\t<a href=\"https:\/\/sisgeo.com\/fr\/produits\/cellules-de-pression\/accessoires-de-test-pour-verin-plat\/\" class=\"elementor-button-link elementor-button dce-button elementor-size-sm\" role=\"button\" >\n\t\t\t<div class=\"align-middle\"><span>Apprendre encore plus<\/span><img decoding=\"async\" src=\"https:\/\/sisgeo.com\/wp-content\/uploads\/2023\/05\/arrow_red.png\"><\/div>\t\t\t<\/a>\n\t\t<\/div>\n\t\t<\/div>\t\t\t<\/div>\n\t\t<\/article>\n\t\t\t\t\t<\/div>\n\t\t\t\t\t<\/div>\n\t\t\t\t\t\t<\/div>\n\t\t\t\t<\/div>\n\t\t\t\t\t<\/div>\n\t\t\t\t<\/div>\n\t\t\t\t<\/div>\n\t\t","protected":false},"excerpt":{"rendered":"<p>Les cellules de pression se composent essentiellement d&rsquo;un coussin de pression rempli d&rsquo;huile d\u00e9sa\u00e9r\u00e9e, reli\u00e9 \u00e0 un capteur de pression par un tube hydraulique. La taille et la forme du coussin de pression doivent \u00eatre choisies en fonction de l&rsquo;application, de la pression attendue, de la taille de la structure dans laquelle il sera install\u00e9 [&hellip;]<\/p>\n","protected":false},"author":1,"featured_media":4086,"parent":20237,"menu_order":0,"comment_status":"closed","ping_status":"closed","template":"","meta":{"footnotes":""},"categories":[214],"tags":[],"class_list":["post-20794","page","type-page","status-publish","has-post-thumbnail","hentry","category-products-fr-2"],"yoast_head":"<!-- This site is optimized with the Yoast SEO Premium plugin v27.2 (Yoast SEO v27.2) - https:\/\/yoast.com\/product\/yoast-seo-premium-wordpress\/ -->\n<title>Cellules de pression - Sisgeo<\/title>\n<meta name=\"robots\" content=\"index, follow, max-snippet:-1, max-image-preview:large, max-video-preview:-1\" \/>\n<link rel=\"canonical\" href=\"https:\/\/sisgeo.com\/fr\/produits\/cellules-de-pression\/\" \/>\n<meta property=\"og:locale\" content=\"fr_FR\" \/>\n<meta property=\"og:type\" content=\"article\" \/>\n<meta property=\"og:title\" content=\"Cellules de pression\" \/>\n<meta property=\"og:description\" content=\"Les cellules de pression se composent essentiellement d&rsquo;un coussin de pression rempli d&rsquo;huile d\u00e9sa\u00e9r\u00e9e, reli\u00e9 \u00e0 un capteur de pression par un tube hydraulique. La taille et la forme du coussin de pression doivent \u00eatre choisies en fonction de l&rsquo;application, de la pression attendue, de la taille de la structure dans laquelle il sera install\u00e9 [&hellip;]\" \/>\n<meta property=\"og:url\" content=\"https:\/\/sisgeo.com\/fr\/produits\/cellules-de-pression\/\" \/>\n<meta property=\"og:site_name\" content=\"Sisgeo\" \/>\n<meta property=\"article:modified_time\" content=\"2023-12-19T14:03:02+00:00\" \/>\n<meta property=\"og:image\" content=\"https:\/\/sisgeo.com\/wp-content\/uploads\/2023\/07\/7_PRESSURE-CELL.jpg\" \/>\n\t<meta property=\"og:image:width\" content=\"294\" \/>\n\t<meta property=\"og:image:height\" content=\"164\" \/>\n\t<meta property=\"og:image:type\" content=\"image\/jpeg\" \/>\n<meta name=\"twitter:card\" content=\"summary_large_image\" \/>\n<meta name=\"twitter:label1\" content=\"Dur\u00e9e de lecture estim\u00e9e\" \/>\n\t<meta name=\"twitter:data1\" content=\"2 minutes\" \/>\n<script type=\"application\/ld+json\" class=\"yoast-schema-graph\">{\"@context\":\"https:\/\/schema.org\",\"@graph\":[{\"@type\":\"WebPage\",\"@id\":\"https:\/\/sisgeo.com\/fr\/produits\/cellules-de-pression\/\",\"url\":\"https:\/\/sisgeo.com\/fr\/produits\/cellules-de-pression\/\",\"name\":\"Cellules de pression - Sisgeo\",\"isPartOf\":{\"@id\":\"https:\/\/sisgeo.com\/fr\/#website\"},\"primaryImageOfPage\":{\"@id\":\"https:\/\/sisgeo.com\/fr\/produits\/cellules-de-pression\/#primaryimage\"},\"image\":{\"@id\":\"https:\/\/sisgeo.com\/fr\/produits\/cellules-de-pression\/#primaryimage\"},\"thumbnailUrl\":\"https:\/\/sisgeo.com\/wp-content\/uploads\/2023\/07\/7_PRESSURE-CELL.jpg\",\"datePublished\":\"2023-07-27T08:17:58+00:00\",\"dateModified\":\"2023-12-19T14:03:02+00:00\",\"breadcrumb\":{\"@id\":\"https:\/\/sisgeo.com\/fr\/produits\/cellules-de-pression\/#breadcrumb\"},\"inLanguage\":\"fr-FR\",\"potentialAction\":[{\"@type\":\"ReadAction\",\"target\":[\"https:\/\/sisgeo.com\/fr\/produits\/cellules-de-pression\/\"]}]},{\"@type\":\"ImageObject\",\"inLanguage\":\"fr-FR\",\"@id\":\"https:\/\/sisgeo.com\/fr\/produits\/cellules-de-pression\/#primaryimage\",\"url\":\"https:\/\/sisgeo.com\/wp-content\/uploads\/2023\/07\/7_PRESSURE-CELL.jpg\",\"contentUrl\":\"https:\/\/sisgeo.com\/wp-content\/uploads\/2023\/07\/7_PRESSURE-CELL.jpg\",\"width\":294,\"height\":164},{\"@type\":\"BreadcrumbList\",\"@id\":\"https:\/\/sisgeo.com\/fr\/produits\/cellules-de-pression\/#breadcrumb\",\"itemListElement\":[{\"@type\":\"ListItem\",\"position\":1,\"name\":\"Home\",\"item\":\"https:\/\/sisgeo.com\/fr\/linstrumentation-geotechnique-et-structurale-pour-le-shm\/\"},{\"@type\":\"ListItem\",\"position\":2,\"name\":\"Produits\",\"item\":\"https:\/\/sisgeo.com\/fr\/produits\/\"},{\"@type\":\"ListItem\",\"position\":3,\"name\":\"Cellules de pression\"}]},{\"@type\":\"WebSite\",\"@id\":\"https:\/\/sisgeo.com\/fr\/#website\",\"url\":\"https:\/\/sisgeo.com\/fr\/\",\"name\":\"Sisgeo\",\"description\":\"Inclined to improvement\",\"publisher\":{\"@id\":\"https:\/\/sisgeo.com\/fr\/#organization\"},\"potentialAction\":[{\"@type\":\"SearchAction\",\"target\":{\"@type\":\"EntryPoint\",\"urlTemplate\":\"https:\/\/sisgeo.com\/fr\/?s={search_term_string}\"},\"query-input\":{\"@type\":\"PropertyValueSpecification\",\"valueRequired\":true,\"valueName\":\"search_term_string\"}}],\"inLanguage\":\"fr-FR\"},{\"@type\":\"Organization\",\"@id\":\"https:\/\/sisgeo.com\/fr\/#organization\",\"name\":\"Sisgeo S.r.l.\",\"url\":\"https:\/\/sisgeo.com\/fr\/\",\"logo\":{\"@type\":\"ImageObject\",\"inLanguage\":\"fr-FR\",\"@id\":\"https:\/\/sisgeo.com\/fr\/#\/schema\/logo\/image\/\",\"url\":\"https:\/\/sisgeodev.pipehosting.it\/wp-content\/uploads\/2023\/06\/logo-RGB.png\",\"contentUrl\":\"https:\/\/sisgeodev.pipehosting.it\/wp-content\/uploads\/2023\/06\/logo-RGB.png\",\"width\":205,\"height\":97,\"caption\":\"Sisgeo S.r.l.\"},\"image\":{\"@id\":\"https:\/\/sisgeo.com\/fr\/#\/schema\/logo\/image\/\"}}]}<\/script>\n<!-- \/ Yoast SEO Premium plugin. -->","yoast_head_json":{"title":"Cellules de pression - Sisgeo","robots":{"index":"index","follow":"follow","max-snippet":"max-snippet:-1","max-image-preview":"max-image-preview:large","max-video-preview":"max-video-preview:-1"},"canonical":"https:\/\/sisgeo.com\/fr\/produits\/cellules-de-pression\/","og_locale":"fr_FR","og_type":"article","og_title":"Cellules de pression","og_description":"Les cellules de pression se composent essentiellement d&rsquo;un coussin de pression rempli d&rsquo;huile d\u00e9sa\u00e9r\u00e9e, reli\u00e9 \u00e0 un capteur de pression par un tube hydraulique. La taille et la forme du coussin de pression doivent \u00eatre choisies en fonction de l&rsquo;application, de la pression attendue, de la taille de la structure dans laquelle il sera install\u00e9 [&hellip;]","og_url":"https:\/\/sisgeo.com\/fr\/produits\/cellules-de-pression\/","og_site_name":"Sisgeo","article_modified_time":"2023-12-19T14:03:02+00:00","og_image":[{"width":294,"height":164,"url":"https:\/\/sisgeo.com\/wp-content\/uploads\/2023\/07\/7_PRESSURE-CELL.jpg","type":"image\/jpeg"}],"twitter_card":"summary_large_image","twitter_misc":{"Dur\u00e9e de lecture estim\u00e9e":"2 minutes"},"schema":{"@context":"https:\/\/schema.org","@graph":[{"@type":"WebPage","@id":"https:\/\/sisgeo.com\/fr\/produits\/cellules-de-pression\/","url":"https:\/\/sisgeo.com\/fr\/produits\/cellules-de-pression\/","name":"Cellules de pression - Sisgeo","isPartOf":{"@id":"https:\/\/sisgeo.com\/fr\/#website"},"primaryImageOfPage":{"@id":"https:\/\/sisgeo.com\/fr\/produits\/cellules-de-pression\/#primaryimage"},"image":{"@id":"https:\/\/sisgeo.com\/fr\/produits\/cellules-de-pression\/#primaryimage"},"thumbnailUrl":"https:\/\/sisgeo.com\/wp-content\/uploads\/2023\/07\/7_PRESSURE-CELL.jpg","datePublished":"2023-07-27T08:17:58+00:00","dateModified":"2023-12-19T14:03:02+00:00","breadcrumb":{"@id":"https:\/\/sisgeo.com\/fr\/produits\/cellules-de-pression\/#breadcrumb"},"inLanguage":"fr-FR","potentialAction":[{"@type":"ReadAction","target":["https:\/\/sisgeo.com\/fr\/produits\/cellules-de-pression\/"]}]},{"@type":"ImageObject","inLanguage":"fr-FR","@id":"https:\/\/sisgeo.com\/fr\/produits\/cellules-de-pression\/#primaryimage","url":"https:\/\/sisgeo.com\/wp-content\/uploads\/2023\/07\/7_PRESSURE-CELL.jpg","contentUrl":"https:\/\/sisgeo.com\/wp-content\/uploads\/2023\/07\/7_PRESSURE-CELL.jpg","width":294,"height":164},{"@type":"BreadcrumbList","@id":"https:\/\/sisgeo.com\/fr\/produits\/cellules-de-pression\/#breadcrumb","itemListElement":[{"@type":"ListItem","position":1,"name":"Home","item":"https:\/\/sisgeo.com\/fr\/linstrumentation-geotechnique-et-structurale-pour-le-shm\/"},{"@type":"ListItem","position":2,"name":"Produits","item":"https:\/\/sisgeo.com\/fr\/produits\/"},{"@type":"ListItem","position":3,"name":"Cellules de pression"}]},{"@type":"WebSite","@id":"https:\/\/sisgeo.com\/fr\/#website","url":"https:\/\/sisgeo.com\/fr\/","name":"Sisgeo","description":"Inclined to improvement","publisher":{"@id":"https:\/\/sisgeo.com\/fr\/#organization"},"potentialAction":[{"@type":"SearchAction","target":{"@type":"EntryPoint","urlTemplate":"https:\/\/sisgeo.com\/fr\/?s={search_term_string}"},"query-input":{"@type":"PropertyValueSpecification","valueRequired":true,"valueName":"search_term_string"}}],"inLanguage":"fr-FR"},{"@type":"Organization","@id":"https:\/\/sisgeo.com\/fr\/#organization","name":"Sisgeo S.r.l.","url":"https:\/\/sisgeo.com\/fr\/","logo":{"@type":"ImageObject","inLanguage":"fr-FR","@id":"https:\/\/sisgeo.com\/fr\/#\/schema\/logo\/image\/","url":"https:\/\/sisgeodev.pipehosting.it\/wp-content\/uploads\/2023\/06\/logo-RGB.png","contentUrl":"https:\/\/sisgeodev.pipehosting.it\/wp-content\/uploads\/2023\/06\/logo-RGB.png","width":205,"height":97,"caption":"Sisgeo S.r.l."},"image":{"@id":"https:\/\/sisgeo.com\/fr\/#\/schema\/logo\/image\/"}}]}},"_links":{"self":[{"href":"https:\/\/sisgeo.com\/fr\/wp-json\/wp\/v2\/pages\/20794","targetHints":{"allow":["GET"]}}],"collection":[{"href":"https:\/\/sisgeo.com\/fr\/wp-json\/wp\/v2\/pages"}],"about":[{"href":"https:\/\/sisgeo.com\/fr\/wp-json\/wp\/v2\/types\/page"}],"author":[{"embeddable":true,"href":"https:\/\/sisgeo.com\/fr\/wp-json\/wp\/v2\/users\/1"}],"replies":[{"embeddable":true,"href":"https:\/\/sisgeo.com\/fr\/wp-json\/wp\/v2\/comments?post=20794"}],"version-history":[{"count":1,"href":"https:\/\/sisgeo.com\/fr\/wp-json\/wp\/v2\/pages\/20794\/revisions"}],"predecessor-version":[{"id":20795,"href":"https:\/\/sisgeo.com\/fr\/wp-json\/wp\/v2\/pages\/20794\/revisions\/20795"}],"up":[{"embeddable":true,"href":"https:\/\/sisgeo.com\/fr\/wp-json\/wp\/v2\/pages\/20237"}],"wp:featuredmedia":[{"embeddable":true,"href":"https:\/\/sisgeo.com\/fr\/wp-json\/wp\/v2\/media\/4086"}],"wp:attachment":[{"href":"https:\/\/sisgeo.com\/fr\/wp-json\/wp\/v2\/media?parent=20794"}],"wp:term":[{"taxonomy":"category","embeddable":true,"href":"https:\/\/sisgeo.com\/fr\/wp-json\/wp\/v2\/categories?post=20794"},{"taxonomy":"post_tag","embeddable":true,"href":"https:\/\/sisgeo.com\/fr\/wp-json\/wp\/v2\/tags?post=20794"}],"curies":[{"name":"wp","href":"https:\/\/api.w.org\/{rel}","templated":true}]}}