{"id":20842,"date":"2023-06-05T10:30:15","date_gmt":"2023-06-05T08:30:15","guid":{"rendered":"https:\/\/sisgeo.com\/produits\/instrumenation-ferroviaire\/"},"modified":"2025-04-08T15:17:05","modified_gmt":"2025-04-08T13:17:05","slug":"instrumentation-ferroviaire","status":"publish","type":"page","link":"https:\/\/sisgeo.com\/fr\/produits\/instrumentation-ferroviaire\/","title":{"rendered":"Instrumentation ferroviaire"},"content":{"rendered":"\t\t<div data-elementor-type=\"wp-page\" data-elementor-id=\"20842\" class=\"elementor elementor-20842 elementor-1865\" data-elementor-post-type=\"page\">\n\t\t\t\t<div class=\"elementor-element elementor-element-7a63a93 e-flex e-con-boxed e-con e-parent\" data-id=\"7a63a93\" data-element_type=\"container\" data-e-type=\"container\">\n\t\t\t\t\t<div class=\"e-con-inner\">\n\t\t\t\t<div class=\"elementor-element elementor-element-caccc42 elementor-widget elementor-widget-heading\" data-id=\"caccc42\" data-element_type=\"widget\" data-e-type=\"widget\" data-widget_type=\"heading.default\">\n\t\t\t\t<div class=\"elementor-widget-container\">\n\t\t\t\t\t<h1 class=\"elementor-heading-title elementor-size-default\">Instrumentation ferroviaire <\/h1>\t\t\t\t<\/div>\n\t\t\t\t<\/div>\n\t\t\t\t<div class=\"elementor-element elementor-element-99defb4 elementor-widget elementor-widget-text-editor\" data-id=\"99defb4\" data-element_type=\"widget\" data-e-type=\"widget\" data-widget_type=\"text-editor.default\">\n\t\t\t\t<div class=\"elementor-widget-container\">\n\t\t\t\t\t\t\t\t\t<p>L&rsquo;instrumentation ferroviaire joue un r\u00f4le crucial dans la surveillance et l&rsquo;\u00e9valuation de la stabilit\u00e9 et des performances de l&rsquo;infrastructure ferroviaire. Elle aide \u00e0 d\u00e9tecter les probl\u00e8mes potentiels, tels que les mouvements du sol, les tassements ou l&rsquo;instabilit\u00e9, ce qui permet d&rsquo;effectuer la maintenance en temps voulu et de garantir la s\u00e9curit\u00e9 des op\u00e9rations ferroviaires. <\/p><p>Sisgeo con\u00e7oit et fabrique diff\u00e9rents mod\u00e8les de capteurs pour la surveillance des voies:<\/p><p><u><strong>D\u00c9COUVREZ LE SITE D\u00c9DI\u00c9 AU RAIL SISGEO<\/strong><\/u><u><strong>!<\/strong><\/u><br><a href=\"https:\/\/sisrail.sisgeo.com\/fr\/\">https:\/\/sisrail.sisgeo.com\/fr\/<\/a><\/p>\t\t\t\t\t\t\t\t<\/div>\n\t\t\t\t<\/div>\n\t\t\t\t<div class=\"elementor-element elementor-element-6ac222a elementor-widget elementor-widget-dce-iframe\" data-id=\"6ac222a\" data-element_type=\"widget\" data-e-type=\"widget\" data-widget_type=\"dce-iframe.default\">\n\t\t\t\t<div class=\"elementor-widget-container\">\n\t\t\t\t\t\t\t<iframe src=\"https:\/\/sisrail.sisgeo.com\/fr\/\" frameborder=\"0\" width=\"100%\" height=\"80\" allowfullscreen=\"true\"><\/iframe>\n\t\t\t\t\t\t<\/div>\n\t\t\t\t<\/div>\n\t\t\t\t\t<\/div>\n\t\t\t\t<\/div>\n\t\t\t\t<\/div>\n\t\t","protected":false},"excerpt":{"rendered":"<p>Instrumentation ferroviaire L&rsquo;instrumentation ferroviaire joue un r\u00f4le crucial dans la surveillance et l&rsquo;\u00e9valuation de la stabilit\u00e9 et des performances de l&rsquo;infrastructure ferroviaire. Elle aide \u00e0 d\u00e9tecter les probl\u00e8mes potentiels, tels que les mouvements du sol, les tassements ou l&rsquo;instabilit\u00e9, ce qui permet d&rsquo;effectuer la maintenance en temps voulu et de garantir la s\u00e9curit\u00e9 des op\u00e9rations [&hellip;]<\/p>\n","protected":false},"author":1,"featured_media":3995,"parent":20237,"menu_order":0,"comment_status":"closed","ping_status":"closed","template":"","meta":{"footnotes":""},"categories":[214],"tags":[],"class_list":["post-20842","page","type-page","status-publish","has-post-thumbnail","hentry","category-products-fr-2"],"yoast_head":"<!-- This site is optimized with the Yoast SEO Premium plugin v27.2 (Yoast SEO v27.2) - https:\/\/yoast.com\/product\/yoast-seo-premium-wordpress\/ -->\n<title>Instrumentation ferroviaire - Sisgeo<\/title>\n<meta name=\"robots\" content=\"index, follow, max-snippet:-1, max-image-preview:large, max-video-preview:-1\" \/>\n<link rel=\"canonical\" href=\"https:\/\/sisgeo.com\/fr\/produits\/instrumentation-ferroviaire\/\" \/>\n<meta property=\"og:locale\" content=\"fr_FR\" \/>\n<meta property=\"og:type\" content=\"article\" \/>\n<meta property=\"og:title\" content=\"Instrumentation ferroviaire\" \/>\n<meta property=\"og:description\" content=\"Instrumentation ferroviaire L&rsquo;instrumentation ferroviaire joue un r\u00f4le crucial dans la surveillance et l&rsquo;\u00e9valuation de la stabilit\u00e9 et des performances de l&rsquo;infrastructure ferroviaire. Elle aide \u00e0 d\u00e9tecter les probl\u00e8mes potentiels, tels que les mouvements du sol, les tassements ou l&rsquo;instabilit\u00e9, ce qui permet d&rsquo;effectuer la maintenance en temps voulu et de garantir la s\u00e9curit\u00e9 des op\u00e9rations [&hellip;]\" \/>\n<meta property=\"og:url\" content=\"https:\/\/sisgeo.com\/fr\/produits\/instrumentation-ferroviaire\/\" \/>\n<meta property=\"og:site_name\" content=\"Sisgeo\" \/>\n<meta property=\"article:modified_time\" content=\"2025-04-08T13:17:05+00:00\" \/>\n<meta property=\"og:image\" content=\"https:\/\/sisgeo.com\/wp-content\/uploads\/2023\/07\/17_RAILWAY-MONITORING-INSTRUMENTATON.jpg\" \/>\n\t<meta property=\"og:image:width\" content=\"294\" \/>\n\t<meta property=\"og:image:height\" content=\"164\" \/>\n\t<meta property=\"og:image:type\" content=\"image\/jpeg\" \/>\n<meta name=\"twitter:card\" content=\"summary_large_image\" \/>\n<meta name=\"twitter:label1\" content=\"Dur\u00e9e de lecture estim\u00e9e\" \/>\n\t<meta name=\"twitter:data1\" content=\"1 minute\" \/>\n<script type=\"application\/ld+json\" class=\"yoast-schema-graph\">{\"@context\":\"https:\/\/schema.org\",\"@graph\":[{\"@type\":\"WebPage\",\"@id\":\"https:\/\/sisgeo.com\/fr\/produits\/instrumentation-ferroviaire\/\",\"url\":\"https:\/\/sisgeo.com\/fr\/produits\/instrumentation-ferroviaire\/\",\"name\":\"Instrumentation ferroviaire - Sisgeo\",\"isPartOf\":{\"@id\":\"https:\/\/sisgeo.com\/fr\/#website\"},\"primaryImageOfPage\":{\"@id\":\"https:\/\/sisgeo.com\/fr\/produits\/instrumentation-ferroviaire\/#primaryimage\"},\"image\":{\"@id\":\"https:\/\/sisgeo.com\/fr\/produits\/instrumentation-ferroviaire\/#primaryimage\"},\"thumbnailUrl\":\"https:\/\/sisgeo.com\/wp-content\/uploads\/2023\/07\/17_RAILWAY-MONITORING-INSTRUMENTATON.jpg\",\"datePublished\":\"2023-06-05T08:30:15+00:00\",\"dateModified\":\"2025-04-08T13:17:05+00:00\",\"breadcrumb\":{\"@id\":\"https:\/\/sisgeo.com\/fr\/produits\/instrumentation-ferroviaire\/#breadcrumb\"},\"inLanguage\":\"fr-FR\",\"potentialAction\":[{\"@type\":\"ReadAction\",\"target\":[\"https:\/\/sisgeo.com\/fr\/produits\/instrumentation-ferroviaire\/\"]}]},{\"@type\":\"ImageObject\",\"inLanguage\":\"fr-FR\",\"@id\":\"https:\/\/sisgeo.com\/fr\/produits\/instrumentation-ferroviaire\/#primaryimage\",\"url\":\"https:\/\/sisgeo.com\/wp-content\/uploads\/2023\/07\/17_RAILWAY-MONITORING-INSTRUMENTATON.jpg\",\"contentUrl\":\"https:\/\/sisgeo.com\/wp-content\/uploads\/2023\/07\/17_RAILWAY-MONITORING-INSTRUMENTATON.jpg\",\"width\":294,\"height\":164},{\"@type\":\"BreadcrumbList\",\"@id\":\"https:\/\/sisgeo.com\/fr\/produits\/instrumentation-ferroviaire\/#breadcrumb\",\"itemListElement\":[{\"@type\":\"ListItem\",\"position\":1,\"name\":\"Home\",\"item\":\"https:\/\/sisgeo.com\/fr\/linstrumentation-geotechnique-et-structurale-pour-le-shm\/\"},{\"@type\":\"ListItem\",\"position\":2,\"name\":\"Produits\",\"item\":\"https:\/\/sisgeo.com\/fr\/produits\/\"},{\"@type\":\"ListItem\",\"position\":3,\"name\":\"Instrumentation ferroviaire\"}]},{\"@type\":\"WebSite\",\"@id\":\"https:\/\/sisgeo.com\/fr\/#website\",\"url\":\"https:\/\/sisgeo.com\/fr\/\",\"name\":\"Sisgeo\",\"description\":\"Inclined to improvement\",\"publisher\":{\"@id\":\"https:\/\/sisgeo.com\/fr\/#organization\"},\"potentialAction\":[{\"@type\":\"SearchAction\",\"target\":{\"@type\":\"EntryPoint\",\"urlTemplate\":\"https:\/\/sisgeo.com\/fr\/?s={search_term_string}\"},\"query-input\":{\"@type\":\"PropertyValueSpecification\",\"valueRequired\":true,\"valueName\":\"search_term_string\"}}],\"inLanguage\":\"fr-FR\"},{\"@type\":\"Organization\",\"@id\":\"https:\/\/sisgeo.com\/fr\/#organization\",\"name\":\"Sisgeo S.r.l.\",\"url\":\"https:\/\/sisgeo.com\/fr\/\",\"logo\":{\"@type\":\"ImageObject\",\"inLanguage\":\"fr-FR\",\"@id\":\"https:\/\/sisgeo.com\/fr\/#\/schema\/logo\/image\/\",\"url\":\"https:\/\/sisgeodev.pipehosting.it\/wp-content\/uploads\/2023\/06\/logo-RGB.png\",\"contentUrl\":\"https:\/\/sisgeodev.pipehosting.it\/wp-content\/uploads\/2023\/06\/logo-RGB.png\",\"width\":205,\"height\":97,\"caption\":\"Sisgeo S.r.l.\"},\"image\":{\"@id\":\"https:\/\/sisgeo.com\/fr\/#\/schema\/logo\/image\/\"}}]}<\/script>\n<!-- \/ Yoast SEO Premium plugin. -->","yoast_head_json":{"title":"Instrumentation ferroviaire - Sisgeo","robots":{"index":"index","follow":"follow","max-snippet":"max-snippet:-1","max-image-preview":"max-image-preview:large","max-video-preview":"max-video-preview:-1"},"canonical":"https:\/\/sisgeo.com\/fr\/produits\/instrumentation-ferroviaire\/","og_locale":"fr_FR","og_type":"article","og_title":"Instrumentation ferroviaire","og_description":"Instrumentation ferroviaire L&rsquo;instrumentation ferroviaire joue un r\u00f4le crucial dans la surveillance et l&rsquo;\u00e9valuation de la stabilit\u00e9 et des performances de l&rsquo;infrastructure ferroviaire. Elle aide \u00e0 d\u00e9tecter les probl\u00e8mes potentiels, tels que les mouvements du sol, les tassements ou l&rsquo;instabilit\u00e9, ce qui permet d&rsquo;effectuer la maintenance en temps voulu et de garantir la s\u00e9curit\u00e9 des op\u00e9rations [&hellip;]","og_url":"https:\/\/sisgeo.com\/fr\/produits\/instrumentation-ferroviaire\/","og_site_name":"Sisgeo","article_modified_time":"2025-04-08T13:17:05+00:00","og_image":[{"width":294,"height":164,"url":"https:\/\/sisgeo.com\/wp-content\/uploads\/2023\/07\/17_RAILWAY-MONITORING-INSTRUMENTATON.jpg","type":"image\/jpeg"}],"twitter_card":"summary_large_image","twitter_misc":{"Dur\u00e9e de lecture estim\u00e9e":"1 minute"},"schema":{"@context":"https:\/\/schema.org","@graph":[{"@type":"WebPage","@id":"https:\/\/sisgeo.com\/fr\/produits\/instrumentation-ferroviaire\/","url":"https:\/\/sisgeo.com\/fr\/produits\/instrumentation-ferroviaire\/","name":"Instrumentation ferroviaire - Sisgeo","isPartOf":{"@id":"https:\/\/sisgeo.com\/fr\/#website"},"primaryImageOfPage":{"@id":"https:\/\/sisgeo.com\/fr\/produits\/instrumentation-ferroviaire\/#primaryimage"},"image":{"@id":"https:\/\/sisgeo.com\/fr\/produits\/instrumentation-ferroviaire\/#primaryimage"},"thumbnailUrl":"https:\/\/sisgeo.com\/wp-content\/uploads\/2023\/07\/17_RAILWAY-MONITORING-INSTRUMENTATON.jpg","datePublished":"2023-06-05T08:30:15+00:00","dateModified":"2025-04-08T13:17:05+00:00","breadcrumb":{"@id":"https:\/\/sisgeo.com\/fr\/produits\/instrumentation-ferroviaire\/#breadcrumb"},"inLanguage":"fr-FR","potentialAction":[{"@type":"ReadAction","target":["https:\/\/sisgeo.com\/fr\/produits\/instrumentation-ferroviaire\/"]}]},{"@type":"ImageObject","inLanguage":"fr-FR","@id":"https:\/\/sisgeo.com\/fr\/produits\/instrumentation-ferroviaire\/#primaryimage","url":"https:\/\/sisgeo.com\/wp-content\/uploads\/2023\/07\/17_RAILWAY-MONITORING-INSTRUMENTATON.jpg","contentUrl":"https:\/\/sisgeo.com\/wp-content\/uploads\/2023\/07\/17_RAILWAY-MONITORING-INSTRUMENTATON.jpg","width":294,"height":164},{"@type":"BreadcrumbList","@id":"https:\/\/sisgeo.com\/fr\/produits\/instrumentation-ferroviaire\/#breadcrumb","itemListElement":[{"@type":"ListItem","position":1,"name":"Home","item":"https:\/\/sisgeo.com\/fr\/linstrumentation-geotechnique-et-structurale-pour-le-shm\/"},{"@type":"ListItem","position":2,"name":"Produits","item":"https:\/\/sisgeo.com\/fr\/produits\/"},{"@type":"ListItem","position":3,"name":"Instrumentation ferroviaire"}]},{"@type":"WebSite","@id":"https:\/\/sisgeo.com\/fr\/#website","url":"https:\/\/sisgeo.com\/fr\/","name":"Sisgeo","description":"Inclined to improvement","publisher":{"@id":"https:\/\/sisgeo.com\/fr\/#organization"},"potentialAction":[{"@type":"SearchAction","target":{"@type":"EntryPoint","urlTemplate":"https:\/\/sisgeo.com\/fr\/?s={search_term_string}"},"query-input":{"@type":"PropertyValueSpecification","valueRequired":true,"valueName":"search_term_string"}}],"inLanguage":"fr-FR"},{"@type":"Organization","@id":"https:\/\/sisgeo.com\/fr\/#organization","name":"Sisgeo S.r.l.","url":"https:\/\/sisgeo.com\/fr\/","logo":{"@type":"ImageObject","inLanguage":"fr-FR","@id":"https:\/\/sisgeo.com\/fr\/#\/schema\/logo\/image\/","url":"https:\/\/sisgeodev.pipehosting.it\/wp-content\/uploads\/2023\/06\/logo-RGB.png","contentUrl":"https:\/\/sisgeodev.pipehosting.it\/wp-content\/uploads\/2023\/06\/logo-RGB.png","width":205,"height":97,"caption":"Sisgeo S.r.l."},"image":{"@id":"https:\/\/sisgeo.com\/fr\/#\/schema\/logo\/image\/"}}]}},"_links":{"self":[{"href":"https:\/\/sisgeo.com\/fr\/wp-json\/wp\/v2\/pages\/20842","targetHints":{"allow":["GET"]}}],"collection":[{"href":"https:\/\/sisgeo.com\/fr\/wp-json\/wp\/v2\/pages"}],"about":[{"href":"https:\/\/sisgeo.com\/fr\/wp-json\/wp\/v2\/types\/page"}],"author":[{"embeddable":true,"href":"https:\/\/sisgeo.com\/fr\/wp-json\/wp\/v2\/users\/1"}],"replies":[{"embeddable":true,"href":"https:\/\/sisgeo.com\/fr\/wp-json\/wp\/v2\/comments?post=20842"}],"version-history":[{"count":8,"href":"https:\/\/sisgeo.com\/fr\/wp-json\/wp\/v2\/pages\/20842\/revisions"}],"predecessor-version":[{"id":28317,"href":"https:\/\/sisgeo.com\/fr\/wp-json\/wp\/v2\/pages\/20842\/revisions\/28317"}],"up":[{"embeddable":true,"href":"https:\/\/sisgeo.com\/fr\/wp-json\/wp\/v2\/pages\/20237"}],"wp:featuredmedia":[{"embeddable":true,"href":"https:\/\/sisgeo.com\/fr\/wp-json\/wp\/v2\/media\/3995"}],"wp:attachment":[{"href":"https:\/\/sisgeo.com\/fr\/wp-json\/wp\/v2\/media?parent=20842"}],"wp:term":[{"taxonomy":"category","embeddable":true,"href":"https:\/\/sisgeo.com\/fr\/wp-json\/wp\/v2\/categories?post=20842"},{"taxonomy":"post_tag","embeddable":true,"href":"https:\/\/sisgeo.com\/fr\/wp-json\/wp\/v2\/tags?post=20842"}],"curies":[{"name":"wp","href":"https:\/\/api.w.org\/{rel}","templated":true}]}}