{"id":20893,"date":"2023-07-27T10:39:49","date_gmt":"2023-07-27T08:39:49","guid":{"rendered":"https:\/\/sisgeo.com\/produits\/jauges-de-contrainte\/"},"modified":"2025-02-27T09:27:00","modified_gmt":"2025-02-27T08:27:00","slug":"jauges-de-contrainte","status":"publish","type":"page","link":"https:\/\/sisgeo.com\/fr\/produits\/jauges-de-contrainte\/","title":{"rendered":"Jauges de contrainte"},"content":{"rendered":"\t\t<div data-elementor-type=\"wp-page\" data-elementor-id=\"20893\" class=\"elementor elementor-20893 elementor-3931\" data-elementor-post-type=\"page\">\n\t\t\t\t<div class=\"elementor-element elementor-element-7a63a93 e-flex e-con-boxed e-con e-parent\" data-id=\"7a63a93\" data-element_type=\"container\" data-e-type=\"container\">\n\t\t\t\t\t<div class=\"e-con-inner\">\n\t\t\t\t<div class=\"elementor-element elementor-element-99defb4 elementor-widget elementor-widget-text-editor\" data-id=\"99defb4\" data-element_type=\"widget\" data-e-type=\"widget\" data-widget_type=\"text-editor.default\">\n\t\t\t\t<div class=\"elementor-widget-container\">\n\t\t\t\t\t\t\t\t\t<p>Les jauges de contrainte \u00e0 corde vibrante sont largement utilis\u00e9es dans la surveillance structurelle et g\u00e9otechnique pour suivre les tensions et les d\u00e9formations de divers composants d&rsquo;une structure.<\/p>\n<p>Les jauges de contrainte \u00e0 fil vibrant offrent plusieurs avantages, l&rsquo;un des plus importants \u00e9tant leur durabilit\u00e9. Gr\u00e2ce \u00e0 la technologie du fil vibrant, les jauges de contrainte VW sont robustes et durables, ce qui les rend adapt\u00e9es \u00e0 une surveillance \u00e0 long terme. <\/p>\n<p>Gr\u00e2ce \u00e0 la technologie de la corde vibrante, les jauges de contrainte sont robustes et durables, ce qui les rend adapt\u00e9es \u00e0 une surveillance \u00e0 long terme.<\/p>\n\t\t\t\t\t\t\t\t<\/div>\n\t\t\t\t<\/div>\n\t\t\t\t<div class=\"elementor-element elementor-element-8a09a03 elementor-widget elementor-widget-accordion\" data-id=\"8a09a03\" data-element_type=\"widget\" data-e-type=\"widget\" data-widget_type=\"accordion.default\">\n\t\t\t\t<div class=\"elementor-widget-container\">\n\t\t\t\t\t\t\t<div class=\"elementor-accordion\">\n\t\t\t\t\t\t\t<div class=\"elementor-accordion-item\">\n\t\t\t\t\t<div id=\"elementor-tab-title-1441\" class=\"elementor-tab-title\" data-tab=\"1\" role=\"button\" aria-controls=\"elementor-tab-content-1441\" aria-expanded=\"false\">\n\t\t\t\t\t\t\t\t\t\t\t\t\t<span class=\"elementor-accordion-icon elementor-accordion-icon-right\" aria-hidden=\"true\">\n\t\t\t\t\t\t\t\t\t\t\t\t\t\t\t<span class=\"elementor-accordion-icon-closed\"><svg xmlns=\"http:\/\/www.w3.org\/2000\/svg\" width=\"29\" height=\"16\" viewBox=\"0 0 29 16\" fill=\"none\"><path fill-rule=\"evenodd\" clip-rule=\"evenodd\" d=\"M27.25 0L14.375 13.038L1.5 0L0 1.5L14.4 15.9L28.749 1.5L27.25 0Z\" fill=\"#E4002B\"><\/path><\/svg><\/span>\n\t\t\t\t\t\t\t\t<span class=\"elementor-accordion-icon-opened\"><svg xmlns=\"http:\/\/www.w3.org\/2000\/svg\" width=\"29\" height=\"14\" viewBox=\"0 0 29 14\" fill=\"none\"><path fill-rule=\"evenodd\" clip-rule=\"evenodd\" d=\"M1.49902 13.1885L14.374 2.61651L27.249 13.1885L28.749 11.9722L14.349 0.295833L2.28882e-05 11.9722L1.49902 13.1885Z\" fill=\"#E4002B\"><\/path><\/svg><\/span>\n\t\t\t\t\t\t\t\t\t\t\t\t\t\t<\/span>\n\t\t\t\t\t\t\t\t\t\t\t\t<a class=\"elementor-accordion-title\" tabindex=\"0\">Plus d'informations sur ce sujet<\/a>\n\t\t\t\t\t<\/div>\n\t\t\t\t\t<div id=\"elementor-tab-content-1441\" class=\"elementor-tab-content elementor-clearfix\" data-tab=\"1\" role=\"region\" aria-labelledby=\"elementor-tab-title-1441\"><p>Les jauges de contrainte CV sont disponibles en plusieurs mod\u00e8les.<\/p>\n<p>Les <strong>jauges de contrainte CV<\/strong> sont g\u00e9n\u00e9ralement install\u00e9es dans des structures en b\u00e9ton pour la surveillance des d\u00e9formations.<\/p>\n<p>Les <strong>jauges de contrainte CV pour applications profondes<\/strong> sont g\u00e9n\u00e9ralement utilis\u00e9es dans les pieux profonds ou d&rsquo;autres applications n\u00e9cessitant une couverture de b\u00e9ton importante.<\/p>\n<p>Les <strong>jauges de contrainte CV \u00e0 souder<\/strong> sont dot\u00e9es d&rsquo;une paire de blocs soudables \u00e0 l\u2019arc \u00e9lectrique pour l&rsquo;installation sur des surfaces m\u00e9talliques.<\/p>\n<p>Les <strong>jauges de contrainte CV de surface<\/strong> peuvent \u00eatre install\u00e9es sur une surface en b\u00e9ton \u00e0 l&rsquo;aide de deux blocs d&rsquo;ancrage sp\u00e9ciaux.<\/p>\n<p>Les <strong>jauges de contrainte CV pour b\u00e9ton projet\u00e9<\/strong> ont une grande plage de mesure (10000 micro-d\u00e9formations) pour les applications de b\u00e9ton projet\u00e9.<\/p>\n<p>Les <strong>jauges de contrainte CV soud\u00e9es par points<\/strong> sont de petites jauges de contrainte CV con\u00e7ues pour \u00eatre install\u00e9es rapidement et facilement sur une structure m\u00e9tallique \u00e0 l&rsquo;aide d&rsquo;une simple soudeuse par points.<\/p>\n<p>Toutes les jauges de contrainte \u00e0 corde vibrante, comme tous les autres instruments Sisgeo \u00e0 corde vibrante, sont \u00e9quip\u00e9es d&rsquo;une thermistance int\u00e9gr\u00e9e pour la surveillance de la temp\u00e9rature et, si n\u00e9cessaire, la compensation de la temp\u00e9rature.<\/p>\n<\/div>\n\t\t\t\t<\/div>\n\t\t\t\t\t\t\t\t<\/div>\n\t\t\t\t\t\t<\/div>\n\t\t\t\t<\/div>\n\t\t\t\t<div class=\"elementor-element elementor-element-58a3ecd dce-posts-layout-default dce-col-4 dce-col-tablet-3 dce-col-mobile-1 dce-align-left elementor-widget elementor-widget-dce-dynamicposts-v2\" data-id=\"58a3ecd\" data-element_type=\"widget\" data-e-type=\"widget\" data-settings=\"{&quot;style_items&quot;:&quot;default&quot;,&quot;grid_grid_type&quot;:&quot;flex&quot;}\" data-widget_type=\"dce-dynamicposts-v2.grid\">\n\t\t\t\t<div class=\"elementor-widget-container\">\n\t\t\t\t\t\n\t\t<div class=\"dce-fix-background-loop dce-posts-container dce-posts dce-dynamic-posts-collection  dce-skin-grid dce-skin-grid-flex\">\n\t\t\t\t\t\t<div class=\"dce-posts-wrapper dce-wrapper-grid\">\n\t\t\t\n\t\t<article class=\"post-20904 page type-page status-publish has-post-thumbnail hentry category-jauges-de-contrainte category-jauges-de-contrainte-a-corde-vibrante dce-post dce-post-item dce-item-grid\" data-dce-post-id=\"20904\" data-dce-post-index=\"0\">\n\t\t\t<div class=\"dce-post-block elementor-animation-grow\">\n\t\t<div class=\"dce-item dce-item_image elementor-repeater-item-9ee1dae\"><a class=\"dce-post-image\" href=\"https:\/\/sisgeo.com\/fr\/produits\/jauges-de-contrainte\/jauges-de-contrainte-a-corde-vibrante\/\"><figure  class=\"dce-img\"><img fetchpriority=\"high\" decoding=\"async\" width=\"961\" height=\"540\" src=\"https:\/\/sisgeo.com\/wp-content\/uploads\/2025\/02\/00_sisgeo_vibratin_wire_strain_gauges.png\" class=\"\" alt=\"Jauges de contrainte \u00e0 corde vibrante\" srcset=\"https:\/\/sisgeo.com\/wp-content\/uploads\/2025\/02\/00_sisgeo_vibratin_wire_strain_gauges.png 961w, https:\/\/sisgeo.com\/wp-content\/uploads\/2025\/02\/00_sisgeo_vibratin_wire_strain_gauges-300x169.png 300w, https:\/\/sisgeo.com\/wp-content\/uploads\/2025\/02\/00_sisgeo_vibratin_wire_strain_gauges-768x432.png 768w\" sizes=\"(max-width: 961px) 100vw, 961px\" \/><\/figure><\/a><\/div><div class=\"dce-item dce-item_title elementor-repeater-item-b433209\"><h5 class=\"dce-post-title\"><a href=\"https:\/\/sisgeo.com\/fr\/produits\/jauges-de-contrainte\/jauges-de-contrainte-a-corde-vibrante\/\">Jauges de contrainte \u00e0 corde vibrante<\/a><\/h5><\/div><div class=\"dce-item dce-item_readmore elementor-repeater-item-ef0e5ce\">\t\t<div class=\"dce-post-button\">\n\t\t\t<a href=\"https:\/\/sisgeo.com\/fr\/produits\/jauges-de-contrainte\/jauges-de-contrainte-a-corde-vibrante\/\" class=\"elementor-button-link elementor-button dce-button elementor-size-sm\" role=\"button\" >\n\t\t\t<div class=\"align-middle\"><span>Apprendre encore plus<\/span><img decoding=\"async\" src=\"https:\/\/sisgeo.com\/wp-content\/uploads\/2023\/05\/arrow_red.png\"><\/div>\t\t\t<\/a>\n\t\t<\/div>\n\t\t<\/div>\t\t\t<\/div>\n\t\t<\/article>\n\t\t\n\t\t<article class=\"post-20897 page type-page status-publish has-post-thumbnail hentry category-jauges-de-contrainte category-jauges-de-contrainte-a-souder-par-points dce-post dce-post-item dce-item-grid\" data-dce-post-id=\"20897\" data-dce-post-index=\"1\">\n\t\t\t<div class=\"dce-post-block elementor-animation-grow\">\n\t\t<div class=\"dce-item dce-item_image elementor-repeater-item-9ee1dae\"><a class=\"dce-post-image\" href=\"https:\/\/sisgeo.com\/fr\/produits\/jauges-de-contrainte\/jauges-de-contrainte-a-souder-par-points\/\"><figure  class=\"dce-img\"><img decoding=\"async\" width=\"960\" height=\"540\" src=\"https:\/\/sisgeo.com\/wp-content\/uploads\/2023\/09\/spot_weldable_strain_gauge_0_e2ba64f454ea11a5628335214a0ab.png\" class=\"\" alt=\"Jauges de contrainte \u00e0 souder par points\" srcset=\"https:\/\/sisgeo.com\/wp-content\/uploads\/2023\/09\/spot_weldable_strain_gauge_0_e2ba64f454ea11a5628335214a0ab.png 960w, https:\/\/sisgeo.com\/wp-content\/uploads\/2023\/09\/spot_weldable_strain_gauge_0_e2ba64f454ea11a5628335214a0ab-300x169.png 300w, https:\/\/sisgeo.com\/wp-content\/uploads\/2023\/09\/spot_weldable_strain_gauge_0_e2ba64f454ea11a5628335214a0ab-768x432.png 768w\" sizes=\"(max-width: 960px) 100vw, 960px\" \/><\/figure><\/a><\/div><div class=\"dce-item dce-item_title elementor-repeater-item-b433209\"><h5 class=\"dce-post-title\"><a href=\"https:\/\/sisgeo.com\/fr\/produits\/jauges-de-contrainte\/jauges-de-contrainte-a-souder-par-points\/\">Jauges de contrainte \u00e0 souder par points<\/a><\/h5><\/div><div class=\"dce-item dce-item_readmore elementor-repeater-item-ef0e5ce\">\t\t<div class=\"dce-post-button\">\n\t\t\t<a href=\"https:\/\/sisgeo.com\/fr\/produits\/jauges-de-contrainte\/jauges-de-contrainte-a-souder-par-points\/\" class=\"elementor-button-link elementor-button dce-button elementor-size-sm\" role=\"button\" >\n\t\t\t<div class=\"align-middle\"><span>Apprendre encore plus<\/span><img decoding=\"async\" src=\"https:\/\/sisgeo.com\/wp-content\/uploads\/2023\/05\/arrow_red.png\"><\/div>\t\t\t<\/a>\n\t\t<\/div>\n\t\t<\/div>\t\t\t<\/div>\n\t\t<\/article>\n\t\t\t\t\t<\/div>\n\t\t\t\t\t<\/div>\n\t\t\t\t\t\t<\/div>\n\t\t\t\t<\/div>\n\t\t\t\t\t<\/div>\n\t\t\t\t<\/div>\n\t\t\t\t<\/div>\n\t\t","protected":false},"excerpt":{"rendered":"<p>Les jauges de contrainte \u00e0 corde vibrante sont largement utilis\u00e9es dans la surveillance structurelle et g\u00e9otechnique pour suivre les tensions et les d\u00e9formations de divers composants d&rsquo;une structure. Les jauges de contrainte \u00e0 fil vibrant offrent plusieurs avantages, l&rsquo;un des plus importants \u00e9tant leur durabilit\u00e9. Gr\u00e2ce \u00e0 la technologie du fil vibrant, les jauges de [&hellip;]<\/p>\n","protected":false},"author":1,"featured_media":28246,"parent":20237,"menu_order":0,"comment_status":"closed","ping_status":"closed","template":"","meta":{"footnotes":""},"categories":[214],"tags":[],"class_list":["post-20893","page","type-page","status-publish","has-post-thumbnail","hentry","category-products-fr-2"],"yoast_head":"<!-- This site is optimized with the Yoast SEO Premium plugin v27.2 (Yoast SEO v27.2) - https:\/\/yoast.com\/product\/yoast-seo-premium-wordpress\/ -->\n<title>Jauges de contrainte - Sisgeo<\/title>\n<meta name=\"robots\" content=\"index, follow, max-snippet:-1, max-image-preview:large, max-video-preview:-1\" \/>\n<link rel=\"canonical\" href=\"https:\/\/sisgeo.com\/fr\/produits\/jauges-de-contrainte\/\" \/>\n<meta property=\"og:locale\" content=\"fr_FR\" \/>\n<meta property=\"og:type\" content=\"article\" \/>\n<meta property=\"og:title\" content=\"Jauges de contrainte\" \/>\n<meta property=\"og:description\" content=\"Les jauges de contrainte \u00e0 corde vibrante sont largement utilis\u00e9es dans la surveillance structurelle et g\u00e9otechnique pour suivre les tensions et les d\u00e9formations de divers composants d&rsquo;une structure. Les jauges de contrainte \u00e0 fil vibrant offrent plusieurs avantages, l&rsquo;un des plus importants \u00e9tant leur durabilit\u00e9. Gr\u00e2ce \u00e0 la technologie du fil vibrant, les jauges de [&hellip;]\" \/>\n<meta property=\"og:url\" content=\"https:\/\/sisgeo.com\/fr\/produits\/jauges-de-contrainte\/\" \/>\n<meta property=\"og:site_name\" content=\"Sisgeo\" \/>\n<meta property=\"article:modified_time\" content=\"2025-02-27T08:27:00+00:00\" \/>\n<meta property=\"og:image\" content=\"https:\/\/sisgeo.com\/wp-content\/uploads\/2025\/02\/12_STRAIN-GAUGES.jpg\" \/>\n\t<meta property=\"og:image:width\" content=\"294\" \/>\n\t<meta property=\"og:image:height\" content=\"164\" \/>\n\t<meta property=\"og:image:type\" content=\"image\/jpeg\" \/>\n<meta name=\"twitter:card\" content=\"summary_large_image\" \/>\n<meta name=\"twitter:label1\" content=\"Dur\u00e9e de lecture estim\u00e9e\" \/>\n\t<meta name=\"twitter:data1\" content=\"2 minutes\" \/>\n<script type=\"application\/ld+json\" class=\"yoast-schema-graph\">{\"@context\":\"https:\/\/schema.org\",\"@graph\":[{\"@type\":\"WebPage\",\"@id\":\"https:\/\/sisgeo.com\/fr\/produits\/jauges-de-contrainte\/\",\"url\":\"https:\/\/sisgeo.com\/fr\/produits\/jauges-de-contrainte\/\",\"name\":\"Jauges de contrainte - Sisgeo\",\"isPartOf\":{\"@id\":\"https:\/\/sisgeo.com\/fr\/#website\"},\"primaryImageOfPage\":{\"@id\":\"https:\/\/sisgeo.com\/fr\/produits\/jauges-de-contrainte\/#primaryimage\"},\"image\":{\"@id\":\"https:\/\/sisgeo.com\/fr\/produits\/jauges-de-contrainte\/#primaryimage\"},\"thumbnailUrl\":\"https:\/\/sisgeo.com\/wp-content\/uploads\/2025\/02\/12_STRAIN-GAUGES.jpg\",\"datePublished\":\"2023-07-27T08:39:49+00:00\",\"dateModified\":\"2025-02-27T08:27:00+00:00\",\"breadcrumb\":{\"@id\":\"https:\/\/sisgeo.com\/fr\/produits\/jauges-de-contrainte\/#breadcrumb\"},\"inLanguage\":\"fr-FR\",\"potentialAction\":[{\"@type\":\"ReadAction\",\"target\":[\"https:\/\/sisgeo.com\/fr\/produits\/jauges-de-contrainte\/\"]}]},{\"@type\":\"ImageObject\",\"inLanguage\":\"fr-FR\",\"@id\":\"https:\/\/sisgeo.com\/fr\/produits\/jauges-de-contrainte\/#primaryimage\",\"url\":\"https:\/\/sisgeo.com\/wp-content\/uploads\/2025\/02\/12_STRAIN-GAUGES.jpg\",\"contentUrl\":\"https:\/\/sisgeo.com\/wp-content\/uploads\/2025\/02\/12_STRAIN-GAUGES.jpg\",\"width\":294,\"height\":164},{\"@type\":\"BreadcrumbList\",\"@id\":\"https:\/\/sisgeo.com\/fr\/produits\/jauges-de-contrainte\/#breadcrumb\",\"itemListElement\":[{\"@type\":\"ListItem\",\"position\":1,\"name\":\"Home\",\"item\":\"https:\/\/sisgeo.com\/fr\/linstrumentation-geotechnique-et-structurale-pour-le-shm\/\"},{\"@type\":\"ListItem\",\"position\":2,\"name\":\"Produits\",\"item\":\"https:\/\/sisgeo.com\/fr\/produits\/\"},{\"@type\":\"ListItem\",\"position\":3,\"name\":\"Jauges de contrainte\"}]},{\"@type\":\"WebSite\",\"@id\":\"https:\/\/sisgeo.com\/fr\/#website\",\"url\":\"https:\/\/sisgeo.com\/fr\/\",\"name\":\"Sisgeo\",\"description\":\"Inclined to improvement\",\"publisher\":{\"@id\":\"https:\/\/sisgeo.com\/fr\/#organization\"},\"potentialAction\":[{\"@type\":\"SearchAction\",\"target\":{\"@type\":\"EntryPoint\",\"urlTemplate\":\"https:\/\/sisgeo.com\/fr\/?s={search_term_string}\"},\"query-input\":{\"@type\":\"PropertyValueSpecification\",\"valueRequired\":true,\"valueName\":\"search_term_string\"}}],\"inLanguage\":\"fr-FR\"},{\"@type\":\"Organization\",\"@id\":\"https:\/\/sisgeo.com\/fr\/#organization\",\"name\":\"Sisgeo S.r.l.\",\"url\":\"https:\/\/sisgeo.com\/fr\/\",\"logo\":{\"@type\":\"ImageObject\",\"inLanguage\":\"fr-FR\",\"@id\":\"https:\/\/sisgeo.com\/fr\/#\/schema\/logo\/image\/\",\"url\":\"https:\/\/sisgeodev.pipehosting.it\/wp-content\/uploads\/2023\/06\/logo-RGB.png\",\"contentUrl\":\"https:\/\/sisgeodev.pipehosting.it\/wp-content\/uploads\/2023\/06\/logo-RGB.png\",\"width\":205,\"height\":97,\"caption\":\"Sisgeo S.r.l.\"},\"image\":{\"@id\":\"https:\/\/sisgeo.com\/fr\/#\/schema\/logo\/image\/\"}}]}<\/script>\n<!-- \/ Yoast SEO Premium plugin. -->","yoast_head_json":{"title":"Jauges de contrainte - Sisgeo","robots":{"index":"index","follow":"follow","max-snippet":"max-snippet:-1","max-image-preview":"max-image-preview:large","max-video-preview":"max-video-preview:-1"},"canonical":"https:\/\/sisgeo.com\/fr\/produits\/jauges-de-contrainte\/","og_locale":"fr_FR","og_type":"article","og_title":"Jauges de contrainte","og_description":"Les jauges de contrainte \u00e0 corde vibrante sont largement utilis\u00e9es dans la surveillance structurelle et g\u00e9otechnique pour suivre les tensions et les d\u00e9formations de divers composants d&rsquo;une structure. Les jauges de contrainte \u00e0 fil vibrant offrent plusieurs avantages, l&rsquo;un des plus importants \u00e9tant leur durabilit\u00e9. Gr\u00e2ce \u00e0 la technologie du fil vibrant, les jauges de [&hellip;]","og_url":"https:\/\/sisgeo.com\/fr\/produits\/jauges-de-contrainte\/","og_site_name":"Sisgeo","article_modified_time":"2025-02-27T08:27:00+00:00","og_image":[{"width":294,"height":164,"url":"https:\/\/sisgeo.com\/wp-content\/uploads\/2025\/02\/12_STRAIN-GAUGES.jpg","type":"image\/jpeg"}],"twitter_card":"summary_large_image","twitter_misc":{"Dur\u00e9e de lecture estim\u00e9e":"2 minutes"},"schema":{"@context":"https:\/\/schema.org","@graph":[{"@type":"WebPage","@id":"https:\/\/sisgeo.com\/fr\/produits\/jauges-de-contrainte\/","url":"https:\/\/sisgeo.com\/fr\/produits\/jauges-de-contrainte\/","name":"Jauges de contrainte - Sisgeo","isPartOf":{"@id":"https:\/\/sisgeo.com\/fr\/#website"},"primaryImageOfPage":{"@id":"https:\/\/sisgeo.com\/fr\/produits\/jauges-de-contrainte\/#primaryimage"},"image":{"@id":"https:\/\/sisgeo.com\/fr\/produits\/jauges-de-contrainte\/#primaryimage"},"thumbnailUrl":"https:\/\/sisgeo.com\/wp-content\/uploads\/2025\/02\/12_STRAIN-GAUGES.jpg","datePublished":"2023-07-27T08:39:49+00:00","dateModified":"2025-02-27T08:27:00+00:00","breadcrumb":{"@id":"https:\/\/sisgeo.com\/fr\/produits\/jauges-de-contrainte\/#breadcrumb"},"inLanguage":"fr-FR","potentialAction":[{"@type":"ReadAction","target":["https:\/\/sisgeo.com\/fr\/produits\/jauges-de-contrainte\/"]}]},{"@type":"ImageObject","inLanguage":"fr-FR","@id":"https:\/\/sisgeo.com\/fr\/produits\/jauges-de-contrainte\/#primaryimage","url":"https:\/\/sisgeo.com\/wp-content\/uploads\/2025\/02\/12_STRAIN-GAUGES.jpg","contentUrl":"https:\/\/sisgeo.com\/wp-content\/uploads\/2025\/02\/12_STRAIN-GAUGES.jpg","width":294,"height":164},{"@type":"BreadcrumbList","@id":"https:\/\/sisgeo.com\/fr\/produits\/jauges-de-contrainte\/#breadcrumb","itemListElement":[{"@type":"ListItem","position":1,"name":"Home","item":"https:\/\/sisgeo.com\/fr\/linstrumentation-geotechnique-et-structurale-pour-le-shm\/"},{"@type":"ListItem","position":2,"name":"Produits","item":"https:\/\/sisgeo.com\/fr\/produits\/"},{"@type":"ListItem","position":3,"name":"Jauges de contrainte"}]},{"@type":"WebSite","@id":"https:\/\/sisgeo.com\/fr\/#website","url":"https:\/\/sisgeo.com\/fr\/","name":"Sisgeo","description":"Inclined to improvement","publisher":{"@id":"https:\/\/sisgeo.com\/fr\/#organization"},"potentialAction":[{"@type":"SearchAction","target":{"@type":"EntryPoint","urlTemplate":"https:\/\/sisgeo.com\/fr\/?s={search_term_string}"},"query-input":{"@type":"PropertyValueSpecification","valueRequired":true,"valueName":"search_term_string"}}],"inLanguage":"fr-FR"},{"@type":"Organization","@id":"https:\/\/sisgeo.com\/fr\/#organization","name":"Sisgeo S.r.l.","url":"https:\/\/sisgeo.com\/fr\/","logo":{"@type":"ImageObject","inLanguage":"fr-FR","@id":"https:\/\/sisgeo.com\/fr\/#\/schema\/logo\/image\/","url":"https:\/\/sisgeodev.pipehosting.it\/wp-content\/uploads\/2023\/06\/logo-RGB.png","contentUrl":"https:\/\/sisgeodev.pipehosting.it\/wp-content\/uploads\/2023\/06\/logo-RGB.png","width":205,"height":97,"caption":"Sisgeo S.r.l."},"image":{"@id":"https:\/\/sisgeo.com\/fr\/#\/schema\/logo\/image\/"}}]}},"_links":{"self":[{"href":"https:\/\/sisgeo.com\/fr\/wp-json\/wp\/v2\/pages\/20893","targetHints":{"allow":["GET"]}}],"collection":[{"href":"https:\/\/sisgeo.com\/fr\/wp-json\/wp\/v2\/pages"}],"about":[{"href":"https:\/\/sisgeo.com\/fr\/wp-json\/wp\/v2\/types\/page"}],"author":[{"embeddable":true,"href":"https:\/\/sisgeo.com\/fr\/wp-json\/wp\/v2\/users\/1"}],"replies":[{"embeddable":true,"href":"https:\/\/sisgeo.com\/fr\/wp-json\/wp\/v2\/comments?post=20893"}],"version-history":[{"count":2,"href":"https:\/\/sisgeo.com\/fr\/wp-json\/wp\/v2\/pages\/20893\/revisions"}],"predecessor-version":[{"id":28269,"href":"https:\/\/sisgeo.com\/fr\/wp-json\/wp\/v2\/pages\/20893\/revisions\/28269"}],"up":[{"embeddable":true,"href":"https:\/\/sisgeo.com\/fr\/wp-json\/wp\/v2\/pages\/20237"}],"wp:featuredmedia":[{"embeddable":true,"href":"https:\/\/sisgeo.com\/fr\/wp-json\/wp\/v2\/media\/28246"}],"wp:attachment":[{"href":"https:\/\/sisgeo.com\/fr\/wp-json\/wp\/v2\/media?parent=20893"}],"wp:term":[{"taxonomy":"category","embeddable":true,"href":"https:\/\/sisgeo.com\/fr\/wp-json\/wp\/v2\/categories?post=20893"},{"taxonomy":"post_tag","embeddable":true,"href":"https:\/\/sisgeo.com\/fr\/wp-json\/wp\/v2\/tags?post=20893"}],"curies":[{"name":"wp","href":"https:\/\/api.w.org\/{rel}","templated":true}]}}