{"id":20924,"date":"2023-07-27T10:14:27","date_gmt":"2023-07-27T08:14:27","guid":{"rendered":"https:\/\/sisgeo.com\/produits\/clinometres\/"},"modified":"2024-10-08T16:53:42","modified_gmt":"2024-10-08T14:53:42","slug":"clinometres","status":"publish","type":"page","link":"https:\/\/sisgeo.com\/fr\/produits\/clinometres\/","title":{"rendered":"Clinom\u00e8tres"},"content":{"rendered":"\t\t<div data-elementor-type=\"wp-page\" data-elementor-id=\"20924\" class=\"elementor elementor-20924 elementor-3889\" data-elementor-post-type=\"page\">\n\t\t\t\t<div class=\"elementor-element elementor-element-7a63a93 e-flex e-con-boxed e-con e-parent\" data-id=\"7a63a93\" data-element_type=\"container\" data-e-type=\"container\">\n\t\t\t\t\t<div class=\"e-con-inner\">\n\t\t\t\t<div class=\"elementor-element elementor-element-99defb4 elementor-widget elementor-widget-text-editor\" data-id=\"99defb4\" data-element_type=\"widget\" data-e-type=\"widget\" data-widget_type=\"text-editor.default\">\n\t\t\t\t<div class=\"elementor-widget-container\">\n\t\t\t\t\t\t\t\t\t<p>Les clinom\u00e8tres sont des instruments utilis\u00e9s pour mesurer l&rsquo;inclinaison ou le d\u00e9placement angulaire d&rsquo;une surface ou d&rsquo;un objet. Ils sont couramment utilis\u00e9s pour la surveillance g\u00e9otechnique, la surveillance des structures, la gestion de l&rsquo;environnement et diverses autres applications o\u00f9 il est important de surveiller les changements d&rsquo;inclinaison. <\/p>\n\t\t\t\t\t\t\t\t<\/div>\n\t\t\t\t<\/div>\n\t\t\t\t<div class=\"elementor-element elementor-element-8a09a03 elementor-widget elementor-widget-accordion\" data-id=\"8a09a03\" data-element_type=\"widget\" data-e-type=\"widget\" data-widget_type=\"accordion.default\">\n\t\t\t\t<div class=\"elementor-widget-container\">\n\t\t\t\t\t\t\t<div class=\"elementor-accordion\">\n\t\t\t\t\t\t\t<div class=\"elementor-accordion-item\">\n\t\t\t\t\t<div id=\"elementor-tab-title-1441\" class=\"elementor-tab-title\" data-tab=\"1\" role=\"button\" aria-controls=\"elementor-tab-content-1441\" aria-expanded=\"false\">\n\t\t\t\t\t\t\t\t\t\t\t\t\t<span class=\"elementor-accordion-icon elementor-accordion-icon-right\" aria-hidden=\"true\">\n\t\t\t\t\t\t\t\t\t\t\t\t\t\t\t<span class=\"elementor-accordion-icon-closed\"><svg xmlns=\"http:\/\/www.w3.org\/2000\/svg\" width=\"29\" height=\"16\" viewBox=\"0 0 29 16\" fill=\"none\"><path fill-rule=\"evenodd\" clip-rule=\"evenodd\" d=\"M27.25 0L14.375 13.038L1.5 0L0 1.5L14.4 15.9L28.749 1.5L27.25 0Z\" fill=\"#E4002B\"><\/path><\/svg><\/span>\n\t\t\t\t\t\t\t\t<span class=\"elementor-accordion-icon-opened\"><svg xmlns=\"http:\/\/www.w3.org\/2000\/svg\" width=\"29\" height=\"14\" viewBox=\"0 0 29 14\" fill=\"none\"><path fill-rule=\"evenodd\" clip-rule=\"evenodd\" d=\"M1.49902 13.1885L14.374 2.61651L27.249 13.1885L28.749 11.9722L14.349 0.295833L2.28882e-05 11.9722L1.49902 13.1885Z\" fill=\"#E4002B\"><\/path><\/svg><\/span>\n\t\t\t\t\t\t\t\t\t\t\t\t\t\t<\/span>\n\t\t\t\t\t\t\t\t\t\t\t\t<a class=\"elementor-accordion-title\" tabindex=\"0\">Plus d'informations sur ce sujet<\/a>\n\t\t\t\t\t<\/div>\n\t\t\t\t\t<div id=\"elementor-tab-content-1441\" class=\"elementor-tab-content elementor-clearfix\" data-tab=\"1\" role=\"region\" aria-labelledby=\"elementor-tab-title-1441\"><p>Les clinom\u00e8tres sont con\u00e7us pour d\u00e9tecter les moindres changements d&rsquo;inclinaison, fournissant ainsi des donn\u00e9es pr\u00e9cieuses pour \u00e9valuer la stabilit\u00e9, la d\u00e9formation et le comportement des b\u00e2timents, des ponts, des barrages, des tours et d&rsquo;autres structures. Les clinom\u00e8tres sont particuli\u00e8rement utiles pour surveiller les performances et les mouvements \u00e0 long terme des structures. <\/p>\n<p>Les clinom\u00e8tres sont disponibles en diff\u00e9rents mod\u00e8les : avec un capteur analogique biaxial ou un capteur num\u00e9rique triaxial avec technologie 360\u00b0.<\/p>\n<p>Le LT-Inclibus est une s\u00e9rie de clinom\u00e8tres num\u00e9riques. LT-Inclibus peut \u00eatre int\u00e9gr\u00e9 dans le sol ou le b\u00e9ton. <\/p>\n<p>Pour la surveillance courante de l&rsquo;inclinaison des structures, le clinom\u00e8tre portable TILLI est la solution optimale. Il suffit de placer le TILLI sur la plaque de mesure pr\u00e9install\u00e9e et d&rsquo;effectuer une lecture \u00e0 l&rsquo;aide de l&rsquo;unit\u00e9 de lecture portable. <\/p><\/div>\n\t\t\t\t<\/div>\n\t\t\t\t\t\t\t\t<\/div>\n\t\t\t\t\t\t<\/div>\n\t\t\t\t<\/div>\n\t\t\t\t<div class=\"elementor-element elementor-element-58a3ecd dce-posts-layout-default dce-col-4 dce-col-tablet-3 dce-col-mobile-1 dce-align-left elementor-widget elementor-widget-dce-dynamicposts-v2\" data-id=\"58a3ecd\" data-element_type=\"widget\" data-e-type=\"widget\" data-settings=\"{&quot;style_items&quot;:&quot;default&quot;,&quot;grid_grid_type&quot;:&quot;flex&quot;}\" data-widget_type=\"dce-dynamicposts-v2.grid\">\n\t\t\t\t<div class=\"elementor-widget-container\">\n\t\t\t\t\t\n\t\t<div class=\"dce-fix-background-loop dce-posts-container dce-posts dce-dynamic-posts-collection  dce-skin-grid dce-skin-grid-flex\">\n\t\t\t\t\t\t<div class=\"dce-posts-wrapper dce-wrapper-grid\">\n\t\t\t\n\t\t<article class=\"post-20928 page type-page status-publish has-post-thumbnail hentry category-clinometres dce-post dce-post-item dce-item-grid\" data-dce-post-id=\"20928\" data-dce-post-index=\"0\">\n\t\t\t<div class=\"dce-post-block elementor-animation-grow\">\n\t\t<div class=\"dce-item dce-item_image elementor-repeater-item-9ee1dae\"><a class=\"dce-post-image\" href=\"https:\/\/sisgeo.com\/fr\/produits\/clinometres\/360-tiltmeter-clinometres-numeriques-mems\/\"><figure  class=\"dce-img\"><img fetchpriority=\"high\" decoding=\"async\" width=\"960\" height=\"540\" src=\"https:\/\/sisgeo.com\/wp-content\/uploads\/2024\/10\/0_Tiltmeter-sisgeo-360.jpg\" class=\"\" alt=\"360\u00b0 Tiltmeter &#8211; Clinom\u00e8tres num\u00e9riques MEMS\" srcset=\"https:\/\/sisgeo.com\/wp-content\/uploads\/2024\/10\/0_Tiltmeter-sisgeo-360.jpg 960w, https:\/\/sisgeo.com\/wp-content\/uploads\/2024\/10\/0_Tiltmeter-sisgeo-360-300x169.jpg 300w, https:\/\/sisgeo.com\/wp-content\/uploads\/2024\/10\/0_Tiltmeter-sisgeo-360-768x432.jpg 768w\" sizes=\"(max-width: 960px) 100vw, 960px\" \/><\/figure><\/a><\/div><div class=\"dce-item dce-item_title elementor-repeater-item-b433209\"><h5 class=\"dce-post-title\"><a href=\"https:\/\/sisgeo.com\/fr\/produits\/clinometres\/360-tiltmeter-clinometres-numeriques-mems\/\">360\u00b0 Tiltmeter &#8211; Clinom\u00e8tres num\u00e9riques MEMS<\/a><\/h5><\/div><div class=\"dce-item dce-item_readmore elementor-repeater-item-ef0e5ce\">\t\t<div class=\"dce-post-button\">\n\t\t\t<a href=\"https:\/\/sisgeo.com\/fr\/produits\/clinometres\/360-tiltmeter-clinometres-numeriques-mems\/\" class=\"elementor-button-link elementor-button dce-button elementor-size-sm\" role=\"button\" >\n\t\t\t<div class=\"align-middle\"><span>Apprendre encore plus<\/span><img decoding=\"async\" src=\"https:\/\/sisgeo.com\/wp-content\/uploads\/2023\/05\/arrow_red.png\"><\/div>\t\t\t<\/a>\n\t\t<\/div>\n\t\t<\/div>\t\t\t<\/div>\n\t\t<\/article>\n\t\t\n\t\t<article class=\"post-20935 page type-page status-publish has-post-thumbnail hentry category-clinometres category-clinometres-analogiques-mems dce-post dce-post-item dce-item-grid\" data-dce-post-id=\"20935\" data-dce-post-index=\"1\">\n\t\t\t<div class=\"dce-post-block elementor-animation-grow\">\n\t\t<div class=\"dce-item dce-item_image elementor-repeater-item-9ee1dae\"><a class=\"dce-post-image\" href=\"https:\/\/sisgeo.com\/fr\/produits\/clinometres\/clinometres-analogiques-mems\/\"><figure  class=\"dce-img\"><img decoding=\"async\" width=\"960\" height=\"540\" src=\"https:\/\/sisgeo.com\/wp-content\/uploads\/2023\/08\/0_mems_analogue_tiltmeter_sisgeo_a8d277.png\" class=\"\" alt=\"Clinom\u00e8tres analogiques MEMS\" srcset=\"https:\/\/sisgeo.com\/wp-content\/uploads\/2023\/08\/0_mems_analogue_tiltmeter_sisgeo_a8d277.png 960w, https:\/\/sisgeo.com\/wp-content\/uploads\/2023\/08\/0_mems_analogue_tiltmeter_sisgeo_a8d277-300x169.png 300w, https:\/\/sisgeo.com\/wp-content\/uploads\/2023\/08\/0_mems_analogue_tiltmeter_sisgeo_a8d277-768x432.png 768w\" sizes=\"(max-width: 960px) 100vw, 960px\" \/><\/figure><\/a><\/div><div class=\"dce-item dce-item_title elementor-repeater-item-b433209\"><h5 class=\"dce-post-title\"><a href=\"https:\/\/sisgeo.com\/fr\/produits\/clinometres\/clinometres-analogiques-mems\/\">Clinom\u00e8tres analogiques MEMS<\/a><\/h5><\/div><div class=\"dce-item dce-item_readmore elementor-repeater-item-ef0e5ce\">\t\t<div class=\"dce-post-button\">\n\t\t\t<a href=\"https:\/\/sisgeo.com\/fr\/produits\/clinometres\/clinometres-analogiques-mems\/\" class=\"elementor-button-link elementor-button dce-button elementor-size-sm\" role=\"button\" >\n\t\t\t<div class=\"align-middle\"><span>Apprendre encore plus<\/span><img decoding=\"async\" src=\"https:\/\/sisgeo.com\/wp-content\/uploads\/2023\/05\/arrow_red.png\"><\/div>\t\t\t<\/a>\n\t\t<\/div>\n\t\t<\/div>\t\t\t<\/div>\n\t\t<\/article>\n\t\t\n\t\t<article class=\"post-20951 page type-page status-publish has-post-thumbnail hentry category-clinometre-a-barre-tb category-clinometres dce-post dce-post-item dce-item-grid\" data-dce-post-id=\"20951\" data-dce-post-index=\"2\">\n\t\t\t<div class=\"dce-post-block elementor-animation-grow\">\n\t\t<div class=\"dce-item dce-item_image elementor-repeater-item-9ee1dae\"><a class=\"dce-post-image\" href=\"https:\/\/sisgeo.com\/fr\/produits\/clinometres\/clinometre-a-barre-tb\/\"><figure  class=\"dce-img\"><img decoding=\"async\" width=\"2560\" height=\"1440\" src=\"https:\/\/sisgeo.com\/wp-content\/uploads\/2024\/10\/tilt-beams-sisgeo-inclinometers-0-scaled.jpg\" class=\"\" alt=\"Clinom\u00e8tre \u00e0 barre (TB)\" srcset=\"https:\/\/sisgeo.com\/wp-content\/uploads\/2024\/10\/tilt-beams-sisgeo-inclinometers-0-scaled.jpg 2560w, https:\/\/sisgeo.com\/wp-content\/uploads\/2024\/10\/tilt-beams-sisgeo-inclinometers-0-300x169.jpg 300w, https:\/\/sisgeo.com\/wp-content\/uploads\/2024\/10\/tilt-beams-sisgeo-inclinometers-0-1024x576.jpg 1024w, https:\/\/sisgeo.com\/wp-content\/uploads\/2024\/10\/tilt-beams-sisgeo-inclinometers-0-768x432.jpg 768w, https:\/\/sisgeo.com\/wp-content\/uploads\/2024\/10\/tilt-beams-sisgeo-inclinometers-0-1536x864.jpg 1536w, https:\/\/sisgeo.com\/wp-content\/uploads\/2024\/10\/tilt-beams-sisgeo-inclinometers-0-2048x1152.jpg 2048w\" sizes=\"(max-width: 2560px) 100vw, 2560px\" \/><\/figure><\/a><\/div><div class=\"dce-item dce-item_title elementor-repeater-item-b433209\"><h5 class=\"dce-post-title\"><a href=\"https:\/\/sisgeo.com\/fr\/produits\/clinometres\/clinometre-a-barre-tb\/\">Clinom\u00e8tre \u00e0 barre (TB)<\/a><\/h5><\/div><div class=\"dce-item dce-item_readmore elementor-repeater-item-ef0e5ce\">\t\t<div class=\"dce-post-button\">\n\t\t\t<a href=\"https:\/\/sisgeo.com\/fr\/produits\/clinometres\/clinometre-a-barre-tb\/\" class=\"elementor-button-link elementor-button dce-button elementor-size-sm\" role=\"button\" >\n\t\t\t<div class=\"align-middle\"><span>Apprendre encore plus<\/span><img decoding=\"async\" src=\"https:\/\/sisgeo.com\/wp-content\/uploads\/2023\/05\/arrow_red.png\"><\/div>\t\t\t<\/a>\n\t\t<\/div>\n\t\t<\/div>\t\t\t<\/div>\n\t\t<\/article>\n\t\t\n\t\t<article class=\"post-20560 page type-page status-publish has-post-thumbnail hentry category-chaine-lt-inclibus category-chaine-lt-inclibus-fr category-clinometres category-inclinometres-fixes-ipi dce-post dce-post-item dce-item-grid\" data-dce-post-id=\"20560\" data-dce-post-index=\"3\">\n\t\t\t<div class=\"dce-post-block elementor-animation-grow\">\n\t\t<div class=\"dce-item dce-item_image elementor-repeater-item-9ee1dae\"><a class=\"dce-post-image\" href=\"https:\/\/sisgeo.com\/fr\/produits\/inclinometres-fixes-ipi\/360-chaine-lt-inclibus\/\"><figure  class=\"dce-img\"><img loading=\"lazy\" decoding=\"async\" width=\"960\" height=\"540\" src=\"https:\/\/sisgeo.com\/wp-content\/uploads\/2024\/10\/0_LT-Inclibus-array-inclinometer.jpg\" class=\"\" alt=\"360\u00b0 Chaine LT-Inclibus\" srcset=\"https:\/\/sisgeo.com\/wp-content\/uploads\/2024\/10\/0_LT-Inclibus-array-inclinometer.jpg 960w, https:\/\/sisgeo.com\/wp-content\/uploads\/2024\/10\/0_LT-Inclibus-array-inclinometer-300x169.jpg 300w, https:\/\/sisgeo.com\/wp-content\/uploads\/2024\/10\/0_LT-Inclibus-array-inclinometer-768x432.jpg 768w\" sizes=\"(max-width: 960px) 100vw, 960px\" \/><\/figure><\/a><\/div><div class=\"dce-item dce-item_title elementor-repeater-item-b433209\"><h5 class=\"dce-post-title\"><a href=\"https:\/\/sisgeo.com\/fr\/produits\/inclinometres-fixes-ipi\/360-chaine-lt-inclibus\/\">360\u00b0 Chaine LT-Inclibus<\/a><\/h5><\/div><div class=\"dce-item dce-item_readmore elementor-repeater-item-ef0e5ce\">\t\t<div class=\"dce-post-button\">\n\t\t\t<a href=\"https:\/\/sisgeo.com\/fr\/produits\/inclinometres-fixes-ipi\/360-chaine-lt-inclibus\/\" class=\"elementor-button-link elementor-button dce-button elementor-size-sm\" role=\"button\" >\n\t\t\t<div class=\"align-middle\"><span>Apprendre encore plus<\/span><img decoding=\"async\" src=\"https:\/\/sisgeo.com\/wp-content\/uploads\/2023\/05\/arrow_red.png\"><\/div>\t\t\t<\/a>\n\t\t<\/div>\n\t\t<\/div>\t\t\t<\/div>\n\t\t<\/article>\n\t\t\n\t\t<article class=\"post-20944 page type-page status-publish has-post-thumbnail hentry category-clinometre-portable-tilli category-clinometres dce-post dce-post-item dce-item-grid\" data-dce-post-id=\"20944\" data-dce-post-index=\"4\">\n\t\t\t<div class=\"dce-post-block elementor-animation-grow\">\n\t\t<div class=\"dce-item dce-item_image elementor-repeater-item-9ee1dae\"><a class=\"dce-post-image\" href=\"https:\/\/sisgeo.com\/fr\/produits\/clinometres\/clinometre-portable-tilli\/\"><figure  class=\"dce-img\"><img loading=\"lazy\" decoding=\"async\" width=\"960\" height=\"540\" src=\"https:\/\/sisgeo.com\/wp-content\/uploads\/2023\/08\/tilli_portable_tilmeter_00_render_sisgeo_d9a8146ce1927c3c.png\" class=\"\" alt=\"Clinom\u00e8tre portable Tilli\" srcset=\"https:\/\/sisgeo.com\/wp-content\/uploads\/2023\/08\/tilli_portable_tilmeter_00_render_sisgeo_d9a8146ce1927c3c.png 960w, https:\/\/sisgeo.com\/wp-content\/uploads\/2023\/08\/tilli_portable_tilmeter_00_render_sisgeo_d9a8146ce1927c3c-300x169.png 300w, https:\/\/sisgeo.com\/wp-content\/uploads\/2023\/08\/tilli_portable_tilmeter_00_render_sisgeo_d9a8146ce1927c3c-768x432.png 768w\" sizes=\"(max-width: 960px) 100vw, 960px\" \/><\/figure><\/a><\/div><div class=\"dce-item dce-item_title elementor-repeater-item-b433209\"><h5 class=\"dce-post-title\"><a href=\"https:\/\/sisgeo.com\/fr\/produits\/clinometres\/clinometre-portable-tilli\/\">Clinom\u00e8tre portable Tilli<\/a><\/h5><\/div><div class=\"dce-item dce-item_readmore elementor-repeater-item-ef0e5ce\">\t\t<div class=\"dce-post-button\">\n\t\t\t<a href=\"https:\/\/sisgeo.com\/fr\/produits\/clinometres\/clinometre-portable-tilli\/\" class=\"elementor-button-link elementor-button dce-button elementor-size-sm\" role=\"button\" >\n\t\t\t<div class=\"align-middle\"><span>Apprendre encore plus<\/span><img decoding=\"async\" src=\"https:\/\/sisgeo.com\/wp-content\/uploads\/2023\/05\/arrow_red.png\"><\/div>\t\t\t<\/a>\n\t\t<\/div>\n\t\t<\/div>\t\t\t<\/div>\n\t\t<\/article>\n\t\t\t\t\t<\/div>\n\t\t\t\t\t<\/div>\n\t\t\t\t\t\t<\/div>\n\t\t\t\t<\/div>\n\t\t\t\t\t<\/div>\n\t\t\t\t<\/div>\n\t\t\t\t<\/div>\n\t\t","protected":false},"excerpt":{"rendered":"<p>Les clinom\u00e8tres sont des instruments utilis\u00e9s pour mesurer l&rsquo;inclinaison ou le d\u00e9placement angulaire d&rsquo;une surface ou d&rsquo;un objet. Ils sont couramment utilis\u00e9s pour la surveillance g\u00e9otechnique, la surveillance des structures, la gestion de l&rsquo;environnement et diverses autres applications o\u00f9 il est important de surveiller les changements d&rsquo;inclinaison. Plus d&rsquo;informations sur ce sujet Les clinom\u00e8tres sont [&hellip;]<\/p>\n","protected":false},"author":1,"featured_media":26072,"parent":20237,"menu_order":0,"comment_status":"closed","ping_status":"closed","template":"","meta":{"_acf_changed":false,"footnotes":""},"categories":[41,214],"tags":[],"class_list":["post-20924","page","type-page","status-publish","has-post-thumbnail","hentry","category-products","category-products-fr-2"],"acf":[],"yoast_head":"<!-- This site is optimized with the Yoast SEO Premium plugin v27.2 (Yoast SEO v27.2) - https:\/\/yoast.com\/product\/yoast-seo-premium-wordpress\/ -->\n<title>Clinom\u00e8tres - Sisgeo<\/title>\n<meta name=\"robots\" content=\"index, follow, max-snippet:-1, max-image-preview:large, max-video-preview:-1\" \/>\n<link rel=\"canonical\" href=\"https:\/\/sisgeo.com\/fr\/produits\/clinometres\/\" \/>\n<meta property=\"og:locale\" content=\"fr_FR\" \/>\n<meta property=\"og:type\" content=\"article\" \/>\n<meta property=\"og:title\" content=\"Clinom\u00e8tres\" \/>\n<meta property=\"og:description\" content=\"Les clinom\u00e8tres sont des instruments utilis\u00e9s pour mesurer l&rsquo;inclinaison ou le d\u00e9placement angulaire d&rsquo;une surface ou d&rsquo;un objet. Ils sont couramment utilis\u00e9s pour la surveillance g\u00e9otechnique, la surveillance des structures, la gestion de l&rsquo;environnement et diverses autres applications o\u00f9 il est important de surveiller les changements d&rsquo;inclinaison. Plus d&rsquo;informations sur ce sujet Les clinom\u00e8tres sont [&hellip;]\" \/>\n<meta property=\"og:url\" content=\"https:\/\/sisgeo.com\/fr\/produits\/clinometres\/\" \/>\n<meta property=\"og:site_name\" content=\"Sisgeo\" \/>\n<meta property=\"article:modified_time\" content=\"2024-10-08T14:53:42+00:00\" \/>\n<meta property=\"og:image\" content=\"https:\/\/sisgeo.com\/wp-content\/uploads\/2024\/10\/0_Tiltmeter-sisgeo-360.jpg\" \/>\n\t<meta property=\"og:image:width\" content=\"960\" \/>\n\t<meta property=\"og:image:height\" content=\"540\" \/>\n\t<meta property=\"og:image:type\" content=\"image\/jpeg\" \/>\n<meta name=\"twitter:card\" content=\"summary_large_image\" \/>\n<meta name=\"twitter:label1\" content=\"Dur\u00e9e de lecture estim\u00e9e\" \/>\n\t<meta name=\"twitter:data1\" content=\"3 minutes\" \/>\n<script type=\"application\/ld+json\" class=\"yoast-schema-graph\">{\"@context\":\"https:\/\/schema.org\",\"@graph\":[{\"@type\":\"WebPage\",\"@id\":\"https:\/\/sisgeo.com\/fr\/produits\/clinometres\/\",\"url\":\"https:\/\/sisgeo.com\/fr\/produits\/clinometres\/\",\"name\":\"Clinom\u00e8tres - Sisgeo\",\"isPartOf\":{\"@id\":\"https:\/\/sisgeo.com\/fr\/#website\"},\"primaryImageOfPage\":{\"@id\":\"https:\/\/sisgeo.com\/fr\/produits\/clinometres\/#primaryimage\"},\"image\":{\"@id\":\"https:\/\/sisgeo.com\/fr\/produits\/clinometres\/#primaryimage\"},\"thumbnailUrl\":\"https:\/\/sisgeo.com\/wp-content\/uploads\/2024\/10\/0_Tiltmeter-sisgeo-360.jpg\",\"datePublished\":\"2023-07-27T08:14:27+00:00\",\"dateModified\":\"2024-10-08T14:53:42+00:00\",\"breadcrumb\":{\"@id\":\"https:\/\/sisgeo.com\/fr\/produits\/clinometres\/#breadcrumb\"},\"inLanguage\":\"fr-FR\",\"potentialAction\":[{\"@type\":\"ReadAction\",\"target\":[\"https:\/\/sisgeo.com\/fr\/produits\/clinometres\/\"]}]},{\"@type\":\"ImageObject\",\"inLanguage\":\"fr-FR\",\"@id\":\"https:\/\/sisgeo.com\/fr\/produits\/clinometres\/#primaryimage\",\"url\":\"https:\/\/sisgeo.com\/wp-content\/uploads\/2024\/10\/0_Tiltmeter-sisgeo-360.jpg\",\"contentUrl\":\"https:\/\/sisgeo.com\/wp-content\/uploads\/2024\/10\/0_Tiltmeter-sisgeo-360.jpg\",\"width\":960,\"height\":540,\"caption\":\"This is a digital MEMS tiltmeter for structural health monitoring, calibration with 360\u00b0 technology\"},{\"@type\":\"BreadcrumbList\",\"@id\":\"https:\/\/sisgeo.com\/fr\/produits\/clinometres\/#breadcrumb\",\"itemListElement\":[{\"@type\":\"ListItem\",\"position\":1,\"name\":\"Home\",\"item\":\"https:\/\/sisgeo.com\/fr\/linstrumentation-geotechnique-et-structurale-pour-le-shm\/\"},{\"@type\":\"ListItem\",\"position\":2,\"name\":\"Produits\",\"item\":\"https:\/\/sisgeo.com\/fr\/produits\/\"},{\"@type\":\"ListItem\",\"position\":3,\"name\":\"Clinom\u00e8tres\"}]},{\"@type\":\"WebSite\",\"@id\":\"https:\/\/sisgeo.com\/fr\/#website\",\"url\":\"https:\/\/sisgeo.com\/fr\/\",\"name\":\"Sisgeo\",\"description\":\"Inclined to improvement\",\"publisher\":{\"@id\":\"https:\/\/sisgeo.com\/fr\/#organization\"},\"potentialAction\":[{\"@type\":\"SearchAction\",\"target\":{\"@type\":\"EntryPoint\",\"urlTemplate\":\"https:\/\/sisgeo.com\/fr\/?s={search_term_string}\"},\"query-input\":{\"@type\":\"PropertyValueSpecification\",\"valueRequired\":true,\"valueName\":\"search_term_string\"}}],\"inLanguage\":\"fr-FR\"},{\"@type\":\"Organization\",\"@id\":\"https:\/\/sisgeo.com\/fr\/#organization\",\"name\":\"Sisgeo S.r.l.\",\"url\":\"https:\/\/sisgeo.com\/fr\/\",\"logo\":{\"@type\":\"ImageObject\",\"inLanguage\":\"fr-FR\",\"@id\":\"https:\/\/sisgeo.com\/fr\/#\/schema\/logo\/image\/\",\"url\":\"https:\/\/sisgeodev.pipehosting.it\/wp-content\/uploads\/2023\/06\/logo-RGB.png\",\"contentUrl\":\"https:\/\/sisgeodev.pipehosting.it\/wp-content\/uploads\/2023\/06\/logo-RGB.png\",\"width\":205,\"height\":97,\"caption\":\"Sisgeo S.r.l.\"},\"image\":{\"@id\":\"https:\/\/sisgeo.com\/fr\/#\/schema\/logo\/image\/\"}}]}<\/script>\n<!-- \/ Yoast SEO Premium plugin. -->","yoast_head_json":{"title":"Clinom\u00e8tres - Sisgeo","robots":{"index":"index","follow":"follow","max-snippet":"max-snippet:-1","max-image-preview":"max-image-preview:large","max-video-preview":"max-video-preview:-1"},"canonical":"https:\/\/sisgeo.com\/fr\/produits\/clinometres\/","og_locale":"fr_FR","og_type":"article","og_title":"Clinom\u00e8tres","og_description":"Les clinom\u00e8tres sont des instruments utilis\u00e9s pour mesurer l&rsquo;inclinaison ou le d\u00e9placement angulaire d&rsquo;une surface ou d&rsquo;un objet. Ils sont couramment utilis\u00e9s pour la surveillance g\u00e9otechnique, la surveillance des structures, la gestion de l&rsquo;environnement et diverses autres applications o\u00f9 il est important de surveiller les changements d&rsquo;inclinaison. Plus d&rsquo;informations sur ce sujet Les clinom\u00e8tres sont [&hellip;]","og_url":"https:\/\/sisgeo.com\/fr\/produits\/clinometres\/","og_site_name":"Sisgeo","article_modified_time":"2024-10-08T14:53:42+00:00","og_image":[{"width":960,"height":540,"url":"https:\/\/sisgeo.com\/wp-content\/uploads\/2024\/10\/0_Tiltmeter-sisgeo-360.jpg","type":"image\/jpeg"}],"twitter_card":"summary_large_image","twitter_misc":{"Dur\u00e9e de lecture estim\u00e9e":"3 minutes"},"schema":{"@context":"https:\/\/schema.org","@graph":[{"@type":"WebPage","@id":"https:\/\/sisgeo.com\/fr\/produits\/clinometres\/","url":"https:\/\/sisgeo.com\/fr\/produits\/clinometres\/","name":"Clinom\u00e8tres - Sisgeo","isPartOf":{"@id":"https:\/\/sisgeo.com\/fr\/#website"},"primaryImageOfPage":{"@id":"https:\/\/sisgeo.com\/fr\/produits\/clinometres\/#primaryimage"},"image":{"@id":"https:\/\/sisgeo.com\/fr\/produits\/clinometres\/#primaryimage"},"thumbnailUrl":"https:\/\/sisgeo.com\/wp-content\/uploads\/2024\/10\/0_Tiltmeter-sisgeo-360.jpg","datePublished":"2023-07-27T08:14:27+00:00","dateModified":"2024-10-08T14:53:42+00:00","breadcrumb":{"@id":"https:\/\/sisgeo.com\/fr\/produits\/clinometres\/#breadcrumb"},"inLanguage":"fr-FR","potentialAction":[{"@type":"ReadAction","target":["https:\/\/sisgeo.com\/fr\/produits\/clinometres\/"]}]},{"@type":"ImageObject","inLanguage":"fr-FR","@id":"https:\/\/sisgeo.com\/fr\/produits\/clinometres\/#primaryimage","url":"https:\/\/sisgeo.com\/wp-content\/uploads\/2024\/10\/0_Tiltmeter-sisgeo-360.jpg","contentUrl":"https:\/\/sisgeo.com\/wp-content\/uploads\/2024\/10\/0_Tiltmeter-sisgeo-360.jpg","width":960,"height":540,"caption":"This is a digital MEMS tiltmeter for structural health monitoring, calibration with 360\u00b0 technology"},{"@type":"BreadcrumbList","@id":"https:\/\/sisgeo.com\/fr\/produits\/clinometres\/#breadcrumb","itemListElement":[{"@type":"ListItem","position":1,"name":"Home","item":"https:\/\/sisgeo.com\/fr\/linstrumentation-geotechnique-et-structurale-pour-le-shm\/"},{"@type":"ListItem","position":2,"name":"Produits","item":"https:\/\/sisgeo.com\/fr\/produits\/"},{"@type":"ListItem","position":3,"name":"Clinom\u00e8tres"}]},{"@type":"WebSite","@id":"https:\/\/sisgeo.com\/fr\/#website","url":"https:\/\/sisgeo.com\/fr\/","name":"Sisgeo","description":"Inclined to improvement","publisher":{"@id":"https:\/\/sisgeo.com\/fr\/#organization"},"potentialAction":[{"@type":"SearchAction","target":{"@type":"EntryPoint","urlTemplate":"https:\/\/sisgeo.com\/fr\/?s={search_term_string}"},"query-input":{"@type":"PropertyValueSpecification","valueRequired":true,"valueName":"search_term_string"}}],"inLanguage":"fr-FR"},{"@type":"Organization","@id":"https:\/\/sisgeo.com\/fr\/#organization","name":"Sisgeo S.r.l.","url":"https:\/\/sisgeo.com\/fr\/","logo":{"@type":"ImageObject","inLanguage":"fr-FR","@id":"https:\/\/sisgeo.com\/fr\/#\/schema\/logo\/image\/","url":"https:\/\/sisgeodev.pipehosting.it\/wp-content\/uploads\/2023\/06\/logo-RGB.png","contentUrl":"https:\/\/sisgeodev.pipehosting.it\/wp-content\/uploads\/2023\/06\/logo-RGB.png","width":205,"height":97,"caption":"Sisgeo S.r.l."},"image":{"@id":"https:\/\/sisgeo.com\/fr\/#\/schema\/logo\/image\/"}}]}},"_links":{"self":[{"href":"https:\/\/sisgeo.com\/fr\/wp-json\/wp\/v2\/pages\/20924","targetHints":{"allow":["GET"]}}],"collection":[{"href":"https:\/\/sisgeo.com\/fr\/wp-json\/wp\/v2\/pages"}],"about":[{"href":"https:\/\/sisgeo.com\/fr\/wp-json\/wp\/v2\/types\/page"}],"author":[{"embeddable":true,"href":"https:\/\/sisgeo.com\/fr\/wp-json\/wp\/v2\/users\/1"}],"replies":[{"embeddable":true,"href":"https:\/\/sisgeo.com\/fr\/wp-json\/wp\/v2\/comments?post=20924"}],"version-history":[{"count":5,"href":"https:\/\/sisgeo.com\/fr\/wp-json\/wp\/v2\/pages\/20924\/revisions"}],"predecessor-version":[{"id":26237,"href":"https:\/\/sisgeo.com\/fr\/wp-json\/wp\/v2\/pages\/20924\/revisions\/26237"}],"up":[{"embeddable":true,"href":"https:\/\/sisgeo.com\/fr\/wp-json\/wp\/v2\/pages\/20237"}],"wp:featuredmedia":[{"embeddable":true,"href":"https:\/\/sisgeo.com\/fr\/wp-json\/wp\/v2\/media\/26072"}],"wp:attachment":[{"href":"https:\/\/sisgeo.com\/fr\/wp-json\/wp\/v2\/media?parent=20924"}],"wp:term":[{"taxonomy":"category","embeddable":true,"href":"https:\/\/sisgeo.com\/fr\/wp-json\/wp\/v2\/categories?post=20924"},{"taxonomy":"post_tag","embeddable":true,"href":"https:\/\/sisgeo.com\/fr\/wp-json\/wp\/v2\/tags?post=20924"}],"curies":[{"name":"wp","href":"https:\/\/api.w.org\/{rel}","templated":true}]}}