{"id":20984,"date":"2023-09-25T09:45:04","date_gmt":"2023-09-25T07:45:04","guid":{"rendered":"https:\/\/sisgeo.com\/terms-conditions-2\/"},"modified":"2023-12-27T08:19:25","modified_gmt":"2023-12-27T07:19:25","slug":"terms-conditions-2","status":"publish","type":"page","link":"https:\/\/sisgeo.com\/fr\/terms-conditions-2\/","title":{"rendered":"Conditions g\u00e9n\u00e9rales d&rsquo;utilisation"},"content":{"rendered":"\t\t<div data-elementor-type=\"wp-page\" data-elementor-id=\"20984\" class=\"elementor elementor-20984 elementor-15426\" data-elementor-post-type=\"page\">\n\t\t\t\t<div class=\"elementor-element elementor-element-1c1cf32 e-flex e-con-boxed e-con e-parent\" data-id=\"1c1cf32\" data-element_type=\"container\" data-e-type=\"container\">\n\t\t\t\t\t<div class=\"e-con-inner\">\n\t\t\t\t<div class=\"elementor-element elementor-element-2d22766e elementor-widget elementor-widget-text-editor\" data-id=\"2d22766e\" data-element_type=\"widget\" data-e-type=\"widget\" data-widget_type=\"text-editor.default\">\n\t\t\t\t<div class=\"elementor-widget-container\">\n\t\t\t\t\t\t\t\t\t<h4>BIENVENUE SUR LE SITE DE SISGEO!<\/h4>\n<p>VEUILLEZ LIRE ATTENTIVEMENT CES CONDITIONS AVANT D&rsquo;UTILISER CE SITE WEB (\u00ab\u00a0SITE\u00a0\u00bb). CE SITE NE PEUT \u00caTRE UTILIS\u00c9 QU&rsquo;\u00c0 DES FINS D&rsquo;INFORMATION. EN UTILISANT LE SITE OU EN T\u00c9L\u00c9CHARGEANT DU MAT\u00c9RIEL \u00c0 PARTIR DU SITE, VOUS ACCEPTEZ DE RESPECTER LES PR\u00c9SENTES CONDITIONS G\u00c9N\u00c9RALES (\u00ab\u00a0CGV\u00a0\u00bb). SI VOUS N&rsquo;ACCEPTEZ PAS DE SUIVRE CES T&amp;C, N&rsquo;UTILISEZ PAS LE SITE ET NE T\u00c9L\u00c9CHARGEZ PAS DE MAT\u00c9RIEL \u00c0 PARTIR DU SITE.   <\/p>\n<h4><strong>Licence<\/strong><\/h4>\n<p>La SISGEO vous autorise \u00e0 visualiser et \u00e0 t\u00e9l\u00e9charger les informations (\u00ab\u00a0Mat\u00e9riel\u00a0\u00bb) sur le site uniquement pour votre usage personnel. Cette autorisation ne constitue pas un transfert de propri\u00e9t\u00e9 des documents et des copies des documents et est soumise aux restrictions suivantes : <br \/>&#8211; vous devez conserver, sur toutes les copies du mat\u00e9riel t\u00e9l\u00e9charg\u00e9, tous les droits d&rsquo;auteur et autres avis de propri\u00e9t\u00e9 contenus dans le mat\u00e9riel;<br \/>&#8211; vous ne pouvez pas modifier le mat\u00e9riel de quelque mani\u00e8re que ce soit, ni le reproduire, ni l&rsquo;afficher publiquement, ni le distribuer, ni l&rsquo;utiliser ou le communiquer \u00e0 des fins publiques ou commerciales sans l&rsquo;autorisation de la SISGEO;<br \/>&#8211; vous ne devez pas transf\u00e9rer le mat\u00e9riel \u00e0 une autre personne, sauf si vous l&rsquo;informez des obligations d\u00e9coulant des pr\u00e9sentes conditions d&rsquo;utilisation et qu&rsquo;elle accepte de les respecter.<\/p>\n<p>Vous acceptez de vous conformer \u00e0 toutes les restrictions suppl\u00e9mentaires affich\u00e9es sur le site, telles qu&rsquo;elles peuvent \u00eatre mises \u00e0 jour de temps \u00e0 autre. Le pr\u00e9sent site, y compris l&rsquo;ensemble du mat\u00e9riel, est prot\u00e9g\u00e9 par des droits d&rsquo;auteur et par les dispositions des trait\u00e9s internationaux en mati\u00e8re de droits d&rsquo;auteur. Vous acceptez de vous conformer \u00e0 toutes les lois sur les droits d&rsquo;auteur dans le monde entier lorsque vous utilisez ce site et d&#8217;emp\u00eacher toute copie non autoris\u00e9e du mat\u00e9riel. Sauf disposition expresse dans le pr\u00e9sent document, la SISGEO ne vous accorde aucun droit explicite ou implicite en vertu de la l\u00e9gislation sur les brevets, les dessins et mod\u00e8les, les marques commerciales, les droits d&rsquo;auteur ou les secrets commerciaux.   <\/p>\n<h4>Comptes d&rsquo;utilisateurs<\/h4>\n<p>Il peut vous \u00eatre demand\u00e9 d&rsquo;ouvrir un compte pour pouvoir acc\u00e9der \u00e0 certaines parties restreintes du site. Dans ce cas, vous devez compl\u00e9ter la proc\u00e9dure d&rsquo;enregistrement en nous fournissant des informations compl\u00e8tes et exactes, comme indiqu\u00e9 dans le formulaire d&rsquo;enregistrement applicable. Il vous sera \u00e9galement demand\u00e9 de choisir un mot de passe et un nom d&rsquo;utilisateur. Vous \u00eates enti\u00e8rement responsable du maintien de la confidentialit\u00e9 de votre mot de passe et de votre compte. En outre, vous \u00eates enti\u00e8rement responsable de toutes les activit\u00e9s qui se d\u00e9roulent sous ce compte. Vous acceptez de notifier imm\u00e9diatement \u00e0 la SISGEO toute utilisation non autoris\u00e9e de votre compte ou toute autre violation de la s\u00e9curit\u00e9. La SISGEO ne sera pas responsable des pertes que vous pourriez subir suite \u00e0 l&rsquo;utilisation de votre mot de passe ou de votre compte par quelqu&rsquo;un d&rsquo;autre.      <\/p>\n<h4>Garanties de l&rsquo;utilisateur<\/h4>\n<p>Vous d\u00e9clarez et garantissez que vous utiliserez le site conform\u00e9ment au pr\u00e9sent accord, y compris les lois et les dispositions qui en d\u00e9coulent, et que vous vous conformerez \u00e0 toutes les politiques et r\u00e8gles existantes et futures du site. Vous acceptez de ne pas utiliser le site pour: <br \/>&#8211; transmettre des spams ou des communications non sollicit\u00e9es;<br \/>&#8211; se faire passer pour SISGEO ou quelqu&rsquo;un d&rsquo;autre;<br \/>&#8211; falsifier les en-t\u00eates ou manipuler de toute autre mani\u00e8re les identifiants afin de d\u00e9guiser l&rsquo;origine de tout contenu transmis par le biais du site;<br \/>&#8211; pr\u00e9senter de mani\u00e8re erron\u00e9e votre affiliation \u00e0 une personne ou \u00e0 une entit\u00e9;<br \/>&#8211; agir d&rsquo;une mani\u00e8re qui affecte n\u00e9gativement la capacit\u00e9 des autres utilisateurs \u00e0 utiliser le site;<br \/>&#8211; s&rsquo;engager dans des activit\u00e9s qui violeraient toute loi applicable;<br \/>&#8211; publier ou transmettre tout mat\u00e9riel qui viole ou enfreint de quelque mani\u00e8re que ce soit les droits d&rsquo;autrui ou qui est ill\u00e9gal, abusif, diffamatoire, vulgaire ou autrement r\u00e9pr\u00e9hensible ou qui contient une publicit\u00e9 ou une sollicitation concernant des produits ou des services, ou<br \/>&#8211; collecter ou stocker des donn\u00e9es personnelles concernant d&rsquo;autres utilisateurs, sauf autorisation expresse de ces derniers.<br \/>Si vous ne vous conformez pas \u00e0 ce qui pr\u00e9c\u00e8de, vous ne pouvez pas utiliser le site, la SISGEO n&rsquo;est pas l\u00e9galement li\u00e9e par le pr\u00e9sent accord et se r\u00e9serve tous ses droits l\u00e9gaux en ce qui concerne un tel manquement.<br \/>Vous acceptez en outre de d\u00e9fendre, d&rsquo;indemniser et de d\u00e9gager de toute responsabilit\u00e9 la SISGEO, ses affili\u00e9s\/partenaires et leurs dirigeants, administrateurs et agents respectifs en cas de r\u00e9clamations et de d\u00e9penses, y compris les honoraires d&rsquo;avocat, r\u00e9sultant de l&rsquo;utilisation de ce site.<\/p>\n<h4>Changements<\/h4>\n<p>La SISGEO se r\u00e9serve le droit, \u00e0 sa seule discr\u00e9tion, de changer, modifier, ajouter ou supprimer toute partie du pr\u00e9sent accord, en tout ou en partie, \u00e0 tout moment. Les modifications de cet accord seront effectives lorsque la notification de ces modifications sera publi\u00e9e sur le site. La poursuite de l&rsquo;utilisation du site apr\u00e8s la publication d&rsquo;une modification du pr\u00e9sent accord vaut acceptation de cette modification.  <br \/>Le SISGEO peut r\u00e9silier, modifier, corriger toute erreur ou omission dans toute partie du site, apporter toute autre modification au site, au mat\u00e9riel et aux produits, programmes ou services d\u00e9crits sur le site, suspendre ou interrompre tout aspect du site, y compris la disponibilit\u00e9 de toute fonctionnalit\u00e9 du site, \u00e0 tout moment et sans pr\u00e9avis. Le SISGEO peut \u00e9galement imposer des limites \u00e0 certaines fonctionnalit\u00e9s et services ou restreindre votre acc\u00e8s \u00e0 certaines parties ou \u00e0 l&rsquo;ensemble du site sans pr\u00e9avis ni responsabilit\u00e9. La SISGEO peut mettre fin \u00e0 l&rsquo;autorisation, aux droits et \u00e0 la licence donn\u00e9s ci-dessus \u00e0 tout moment et, dans ce cas, vous devez imm\u00e9diatement d\u00e9truire tous les mat\u00e9riaux.  <\/p>\n<h4>Reconnaissance des droits de propri\u00e9t\u00e9 intellectuelle<\/h4>\n<p>Vous reconnaissez que tous les droits de propri\u00e9t\u00e9 intellectuelle (y compris, mais sans s&rsquo;y limiter, les droits d&rsquo;auteur, les brevets, le savoir-faire, les informations confidentielles, les droits sur les bases de donn\u00e9es) et les droits sur les marques et les dessins (qu&rsquo;ils soient enregistr\u00e9s ou non) sur le site sont d\u00e9volus \u00e0 la SISGEO ou \u00e0 ses conc\u00e9dants de licence. Toute la bonne volont\u00e9 et les droits de propri\u00e9t\u00e9 intellectuelle d\u00e9coulant de l&rsquo;utilisation de ces droits de propri\u00e9t\u00e9 intellectuelle d\u00e9volus \u00e0 la SISGEO reviendront \u00e0 la SISGEO. <\/p>\n<h4>Informations fournies par vous<\/h4>\n<p>La politique de confidentialit\u00e9 associ\u00e9e \u00e0 ce site prot\u00e8ge toute information personnelle identifiable que vous pourriez fournir au SISGEO via ce site. Cependant, vous ne devez pas envoyer d&rsquo;informations confidentielles ou exclusives \u00e0 la SISGEO via le site. Vous acceptez que toute information ou mat\u00e9riel que vous ou les personnes agissant en votre nom fournissez au SISGEO ne soit pas consid\u00e9r\u00e9 comme confidentiel ou exclusif. En fournissant de telles informations ou mat\u00e9riaux \u00e0 la SISGEO, vous c\u00e9dez et transf\u00e9rez enti\u00e8rement \u00e0 la SISGEO tous les droits de propri\u00e9t\u00e9 intellectuelle relatifs \u00e0 ces informations et mat\u00e9riaux et la SISGEO est donc libre d&rsquo;utiliser, de reproduire, d&rsquo;afficher, d&rsquo;ex\u00e9cuter publiquement, de transmettre, de distribuer, de modifier, de c\u00e9der et de conc\u00e9der sous licence ces informations et mat\u00e9riaux, et vous acceptez \u00e9galement que la SISGEO soit libre d&rsquo;utiliser toute id\u00e9e, tout concept ou tout savoir-faire que vous ou les personnes agissant en votre nom fournissez \u00e0 la SISGEO. Vous garantissez en outre que vous ne fournirez aucune information ou mat\u00e9riel \u00e0 la SISGEO qui soit diffamatoire, mena\u00e7ant, obsc\u00e8ne, harcelant ou autrement ill\u00e9gal en vertu de toute loi applicable, ou qui incorpore le mat\u00e9riel propri\u00e9taire d&rsquo;une autre personne. La SISGEO se r\u00e9serve le droit, \u00e0 sa seule discr\u00e9tion, de retirer du site toute information fournie par vous.     <\/p>\n<h4>S\u00e9curit\u00e9<\/h4>\n<p>Vous ne pouvez pas :<br \/>&#8211; utiliser un dispositif ou un logiciel capable d&rsquo;interf\u00e9rer avec le fonctionnement du Site;<br \/>&#8211; prendre des mesures qui imposent une charge disproportionn\u00e9e ou d\u00e9raisonnable \u00e0 l&rsquo;infrastructure du site (telles que l&rsquo;envoi de courriers \u00e9lectroniques en masse &#8211; \u00ab\u00a0spamming\u00a0\u00bb), ou<br \/>&#8211; interf\u00e9rer ou alt\u00e9rer le logiciel du site ou sa fonctionnalit\u00e9. Cela inclut l&rsquo;insertion sur le site de mat\u00e9riel infect\u00e9 par des virus, des chevaux de Troie, des bombes \u00e0 retardement ou d&rsquo;autres \u00e9l\u00e9ments susceptibles d&rsquo;endommager ou d&rsquo;interf\u00e9rer avec la structure de programmation du site. <\/p>\n<h4>Sites web de tiers<\/h4>\n<p>Le SISGEO ne s&rsquo;engage pas \u00e0 surveiller ou \u00e0 examiner le contenu des sites tiers et n&rsquo;est pas non plus responsable de l&rsquo;exactitude ou de la fiabilit\u00e9 de ces sites web tiers. En outre, le SISGEO peut fournir sur ce site des liens vers des sites Web exploit\u00e9s par d&rsquo;autres entit\u00e9s. Si vous utilisez ces sites, vous quitterez ce site. Si vous visitez un site li\u00e9, vous le faites \u00e0 vos propres risques et il vous incombe de prendre toutes les mesures de protection contre les virus ou autres \u00e9l\u00e9ments destructeurs. La SISGEO ne donne aucune garantie ni ne fait aucune d\u00e9claration concernant les sites Web li\u00e9s, les informations qui y figurent ou les produits ou services qui y sont d\u00e9crits. Les liens n&rsquo;impliquent pas que le SISGEO ou ce site sponsorise, approuve, est affili\u00e9 ou associ\u00e9 \u00e0, ou est l\u00e9galement autoris\u00e9 \u00e0 utiliser toute marque, nom commercial, logo ou symbole de copyright affich\u00e9 dans ou accessible par les liens, ou que tout site li\u00e9 est autoris\u00e9 \u00e0 utiliser toute marque, nom commercial, logo ou symbole de copyright du SISGEO ou de l&rsquo;un de ses affili\u00e9s ou filiales.     <\/p>\n<h4>Exclusion des garanties implicites<\/h4>\n<p>Bien qu&rsquo;un soin particulier ait \u00e9t\u00e9 apport\u00e9 \u00e0 l&rsquo;exactitude des informations contenues dans ce site, le SISGEO n&rsquo;assume aucune responsabilit\u00e9 \u00e0 cet \u00e9gard. LES DOCUMENTS PEUVENT CONTENIR DES INEXACTITUDES ET DES ERREURS TYPOGRAPHIQUES. SISGEO NE GARANTIT PAS L&rsquo;EXACTITUDE OU L&rsquo;EXHAUSTIVIT\u00c9 DU MAT\u00c9RIEL OU LA FIABILIT\u00c9 DE TOUT CONSEIL, OPINION, D\u00c9CLARATION OU AUTRE INFORMATION AFFICH\u00c9E OU DISTRIBU\u00c9E PAR LE BIAIS DU SITE. VOUS RECONNAISSEZ QUE VOUS VOUS FIEZ \u00c0 CES AVIS, CONSEILS, D\u00c9CLARATIONS, M\u00c9MORANDUMS OU INFORMATIONS \u00c0 VOS RISQUES ET P\u00c9RILS. TOUT LE CONTENU EST FOURNI \u00ab\u00a0EN L&rsquo;\u00c9TAT\u00a0\u00bb ET \u00ab\u00a0TEL QUE DISPONIBLE\u00a0\u00bb. SISGEO REJETTE EXPRESS\u00c9MENT TOUTE D\u00c9CLARATION OU GARANTIE DE QUELQUE NATURE QUE CE SOIT, EXPRESSE OU IMPLICITE, Y COMPRIS, SANS S&rsquo;Y LIMITER, LES GARANTIES DE QUALIT\u00c9 MARCHANDE OU D&rsquo;AD\u00c9QUATION \u00c0 UN USAGE PARTICULIER, D&rsquo;ABSENCE DE CONTREFA\u00c7ON, OU QUANT AU FONCTIONNEMENT DE CE SITE OU DE SON CONTENU. SISGEO NE DONNE AUCUNE GARANTIE ET NE FAIT AUCUNE D\u00c9CLARATION QUANT \u00c0 LA S\u00c9CURIT\u00c9 DE CE SITE WEB. VOUS RECONNAISSEZ QUE TOUTE INFORMATION ENVOY\u00c9E PEUT \u00caTRE INTERCEPT\u00c9E. SISGEO NE GARANTIT PAS QUE LE SITE WEB OU LES SERVEURS QUI RENDENT CE SITE DISPONIBLE OU LES COMMUNICATIONS \u00c9LECTRONIQUES ENVOY\u00c9ES PAR SISGEO SONT EXEMPTS DE VIRUS OU DE TOUT AUTRE \u00c9L\u00c9MENT NUISIBLE. TOUTES CES DECLARATIONS, GARANTIES ET CONDITIONS SONT EXCLUES SAUF DANS LA MESURE OU LA LOI INTERDIT LEUR EXCLUSION.         <\/p>\n<h4>Limitation de la responsabilit\u00e9<\/h4>\n<p>EN AUCUN CAS SISGEO NE SERA RESPONSABLE DES DOMMAGES DIRECTS, INDIRECTS, CONS\u00c9CUTIFS, PUNITIFS, SP\u00c9CIAUX OU ACCESSOIRES (Y COMPRIS, MAIS SANS S&rsquo;Y LIMITER, LES DOMMAGES POUR PERTE D&rsquo;ACTIVIT\u00c9, DE CONTRAT, DE REVENU, DE DONN\u00c9ES, D&rsquo;INFORMATIONS OU D&rsquo;INTERRUPTION D&rsquo;ACTIVIT\u00c9) R\u00c9SULTANT DE L&rsquo;UTILISATION OU DE L&rsquo;INCAPACIT\u00c9 D&rsquo;UTILISER CE SITE OU SON CONTENU, OU EN RAPPORT AVEC LE PR\u00c9SENT ACCORD, M\u00caME SI SISGEO A \u00c9T\u00c9 INFORM\u00c9E DE LA POSSIBILIT\u00c9 DE TELS DOMMAGES. OUTRE LES CONDITIONS \u00c9NONC\u00c9ES DANS LES PR\u00c9SENTES, SISGEO NE PEUT EN AUCUN CAS \u00caTRE TENU RESPONSABLE DES ERREURS, INEXACTITUDES, OMISSIONS OU AUTRES D\u00c9FAUTS OU DE L&rsquo;INOPPORTUNIT\u00c9 OU DE L&rsquo;ABSENCE D&rsquo;AUTHENTICIT\u00c9 DE TOUTE INFORMATION CONTENUE DANS CE SITE. <\/p>\n<h4>Droits des tiers<\/h4>\n<p>Sauf disposition expresse dans le pr\u00e9sent accord, une personne qui n&rsquo;est pas partie au pr\u00e9sent accord ne peut faire valoir aucune de ses dispositions.<\/p>\n<h4>D\u00e9claration de comp\u00e9tence<\/h4>\n<p>Ce site est contr\u00f4l\u00e9, exploit\u00e9 et administr\u00e9 par la SISGEO depuis ses bureaux en Italie. La SISGEO n&rsquo;affirme pas que le contenu de ce site est appropri\u00e9 ou disponible pour une utilisation dans d&rsquo;autres lieux en dehors de l&rsquo;Italie et l&rsquo;acc\u00e8s \u00e0 ce site \u00e0 partir de territoires o\u00f9 son contenu est ill\u00e9gal est interdit. Si vous acc\u00e9dez \u00e0 ce site \u00e0 partir d&rsquo;un lieu situ\u00e9 en dehors de l&rsquo;Italie, il vous incombe de vous conformer \u00e0 toutes les lois locales. Le pr\u00e9sent accord est r\u00e9gi par les lois de la R\u00e9publique italienne, sans tenir compte des dispositions relatives aux conflits de lois. Le tribunal de Milan est exclusivement comp\u00e9tent en premi\u00e8re instance pour tout litige d\u00e9coulant du pr\u00e9sent accord.    <\/p>\n\t\t\t\t\t\t\t\t<\/div>\n\t\t\t\t<\/div>\n\t\t\t\t\t<\/div>\n\t\t\t\t<\/div>\n\t\t\t\t<\/div>\n\t\t","protected":false},"excerpt":{"rendered":"<p>BIENVENUE SUR LE SITE DE SISGEO! VEUILLEZ LIRE ATTENTIVEMENT CES CONDITIONS AVANT D&rsquo;UTILISER CE SITE WEB (\u00ab\u00a0SITE\u00a0\u00bb). CE SITE NE PEUT \u00caTRE UTILIS\u00c9 QU&rsquo;\u00c0 DES FINS D&rsquo;INFORMATION. EN UTILISANT LE SITE OU EN T\u00c9L\u00c9CHARGEANT DU MAT\u00c9RIEL \u00c0 PARTIR DU SITE, VOUS ACCEPTEZ DE RESPECTER LES PR\u00c9SENTES CONDITIONS G\u00c9N\u00c9RALES (\u00ab\u00a0CGV\u00a0\u00bb). SI VOUS N&rsquo;ACCEPTEZ PAS DE SUIVRE [&hellip;]<\/p>\n","protected":false},"author":1,"featured_media":0,"parent":0,"menu_order":0,"comment_status":"closed","ping_status":"closed","template":"","meta":{"footnotes":""},"categories":[],"tags":[],"class_list":["post-20984","page","type-page","status-publish","hentry"],"yoast_head":"<!-- This site is optimized with the Yoast SEO Premium plugin v27.2 (Yoast SEO v27.2) - https:\/\/yoast.com\/product\/yoast-seo-premium-wordpress\/ -->\n<title>Conditions g\u00e9n\u00e9rales d&#039;utilisation - Sisgeo<\/title>\n<meta name=\"robots\" content=\"index, follow, max-snippet:-1, max-image-preview:large, max-video-preview:-1\" \/>\n<link rel=\"canonical\" href=\"https:\/\/sisgeo.com\/fr\/terms-conditions-2\/\" \/>\n<meta property=\"og:locale\" content=\"fr_FR\" \/>\n<meta property=\"og:type\" content=\"article\" \/>\n<meta property=\"og:title\" content=\"Conditions g\u00e9n\u00e9rales d&#039;utilisation\" \/>\n<meta property=\"og:description\" content=\"BIENVENUE SUR LE SITE DE SISGEO! VEUILLEZ LIRE ATTENTIVEMENT CES CONDITIONS AVANT D&rsquo;UTILISER CE SITE WEB (\u00ab\u00a0SITE\u00a0\u00bb). CE SITE NE PEUT \u00caTRE UTILIS\u00c9 QU&rsquo;\u00c0 DES FINS D&rsquo;INFORMATION. EN UTILISANT LE SITE OU EN T\u00c9L\u00c9CHARGEANT DU MAT\u00c9RIEL \u00c0 PARTIR DU SITE, VOUS ACCEPTEZ DE RESPECTER LES PR\u00c9SENTES CONDITIONS G\u00c9N\u00c9RALES (\u00ab\u00a0CGV\u00a0\u00bb). SI VOUS N&rsquo;ACCEPTEZ PAS DE SUIVRE [&hellip;]\" \/>\n<meta property=\"og:url\" content=\"https:\/\/sisgeo.com\/fr\/terms-conditions-2\/\" \/>\n<meta property=\"og:site_name\" content=\"Sisgeo\" \/>\n<meta property=\"article:modified_time\" content=\"2023-12-27T07:19:25+00:00\" \/>\n<meta name=\"twitter:card\" content=\"summary_large_image\" \/>\n<meta name=\"twitter:label1\" content=\"Dur\u00e9e de lecture estim\u00e9e\" \/>\n\t<meta name=\"twitter:data1\" content=\"11 minutes\" \/>\n<script type=\"application\/ld+json\" class=\"yoast-schema-graph\">{\"@context\":\"https:\/\/schema.org\",\"@graph\":[{\"@type\":\"WebPage\",\"@id\":\"https:\/\/sisgeo.com\/fr\/terms-conditions-2\/\",\"url\":\"https:\/\/sisgeo.com\/fr\/terms-conditions-2\/\",\"name\":\"Conditions g\u00e9n\u00e9rales d'utilisation - Sisgeo\",\"isPartOf\":{\"@id\":\"https:\/\/sisgeo.com\/fr\/#website\"},\"datePublished\":\"2023-09-25T07:45:04+00:00\",\"dateModified\":\"2023-12-27T07:19:25+00:00\",\"breadcrumb\":{\"@id\":\"https:\/\/sisgeo.com\/fr\/terms-conditions-2\/#breadcrumb\"},\"inLanguage\":\"fr-FR\",\"potentialAction\":[{\"@type\":\"ReadAction\",\"target\":[\"https:\/\/sisgeo.com\/fr\/terms-conditions-2\/\"]}]},{\"@type\":\"BreadcrumbList\",\"@id\":\"https:\/\/sisgeo.com\/fr\/terms-conditions-2\/#breadcrumb\",\"itemListElement\":[{\"@type\":\"ListItem\",\"position\":1,\"name\":\"Home\",\"item\":\"https:\/\/sisgeo.com\/fr\/linstrumentation-geotechnique-et-structurale-pour-le-shm\/\"},{\"@type\":\"ListItem\",\"position\":2,\"name\":\"Conditions g\u00e9n\u00e9rales d&#8217;utilisation\"}]},{\"@type\":\"WebSite\",\"@id\":\"https:\/\/sisgeo.com\/fr\/#website\",\"url\":\"https:\/\/sisgeo.com\/fr\/\",\"name\":\"Sisgeo\",\"description\":\"Inclined to improvement\",\"publisher\":{\"@id\":\"https:\/\/sisgeo.com\/fr\/#organization\"},\"potentialAction\":[{\"@type\":\"SearchAction\",\"target\":{\"@type\":\"EntryPoint\",\"urlTemplate\":\"https:\/\/sisgeo.com\/fr\/?s={search_term_string}\"},\"query-input\":{\"@type\":\"PropertyValueSpecification\",\"valueRequired\":true,\"valueName\":\"search_term_string\"}}],\"inLanguage\":\"fr-FR\"},{\"@type\":\"Organization\",\"@id\":\"https:\/\/sisgeo.com\/fr\/#organization\",\"name\":\"Sisgeo S.r.l.\",\"url\":\"https:\/\/sisgeo.com\/fr\/\",\"logo\":{\"@type\":\"ImageObject\",\"inLanguage\":\"fr-FR\",\"@id\":\"https:\/\/sisgeo.com\/fr\/#\/schema\/logo\/image\/\",\"url\":\"https:\/\/sisgeodev.pipehosting.it\/wp-content\/uploads\/2023\/06\/logo-RGB.png\",\"contentUrl\":\"https:\/\/sisgeodev.pipehosting.it\/wp-content\/uploads\/2023\/06\/logo-RGB.png\",\"width\":205,\"height\":97,\"caption\":\"Sisgeo S.r.l.\"},\"image\":{\"@id\":\"https:\/\/sisgeo.com\/fr\/#\/schema\/logo\/image\/\"}}]}<\/script>\n<!-- \/ Yoast SEO Premium plugin. -->","yoast_head_json":{"title":"Conditions g\u00e9n\u00e9rales d'utilisation - Sisgeo","robots":{"index":"index","follow":"follow","max-snippet":"max-snippet:-1","max-image-preview":"max-image-preview:large","max-video-preview":"max-video-preview:-1"},"canonical":"https:\/\/sisgeo.com\/fr\/terms-conditions-2\/","og_locale":"fr_FR","og_type":"article","og_title":"Conditions g\u00e9n\u00e9rales d'utilisation","og_description":"BIENVENUE SUR LE SITE DE SISGEO! VEUILLEZ LIRE ATTENTIVEMENT CES CONDITIONS AVANT D&rsquo;UTILISER CE SITE WEB (\u00ab\u00a0SITE\u00a0\u00bb). CE SITE NE PEUT \u00caTRE UTILIS\u00c9 QU&rsquo;\u00c0 DES FINS D&rsquo;INFORMATION. EN UTILISANT LE SITE OU EN T\u00c9L\u00c9CHARGEANT DU MAT\u00c9RIEL \u00c0 PARTIR DU SITE, VOUS ACCEPTEZ DE RESPECTER LES PR\u00c9SENTES CONDITIONS G\u00c9N\u00c9RALES (\u00ab\u00a0CGV\u00a0\u00bb). SI VOUS N&rsquo;ACCEPTEZ PAS DE SUIVRE [&hellip;]","og_url":"https:\/\/sisgeo.com\/fr\/terms-conditions-2\/","og_site_name":"Sisgeo","article_modified_time":"2023-12-27T07:19:25+00:00","twitter_card":"summary_large_image","twitter_misc":{"Dur\u00e9e de lecture estim\u00e9e":"11 minutes"},"schema":{"@context":"https:\/\/schema.org","@graph":[{"@type":"WebPage","@id":"https:\/\/sisgeo.com\/fr\/terms-conditions-2\/","url":"https:\/\/sisgeo.com\/fr\/terms-conditions-2\/","name":"Conditions g\u00e9n\u00e9rales d'utilisation - Sisgeo","isPartOf":{"@id":"https:\/\/sisgeo.com\/fr\/#website"},"datePublished":"2023-09-25T07:45:04+00:00","dateModified":"2023-12-27T07:19:25+00:00","breadcrumb":{"@id":"https:\/\/sisgeo.com\/fr\/terms-conditions-2\/#breadcrumb"},"inLanguage":"fr-FR","potentialAction":[{"@type":"ReadAction","target":["https:\/\/sisgeo.com\/fr\/terms-conditions-2\/"]}]},{"@type":"BreadcrumbList","@id":"https:\/\/sisgeo.com\/fr\/terms-conditions-2\/#breadcrumb","itemListElement":[{"@type":"ListItem","position":1,"name":"Home","item":"https:\/\/sisgeo.com\/fr\/linstrumentation-geotechnique-et-structurale-pour-le-shm\/"},{"@type":"ListItem","position":2,"name":"Conditions g\u00e9n\u00e9rales d&#8217;utilisation"}]},{"@type":"WebSite","@id":"https:\/\/sisgeo.com\/fr\/#website","url":"https:\/\/sisgeo.com\/fr\/","name":"Sisgeo","description":"Inclined to improvement","publisher":{"@id":"https:\/\/sisgeo.com\/fr\/#organization"},"potentialAction":[{"@type":"SearchAction","target":{"@type":"EntryPoint","urlTemplate":"https:\/\/sisgeo.com\/fr\/?s={search_term_string}"},"query-input":{"@type":"PropertyValueSpecification","valueRequired":true,"valueName":"search_term_string"}}],"inLanguage":"fr-FR"},{"@type":"Organization","@id":"https:\/\/sisgeo.com\/fr\/#organization","name":"Sisgeo S.r.l.","url":"https:\/\/sisgeo.com\/fr\/","logo":{"@type":"ImageObject","inLanguage":"fr-FR","@id":"https:\/\/sisgeo.com\/fr\/#\/schema\/logo\/image\/","url":"https:\/\/sisgeodev.pipehosting.it\/wp-content\/uploads\/2023\/06\/logo-RGB.png","contentUrl":"https:\/\/sisgeodev.pipehosting.it\/wp-content\/uploads\/2023\/06\/logo-RGB.png","width":205,"height":97,"caption":"Sisgeo S.r.l."},"image":{"@id":"https:\/\/sisgeo.com\/fr\/#\/schema\/logo\/image\/"}}]}},"_links":{"self":[{"href":"https:\/\/sisgeo.com\/fr\/wp-json\/wp\/v2\/pages\/20984","targetHints":{"allow":["GET"]}}],"collection":[{"href":"https:\/\/sisgeo.com\/fr\/wp-json\/wp\/v2\/pages"}],"about":[{"href":"https:\/\/sisgeo.com\/fr\/wp-json\/wp\/v2\/types\/page"}],"author":[{"embeddable":true,"href":"https:\/\/sisgeo.com\/fr\/wp-json\/wp\/v2\/users\/1"}],"replies":[{"embeddable":true,"href":"https:\/\/sisgeo.com\/fr\/wp-json\/wp\/v2\/comments?post=20984"}],"version-history":[{"count":1,"href":"https:\/\/sisgeo.com\/fr\/wp-json\/wp\/v2\/pages\/20984\/revisions"}],"predecessor-version":[{"id":20986,"href":"https:\/\/sisgeo.com\/fr\/wp-json\/wp\/v2\/pages\/20984\/revisions\/20986"}],"wp:attachment":[{"href":"https:\/\/sisgeo.com\/fr\/wp-json\/wp\/v2\/media?parent=20984"}],"wp:term":[{"taxonomy":"category","embeddable":true,"href":"https:\/\/sisgeo.com\/fr\/wp-json\/wp\/v2\/categories?post=20984"},{"taxonomy":"post_tag","embeddable":true,"href":"https:\/\/sisgeo.com\/fr\/wp-json\/wp\/v2\/tags?post=20984"}],"curies":[{"name":"wp","href":"https:\/\/api.w.org\/{rel}","templated":true}]}}