{"id":21076,"date":"2023-04-03T14:05:52","date_gmt":"2023-04-03T12:05:52","guid":{"rendered":"https:\/\/sisgeo.com\/?page_id=21076"},"modified":"2026-01-06T20:14:57","modified_gmt":"2026-01-06T19:14:57","slug":"politique-de-confidentialite","status":"publish","type":"page","link":"https:\/\/sisgeo.com\/fr\/politique-de-confidentialite\/","title":{"rendered":"NOTICE D\u2019INFORMATION SUR LA PROTECTION DE LA VIE PRIV\u00c9E"},"content":{"rendered":"<p>Vous consultez actuellement le site internet de Sisgeo.<\/p>\n<p>Sisgeo accorde la plus grande importance \u00e0 vos renseignements personnels et \u00e0 votre vie priv\u00e9e. Cette notice d\u2019information relative aux renseignements personnels vous permet d\u2019\u00eatre inform\u00e9 sur les renseignements personnels que nous recueillons et la mani\u00e8re dont nous les traitons.<\/p>\n<p>Sisgeo traite vos renseignements personnels afin de vous fournir un site internet adapt\u00e9 qui vous aidera \u00e0 mieux conna\u00eetre Sisgeo.<\/p>\n<p>Notre organisation est en possession de vos donn\u00e9es acquises, communiqu\u00e9es ou collect\u00e9es de toute autre mani\u00e8re lors de la navigation sur ce site ou m\u00eame directement et par l&rsquo;interm\u00e9diaire de tiers, qualifi\u00e9es de personnelles par le r\u00e8glement europ\u00e9en 2016\/679.<\/p>\n<p><strong>QU\u2019EST-CE QUE LES RENSEIGNEMENTS PERSONNELS?<\/strong><\/p>\n<p>Un renseignement personnel se d\u00e9finit comme toute information relative \u00e0 une personne physique identifi\u00e9e ou identifiable. Une personne physique identifiable est une personne qui peut \u00eatre identifi\u00e9e, directement ou indirectement, notamment par r\u00e9f\u00e9rence \u00e0 un identifiant tel qu\u2019un nom, un num\u00e9ro d\u2019identification, des donn\u00e9es de localisation, un identifiant en ligne ou \u00e0 un ou plusieurs facteurs sp\u00e9cifiques \u00e0 cette personne physique.<\/p>\n<p><strong>COLLECTE DES DONN\u00c9ES<\/strong><\/p>\n<p>Sisgeo, en tant que responsable de traitement peut collecter des renseignements personnels vous concernant lorsque :<\/p>\n<ul>\n<li>Vous souscrivez volontairement \u00e0 la newsletter Sisgeo;<\/li>\n<li>Vous vous inscrivez \u00e0 des services de Sisgeo;<\/li>\n<li>Vous vous abonnez ou acc\u00e9dez au portail client d\u2019Sisgeo;<\/li>\n<li>Vous remplissez le formulaire de contact;<\/li>\n<li>Vous avez particip\u00e9 \u00e0 des \u00e9v\u00e9nements dans lesquels Sisgeo \u00e9tait pr\u00e9sent; ou<\/li>\n<li>Vous \u00e9changez avec les \u00e9quipes commerciales de Sisgeo.<\/li>\n<\/ul>\n<p>Lorsque vous acc\u00e9dez \u00e0 ces pages, vous recevez des informations sur la collecte de vos renseignements personnels et vous pouvez donner \u2013 ou refuser de donner \u2013 votre consentement.<\/p>\n<p>Pour fournir ces informations, nous pouvons recueillir vos nom, num\u00e9ro de t\u00e9l\u00e9phone, adresse \u00e9lectronique, fonction, soci\u00e9t\u00e9, pays et toute autre donn\u00e9e que vous pourriez communiquer au sein de votre message.<\/p>\n<p>Vos renseignements personnels peuvent \u00eatre collect\u00e9es indirectement lors de l\u2019utilisation de cookies et d\u2019autres technologies. Sisgeo collecte des informations telles que le nombre de visiteurs, ainsi que la date de la derni\u00e8re visite de l\u2019utilisateur et la\/les page(s) consult\u00e9e(s). Veuillez-vous r\u00e9f\u00e9rer \u00e0 la partie Cookie ci-dessous pour plus de renseignements \u00e0 cet \u00e9gard.<\/p>\n<p><strong>OBJET DU TRAITEMENT<\/strong><\/p>\n<p>Nous utilisons vos donn\u00e9es d\u2019identification pour vous permettre :<\/p>\n<ul>\n<li>De nous contacter via le site internet de Sisgeo,<\/li>\n<li>Pour acc\u00e9der et utiliser notre portail client,<\/li>\n<li>De recevoir des courriels \u00e0 caract\u00e8re commercial bas\u00e9s sur les informations que vous demandez sur notre site web.<\/li>\n<\/ul>\n<p>Ces donn\u00e9es seront utilis\u00e9es pour vous fournir les services demand\u00e9s et peuvent \u00eatre utilis\u00e9es pour un traitement ult\u00e9rieur \u00e0 des fins de marketing avec votre consentement expr\u00e8s.<\/p>\n<p>Vous pouvez ainsi :<\/p>\n<ul>\n<li>Avoir acc\u00e8s \u00e0 des informations personnalis\u00e9es et pr\u00e9cises lorsque vous en faites la demande;<\/li>\n<li>Acc\u00e9dez \u00e0 notre portail client;<\/li>\n<li>Recevoir nos bulletins d\u2019information, livres blancs ou autres documents lorsque vous y consentez explicitement;<\/li>\n<li>Recevoir les produits et\/ou services demand\u00e9s; et<\/li>\n<li>Recevoir la pr\u00e9sentation des nouveaux produits et\/ou services de Sisgeo si vous avez explicitement donn\u00e9 votre accord pour recevoir ces informations.<\/li>\n<\/ul>\n<p>Les finalit\u00e9s des cookies sont expliqu\u00e9es dans la section cookies disponible ci-dessous.<\/p>\n<p><strong>DUR\u00c9E DE CONSERVATION DES DONN\u00c9ES<\/strong><\/p>\n<p>La dur\u00e9e pendant laquelle nous traitons vos renseignements personnels est indiqu\u00e9e ci-dessous :<\/p>\n<ul>\n<li>Donn\u00e9es d\u2019identification : 2 ans.<\/li>\n<li>Donn\u00e9es de navigation anonymes : 2 ans.<\/li>\n<\/ul>\n<p><strong>SISGEO ET VOS RENSEIGNEMENTS PERSONNELS<\/strong><\/p>\n<p>Pour les traitements issus de ce site internet, Sisgeo est le responsable du traitement des donn\u00e9es, d\u00e9cidant des finalit\u00e9s et des moyens mis en \u0153uvre.<\/p>\n<p>Parce que la protection des renseignements personnels et la s\u00e9curit\u00e9 sont importantes, Sisgeo a adopt\u00e9 une politique de protection des renseignements personnels et une politique de s\u00e9curit\u00e9 de l\u2019information.<\/p>\n<p>Ces politiques t\u00e9moignent de l\u2019engagement de Sisgeo \u00e0 prot\u00e9ger non seulement ses propres renseignements personnels mais aussi celles de ses clients, de ses partenaires, ou de ses contacts. Sisgeo s\u2019engage \u00e0 traiter les renseignements personnels en accord avec un niveau \u00e9lev\u00e9 de protection des renseignements personnels qu\u2019elles traitent pour ses propres besoins mais aussi pour les besoins de ses clients, permettant ainsi la libre circulation des renseignements personnels entre Sisgeo et les entit\u00e9s juridiques contr\u00f4lant directement ou indirectement, contr\u00f4l\u00e9 par ou sous contr\u00f4le commun de Sisgeo. Le site internet de Sisgeo est h\u00e9berg\u00e9 au Royaume-Uni. Les \u00e9ventuels transferts r\u00e9sultant d\u2019un support applicatif hors du Royaume-Uni sont encadr\u00e9s par la politique de protection des renseignements personnels.<\/p>\n<p><strong>EXACTITUDE, PERTINENCE ET S\u00c9CURIT\u00c9 DE VOS RENSEIGNEMENTS PERSONNELS<\/strong><\/p>\n<p>Tous les renseignements personnels trait\u00e9es par Sisgeo sont conserv\u00e9s sur des serveurs s\u00e9curis\u00e9s. Sisgeo met en \u0153uvre des mesures contractuelles, techniques et organisationnelles appropri\u00e9es pour prot\u00e9ger les renseignements personnels qu\u2019elle traite contre la perte, l\u2019acc\u00e8s, l\u2019utilisation, la divulgation ou la modification non-autoris\u00e9s et pour garantir l\u2019int\u00e9grit\u00e9 des renseignements personnels. De plus, Sisgeo assure le traitement de vos renseignements personnels uniquement aux fins mentionn\u00e9es dans la pr\u00e9sente notice d\u2019information relative aux renseignements personnels et ne conserve pas les donn\u00e9es plus longtemps que n\u00e9cessaire.<\/p>\n<p><strong>QUI PEUT ACC\u00c9DER \u00c0 VOS DONN\u00c9ES?<\/strong><\/p>\n<p>Vos renseignements personnels peuvent \u00eatre communiqu\u00e9es aux personnes suivantes :<\/p>\n<ul>\n<li>En interne, aux collaborateurs de Sisgeo ayant \u00e9t\u00e9 strictement autoris\u00e9s individuellement \u00e0 y acc\u00e9der;<\/li>\n<li>\u00c0 des prestataires de services externes tels que des services infonuagiques et des solutions de gestion de la relation client qui ont \u00e9t\u00e9 sp\u00e9cifiquement autoris\u00e9s \u00e0 traiter les renseignements personnels; et<\/li>\n<li>\u00c0 nos partenaires lorsque nous faisons notre offre avec des tiers.<\/li>\n<\/ul>\n<p><strong>VOS DROITS<\/strong><\/p>\n<p>Vous avez :<\/p>\n<ul>\n<li>Le droit d\u2019\u00eatre inform\u00e9 concernant le traitement de vos renseignements personnels;<\/li>\n<li>Le droit d\u2019acc\u00e9der aux renseignements personnels vous concernant trait\u00e9es par Sisgeo;<\/li>\n<li>Le droit \u00e0 l\u2019oubli qui vous permet d\u2019exiger la suppression de vos renseignements personnels par Sisgeo;<\/li>\n<li>Le droit de rectification qui vous permet de modifier et rectifier les donn\u00e9es personnelles qui sont trait\u00e9es \u00e0 votre sujet par Sisgeo;<\/li>\n<li>Droit \u00e0 l&rsquo;effacement qui vous permet de demander que vos donn\u00e9es personnelles ne soient plus trait\u00e9es par Sisgeo et qu&rsquo;elles soient effac\u00e9es;<\/li>\n<li>Le droit \u00e0 la limitation du traitement qui vous permet de contr\u00f4ler la fa\u00e7on dont vos donn\u00e9es sont trait\u00e9es ou de demander que vos donn\u00e9es personnelles ne soient plus trait\u00e9es mais uniquement conserv\u00e9es par Sisgeo; et<\/li>\n<li>Le droit vous opposer au traitement de vos renseignements personnels, ce qui signifie que vous pouvez exiger que Sisgeo cesse de traiter vos renseignements personnels.<\/li>\n<\/ul>\n<p>Pour exercer ces droits, veuillez contacter notre\u00a0D\u00e9l\u00e9gu\u00e9 \u00e0 la protection des donn\u00e9es personnelles \u00e0\u00a0dpo@eddyfi.com.<\/p>\n<p>Vous avez \u00e9galement le droit de d\u00e9poser une plainte ou r\u00e9clamation aupr\u00e8s d\u2019une autorit\u00e9 de protection des renseignements personnels comp\u00e9tente.<\/p>\n<p>Pour toute autre demande, contactez-nous\u00a0.<\/p>\n<p>Cette notice d\u2019information a \u00e9t\u00e9 modifi\u00e9e le 8 d\u00e9cembre 2025 et est mise \u00e0 jour r\u00e9guli\u00e8rement. Nous vous invitons \u00e0 consulter r\u00e9guli\u00e8rement cette page.<\/p>\n<h2>POLITIQUE DE COOKIES<\/h2>\n<h4>Que sont les cookies?<\/h4>\n<p>Un cookie est un petit fichier texte qu&rsquo;un site Web enregistre sur votre ordinateur ou appareil mobile lorsque vous visitez le site. Il permet au site Web de m\u00e9moriser vos actions et pr\u00e9f\u00e9rences (telles que la connexion, la langue, la taille de la police et d&rsquo;autres pr\u00e9f\u00e9rences d&rsquo;affichage) sur une p\u00e9riode donn\u00e9e, de sorte que vous n&rsquo;avez pas besoin de les saisir \u00e0 nouveau chaque fois que vous revenez sur le site ou naviguer d&rsquo;une page \u00e0 l&rsquo;autre.<\/p>\n<h4>Cookie utilis\u00e9s dans ce site web<\/h4>\n<p>[wcc_category_list]<\/p>\n<h4>Comment puis-je controller les cookies?<\/h4>\n<p>Vous pouvez contr\u00f4ler et\/ou supprimer les cookies \u00e0 votre guise \u2013 pour plus de d\u00e9tails, consultez\u00a0<a href=\"https:\/\/www.aboutcookies.org\/\" target=\"_blank\" rel=\"noopener\">aboutcookies.org<\/a>. Vous pouvez supprimer tous les cookies d\u00e9j\u00e0 pr\u00e9sents sur votre ordinateur et configurer la plupart des navigateurs pour emp\u00eacher leur installation. Toutefois, si vous proc\u00e9dez ainsi, vous devrez peut-\u00eatre ajuster manuellement certaines pr\u00e9f\u00e9rences \u00e0 chaque fois que vous visitez un site et certains services et fonctionnalit\u00e9s risquent de ne pas fonctionner.<\/p>\n<p>Les liens suivants peuvent \u00eatre utiles pour comprendre comment vous pouvez modifier les param\u00e8tres de votre navigateur afin de restreindre les sites Web pouvant d\u00e9finir des cookies ou pour emp\u00eacher votre navigateur d&rsquo;accepter les cookies. L&rsquo;option \u00ab Aide \u00bb de votre navigateur peut \u00e9galement contenir des informations suppl\u00e9mentaires.<\/p>\n<p><a href=\"https:\/\/support.google.com\/chrome\/answer\/95647?hl=en\">Cookie settings in Chrome<\/a><\/p>\n<p><a href=\"https:\/\/support.mozilla.org\/en-US\/kb\/cookies-information-websites-store-on-your-computer?redirectlocale=en-US&amp;redirectslug=Cookies\">Cookie settings in Firefox<\/a><\/p>\n<p><a href=\"http:\/\/support.microsoft.com\/kb\/196955\">Cookie settings in Internet Explorer<\/a><\/p>\n<p><a href=\"http:\/\/support.apple.com\/kb\/PH5042\">Cookie settings in Safari web<\/a><\/p>\n<p><a href=\"http:\/\/support.apple.com\/kb\/HT1677\">Cookie settings in iOS<\/a><\/p>\n<h4>Liens utiles<\/h4>\n<p>Les liens suivants peuvent \u00eatre utiles pour en savoir plus sur les cookies et la mani\u00e8re dont ils sont utilis\u00e9s:<\/p>\n<p>Tout sur les cookies\u00a0<a href=\"http:\/\/www.allaboutcookies.org\/\">www.allaboutcookies.org<\/a><\/p>\n<p>Le Bureau du Commissaire \u00e0 l\u2019information\u00a0<a href=\"http:\/\/ico.org.uk\/\">ico.org.uk<\/a><\/p>\n","protected":false},"excerpt":{"rendered":"<p>Vous consultez actuellement le site internet de Sisgeo. Sisgeo accorde la plus grande importance \u00e0 vos renseignements personnels et \u00e0 votre vie priv\u00e9e. Cette notice d\u2019information relative aux renseignements personnels vous permet d\u2019\u00eatre inform\u00e9 sur les renseignements personnels que nous recueillons et la mani\u00e8re dont nous les traitons. Sisgeo traite vos renseignements personnels afin de [&hellip;]<\/p>\n","protected":false},"author":1,"featured_media":0,"parent":0,"menu_order":0,"comment_status":"closed","ping_status":"open","template":"","meta":{"_acf_changed":false,"footnotes":""},"categories":[],"tags":[],"class_list":["post-21076","page","type-page","status-publish","hentry"],"acf":[],"yoast_head":"<!-- This site is optimized with the Yoast SEO Premium plugin v27.4 (Yoast SEO v27.4) - https:\/\/yoast.com\/product\/yoast-seo-premium-wordpress\/ -->\n<title>NOTICE D\u2019INFORMATION SUR LA PROTECTION DE LA VIE PRIV\u00c9E - Sisgeo<\/title>\n<meta name=\"robots\" content=\"index, follow, max-snippet:-1, max-image-preview:large, max-video-preview:-1\" \/>\n<link rel=\"canonical\" href=\"https:\/\/sisgeo.com\/fr\/politique-de-confidentialite\/\" \/>\n<meta property=\"og:locale\" content=\"fr_FR\" \/>\n<meta property=\"og:type\" content=\"article\" \/>\n<meta property=\"og:title\" content=\"NOTICE D\u2019INFORMATION SUR LA PROTECTION DE LA VIE PRIV\u00c9E\" \/>\n<meta property=\"og:description\" content=\"Vous consultez actuellement le site internet de Sisgeo. Sisgeo accorde la plus grande importance \u00e0 vos renseignements personnels et \u00e0 votre vie priv\u00e9e. Cette notice d\u2019information relative aux renseignements personnels vous permet d\u2019\u00eatre inform\u00e9 sur les renseignements personnels que nous recueillons et la mani\u00e8re dont nous les traitons. Sisgeo traite vos renseignements personnels afin de [&hellip;]\" \/>\n<meta property=\"og:url\" content=\"https:\/\/sisgeo.com\/fr\/politique-de-confidentialite\/\" \/>\n<meta property=\"og:site_name\" content=\"Sisgeo\" \/>\n<meta property=\"article:modified_time\" content=\"2026-01-06T19:14:57+00:00\" \/>\n<meta name=\"twitter:card\" content=\"summary_large_image\" \/>\n<meta name=\"twitter:label1\" content=\"Dur\u00e9e de lecture estim\u00e9e\" \/>\n\t<meta name=\"twitter:data1\" content=\"7 minutes\" \/>\n<script type=\"application\/ld+json\" class=\"yoast-schema-graph\">{\"@context\":\"https:\\\/\\\/schema.org\",\"@graph\":[{\"@type\":\"WebPage\",\"@id\":\"https:\\\/\\\/sisgeo.com\\\/fr\\\/politique-de-confidentialite\\\/\",\"url\":\"https:\\\/\\\/sisgeo.com\\\/fr\\\/politique-de-confidentialite\\\/\",\"name\":\"NOTICE D\u2019INFORMATION SUR LA PROTECTION DE LA VIE PRIV\u00c9E - Sisgeo\",\"isPartOf\":{\"@id\":\"https:\\\/\\\/sisgeo.com\\\/fr\\\/#website\"},\"datePublished\":\"2023-04-03T12:05:52+00:00\",\"dateModified\":\"2026-01-06T19:14:57+00:00\",\"breadcrumb\":{\"@id\":\"https:\\\/\\\/sisgeo.com\\\/fr\\\/politique-de-confidentialite\\\/#breadcrumb\"},\"inLanguage\":\"fr-FR\",\"potentialAction\":[{\"@type\":\"ReadAction\",\"target\":[\"https:\\\/\\\/sisgeo.com\\\/fr\\\/politique-de-confidentialite\\\/\"]}]},{\"@type\":\"BreadcrumbList\",\"@id\":\"https:\\\/\\\/sisgeo.com\\\/fr\\\/politique-de-confidentialite\\\/#breadcrumb\",\"itemListElement\":[{\"@type\":\"ListItem\",\"position\":1,\"name\":\"Home\",\"item\":\"https:\\\/\\\/sisgeo.com\\\/fr\\\/linstrumentation-geotechnique-et-structurale-pour-le-shm\\\/\"},{\"@type\":\"ListItem\",\"position\":2,\"name\":\"NOTICE D\u2019INFORMATION SUR LA PROTECTION DE LA VIE PRIV\u00c9E\"}]},{\"@type\":\"WebSite\",\"@id\":\"https:\\\/\\\/sisgeo.com\\\/fr\\\/#website\",\"url\":\"https:\\\/\\\/sisgeo.com\\\/fr\\\/\",\"name\":\"Sisgeo\",\"description\":\"Inclined to improvement\",\"publisher\":{\"@id\":\"https:\\\/\\\/sisgeo.com\\\/fr\\\/#organization\"},\"potentialAction\":[{\"@type\":\"SearchAction\",\"target\":{\"@type\":\"EntryPoint\",\"urlTemplate\":\"https:\\\/\\\/sisgeo.com\\\/fr\\\/?s={search_term_string}\"},\"query-input\":{\"@type\":\"PropertyValueSpecification\",\"valueRequired\":true,\"valueName\":\"search_term_string\"}}],\"inLanguage\":\"fr-FR\"},{\"@type\":\"Organization\",\"@id\":\"https:\\\/\\\/sisgeo.com\\\/fr\\\/#organization\",\"name\":\"Sisgeo S.r.l.\",\"url\":\"https:\\\/\\\/sisgeo.com\\\/fr\\\/\",\"logo\":{\"@type\":\"ImageObject\",\"inLanguage\":\"fr-FR\",\"@id\":\"https:\\\/\\\/sisgeo.com\\\/fr\\\/#\\\/schema\\\/logo\\\/image\\\/\",\"url\":\"https:\\\/\\\/sisgeodev.pipehosting.it\\\/wp-content\\\/uploads\\\/2023\\\/06\\\/logo-RGB.png\",\"contentUrl\":\"https:\\\/\\\/sisgeodev.pipehosting.it\\\/wp-content\\\/uploads\\\/2023\\\/06\\\/logo-RGB.png\",\"width\":205,\"height\":97,\"caption\":\"Sisgeo S.r.l.\"},\"image\":{\"@id\":\"https:\\\/\\\/sisgeo.com\\\/fr\\\/#\\\/schema\\\/logo\\\/image\\\/\"}}]}<\/script>\n<!-- \/ Yoast SEO Premium plugin. -->","yoast_head_json":{"title":"NOTICE D\u2019INFORMATION SUR LA PROTECTION DE LA VIE PRIV\u00c9E - Sisgeo","robots":{"index":"index","follow":"follow","max-snippet":"max-snippet:-1","max-image-preview":"max-image-preview:large","max-video-preview":"max-video-preview:-1"},"canonical":"https:\/\/sisgeo.com\/fr\/politique-de-confidentialite\/","og_locale":"fr_FR","og_type":"article","og_title":"NOTICE D\u2019INFORMATION SUR LA PROTECTION DE LA VIE PRIV\u00c9E","og_description":"Vous consultez actuellement le site internet de Sisgeo. Sisgeo accorde la plus grande importance \u00e0 vos renseignements personnels et \u00e0 votre vie priv\u00e9e. Cette notice d\u2019information relative aux renseignements personnels vous permet d\u2019\u00eatre inform\u00e9 sur les renseignements personnels que nous recueillons et la mani\u00e8re dont nous les traitons. Sisgeo traite vos renseignements personnels afin de [&hellip;]","og_url":"https:\/\/sisgeo.com\/fr\/politique-de-confidentialite\/","og_site_name":"Sisgeo","article_modified_time":"2026-01-06T19:14:57+00:00","twitter_card":"summary_large_image","twitter_misc":{"Dur\u00e9e de lecture estim\u00e9e":"7 minutes"},"schema":{"@context":"https:\/\/schema.org","@graph":[{"@type":"WebPage","@id":"https:\/\/sisgeo.com\/fr\/politique-de-confidentialite\/","url":"https:\/\/sisgeo.com\/fr\/politique-de-confidentialite\/","name":"NOTICE D\u2019INFORMATION SUR LA PROTECTION DE LA VIE PRIV\u00c9E - Sisgeo","isPartOf":{"@id":"https:\/\/sisgeo.com\/fr\/#website"},"datePublished":"2023-04-03T12:05:52+00:00","dateModified":"2026-01-06T19:14:57+00:00","breadcrumb":{"@id":"https:\/\/sisgeo.com\/fr\/politique-de-confidentialite\/#breadcrumb"},"inLanguage":"fr-FR","potentialAction":[{"@type":"ReadAction","target":["https:\/\/sisgeo.com\/fr\/politique-de-confidentialite\/"]}]},{"@type":"BreadcrumbList","@id":"https:\/\/sisgeo.com\/fr\/politique-de-confidentialite\/#breadcrumb","itemListElement":[{"@type":"ListItem","position":1,"name":"Home","item":"https:\/\/sisgeo.com\/fr\/linstrumentation-geotechnique-et-structurale-pour-le-shm\/"},{"@type":"ListItem","position":2,"name":"NOTICE D\u2019INFORMATION SUR LA PROTECTION DE LA VIE PRIV\u00c9E"}]},{"@type":"WebSite","@id":"https:\/\/sisgeo.com\/fr\/#website","url":"https:\/\/sisgeo.com\/fr\/","name":"Sisgeo","description":"Inclined to improvement","publisher":{"@id":"https:\/\/sisgeo.com\/fr\/#organization"},"potentialAction":[{"@type":"SearchAction","target":{"@type":"EntryPoint","urlTemplate":"https:\/\/sisgeo.com\/fr\/?s={search_term_string}"},"query-input":{"@type":"PropertyValueSpecification","valueRequired":true,"valueName":"search_term_string"}}],"inLanguage":"fr-FR"},{"@type":"Organization","@id":"https:\/\/sisgeo.com\/fr\/#organization","name":"Sisgeo S.r.l.","url":"https:\/\/sisgeo.com\/fr\/","logo":{"@type":"ImageObject","inLanguage":"fr-FR","@id":"https:\/\/sisgeo.com\/fr\/#\/schema\/logo\/image\/","url":"https:\/\/sisgeodev.pipehosting.it\/wp-content\/uploads\/2023\/06\/logo-RGB.png","contentUrl":"https:\/\/sisgeodev.pipehosting.it\/wp-content\/uploads\/2023\/06\/logo-RGB.png","width":205,"height":97,"caption":"Sisgeo S.r.l."},"image":{"@id":"https:\/\/sisgeo.com\/fr\/#\/schema\/logo\/image\/"}}]}},"_links":{"self":[{"href":"https:\/\/sisgeo.com\/fr\/wp-json\/wp\/v2\/pages\/21076","targetHints":{"allow":["GET"]}}],"collection":[{"href":"https:\/\/sisgeo.com\/fr\/wp-json\/wp\/v2\/pages"}],"about":[{"href":"https:\/\/sisgeo.com\/fr\/wp-json\/wp\/v2\/types\/page"}],"author":[{"embeddable":true,"href":"https:\/\/sisgeo.com\/fr\/wp-json\/wp\/v2\/users\/1"}],"replies":[{"embeddable":true,"href":"https:\/\/sisgeo.com\/fr\/wp-json\/wp\/v2\/comments?post=21076"}],"version-history":[{"count":18,"href":"https:\/\/sisgeo.com\/fr\/wp-json\/wp\/v2\/pages\/21076\/revisions"}],"predecessor-version":[{"id":29838,"href":"https:\/\/sisgeo.com\/fr\/wp-json\/wp\/v2\/pages\/21076\/revisions\/29838"}],"wp:attachment":[{"href":"https:\/\/sisgeo.com\/fr\/wp-json\/wp\/v2\/media?parent=21076"}],"wp:term":[{"taxonomy":"category","embeddable":true,"href":"https:\/\/sisgeo.com\/fr\/wp-json\/wp\/v2\/categories?post=21076"},{"taxonomy":"post_tag","embeddable":true,"href":"https:\/\/sisgeo.com\/fr\/wp-json\/wp\/v2\/tags?post=21076"}],"curies":[{"name":"wp","href":"https:\/\/api.w.org\/{rel}","templated":true}]}}