{"id":25912,"date":"2024-08-26T09:53:07","date_gmt":"2024-08-26T07:53:07","guid":{"rendered":"https:\/\/sisgeo.com\/general-guidelines-for-the-transport-and-storage\/"},"modified":"2024-09-06T15:28:12","modified_gmt":"2024-09-06T13:28:12","slug":"directives-generales-pour-le-transport-et-le-stockage","status":"publish","type":"page","link":"https:\/\/sisgeo.com\/fr\/directives-generales-pour-le-transport-et-le-stockage\/","title":{"rendered":"Directives g\u00e9n\u00e9rales pour le transport et le stockage"},"content":{"rendered":"\n<p>Sisgeo produit des instruments de haute pr\u00e9cision qui sont fabriqu\u00e9s et emball\u00e9s avec tous les soins n\u00e9cessaires. Pour garantir que les produits arrivent sur le site d&rsquo;utilisation ou d&rsquo;installation comme s&rsquo;ils venaient de quitter nos laboratoires, toutes les pr\u00e9cautions doivent \u00eatre prises pour \u00e9viter tout dommage pendant le transport et pendant le stockage (chutes, chocs, vibrations excessives, etc.).  <\/p>\n\n\n\n<p>Pour des instructions plus d\u00e9taill\u00e9es sur des produits sp\u00e9cifiques, veuillez-vous r\u00e9f\u00e9rer \u00e0 la documentation du produit. Si cela n&rsquo;est pas mieux d\u00e9taill\u00e9 dans la fiche technique ou le manuel du produit, veuillez-vous r\u00e9f\u00e9rer aux informations de ce document. <\/p>\n\n\n\n<ol class=\"wp-block-list\">\n<li>TRANSPORT VERS LE SITE D&rsquo;INSTALLATION<br>Les instructions suivantes s&rsquo;appliquent au transport des instruments vers le site d&rsquo;installation:\n<ul class=\"wp-block-list\">\n<li>Transportez les produits dans l&#8217;emballage dans lequel ils ont \u00e9t\u00e9 exp\u00e9di\u00e9s.<\/li>\n\n\n\n<li>Ne retirez pas les capuchons ou autres protections des produits, c\u00e2bles, connecteurs ou autres pi\u00e8ces exp\u00e9di\u00e9es par Sisgeo.<\/li>\n\n\n\n<li>Si un chariot \u00e9l\u00e9vateur est utilis\u00e9 pour d\u00e9placer l&rsquo;\u00e9quipement emball\u00e9, soulevez l&#8217;emballage du fond de la bo\u00eete et assurez-vous que les fourches du chariot \u00e9l\u00e9vateur ne perforent pas l&#8217;emballage afin de ne pas endommager les produits.<\/li>\n\n\n\n<li>Ne pas empiler les colis les uns sur les autres.<br><br><\/li>\n<\/ul>\n<\/li>\n\n\n\n<li>CONTR\u00d4LES \u00c0 EFFECTUER \u00c0 LA R\u00c9CEPTION DU MAT\u00c9RIEL\n<ul class=\"wp-block-list\">\n<li>V\u00e9rifiez que l&#8217;emballage et son contenu ne sont pas endommag\u00e9s.<\/li>\n\n\n\n<li>V\u00e9rifiez qu&rsquo;il ne manque rien et que la livraison correspond \u00e0 la commande.<\/li>\n\n\n\n<li>T\u00e9l\u00e9chargez les manuels d&rsquo;utilisation du mat\u00e9riel sur le site Web de Sisgeo.<\/li>\n\n\n\n<li>V\u00e9rifiez que les certificats de conformit\u00e9 et les rapports d&rsquo;\u00e9talonnage ont \u00e9t\u00e9 re\u00e7us dans la bo\u00eete e-mail du personnel qui a trait\u00e9 l&rsquo;achat.<br><br>REMARQUE : Placez les instruments dans les cartons d&#8217;emballage et conservez-les ferm\u00e9s jusqu\u2019\u00e0 l\u2019\u00e9tape d\u2019installation. Cela prot\u00e9gera les produits d\u2019\u00e9ventuels dommages. <br><br><\/li>\n<\/ul>\n<\/li>\n\n\n\n<li>STOCKAGE\n<ul class=\"wp-block-list\">\n<li>Laissez les produits dans leur emballage d&rsquo;origine, il offre une protection optimale.<\/li>\n\n\n\n<li>Ne pas empiler les colis les uns sur les autres.<\/li>\n\n\n\n<li>La plage de temp\u00e9rature de stockage, sauf indication contraire dans la fiche technique des produits achet\u00e9s, est de -10\u2026+50 \u00b0C (de pr\u00e9f\u00e9rence +20 \u00b0C). Pour les \u00e9quipements avec batteries, la plage de temp\u00e9rature de stockage doit \u00eatre comprise entre +10\u2026+40 \u00b0C (de pr\u00e9f\u00e9rence +20 \u00b0C). <\/li>\n\n\n\n<li>Pendant le stockage, les produits doivent \u00eatre prot\u00e9g\u00e9s de la neige, de la pluie et de la lumi\u00e8re directe du soleil afin d&rsquo;\u00e9viter des temp\u00e9ratures de surface trop \u00e9lev\u00e9es et d&rsquo;\u00e9viter les effets nocifs des rayons ultraviolets (par exemple sur les tubes en PVC).<\/li>\n\n\n\n<li>Choisissez un lieu de stockage o\u00f9 l&rsquo;humidit\u00e9 ne se condense pas et o\u00f9 l&rsquo;eau et une humidit\u00e9 \u00e9lev\u00e9e n\u2019entrent pas en contact avec l&rsquo;\u00e9quipement stock\u00e9.<\/li>\n\n\n\n<li>Ne retirez pas les capuchons ou autres protections des produits, c\u00e2bles, connecteurs ou autres pi\u00e8ces exp\u00e9di\u00e9es par Sisgeo.<\/li>\n\n\n\n<li>Les lecteurs portables, les enregistreurs de donn\u00e9es et tout \u00e9quipement avec des batteries rechargeables doivent \u00eatre recharg\u00e9s p\u00e9riodiquement tous les 30 jours.<\/li>\n<\/ul>\n<\/li>\n<\/ol>\n\n\n\n<div style=\"height:30px\" aria-hidden=\"true\" class=\"wp-block-spacer\"><\/div>\n\n\n\n<p>Ces informations sont utilis\u00e9es \u00e0 titre indicatif. Si vous avez besoin de plus amples informations, contactez votre repr\u00e9sentant commercial ou ouvrez un ticket d&rsquo;assistance en envoyant un e-mail \u00e0 <a href=\"mailto:assistance@sisgeo.com\">assistance@sisgeo.com<\/a> <\/p>\n","protected":false},"excerpt":{"rendered":"<p>Sisgeo produit des instruments de haute pr\u00e9cision qui sont fabriqu\u00e9s et emball\u00e9s avec tous les soins n\u00e9cessaires. Pour garantir que les produits arrivent sur le site d&rsquo;utilisation ou d&rsquo;installation comme s&rsquo;ils venaient de quitter nos laboratoires, toutes les pr\u00e9cautions doivent \u00eatre prises pour \u00e9viter tout dommage pendant le transport et pendant le stockage (chutes, chocs, [&hellip;]<\/p>\n","protected":false},"author":1,"featured_media":0,"parent":0,"menu_order":0,"comment_status":"closed","ping_status":"closed","template":"","meta":{"_acf_changed":false,"footnotes":""},"categories":[],"tags":[837],"class_list":["post-25912","page","type-page","status-publish","hentry","tag-terms-fr"],"acf":[],"yoast_head":"<!-- This site is optimized with the Yoast SEO Premium plugin v27.4 (Yoast SEO v27.4) - https:\/\/yoast.com\/product\/yoast-seo-premium-wordpress\/ -->\n<title>Directives g\u00e9n\u00e9rales pour le transport et le stockage - Sisgeo<\/title>\n<meta name=\"robots\" content=\"index, follow, max-snippet:-1, max-image-preview:large, max-video-preview:-1\" \/>\n<link rel=\"canonical\" href=\"https:\/\/sisgeo.com\/fr\/directives-generales-pour-le-transport-et-le-stockage\/\" \/>\n<meta property=\"og:locale\" content=\"fr_FR\" \/>\n<meta property=\"og:type\" content=\"article\" \/>\n<meta property=\"og:title\" content=\"Directives g\u00e9n\u00e9rales pour le transport et le stockage\" \/>\n<meta property=\"og:description\" content=\"Sisgeo produit des instruments de haute pr\u00e9cision qui sont fabriqu\u00e9s et emball\u00e9s avec tous les soins n\u00e9cessaires. Pour garantir que les produits arrivent sur le site d&rsquo;utilisation ou d&rsquo;installation comme s&rsquo;ils venaient de quitter nos laboratoires, toutes les pr\u00e9cautions doivent \u00eatre prises pour \u00e9viter tout dommage pendant le transport et pendant le stockage (chutes, chocs, [&hellip;]\" \/>\n<meta property=\"og:url\" content=\"https:\/\/sisgeo.com\/fr\/directives-generales-pour-le-transport-et-le-stockage\/\" \/>\n<meta property=\"og:site_name\" content=\"Sisgeo\" \/>\n<meta property=\"article:modified_time\" content=\"2024-09-06T13:28:12+00:00\" \/>\n<meta name=\"twitter:card\" content=\"summary_large_image\" \/>\n<meta name=\"twitter:label1\" content=\"Dur\u00e9e de lecture estim\u00e9e\" \/>\n\t<meta name=\"twitter:data1\" content=\"3 minutes\" \/>\n<script type=\"application\/ld+json\" class=\"yoast-schema-graph\">{\"@context\":\"https:\\\/\\\/schema.org\",\"@graph\":[{\"@type\":\"WebPage\",\"@id\":\"https:\\\/\\\/sisgeo.com\\\/fr\\\/directives-generales-pour-le-transport-et-le-stockage\\\/\",\"url\":\"https:\\\/\\\/sisgeo.com\\\/fr\\\/directives-generales-pour-le-transport-et-le-stockage\\\/\",\"name\":\"Directives g\u00e9n\u00e9rales pour le transport et le stockage - Sisgeo\",\"isPartOf\":{\"@id\":\"https:\\\/\\\/sisgeo.com\\\/fr\\\/#website\"},\"datePublished\":\"2024-08-26T07:53:07+00:00\",\"dateModified\":\"2024-09-06T13:28:12+00:00\",\"breadcrumb\":{\"@id\":\"https:\\\/\\\/sisgeo.com\\\/fr\\\/directives-generales-pour-le-transport-et-le-stockage\\\/#breadcrumb\"},\"inLanguage\":\"fr-FR\",\"potentialAction\":[{\"@type\":\"ReadAction\",\"target\":[\"https:\\\/\\\/sisgeo.com\\\/fr\\\/directives-generales-pour-le-transport-et-le-stockage\\\/\"]}]},{\"@type\":\"BreadcrumbList\",\"@id\":\"https:\\\/\\\/sisgeo.com\\\/fr\\\/directives-generales-pour-le-transport-et-le-stockage\\\/#breadcrumb\",\"itemListElement\":[{\"@type\":\"ListItem\",\"position\":1,\"name\":\"Home\",\"item\":\"https:\\\/\\\/sisgeo.com\\\/fr\\\/linstrumentation-geotechnique-et-structurale-pour-le-shm\\\/\"},{\"@type\":\"ListItem\",\"position\":2,\"name\":\"Directives g\u00e9n\u00e9rales pour le transport et le stockage\"}]},{\"@type\":\"WebSite\",\"@id\":\"https:\\\/\\\/sisgeo.com\\\/fr\\\/#website\",\"url\":\"https:\\\/\\\/sisgeo.com\\\/fr\\\/\",\"name\":\"Sisgeo\",\"description\":\"Inclined to improvement\",\"publisher\":{\"@id\":\"https:\\\/\\\/sisgeo.com\\\/fr\\\/#organization\"},\"potentialAction\":[{\"@type\":\"SearchAction\",\"target\":{\"@type\":\"EntryPoint\",\"urlTemplate\":\"https:\\\/\\\/sisgeo.com\\\/fr\\\/?s={search_term_string}\"},\"query-input\":{\"@type\":\"PropertyValueSpecification\",\"valueRequired\":true,\"valueName\":\"search_term_string\"}}],\"inLanguage\":\"fr-FR\"},{\"@type\":\"Organization\",\"@id\":\"https:\\\/\\\/sisgeo.com\\\/fr\\\/#organization\",\"name\":\"Sisgeo S.r.l.\",\"url\":\"https:\\\/\\\/sisgeo.com\\\/fr\\\/\",\"logo\":{\"@type\":\"ImageObject\",\"inLanguage\":\"fr-FR\",\"@id\":\"https:\\\/\\\/sisgeo.com\\\/fr\\\/#\\\/schema\\\/logo\\\/image\\\/\",\"url\":\"https:\\\/\\\/sisgeodev.pipehosting.it\\\/wp-content\\\/uploads\\\/2023\\\/06\\\/logo-RGB.png\",\"contentUrl\":\"https:\\\/\\\/sisgeodev.pipehosting.it\\\/wp-content\\\/uploads\\\/2023\\\/06\\\/logo-RGB.png\",\"width\":205,\"height\":97,\"caption\":\"Sisgeo S.r.l.\"},\"image\":{\"@id\":\"https:\\\/\\\/sisgeo.com\\\/fr\\\/#\\\/schema\\\/logo\\\/image\\\/\"}}]}<\/script>\n<!-- \/ Yoast SEO Premium plugin. -->","yoast_head_json":{"title":"Directives g\u00e9n\u00e9rales pour le transport et le stockage - Sisgeo","robots":{"index":"index","follow":"follow","max-snippet":"max-snippet:-1","max-image-preview":"max-image-preview:large","max-video-preview":"max-video-preview:-1"},"canonical":"https:\/\/sisgeo.com\/fr\/directives-generales-pour-le-transport-et-le-stockage\/","og_locale":"fr_FR","og_type":"article","og_title":"Directives g\u00e9n\u00e9rales pour le transport et le stockage","og_description":"Sisgeo produit des instruments de haute pr\u00e9cision qui sont fabriqu\u00e9s et emball\u00e9s avec tous les soins n\u00e9cessaires. Pour garantir que les produits arrivent sur le site d&rsquo;utilisation ou d&rsquo;installation comme s&rsquo;ils venaient de quitter nos laboratoires, toutes les pr\u00e9cautions doivent \u00eatre prises pour \u00e9viter tout dommage pendant le transport et pendant le stockage (chutes, chocs, [&hellip;]","og_url":"https:\/\/sisgeo.com\/fr\/directives-generales-pour-le-transport-et-le-stockage\/","og_site_name":"Sisgeo","article_modified_time":"2024-09-06T13:28:12+00:00","twitter_card":"summary_large_image","twitter_misc":{"Dur\u00e9e de lecture estim\u00e9e":"3 minutes"},"schema":{"@context":"https:\/\/schema.org","@graph":[{"@type":"WebPage","@id":"https:\/\/sisgeo.com\/fr\/directives-generales-pour-le-transport-et-le-stockage\/","url":"https:\/\/sisgeo.com\/fr\/directives-generales-pour-le-transport-et-le-stockage\/","name":"Directives g\u00e9n\u00e9rales pour le transport et le stockage - Sisgeo","isPartOf":{"@id":"https:\/\/sisgeo.com\/fr\/#website"},"datePublished":"2024-08-26T07:53:07+00:00","dateModified":"2024-09-06T13:28:12+00:00","breadcrumb":{"@id":"https:\/\/sisgeo.com\/fr\/directives-generales-pour-le-transport-et-le-stockage\/#breadcrumb"},"inLanguage":"fr-FR","potentialAction":[{"@type":"ReadAction","target":["https:\/\/sisgeo.com\/fr\/directives-generales-pour-le-transport-et-le-stockage\/"]}]},{"@type":"BreadcrumbList","@id":"https:\/\/sisgeo.com\/fr\/directives-generales-pour-le-transport-et-le-stockage\/#breadcrumb","itemListElement":[{"@type":"ListItem","position":1,"name":"Home","item":"https:\/\/sisgeo.com\/fr\/linstrumentation-geotechnique-et-structurale-pour-le-shm\/"},{"@type":"ListItem","position":2,"name":"Directives g\u00e9n\u00e9rales pour le transport et le stockage"}]},{"@type":"WebSite","@id":"https:\/\/sisgeo.com\/fr\/#website","url":"https:\/\/sisgeo.com\/fr\/","name":"Sisgeo","description":"Inclined to improvement","publisher":{"@id":"https:\/\/sisgeo.com\/fr\/#organization"},"potentialAction":[{"@type":"SearchAction","target":{"@type":"EntryPoint","urlTemplate":"https:\/\/sisgeo.com\/fr\/?s={search_term_string}"},"query-input":{"@type":"PropertyValueSpecification","valueRequired":true,"valueName":"search_term_string"}}],"inLanguage":"fr-FR"},{"@type":"Organization","@id":"https:\/\/sisgeo.com\/fr\/#organization","name":"Sisgeo S.r.l.","url":"https:\/\/sisgeo.com\/fr\/","logo":{"@type":"ImageObject","inLanguage":"fr-FR","@id":"https:\/\/sisgeo.com\/fr\/#\/schema\/logo\/image\/","url":"https:\/\/sisgeodev.pipehosting.it\/wp-content\/uploads\/2023\/06\/logo-RGB.png","contentUrl":"https:\/\/sisgeodev.pipehosting.it\/wp-content\/uploads\/2023\/06\/logo-RGB.png","width":205,"height":97,"caption":"Sisgeo S.r.l."},"image":{"@id":"https:\/\/sisgeo.com\/fr\/#\/schema\/logo\/image\/"}}]}},"_links":{"self":[{"href":"https:\/\/sisgeo.com\/fr\/wp-json\/wp\/v2\/pages\/25912","targetHints":{"allow":["GET"]}}],"collection":[{"href":"https:\/\/sisgeo.com\/fr\/wp-json\/wp\/v2\/pages"}],"about":[{"href":"https:\/\/sisgeo.com\/fr\/wp-json\/wp\/v2\/types\/page"}],"author":[{"embeddable":true,"href":"https:\/\/sisgeo.com\/fr\/wp-json\/wp\/v2\/users\/1"}],"replies":[{"embeddable":true,"href":"https:\/\/sisgeo.com\/fr\/wp-json\/wp\/v2\/comments?post=25912"}],"version-history":[{"count":8,"href":"https:\/\/sisgeo.com\/fr\/wp-json\/wp\/v2\/pages\/25912\/revisions"}],"predecessor-version":[{"id":26039,"href":"https:\/\/sisgeo.com\/fr\/wp-json\/wp\/v2\/pages\/25912\/revisions\/26039"}],"wp:attachment":[{"href":"https:\/\/sisgeo.com\/fr\/wp-json\/wp\/v2\/media?parent=25912"}],"wp:term":[{"taxonomy":"category","embeddable":true,"href":"https:\/\/sisgeo.com\/fr\/wp-json\/wp\/v2\/categories?post=25912"},{"taxonomy":"post_tag","embeddable":true,"href":"https:\/\/sisgeo.com\/fr\/wp-json\/wp\/v2\/tags?post=25912"}],"curies":[{"name":"wp","href":"https:\/\/api.w.org\/{rel}","templated":true}]}}