{"id":12586,"date":"2023-06-27T15:12:32","date_gmt":"2023-06-27T13:12:32","guid":{"rendered":"https:\/\/sisgeodev.pipehosting.it\/products\/dataloggers\/"},"modified":"2024-01-17T15:37:12","modified_gmt":"2024-01-17T14:37:12","slug":"unita-di-acquisizione","status":"publish","type":"page","link":"https:\/\/sisgeo.com\/it\/prodotti\/unita-di-acquisizione\/","title":{"rendered":"Unit\u00e0 di acquisizione"},"content":{"rendered":"\t\t<div data-elementor-type=\"wp-page\" data-elementor-id=\"12586\" class=\"elementor elementor-12586 elementor-2744\" data-elementor-post-type=\"page\">\n\t\t\t\t<div class=\"elementor-element elementor-element-7a63a93 e-flex e-con-boxed e-con e-parent\" data-id=\"7a63a93\" data-element_type=\"container\" data-e-type=\"container\">\n\t\t\t\t\t<div class=\"e-con-inner\">\n\t\t\t\t<div class=\"elementor-element elementor-element-caccc42 elementor-widget elementor-widget-heading\" data-id=\"caccc42\" data-element_type=\"widget\" data-e-type=\"widget\" data-widget_type=\"heading.default\">\n\t\t\t\t<div class=\"elementor-widget-container\">\n\t\t\t\t\t<h1 class=\"elementor-heading-title elementor-size-default\">Unit\u00e0 di acquisizione<\/h1>\t\t\t\t<\/div>\n\t\t\t\t<\/div>\n\t\t\t\t<div class=\"elementor-element elementor-element-99defb4 elementor-widget elementor-widget-text-editor\" data-id=\"99defb4\" data-element_type=\"widget\" data-e-type=\"widget\" data-widget_type=\"text-editor.default\">\n\t\t\t\t<div class=\"elementor-widget-container\">\n\t\t\t\t\t\t\t\t\t<p>Le unit\u00e0 di acquisizione dati, note anche come datalogger, sono fondamentali nel monitoraggio geotecnico e strutturale in quanto facilitano l\u2019acquisizione dei dati, il monitoraggio in tempo reale, la registrazione dei dati a lungo termine, l\u2019elaborazione e l\u2019analisi dei dati. Queste funzionalit\u00e0 migliorano l\u2019accuratezza, l\u2019efficienza e l\u2019affidabilit\u00e0 dei sistemi di monitoraggio, portando a un miglioramento della sicurezza, delle prestazioni e del processo decisionale nei progetti infrastrutturali. <\/p>\n<p>I sistemi di acquisizione dati sono comunemente utilizzati durante la costruzione di dighe, ponti, gallerie e scavi sotterranei, nel monitoraggio dei pendii franosi e durante la coltivazione delle miniere.<\/p>\n\t\t\t\t\t\t\t\t<\/div>\n\t\t\t\t<\/div>\n\t\t\t\t<div data-dce-title-color=\"#E20717\" class=\"elementor-element elementor-element-8a09a03 elementor-widget elementor-widget-accordion\" data-id=\"8a09a03\" data-element_type=\"widget\" data-e-type=\"widget\" data-widget_type=\"accordion.default\">\n\t\t\t\t<div class=\"elementor-widget-container\">\n\t\t\t\t\t\t\t<div class=\"elementor-accordion\">\n\t\t\t\t\t\t\t<div class=\"elementor-accordion-item\">\n\t\t\t\t\t<div id=\"elementor-tab-title-1441\" class=\"elementor-tab-title\" data-tab=\"1\" role=\"button\" aria-controls=\"elementor-tab-content-1441\" aria-expanded=\"false\">\n\t\t\t\t\t\t\t\t\t\t\t\t\t<span class=\"elementor-accordion-icon elementor-accordion-icon-right\" aria-hidden=\"true\">\n\t\t\t\t\t\t\t\t\t\t\t\t\t\t\t<span class=\"elementor-accordion-icon-closed\"><svg xmlns=\"http:\/\/www.w3.org\/2000\/svg\" width=\"29\" height=\"16\" viewBox=\"0 0 29 16\" fill=\"none\"><path fill-rule=\"evenodd\" clip-rule=\"evenodd\" d=\"M27.25 0L14.375 13.038L1.5 0L0 1.5L14.4 15.9L28.749 1.5L27.25 0Z\" fill=\"#E4002B\"><\/path><\/svg><\/span>\n\t\t\t\t\t\t\t\t<span class=\"elementor-accordion-icon-opened\"><svg xmlns=\"http:\/\/www.w3.org\/2000\/svg\" width=\"29\" height=\"14\" viewBox=\"0 0 29 14\" fill=\"none\"><path fill-rule=\"evenodd\" clip-rule=\"evenodd\" d=\"M1.49902 13.1885L14.374 2.61651L27.249 13.1885L28.749 11.9722L14.349 0.295833L2.28882e-05 11.9722L1.49902 13.1885Z\" fill=\"#E4002B\"><\/path><\/svg><\/span>\n\t\t\t\t\t\t\t\t\t\t\t\t\t\t<\/span>\n\t\t\t\t\t\t\t\t\t\t\t\t<a class=\"elementor-accordion-title\" tabindex=\"0\">Approfondimenti<\/a>\n\t\t\t\t\t<\/div>\n\t\t\t\t\t<div id=\"elementor-tab-content-1441\" class=\"elementor-tab-content elementor-clearfix\" data-tab=\"1\" role=\"region\" aria-labelledby=\"elementor-tab-title-1441\"><p>Il <strong>datalogger OMNIAlog<\/strong> \u00e8 uno strumento avanzato per la lettura e la memorizzazione automatica dei dati di un sistema di monitoraggio cablato.<\/p>\n<p>Le caratteristiche principali di OMNIAlog sono:<\/p>\n<p>\u2013 Non richiede l\u2019installazione di alcun software, grazie al web server integrato;<\/p>\n<p>\u2013 Porta LAN standard per il collegamento di qualsiasi interfaccia di comunicazione o per inserire il logger in una rete locale;<\/p>\n<p>\u2013 Elevate prestazioni in termini di risoluzione e accuratezza in un ampio intervallo di temperatura operativa (da -30\u00b0C a +70\u00b0C)<\/p>\n<p>\u2013 Legge strumenti analogici e digitali;<\/p>\n<p>\u2013 Compatibile con tutti i principali sensori geotecnici presenti sul mercato.<\/p>\n<p>Ogni sistema OMNIAlog pu\u00f2 gestire fino a 400 strumenti analogici grazie all\u2019uso di schede di espansione multiplexer. Grazie all\u2019interfaccia LAN standard, \u00e8 possibile collegare qualsiasi interfaccia di comunicazione disponibile sul mercato (ad esempio, router 4G, access point Wi-Fi, modem radio, switch in fibra ottica, ecc.). <\/p>\n<p>Non preoccuparti della compatibilit\u00e0 hardware con sistemi operativi o lingue. Il software di gestione avanzata OMNIAlog funziona come un sito web: basta aprire il browser, inserire l\u2019indirizzo IP di OMNIAlog e iniziare a lavorare. <\/p>\n<\/p>\n<p><strong>WR-Log<\/strong> \u00e8 un sistema di registrazione dati wireless che consente l\u2019acquisizione di dati da strumenti geotecnici o strutturali senza la necessit\u00e0 di connessioni fisiche o cablate.<\/p>\n<p>Il sistema consiste principalmente in una serie di \u201cnodi\u201d alimentati a batteria in grado di leggere sensori digitali o analogici, che trasmettono i dati via radio a un gateway locale. Il gateway raccoglie tutti i dati ricevuti. Il gateway \u00e8 dotato di una porta LAN e di un router interno in grado di inviare i dati via Internet.  <\/p>\n<\/div>\n\t\t\t\t<\/div>\n\t\t\t\t\t\t\t\t<\/div>\n\t\t\t\t\t\t<\/div>\n\t\t\t\t<\/div>\n\t\t\t\t<div class=\"elementor-element elementor-element-58a3ecd dce-posts-layout-default dce-col-4 dce-col-tablet-3 dce-col-mobile-1 dce-align-left elementor-widget elementor-widget-dce-dynamicposts-v2\" data-id=\"58a3ecd\" data-element_type=\"widget\" data-e-type=\"widget\" data-settings=\"{&quot;style_items&quot;:&quot;default&quot;,&quot;grid_grid_type&quot;:&quot;flex&quot;}\" data-widget_type=\"dce-dynamicposts-v2.grid\">\n\t\t\t\t<div class=\"elementor-widget-container\">\n\t\t\t\t\t\n\t\t<div class=\"dce-fix-background-loop dce-posts-container dce-posts dce-dynamic-posts-collection  dce-skin-grid dce-skin-grid-flex\">\n\t\t\t\t\t\t<div class=\"dce-posts-wrapper dce-wrapper-grid\">\n\t\t\t\n\t\t<article class=\"post-14166 page type-page status-publish has-post-thumbnail hentry category-omnialog-datalogger-it category-unita-di-acquisizione dce-post dce-post-item dce-item-grid\" data-dce-post-id=\"14166\" data-dce-post-index=\"0\">\n\t\t\t<div class=\"dce-post-block elementor-animation-grow\">\n\t\t<div class=\"dce-item dce-item_image elementor-repeater-item-9ee1dae\"><a class=\"dce-post-image\" href=\"https:\/\/sisgeo.com\/it\/prodotti\/unita-di-acquisizione\/omnialog-datalogger\/\"><figure  class=\"dce-img\"><img fetchpriority=\"high\" decoding=\"async\" width=\"960\" height=\"540\" src=\"https:\/\/sisgeo.com\/wp-content\/uploads\/2023\/06\/0_omnialog_module_.png\" class=\"\" alt=\"OMNIAlog Datalogger\" srcset=\"https:\/\/sisgeo.com\/wp-content\/uploads\/2023\/06\/0_omnialog_module_.png 960w, https:\/\/sisgeo.com\/wp-content\/uploads\/2023\/06\/0_omnialog_module_-300x169.png 300w, https:\/\/sisgeo.com\/wp-content\/uploads\/2023\/06\/0_omnialog_module_-768x432.png 768w\" sizes=\"(max-width: 960px) 100vw, 960px\" \/><\/figure><\/a><\/div><div class=\"dce-item dce-item_title elementor-repeater-item-b433209\"><h5 class=\"dce-post-title\"><a href=\"https:\/\/sisgeo.com\/it\/prodotti\/unita-di-acquisizione\/omnialog-datalogger\/\">OMNIAlog Datalogger<\/a><\/h5><\/div><div class=\"dce-item dce-item_readmore elementor-repeater-item-ef0e5ce\">\t\t<div class=\"dce-post-button\">\n\t\t\t<a href=\"https:\/\/sisgeo.com\/it\/prodotti\/unita-di-acquisizione\/omnialog-datalogger\/\" class=\"elementor-button-link elementor-button dce-button elementor-size-sm\" role=\"button\" >\n\t\t\t<div class=\"align-middle\"><span>Scopri di pi\u00f9<\/span><img decoding=\"async\" src=\"https:\/\/sisgeo.com\/wp-content\/uploads\/2023\/05\/arrow_red.png\"><\/div>\t\t\t<\/a>\n\t\t<\/div>\n\t\t<\/div>\t\t\t<\/div>\n\t\t<\/article>\n\t\t\n\t\t<article class=\"post-30074 page type-page status-publish has-post-thumbnail hentry category-senceive-wireless-nodes category-unita-di-acquisizione dce-post dce-post-item dce-item-grid\" data-dce-post-id=\"30074\" data-dce-post-index=\"1\">\n\t\t\t<div class=\"dce-post-block elementor-animation-grow\">\n\t\t<div class=\"dce-item dce-item_image elementor-repeater-item-9ee1dae\"><a class=\"dce-post-image\" href=\"https:\/\/sisgeo.com\/it\/prodotti\/unita-di-acquisizione\/senceive-wireless-nodes\/\"><figure  class=\"dce-img\"><img decoding=\"async\" width=\"960\" height=\"540\" src=\"https:\/\/sisgeo.com\/wp-content\/uploads\/2026\/02\/Senceive-wireless-nodes.jpg\" class=\"\" alt=\"Senceive Wireless nodes\" srcset=\"https:\/\/sisgeo.com\/wp-content\/uploads\/2026\/02\/Senceive-wireless-nodes.jpg 960w, https:\/\/sisgeo.com\/wp-content\/uploads\/2026\/02\/Senceive-wireless-nodes-300x169.jpg 300w, https:\/\/sisgeo.com\/wp-content\/uploads\/2026\/02\/Senceive-wireless-nodes-768x432.jpg 768w\" sizes=\"(max-width: 960px) 100vw, 960px\" \/><\/figure><\/a><\/div><div class=\"dce-item dce-item_title elementor-repeater-item-b433209\"><h5 class=\"dce-post-title\"><a href=\"https:\/\/sisgeo.com\/it\/prodotti\/unita-di-acquisizione\/senceive-wireless-nodes\/\">Senceive Wireless nodes<\/a><\/h5><\/div><div class=\"dce-item dce-item_readmore elementor-repeater-item-ef0e5ce\">\t\t<div class=\"dce-post-button\">\n\t\t\t<a href=\"https:\/\/sisgeo.com\/it\/prodotti\/unita-di-acquisizione\/senceive-wireless-nodes\/\" class=\"elementor-button-link elementor-button dce-button elementor-size-sm\" role=\"button\" >\n\t\t\t<div class=\"align-middle\"><span>Scopri di pi\u00f9<\/span><img decoding=\"async\" src=\"https:\/\/sisgeo.com\/wp-content\/uploads\/2023\/05\/arrow_red.png\"><\/div>\t\t\t<\/a>\n\t\t<\/div>\n\t\t<\/div>\t\t\t<\/div>\n\t\t<\/article>\n\t\t\t\t\t<\/div>\n\t\t\t\t\t<\/div>\n\t\t\t\t\t\t<\/div>\n\t\t\t\t<\/div>\n\t\t\t\t\t<\/div>\n\t\t\t\t<\/div>\n\t\t\t\t<\/div>\n\t\t","protected":false},"excerpt":{"rendered":"<p>Unit\u00e0 di acquisizione Le unit\u00e0 di acquisizione dati, note anche come datalogger, sono fondamentali nel monitoraggio geotecnico e strutturale in quanto facilitano l\u2019acquisizione dei dati, il monitoraggio in tempo reale, la registrazione dei dati a lungo termine, l\u2019elaborazione e l\u2019analisi dei dati. Queste funzionalit\u00e0 migliorano l\u2019accuratezza, l\u2019efficienza e l\u2019affidabilit\u00e0 dei sistemi di monitoraggio, portando a [&hellip;]<\/p>\n","protected":false},"author":1,"featured_media":30079,"parent":5101,"menu_order":0,"comment_status":"closed","ping_status":"closed","template":"","meta":{"footnotes":""},"categories":[200],"tags":[],"class_list":["post-12586","page","type-page","status-publish","has-post-thumbnail","hentry","category-products-it-2"],"yoast_head":"<!-- This site is optimized with the Yoast SEO Premium plugin v27.2 (Yoast SEO v27.2) - https:\/\/yoast.com\/product\/yoast-seo-premium-wordpress\/ -->\n<title>Unit\u00e0 di acquisizione - Sisgeo<\/title>\n<meta name=\"robots\" content=\"index, follow, max-snippet:-1, max-image-preview:large, max-video-preview:-1\" \/>\n<link rel=\"canonical\" href=\"https:\/\/sisgeo.com\/it\/prodotti\/unita-di-acquisizione\/\" \/>\n<meta property=\"og:locale\" content=\"it_IT\" \/>\n<meta property=\"og:type\" content=\"article\" \/>\n<meta property=\"og:title\" content=\"Unit\u00e0 di acquisizione\" \/>\n<meta property=\"og:description\" content=\"Unit\u00e0 di acquisizione Le unit\u00e0 di acquisizione dati, note anche come datalogger, sono fondamentali nel monitoraggio geotecnico e strutturale in quanto facilitano l\u2019acquisizione dei dati, il monitoraggio in tempo reale, la registrazione dei dati a lungo termine, l\u2019elaborazione e l\u2019analisi dei dati. Queste funzionalit\u00e0 migliorano l\u2019accuratezza, l\u2019efficienza e l\u2019affidabilit\u00e0 dei sistemi di monitoraggio, portando a [&hellip;]\" \/>\n<meta property=\"og:url\" content=\"https:\/\/sisgeo.com\/it\/prodotti\/unita-di-acquisizione\/\" \/>\n<meta property=\"og:site_name\" content=\"Sisgeo\" \/>\n<meta property=\"article:modified_time\" content=\"2024-01-17T14:37:12+00:00\" \/>\n<meta property=\"og:image\" content=\"https:\/\/sisgeo.com\/wp-content\/uploads\/2023\/07\/16_DATALOGGERS.jpg\" \/>\n\t<meta property=\"og:image:width\" content=\"294\" \/>\n\t<meta property=\"og:image:height\" content=\"164\" \/>\n\t<meta property=\"og:image:type\" content=\"image\/jpeg\" \/>\n<meta name=\"twitter:card\" content=\"summary_large_image\" \/>\n<meta name=\"twitter:label1\" content=\"Tempo di lettura stimato\" \/>\n\t<meta name=\"twitter:data1\" content=\"4 minuti\" \/>\n<script type=\"application\/ld+json\" class=\"yoast-schema-graph\">{\"@context\":\"https:\/\/schema.org\",\"@graph\":[{\"@type\":\"WebPage\",\"@id\":\"https:\/\/sisgeo.com\/it\/prodotti\/unita-di-acquisizione\/\",\"url\":\"https:\/\/sisgeo.com\/it\/prodotti\/unita-di-acquisizione\/\",\"name\":\"Unit\u00e0 di acquisizione - Sisgeo\",\"isPartOf\":{\"@id\":\"https:\/\/sisgeo.com\/it\/#website\"},\"primaryImageOfPage\":{\"@id\":\"https:\/\/sisgeo.com\/it\/prodotti\/unita-di-acquisizione\/#primaryimage\"},\"image\":{\"@id\":\"https:\/\/sisgeo.com\/it\/prodotti\/unita-di-acquisizione\/#primaryimage\"},\"thumbnailUrl\":\"https:\/\/sisgeo.com\/wp-content\/uploads\/2026\/02\/datalogger-sisgo-senceive.jpg\",\"datePublished\":\"2023-06-27T13:12:32+00:00\",\"dateModified\":\"2024-01-17T14:37:12+00:00\",\"breadcrumb\":{\"@id\":\"https:\/\/sisgeo.com\/it\/prodotti\/unita-di-acquisizione\/#breadcrumb\"},\"inLanguage\":\"it-IT\",\"potentialAction\":[{\"@type\":\"ReadAction\",\"target\":[\"https:\/\/sisgeo.com\/it\/prodotti\/unita-di-acquisizione\/\"]}]},{\"@type\":\"ImageObject\",\"inLanguage\":\"it-IT\",\"@id\":\"https:\/\/sisgeo.com\/it\/prodotti\/unita-di-acquisizione\/#primaryimage\",\"url\":\"https:\/\/sisgeo.com\/wp-content\/uploads\/2026\/02\/datalogger-sisgo-senceive.jpg\",\"contentUrl\":\"https:\/\/sisgeo.com\/wp-content\/uploads\/2026\/02\/datalogger-sisgo-senceive.jpg\",\"width\":960,\"height\":540},{\"@type\":\"BreadcrumbList\",\"@id\":\"https:\/\/sisgeo.com\/it\/prodotti\/unita-di-acquisizione\/#breadcrumb\",\"itemListElement\":[{\"@type\":\"ListItem\",\"position\":1,\"name\":\"Home\",\"item\":\"https:\/\/sisgeo.com\/it\/strumentazione-geotecnica-e-strutturale-per-lo-shm\/\"},{\"@type\":\"ListItem\",\"position\":2,\"name\":\"Prodotti\",\"item\":\"https:\/\/sisgeo.com\/it\/prodotti\/\"},{\"@type\":\"ListItem\",\"position\":3,\"name\":\"Unit\u00e0 di acquisizione\"}]},{\"@type\":\"WebSite\",\"@id\":\"https:\/\/sisgeo.com\/it\/#website\",\"url\":\"https:\/\/sisgeo.com\/it\/\",\"name\":\"Sisgeo\",\"description\":\"Inclined to improvement\",\"publisher\":{\"@id\":\"https:\/\/sisgeo.com\/it\/#organization\"},\"potentialAction\":[{\"@type\":\"SearchAction\",\"target\":{\"@type\":\"EntryPoint\",\"urlTemplate\":\"https:\/\/sisgeo.com\/it\/?s={search_term_string}\"},\"query-input\":{\"@type\":\"PropertyValueSpecification\",\"valueRequired\":true,\"valueName\":\"search_term_string\"}}],\"inLanguage\":\"it-IT\"},{\"@type\":\"Organization\",\"@id\":\"https:\/\/sisgeo.com\/it\/#organization\",\"name\":\"Sisgeo S.r.l.\",\"url\":\"https:\/\/sisgeo.com\/it\/\",\"logo\":{\"@type\":\"ImageObject\",\"inLanguage\":\"it-IT\",\"@id\":\"https:\/\/sisgeo.com\/it\/#\/schema\/logo\/image\/\",\"url\":\"https:\/\/sisgeodev.pipehosting.it\/wp-content\/uploads\/2023\/06\/logo-RGB.png\",\"contentUrl\":\"https:\/\/sisgeodev.pipehosting.it\/wp-content\/uploads\/2023\/06\/logo-RGB.png\",\"width\":205,\"height\":97,\"caption\":\"Sisgeo S.r.l.\"},\"image\":{\"@id\":\"https:\/\/sisgeo.com\/it\/#\/schema\/logo\/image\/\"}}]}<\/script>\n<!-- \/ Yoast SEO Premium plugin. -->","yoast_head_json":{"title":"Unit\u00e0 di acquisizione - Sisgeo","robots":{"index":"index","follow":"follow","max-snippet":"max-snippet:-1","max-image-preview":"max-image-preview:large","max-video-preview":"max-video-preview:-1"},"canonical":"https:\/\/sisgeo.com\/it\/prodotti\/unita-di-acquisizione\/","og_locale":"it_IT","og_type":"article","og_title":"Unit\u00e0 di acquisizione","og_description":"Unit\u00e0 di acquisizione Le unit\u00e0 di acquisizione dati, note anche come datalogger, sono fondamentali nel monitoraggio geotecnico e strutturale in quanto facilitano l\u2019acquisizione dei dati, il monitoraggio in tempo reale, la registrazione dei dati a lungo termine, l\u2019elaborazione e l\u2019analisi dei dati. Queste funzionalit\u00e0 migliorano l\u2019accuratezza, l\u2019efficienza e l\u2019affidabilit\u00e0 dei sistemi di monitoraggio, portando a [&hellip;]","og_url":"https:\/\/sisgeo.com\/it\/prodotti\/unita-di-acquisizione\/","og_site_name":"Sisgeo","article_modified_time":"2024-01-17T14:37:12+00:00","og_image":[{"width":294,"height":164,"url":"https:\/\/sisgeo.com\/wp-content\/uploads\/2023\/07\/16_DATALOGGERS.jpg","type":"image\/jpeg"}],"twitter_card":"summary_large_image","twitter_misc":{"Tempo di lettura stimato":"4 minuti"},"schema":{"@context":"https:\/\/schema.org","@graph":[{"@type":"WebPage","@id":"https:\/\/sisgeo.com\/it\/prodotti\/unita-di-acquisizione\/","url":"https:\/\/sisgeo.com\/it\/prodotti\/unita-di-acquisizione\/","name":"Unit\u00e0 di acquisizione - Sisgeo","isPartOf":{"@id":"https:\/\/sisgeo.com\/it\/#website"},"primaryImageOfPage":{"@id":"https:\/\/sisgeo.com\/it\/prodotti\/unita-di-acquisizione\/#primaryimage"},"image":{"@id":"https:\/\/sisgeo.com\/it\/prodotti\/unita-di-acquisizione\/#primaryimage"},"thumbnailUrl":"https:\/\/sisgeo.com\/wp-content\/uploads\/2026\/02\/datalogger-sisgo-senceive.jpg","datePublished":"2023-06-27T13:12:32+00:00","dateModified":"2024-01-17T14:37:12+00:00","breadcrumb":{"@id":"https:\/\/sisgeo.com\/it\/prodotti\/unita-di-acquisizione\/#breadcrumb"},"inLanguage":"it-IT","potentialAction":[{"@type":"ReadAction","target":["https:\/\/sisgeo.com\/it\/prodotti\/unita-di-acquisizione\/"]}]},{"@type":"ImageObject","inLanguage":"it-IT","@id":"https:\/\/sisgeo.com\/it\/prodotti\/unita-di-acquisizione\/#primaryimage","url":"https:\/\/sisgeo.com\/wp-content\/uploads\/2026\/02\/datalogger-sisgo-senceive.jpg","contentUrl":"https:\/\/sisgeo.com\/wp-content\/uploads\/2026\/02\/datalogger-sisgo-senceive.jpg","width":960,"height":540},{"@type":"BreadcrumbList","@id":"https:\/\/sisgeo.com\/it\/prodotti\/unita-di-acquisizione\/#breadcrumb","itemListElement":[{"@type":"ListItem","position":1,"name":"Home","item":"https:\/\/sisgeo.com\/it\/strumentazione-geotecnica-e-strutturale-per-lo-shm\/"},{"@type":"ListItem","position":2,"name":"Prodotti","item":"https:\/\/sisgeo.com\/it\/prodotti\/"},{"@type":"ListItem","position":3,"name":"Unit\u00e0 di acquisizione"}]},{"@type":"WebSite","@id":"https:\/\/sisgeo.com\/it\/#website","url":"https:\/\/sisgeo.com\/it\/","name":"Sisgeo","description":"Inclined to improvement","publisher":{"@id":"https:\/\/sisgeo.com\/it\/#organization"},"potentialAction":[{"@type":"SearchAction","target":{"@type":"EntryPoint","urlTemplate":"https:\/\/sisgeo.com\/it\/?s={search_term_string}"},"query-input":{"@type":"PropertyValueSpecification","valueRequired":true,"valueName":"search_term_string"}}],"inLanguage":"it-IT"},{"@type":"Organization","@id":"https:\/\/sisgeo.com\/it\/#organization","name":"Sisgeo S.r.l.","url":"https:\/\/sisgeo.com\/it\/","logo":{"@type":"ImageObject","inLanguage":"it-IT","@id":"https:\/\/sisgeo.com\/it\/#\/schema\/logo\/image\/","url":"https:\/\/sisgeodev.pipehosting.it\/wp-content\/uploads\/2023\/06\/logo-RGB.png","contentUrl":"https:\/\/sisgeodev.pipehosting.it\/wp-content\/uploads\/2023\/06\/logo-RGB.png","width":205,"height":97,"caption":"Sisgeo S.r.l."},"image":{"@id":"https:\/\/sisgeo.com\/it\/#\/schema\/logo\/image\/"}}]}},"_links":{"self":[{"href":"https:\/\/sisgeo.com\/it\/wp-json\/wp\/v2\/pages\/12586","targetHints":{"allow":["GET"]}}],"collection":[{"href":"https:\/\/sisgeo.com\/it\/wp-json\/wp\/v2\/pages"}],"about":[{"href":"https:\/\/sisgeo.com\/it\/wp-json\/wp\/v2\/types\/page"}],"author":[{"embeddable":true,"href":"https:\/\/sisgeo.com\/it\/wp-json\/wp\/v2\/users\/1"}],"replies":[{"embeddable":true,"href":"https:\/\/sisgeo.com\/it\/wp-json\/wp\/v2\/comments?post=12586"}],"version-history":[{"count":9,"href":"https:\/\/sisgeo.com\/it\/wp-json\/wp\/v2\/pages\/12586\/revisions"}],"predecessor-version":[{"id":22748,"href":"https:\/\/sisgeo.com\/it\/wp-json\/wp\/v2\/pages\/12586\/revisions\/22748"}],"up":[{"embeddable":true,"href":"https:\/\/sisgeo.com\/it\/wp-json\/wp\/v2\/pages\/5101"}],"wp:featuredmedia":[{"embeddable":true,"href":"https:\/\/sisgeo.com\/it\/wp-json\/wp\/v2\/media\/30079"}],"wp:attachment":[{"href":"https:\/\/sisgeo.com\/it\/wp-json\/wp\/v2\/media?parent=12586"}],"wp:term":[{"taxonomy":"category","embeddable":true,"href":"https:\/\/sisgeo.com\/it\/wp-json\/wp\/v2\/categories?post=12586"},{"taxonomy":"post_tag","embeddable":true,"href":"https:\/\/sisgeo.com\/it\/wp-json\/wp\/v2\/tags?post=12586"}],"curies":[{"name":"wp","href":"https:\/\/api.w.org\/{rel}","templated":true}]}}