{"id":12611,"date":"2023-07-27T10:43:22","date_gmt":"2023-07-27T08:43:22","guid":{"rendered":"https:\/\/sisgeodev.pipehosting.it\/products\/temperature\/"},"modified":"2023-12-22T15:04:10","modified_gmt":"2023-12-22T14:04:10","slug":"sensori-di-temperatura","status":"publish","type":"page","link":"https:\/\/sisgeo.com\/it\/prodotti\/sensori-di-temperatura\/","title":{"rendered":"Sensori di temperatura"},"content":{"rendered":"\t\t<div data-elementor-type=\"wp-page\" data-elementor-id=\"12611\" class=\"elementor elementor-12611 elementor-3936\" data-elementor-post-type=\"page\">\n\t\t\t\t<div class=\"elementor-element elementor-element-7a63a93 e-flex e-con-boxed e-con e-parent\" data-id=\"7a63a93\" data-element_type=\"container\" data-e-type=\"container\">\n\t\t\t\t\t<div class=\"e-con-inner\">\n\t\t\t\t<div class=\"elementor-element elementor-element-99defb4 elementor-widget elementor-widget-text-editor\" data-id=\"99defb4\" data-element_type=\"widget\" data-e-type=\"widget\" data-widget_type=\"text-editor.default\">\n\t\t\t\t<div class=\"elementor-widget-container\">\n\t\t\t\t\t\t\t\t\t<p>I sensori di temperatura sono fondamentali nel monitoraggio geotecnico e strutturale per diversi motivi:<\/p>\n<ul>\n<li>Espansione termica: Le variazioni di temperatura provocano l\u2019espansione o la contrazione dei materiali. Nelle strutture e nei sistemi geotecnici, come ponti, dighe o gallerie sotterranee, le fluttuazioni di temperatura possono portare a una significativa espansione o contrazione dei materiali utilizzati. <\/li>\n<li>Propriet\u00e0 dei materiali: La temperatura influisce sulle propriet\u00e0 meccaniche dei materiali. Ad esempio, la resistenza e la rigidit\u00e0 del calcestruzzo, dell\u2019acciaio o del terreno possono variare con la temperatura. <\/li>\n<li>Gradienti termici: Le differenze di temperatura all\u2019interno di una struttura o di un sistema geotecnico possono creare gradienti termici che possono indurre sollecitazioni interne. Queste sollecitazioni possono portare a deformazioni, crepe o instabilit\u00e0 strutturale. <\/li>\n<\/ul>\n\t\t\t\t\t\t\t\t<\/div>\n\t\t\t\t<\/div>\n\t\t\t\t<div class=\"elementor-element elementor-element-8a09a03 elementor-widget elementor-widget-accordion\" data-id=\"8a09a03\" data-element_type=\"widget\" data-e-type=\"widget\" data-widget_type=\"accordion.default\">\n\t\t\t\t<div class=\"elementor-widget-container\">\n\t\t\t\t\t\t\t<div class=\"elementor-accordion\">\n\t\t\t\t\t\t\t<div class=\"elementor-accordion-item\">\n\t\t\t\t\t<div id=\"elementor-tab-title-1441\" class=\"elementor-tab-title\" data-tab=\"1\" role=\"button\" aria-controls=\"elementor-tab-content-1441\" aria-expanded=\"false\">\n\t\t\t\t\t\t\t\t\t\t\t\t\t<span class=\"elementor-accordion-icon elementor-accordion-icon-right\" aria-hidden=\"true\">\n\t\t\t\t\t\t\t\t\t\t\t\t\t\t\t<span class=\"elementor-accordion-icon-closed\"><svg xmlns=\"http:\/\/www.w3.org\/2000\/svg\" width=\"29\" height=\"16\" viewBox=\"0 0 29 16\" fill=\"none\"><path fill-rule=\"evenodd\" clip-rule=\"evenodd\" d=\"M27.25 0L14.375 13.038L1.5 0L0 1.5L14.4 15.9L28.749 1.5L27.25 0Z\" fill=\"#E4002B\"><\/path><\/svg><\/span>\n\t\t\t\t\t\t\t\t<span class=\"elementor-accordion-icon-opened\"><svg xmlns=\"http:\/\/www.w3.org\/2000\/svg\" width=\"29\" height=\"14\" viewBox=\"0 0 29 14\" fill=\"none\"><path fill-rule=\"evenodd\" clip-rule=\"evenodd\" d=\"M1.49902 13.1885L14.374 2.61651L27.249 13.1885L28.749 11.9722L14.349 0.295833L2.28882e-05 11.9722L1.49902 13.1885Z\" fill=\"#E4002B\"><\/path><\/svg><\/span>\n\t\t\t\t\t\t\t\t\t\t\t\t\t\t<\/span>\n\t\t\t\t\t\t\t\t\t\t\t\t<a class=\"elementor-accordion-title\" tabindex=\"0\">Approfondimenti<\/a>\n\t\t\t\t\t<\/div>\n\t\t\t\t\t<div id=\"elementor-tab-content-1441\" class=\"elementor-tab-content elementor-clearfix\" data-tab=\"1\" role=\"region\" aria-labelledby=\"elementor-tab-title-1441\"><p>I sensori di temperatura sono alloggiati in una meccanica robusta e impermeabile per l\u2019installazione diretta nel cemento o in condizioni ambientali difficili. \u00c8 possibile scegliere diverse tecnologie di misura per soddisfare tutti gli obiettivi di monitoraggio: sensori RTD al platino (PT-100) o termistori. La tecnologia RTD \u00e8 consigliata quando \u00e8 richiesta un\u2019elevata precisione, mentre i termistori rappresentano la soluzione di compromesso tra costo e prestazioni.  <\/p>\n<p>Sono disponibili catene termometriche con un massimo di 16 punti di misura per il monitoraggio dei profili termici in perforazioni (ad esempio, per progetti di congelamento del terreno), per il monitoraggio della temperatura di maturazione di grandi masse di calcestruzzo nelle dighe, per il monitoraggio del permafrost e per altre applicazioni.<\/p>\n<\/div>\n\t\t\t\t<\/div>\n\t\t\t\t\t\t\t\t<\/div>\n\t\t\t\t\t\t<\/div>\n\t\t\t\t<\/div>\n\t\t\t\t<div class=\"elementor-element elementor-element-58a3ecd dce-posts-layout-default dce-col-4 dce-col-tablet-3 dce-col-mobile-1 dce-align-left elementor-widget elementor-widget-dce-dynamicposts-v2\" data-id=\"58a3ecd\" data-element_type=\"widget\" data-e-type=\"widget\" data-settings=\"{&quot;style_items&quot;:&quot;default&quot;,&quot;grid_grid_type&quot;:&quot;flex&quot;}\" data-widget_type=\"dce-dynamicposts-v2.grid\">\n\t\t\t\t<div class=\"elementor-widget-container\">\n\t\t\t\t\t\n\t\t<div class=\"dce-fix-background-loop dce-posts-container dce-posts dce-dynamic-posts-collection  dce-skin-grid dce-skin-grid-flex\">\n\t\t\t\t\t\t<div class=\"dce-posts-wrapper dce-wrapper-grid\">\n\t\t\t\n\t\t<article class=\"post-14176 page type-page status-publish has-post-thumbnail hentry category-sensori-di-temperatura category-termometri-e-catene-termometriche dce-post dce-post-item dce-item-grid\" data-dce-post-id=\"14176\" data-dce-post-index=\"0\">\n\t\t\t<div class=\"dce-post-block elementor-animation-grow\">\n\t\t<div class=\"dce-item dce-item_image elementor-repeater-item-9ee1dae\"><a class=\"dce-post-image\" href=\"https:\/\/sisgeo.com\/it\/prodotti\/sensori-di-temperatura\/thermometers-and-temperature-strings\/\"><figure  class=\"dce-img\"><img fetchpriority=\"high\" decoding=\"async\" width=\"960\" height=\"540\" src=\"https:\/\/sisgeo.com\/wp-content\/uploads\/2023\/09\/thermometers_and_temperature_strings_sisgeo_0_a58d1a41d.png\" class=\"\" alt=\"Termometri e catene termometriche\" srcset=\"https:\/\/sisgeo.com\/wp-content\/uploads\/2023\/09\/thermometers_and_temperature_strings_sisgeo_0_a58d1a41d.png 960w, https:\/\/sisgeo.com\/wp-content\/uploads\/2023\/09\/thermometers_and_temperature_strings_sisgeo_0_a58d1a41d-300x169.png 300w, https:\/\/sisgeo.com\/wp-content\/uploads\/2023\/09\/thermometers_and_temperature_strings_sisgeo_0_a58d1a41d-768x432.png 768w\" sizes=\"(max-width: 960px) 100vw, 960px\" \/><\/figure><\/a><\/div><div class=\"dce-item dce-item_title elementor-repeater-item-b433209\"><h5 class=\"dce-post-title\"><a href=\"https:\/\/sisgeo.com\/it\/prodotti\/sensori-di-temperatura\/thermometers-and-temperature-strings\/\">Termometri e catene termometriche<\/a><\/h5><\/div><div class=\"dce-item dce-item_readmore elementor-repeater-item-ef0e5ce\">\t\t<div class=\"dce-post-button\">\n\t\t\t<a href=\"https:\/\/sisgeo.com\/it\/prodotti\/sensori-di-temperatura\/thermometers-and-temperature-strings\/\" class=\"elementor-button-link elementor-button dce-button elementor-size-sm\" role=\"button\" >\n\t\t\t<div class=\"align-middle\"><span>Scopri di pi\u00f9<\/span><img decoding=\"async\" src=\"https:\/\/sisgeo.com\/wp-content\/uploads\/2023\/05\/arrow_red.png\"><\/div>\t\t\t<\/a>\n\t\t<\/div>\n\t\t<\/div>\t\t\t<\/div>\n\t\t<\/article>\n\t\t\t\t\t<\/div>\n\t\t\t\t\t<\/div>\n\t\t\t\t\t\t<\/div>\n\t\t\t\t<\/div>\n\t\t\t\t\t<\/div>\n\t\t\t\t<\/div>\n\t\t\t\t<\/div>\n\t\t","protected":false},"excerpt":{"rendered":"<p>I sensori di temperatura sono fondamentali nel monitoraggio geotecnico e strutturale per diversi motivi: Espansione termica: Le variazioni di temperatura provocano l\u2019espansione o la contrazione dei materiali. Nelle strutture e nei sistemi geotecnici, come ponti, dighe o gallerie sotterranee, le fluttuazioni di temperatura possono portare a una significativa espansione o contrazione dei materiali utilizzati. Propriet\u00e0 [&hellip;]<\/p>\n","protected":false},"author":1,"featured_media":4040,"parent":5101,"menu_order":0,"comment_status":"closed","ping_status":"closed","template":"","meta":{"footnotes":""},"categories":[200],"tags":[],"class_list":["post-12611","page","type-page","status-publish","has-post-thumbnail","hentry","category-products-it-2"],"yoast_head":"<!-- This site is optimized with the Yoast SEO Premium plugin v27.2 (Yoast SEO v27.2) - https:\/\/yoast.com\/product\/yoast-seo-premium-wordpress\/ -->\n<title>Sensori di temperatura - Sisgeo<\/title>\n<meta name=\"robots\" content=\"index, follow, max-snippet:-1, max-image-preview:large, max-video-preview:-1\" \/>\n<link rel=\"canonical\" href=\"https:\/\/sisgeo.com\/it\/prodotti\/sensori-di-temperatura\/\" \/>\n<meta property=\"og:locale\" content=\"it_IT\" \/>\n<meta property=\"og:type\" content=\"article\" \/>\n<meta property=\"og:title\" content=\"Sensori di temperatura\" \/>\n<meta property=\"og:description\" content=\"I sensori di temperatura sono fondamentali nel monitoraggio geotecnico e strutturale per diversi motivi: Espansione termica: Le variazioni di temperatura provocano l\u2019espansione o la contrazione dei materiali. Nelle strutture e nei sistemi geotecnici, come ponti, dighe o gallerie sotterranee, le fluttuazioni di temperatura possono portare a una significativa espansione o contrazione dei materiali utilizzati. Propriet\u00e0 [&hellip;]\" \/>\n<meta property=\"og:url\" content=\"https:\/\/sisgeo.com\/it\/prodotti\/sensori-di-temperatura\/\" \/>\n<meta property=\"og:site_name\" content=\"Sisgeo\" \/>\n<meta property=\"article:modified_time\" content=\"2023-12-22T14:04:10+00:00\" \/>\n<meta property=\"og:image\" content=\"https:\/\/sisgeo.com\/wp-content\/uploads\/2023\/07\/13_TEMPERATURE.jpg\" \/>\n\t<meta property=\"og:image:width\" content=\"294\" \/>\n\t<meta property=\"og:image:height\" content=\"164\" \/>\n\t<meta property=\"og:image:type\" content=\"image\/jpeg\" \/>\n<meta name=\"twitter:card\" content=\"summary_large_image\" \/>\n<meta name=\"twitter:label1\" content=\"Tempo di lettura stimato\" \/>\n\t<meta name=\"twitter:data1\" content=\"2 minuti\" \/>\n<script type=\"application\/ld+json\" class=\"yoast-schema-graph\">{\"@context\":\"https:\/\/schema.org\",\"@graph\":[{\"@type\":\"WebPage\",\"@id\":\"https:\/\/sisgeo.com\/it\/prodotti\/sensori-di-temperatura\/\",\"url\":\"https:\/\/sisgeo.com\/it\/prodotti\/sensori-di-temperatura\/\",\"name\":\"Sensori di temperatura - Sisgeo\",\"isPartOf\":{\"@id\":\"https:\/\/sisgeo.com\/it\/#website\"},\"primaryImageOfPage\":{\"@id\":\"https:\/\/sisgeo.com\/it\/prodotti\/sensori-di-temperatura\/#primaryimage\"},\"image\":{\"@id\":\"https:\/\/sisgeo.com\/it\/prodotti\/sensori-di-temperatura\/#primaryimage\"},\"thumbnailUrl\":\"https:\/\/sisgeo.com\/wp-content\/uploads\/2023\/07\/13_TEMPERATURE.jpg\",\"datePublished\":\"2023-07-27T08:43:22+00:00\",\"dateModified\":\"2023-12-22T14:04:10+00:00\",\"breadcrumb\":{\"@id\":\"https:\/\/sisgeo.com\/it\/prodotti\/sensori-di-temperatura\/#breadcrumb\"},\"inLanguage\":\"it-IT\",\"potentialAction\":[{\"@type\":\"ReadAction\",\"target\":[\"https:\/\/sisgeo.com\/it\/prodotti\/sensori-di-temperatura\/\"]}]},{\"@type\":\"ImageObject\",\"inLanguage\":\"it-IT\",\"@id\":\"https:\/\/sisgeo.com\/it\/prodotti\/sensori-di-temperatura\/#primaryimage\",\"url\":\"https:\/\/sisgeo.com\/wp-content\/uploads\/2023\/07\/13_TEMPERATURE.jpg\",\"contentUrl\":\"https:\/\/sisgeo.com\/wp-content\/uploads\/2023\/07\/13_TEMPERATURE.jpg\",\"width\":294,\"height\":164},{\"@type\":\"BreadcrumbList\",\"@id\":\"https:\/\/sisgeo.com\/it\/prodotti\/sensori-di-temperatura\/#breadcrumb\",\"itemListElement\":[{\"@type\":\"ListItem\",\"position\":1,\"name\":\"Home\",\"item\":\"https:\/\/sisgeo.com\/it\/strumentazione-geotecnica-e-strutturale-per-lo-shm\/\"},{\"@type\":\"ListItem\",\"position\":2,\"name\":\"Prodotti\",\"item\":\"https:\/\/sisgeo.com\/it\/prodotti\/\"},{\"@type\":\"ListItem\",\"position\":3,\"name\":\"Sensori di temperatura\"}]},{\"@type\":\"WebSite\",\"@id\":\"https:\/\/sisgeo.com\/it\/#website\",\"url\":\"https:\/\/sisgeo.com\/it\/\",\"name\":\"Sisgeo\",\"description\":\"Inclined to improvement\",\"publisher\":{\"@id\":\"https:\/\/sisgeo.com\/it\/#organization\"},\"potentialAction\":[{\"@type\":\"SearchAction\",\"target\":{\"@type\":\"EntryPoint\",\"urlTemplate\":\"https:\/\/sisgeo.com\/it\/?s={search_term_string}\"},\"query-input\":{\"@type\":\"PropertyValueSpecification\",\"valueRequired\":true,\"valueName\":\"search_term_string\"}}],\"inLanguage\":\"it-IT\"},{\"@type\":\"Organization\",\"@id\":\"https:\/\/sisgeo.com\/it\/#organization\",\"name\":\"Sisgeo S.r.l.\",\"url\":\"https:\/\/sisgeo.com\/it\/\",\"logo\":{\"@type\":\"ImageObject\",\"inLanguage\":\"it-IT\",\"@id\":\"https:\/\/sisgeo.com\/it\/#\/schema\/logo\/image\/\",\"url\":\"https:\/\/sisgeodev.pipehosting.it\/wp-content\/uploads\/2023\/06\/logo-RGB.png\",\"contentUrl\":\"https:\/\/sisgeodev.pipehosting.it\/wp-content\/uploads\/2023\/06\/logo-RGB.png\",\"width\":205,\"height\":97,\"caption\":\"Sisgeo S.r.l.\"},\"image\":{\"@id\":\"https:\/\/sisgeo.com\/it\/#\/schema\/logo\/image\/\"}}]}<\/script>\n<!-- \/ Yoast SEO Premium plugin. -->","yoast_head_json":{"title":"Sensori di temperatura - Sisgeo","robots":{"index":"index","follow":"follow","max-snippet":"max-snippet:-1","max-image-preview":"max-image-preview:large","max-video-preview":"max-video-preview:-1"},"canonical":"https:\/\/sisgeo.com\/it\/prodotti\/sensori-di-temperatura\/","og_locale":"it_IT","og_type":"article","og_title":"Sensori di temperatura","og_description":"I sensori di temperatura sono fondamentali nel monitoraggio geotecnico e strutturale per diversi motivi: Espansione termica: Le variazioni di temperatura provocano l\u2019espansione o la contrazione dei materiali. Nelle strutture e nei sistemi geotecnici, come ponti, dighe o gallerie sotterranee, le fluttuazioni di temperatura possono portare a una significativa espansione o contrazione dei materiali utilizzati. Propriet\u00e0 [&hellip;]","og_url":"https:\/\/sisgeo.com\/it\/prodotti\/sensori-di-temperatura\/","og_site_name":"Sisgeo","article_modified_time":"2023-12-22T14:04:10+00:00","og_image":[{"width":294,"height":164,"url":"https:\/\/sisgeo.com\/wp-content\/uploads\/2023\/07\/13_TEMPERATURE.jpg","type":"image\/jpeg"}],"twitter_card":"summary_large_image","twitter_misc":{"Tempo di lettura stimato":"2 minuti"},"schema":{"@context":"https:\/\/schema.org","@graph":[{"@type":"WebPage","@id":"https:\/\/sisgeo.com\/it\/prodotti\/sensori-di-temperatura\/","url":"https:\/\/sisgeo.com\/it\/prodotti\/sensori-di-temperatura\/","name":"Sensori di temperatura - Sisgeo","isPartOf":{"@id":"https:\/\/sisgeo.com\/it\/#website"},"primaryImageOfPage":{"@id":"https:\/\/sisgeo.com\/it\/prodotti\/sensori-di-temperatura\/#primaryimage"},"image":{"@id":"https:\/\/sisgeo.com\/it\/prodotti\/sensori-di-temperatura\/#primaryimage"},"thumbnailUrl":"https:\/\/sisgeo.com\/wp-content\/uploads\/2023\/07\/13_TEMPERATURE.jpg","datePublished":"2023-07-27T08:43:22+00:00","dateModified":"2023-12-22T14:04:10+00:00","breadcrumb":{"@id":"https:\/\/sisgeo.com\/it\/prodotti\/sensori-di-temperatura\/#breadcrumb"},"inLanguage":"it-IT","potentialAction":[{"@type":"ReadAction","target":["https:\/\/sisgeo.com\/it\/prodotti\/sensori-di-temperatura\/"]}]},{"@type":"ImageObject","inLanguage":"it-IT","@id":"https:\/\/sisgeo.com\/it\/prodotti\/sensori-di-temperatura\/#primaryimage","url":"https:\/\/sisgeo.com\/wp-content\/uploads\/2023\/07\/13_TEMPERATURE.jpg","contentUrl":"https:\/\/sisgeo.com\/wp-content\/uploads\/2023\/07\/13_TEMPERATURE.jpg","width":294,"height":164},{"@type":"BreadcrumbList","@id":"https:\/\/sisgeo.com\/it\/prodotti\/sensori-di-temperatura\/#breadcrumb","itemListElement":[{"@type":"ListItem","position":1,"name":"Home","item":"https:\/\/sisgeo.com\/it\/strumentazione-geotecnica-e-strutturale-per-lo-shm\/"},{"@type":"ListItem","position":2,"name":"Prodotti","item":"https:\/\/sisgeo.com\/it\/prodotti\/"},{"@type":"ListItem","position":3,"name":"Sensori di temperatura"}]},{"@type":"WebSite","@id":"https:\/\/sisgeo.com\/it\/#website","url":"https:\/\/sisgeo.com\/it\/","name":"Sisgeo","description":"Inclined to improvement","publisher":{"@id":"https:\/\/sisgeo.com\/it\/#organization"},"potentialAction":[{"@type":"SearchAction","target":{"@type":"EntryPoint","urlTemplate":"https:\/\/sisgeo.com\/it\/?s={search_term_string}"},"query-input":{"@type":"PropertyValueSpecification","valueRequired":true,"valueName":"search_term_string"}}],"inLanguage":"it-IT"},{"@type":"Organization","@id":"https:\/\/sisgeo.com\/it\/#organization","name":"Sisgeo S.r.l.","url":"https:\/\/sisgeo.com\/it\/","logo":{"@type":"ImageObject","inLanguage":"it-IT","@id":"https:\/\/sisgeo.com\/it\/#\/schema\/logo\/image\/","url":"https:\/\/sisgeodev.pipehosting.it\/wp-content\/uploads\/2023\/06\/logo-RGB.png","contentUrl":"https:\/\/sisgeodev.pipehosting.it\/wp-content\/uploads\/2023\/06\/logo-RGB.png","width":205,"height":97,"caption":"Sisgeo S.r.l."},"image":{"@id":"https:\/\/sisgeo.com\/it\/#\/schema\/logo\/image\/"}}]}},"_links":{"self":[{"href":"https:\/\/sisgeo.com\/it\/wp-json\/wp\/v2\/pages\/12611","targetHints":{"allow":["GET"]}}],"collection":[{"href":"https:\/\/sisgeo.com\/it\/wp-json\/wp\/v2\/pages"}],"about":[{"href":"https:\/\/sisgeo.com\/it\/wp-json\/wp\/v2\/types\/page"}],"author":[{"embeddable":true,"href":"https:\/\/sisgeo.com\/it\/wp-json\/wp\/v2\/users\/1"}],"replies":[{"embeddable":true,"href":"https:\/\/sisgeo.com\/it\/wp-json\/wp\/v2\/comments?post=12611"}],"version-history":[{"count":7,"href":"https:\/\/sisgeo.com\/it\/wp-json\/wp\/v2\/pages\/12611\/revisions"}],"predecessor-version":[{"id":20911,"href":"https:\/\/sisgeo.com\/it\/wp-json\/wp\/v2\/pages\/12611\/revisions\/20911"}],"up":[{"embeddable":true,"href":"https:\/\/sisgeo.com\/it\/wp-json\/wp\/v2\/pages\/5101"}],"wp:featuredmedia":[{"embeddable":true,"href":"https:\/\/sisgeo.com\/it\/wp-json\/wp\/v2\/media\/4040"}],"wp:attachment":[{"href":"https:\/\/sisgeo.com\/it\/wp-json\/wp\/v2\/media?parent=12611"}],"wp:term":[{"taxonomy":"category","embeddable":true,"href":"https:\/\/sisgeo.com\/it\/wp-json\/wp\/v2\/categories?post=12611"},{"taxonomy":"post_tag","embeddable":true,"href":"https:\/\/sisgeo.com\/it\/wp-json\/wp\/v2\/tags?post=12611"}],"curies":[{"name":"wp","href":"https:\/\/api.w.org\/{rel}","templated":true}]}}