{"id":13256,"date":"2023-08-29T17:57:16","date_gmt":"2023-08-29T15:57:16","guid":{"rendered":"https:\/\/sisgeodev.pipehosting.it\/company\/rd\/"},"modified":"2023-12-01T12:14:21","modified_gmt":"2023-12-01T11:14:21","slug":"rd","status":"publish","type":"page","link":"https:\/\/sisgeo.com\/it\/company\/rd\/","title":{"rendered":"R&amp;D"},"content":{"rendered":"\t\t<div data-elementor-type=\"wp-page\" data-elementor-id=\"13256\" class=\"elementor elementor-13256 elementor-9551\" data-elementor-post-type=\"page\">\n\t\t\t\t<div class=\"elementor-element elementor-element-9b6c437 e-flex e-con-boxed e-con e-parent\" data-id=\"9b6c437\" data-element_type=\"container\" data-e-type=\"container\">\n\t\t\t\t\t<div class=\"e-con-inner\">\n\t\t<div class=\"elementor-element elementor-element-8d6dcc8 e-con-full e-flex e-con e-child\" data-id=\"8d6dcc8\" data-element_type=\"container\" data-e-type=\"container\">\n\t\t\t\t<div class=\"elementor-element elementor-element-6227a15 dce_masking-none elementor-widget elementor-widget-image\" data-id=\"6227a15\" data-element_type=\"widget\" data-e-type=\"widget\" data-widget_type=\"image.default\">\n\t\t\t\t<div class=\"elementor-widget-container\">\n\t\t\t\t\t\t\t\t\t\t\t\t\t\t\t<img fetchpriority=\"high\" decoding=\"async\" width=\"1292\" height=\"603\" src=\"https:\/\/sisgeo.com\/wp-content\/uploads\/2023\/09\/RD.png\" class=\"attachment-full size-full wp-image-16607\" alt=\"\" srcset=\"https:\/\/sisgeo.com\/wp-content\/uploads\/2023\/09\/RD.png 1292w, https:\/\/sisgeo.com\/wp-content\/uploads\/2023\/09\/RD-300x140.png 300w, https:\/\/sisgeo.com\/wp-content\/uploads\/2023\/09\/RD-1024x478.png 1024w, https:\/\/sisgeo.com\/wp-content\/uploads\/2023\/09\/RD-768x358.png 768w\" sizes=\"(max-width: 1292px) 100vw, 1292px\" \/>\t\t\t\t\t\t\t\t\t\t\t\t\t\t\t<\/div>\n\t\t\t\t<\/div>\n\t\t\t\t<\/div>\n\t\t\t\t\t<\/div>\n\t\t\t\t<\/div>\n\t\t<div class=\"elementor-element elementor-element-a309bfd e-flex e-con-boxed e-con e-parent\" data-id=\"a309bfd\" data-element_type=\"container\" data-e-type=\"container\">\n\t\t\t\t\t<div class=\"e-con-inner\">\n\t\t<div class=\"elementor-element elementor-element-10b8e74 e-con-full e-flex e-con e-child\" data-id=\"10b8e74\" data-element_type=\"container\" data-e-type=\"container\">\n\t\t\t\t<div class=\"elementor-element elementor-element-0b7ef2e elementor-widget elementor-widget-heading\" data-id=\"0b7ef2e\" data-element_type=\"widget\" data-e-type=\"widget\" data-widget_type=\"heading.default\">\n\t\t\t\t<div class=\"elementor-widget-container\">\n\t\t\t\t\t<h2 class=\"elementor-heading-title elementor-size-default\"><span style=\"font-family: GT Planar\">Un\u2019innata<\/span> inclinazione <span style=\"font-family: GT Planar\">al miglioramento<\/span><\/h2>\t\t\t\t<\/div>\n\t\t\t\t<\/div>\n\t\t\t\t<\/div>\n\t\t<div class=\"elementor-element elementor-element-fd80153 e-con-full e-flex e-con e-child\" data-id=\"fd80153\" data-element_type=\"container\" data-e-type=\"container\">\n\t\t\t\t<div data-dce-text-color=\"#000000\" class=\"elementor-element elementor-element-67d6472 elementor-widget elementor-widget-text-editor\" data-id=\"67d6472\" data-element_type=\"widget\" data-e-type=\"widget\" data-widget_type=\"text-editor.default\">\n\t\t\t\t<div class=\"elementor-widget-container\">\n\t\t\t\t\t\t\t\t\t<p>Essere sempre attivi sul lato della ricerca e sviluppo \u00e8 uno dei nostri tratti distintivi. Un impegno al miglioramento continuo che si traduce nella progettazione di nuovi e innovativi prodotti per aggiornare la propria linea di strumenti e renderla sempre pi\u00f9 completa, flessibile e competitiva. <\/p>\n\t\t\t\t\t\t\t\t<\/div>\n\t\t\t\t<\/div>\n\t\t\t\t<div class=\"elementor-element elementor-element-afdc78f elementor-widget elementor-widget-heading\" data-id=\"afdc78f\" data-element_type=\"widget\" data-e-type=\"widget\" data-widget_type=\"heading.default\">\n\t\t\t\t<div class=\"elementor-widget-container\">\n\t\t\t\t\t<h3 class=\"elementor-heading-title elementor-size-default\">Pi\u00f9<\/h3>\t\t\t\t<\/div>\n\t\t\t\t<\/div>\n\t\t\t\t<div class=\"elementor-element elementor-element-cbabfe7 elementor-widget elementor-widget-text-editor\" data-id=\"cbabfe7\" data-element_type=\"widget\" data-e-type=\"widget\" data-widget_type=\"text-editor.default\">\n\t\t\t\t<div class=\"elementor-widget-container\">\n\t\t\t\t\t\t\t\t\t<ul>\n<li>Altissimi standard di qualit\u00e0 e aggiornamento di prodotti e servizi<\/li>\n<li>Processi produttivi e dinamiche logistiche efficienti e ottimizzate<\/li>\n<li>Adozione di tecnologie all\u2019avanguardia nei processi produttivi<\/li>\n<li>Sviluppo continuo di nuovi prodotti<\/li>\n<li>Team interno di ingegneri, tecnici, specialisti hardware e programmatori software<\/li>\n<li>Padronanza delle pi\u00f9 diverse tecnologie come corda vibrante e sensoristica MEMS<\/li>\n<\/ul>\n\t\t\t\t\t\t\t\t<\/div>\n\t\t\t\t<\/div>\n\t\t\t\t<\/div>\n\t\t\t\t\t<\/div>\n\t\t\t\t<\/div>\n\t\t<div class=\"elementor-element elementor-element-d04f867 e-flex e-con-boxed e-con e-parent\" data-id=\"d04f867\" data-element_type=\"container\" data-e-type=\"container\">\n\t\t\t\t\t<div class=\"e-con-inner\">\n\t\t<div class=\"elementor-element elementor-element-0f7f413 e-con-full e-flex e-con e-child\" data-id=\"0f7f413\" data-element_type=\"container\" data-e-type=\"container\">\n\t\t\t\t<div class=\"elementor-element elementor-element-4a2bbf2 elementor-widget elementor-widget-heading\" data-id=\"4a2bbf2\" data-element_type=\"widget\" data-e-type=\"widget\" data-widget_type=\"heading.default\">\n\t\t\t\t<div class=\"elementor-widget-container\">\n\t\t\t\t\t<h2 class=\"elementor-heading-title elementor-size-default\">Attrezzatura<\/h2>\t\t\t\t<\/div>\n\t\t\t\t<\/div>\n\t\t\t\t<\/div>\n\t\t<div class=\"elementor-element elementor-element-5198862 e-con-full e-flex e-con e-child\" data-id=\"5198862\" data-element_type=\"container\" data-e-type=\"container\">\n\t\t\t\t<div class=\"elementor-element elementor-element-7956f88 elementor-widget elementor-widget-heading\" data-id=\"7956f88\" data-element_type=\"widget\" data-e-type=\"widget\" data-widget_type=\"heading.default\">\n\t\t\t\t<div class=\"elementor-widget-container\">\n\t\t\t\t\t<h3 class=\"elementor-heading-title elementor-size-default\">Un cuore produttivo in costante rinnovamento<\/h3>\t\t\t\t<\/div>\n\t\t\t\t<\/div>\n\t\t\t\t<div class=\"elementor-element elementor-element-73e45ec elementor-widget elementor-widget-text-editor\" data-id=\"73e45ec\" data-element_type=\"widget\" data-e-type=\"widget\" data-widget_type=\"text-editor.default\">\n\t\t\t\t<div class=\"elementor-widget-container\">\n\t\t\t\t\t\t\t\t\t<ul>\n<li>Banchi di montaggio per la produzione di sensori a corda vibrante<\/li>\n<li>Banchi automatizzati per calibrazione e taratura di inclinometri, trasduttori lineari di spostamento e trasduttori di pressione. I banchi di calibrazione sono periodicamente verificati per garantire il rispetto della catena metrologica di misura e sono stati concepiti per generare automaticamente i Rapporti di Taratura. <\/li>\n<li>Camere climatiche per la caratterizzazione di sensori\/strumenti in temperatura<\/li>\n<li>Saldatrice laser<\/li>\n<li>Sistema di riempimento e saturazione sotto vuoto di celle idrauliche<\/li>\n<li>Sistema per l&#8217;assemblaggio in linea di estensimetri multibase fino a 60m di lunghezza<\/li>\n<li>Pressa idraulica automatizzata<\/li>\n<li>Autoclavi per prove di tenuta in pressione<\/li>\n<li>Camera attrezzata per sigillature con resine epossidiche<\/li>\n<\/ul>\n\t\t\t\t\t\t\t\t<\/div>\n\t\t\t\t<\/div>\n\t\t\t\t<\/div>\n\t\t\t\t\t<\/div>\n\t\t\t\t<\/div>\n\t\t\t\t<\/div>\n\t\t","protected":false},"excerpt":{"rendered":"<p>Un\u2019innata inclinazione al miglioramento Essere sempre attivi sul lato della ricerca e sviluppo \u00e8 uno dei nostri tratti distintivi. Un impegno al miglioramento continuo che si traduce nella progettazione di nuovi e innovativi prodotti per aggiornare la propria linea di strumenti e renderla sempre pi\u00f9 completa, flessibile e competitiva. Pi\u00f9 Altissimi standard di qualit\u00e0 e [&hellip;]<\/p>\n","protected":false},"author":1,"featured_media":0,"parent":13250,"menu_order":0,"comment_status":"closed","ping_status":"closed","template":"","meta":{"footnotes":""},"categories":[],"tags":[],"class_list":["post-13256","page","type-page","status-publish","hentry"],"yoast_head":"<!-- This site is optimized with the Yoast SEO Premium plugin v27.2 (Yoast SEO v27.2) - https:\/\/yoast.com\/product\/yoast-seo-premium-wordpress\/ -->\n<title>R&amp;D - Sisgeo<\/title>\n<meta name=\"robots\" content=\"index, follow, max-snippet:-1, max-image-preview:large, max-video-preview:-1\" \/>\n<link rel=\"canonical\" href=\"https:\/\/sisgeo.com\/it\/company\/rd\/\" \/>\n<meta property=\"og:locale\" content=\"it_IT\" \/>\n<meta property=\"og:type\" content=\"article\" \/>\n<meta property=\"og:title\" content=\"R&amp;D\" \/>\n<meta property=\"og:description\" content=\"Un\u2019innata inclinazione al miglioramento Essere sempre attivi sul lato della ricerca e sviluppo \u00e8 uno dei nostri tratti distintivi. Un impegno al miglioramento continuo che si traduce nella progettazione di nuovi e innovativi prodotti per aggiornare la propria linea di strumenti e renderla sempre pi\u00f9 completa, flessibile e competitiva. Pi\u00f9 Altissimi standard di qualit\u00e0 e [&hellip;]\" \/>\n<meta property=\"og:url\" content=\"https:\/\/sisgeo.com\/it\/company\/rd\/\" \/>\n<meta property=\"og:site_name\" content=\"Sisgeo\" \/>\n<meta property=\"article:modified_time\" content=\"2023-12-01T11:14:21+00:00\" \/>\n<meta property=\"og:image\" content=\"https:\/\/sisgeo.com\/wp-content\/uploads\/2023\/09\/RD.png\" \/>\n<meta name=\"twitter:card\" content=\"summary_large_image\" \/>\n<meta name=\"twitter:label1\" content=\"Tempo di lettura stimato\" \/>\n\t<meta name=\"twitter:data1\" content=\"1 minuto\" \/>\n<script type=\"application\/ld+json\" class=\"yoast-schema-graph\">{\"@context\":\"https:\/\/schema.org\",\"@graph\":[{\"@type\":\"WebPage\",\"@id\":\"https:\/\/sisgeo.com\/it\/company\/rd\/\",\"url\":\"https:\/\/sisgeo.com\/it\/company\/rd\/\",\"name\":\"R&amp;D - Sisgeo\",\"isPartOf\":{\"@id\":\"https:\/\/sisgeo.com\/it\/#website\"},\"primaryImageOfPage\":{\"@id\":\"https:\/\/sisgeo.com\/it\/company\/rd\/#primaryimage\"},\"image\":{\"@id\":\"https:\/\/sisgeo.com\/it\/company\/rd\/#primaryimage\"},\"thumbnailUrl\":\"https:\/\/sisgeo.com\/wp-content\/uploads\/2023\/09\/RD.png\",\"datePublished\":\"2023-08-29T15:57:16+00:00\",\"dateModified\":\"2023-12-01T11:14:21+00:00\",\"breadcrumb\":{\"@id\":\"https:\/\/sisgeo.com\/it\/company\/rd\/#breadcrumb\"},\"inLanguage\":\"it-IT\",\"potentialAction\":[{\"@type\":\"ReadAction\",\"target\":[\"https:\/\/sisgeo.com\/it\/company\/rd\/\"]}]},{\"@type\":\"ImageObject\",\"inLanguage\":\"it-IT\",\"@id\":\"https:\/\/sisgeo.com\/it\/company\/rd\/#primaryimage\",\"url\":\"https:\/\/sisgeo.com\/wp-content\/uploads\/2023\/09\/RD.png\",\"contentUrl\":\"https:\/\/sisgeo.com\/wp-content\/uploads\/2023\/09\/RD.png\"},{\"@type\":\"BreadcrumbList\",\"@id\":\"https:\/\/sisgeo.com\/it\/company\/rd\/#breadcrumb\",\"itemListElement\":[{\"@type\":\"ListItem\",\"position\":1,\"name\":\"Home\",\"item\":\"https:\/\/sisgeo.com\/it\/strumentazione-geotecnica-e-strutturale-per-lo-shm\/\"},{\"@type\":\"ListItem\",\"position\":2,\"name\":\"Azienda\",\"item\":\"https:\/\/sisgeo.com\/it\/company\/\"},{\"@type\":\"ListItem\",\"position\":3,\"name\":\"R&amp;D\"}]},{\"@type\":\"WebSite\",\"@id\":\"https:\/\/sisgeo.com\/it\/#website\",\"url\":\"https:\/\/sisgeo.com\/it\/\",\"name\":\"Sisgeo\",\"description\":\"Inclined to improvement\",\"publisher\":{\"@id\":\"https:\/\/sisgeo.com\/it\/#organization\"},\"potentialAction\":[{\"@type\":\"SearchAction\",\"target\":{\"@type\":\"EntryPoint\",\"urlTemplate\":\"https:\/\/sisgeo.com\/it\/?s={search_term_string}\"},\"query-input\":{\"@type\":\"PropertyValueSpecification\",\"valueRequired\":true,\"valueName\":\"search_term_string\"}}],\"inLanguage\":\"it-IT\"},{\"@type\":\"Organization\",\"@id\":\"https:\/\/sisgeo.com\/it\/#organization\",\"name\":\"Sisgeo S.r.l.\",\"url\":\"https:\/\/sisgeo.com\/it\/\",\"logo\":{\"@type\":\"ImageObject\",\"inLanguage\":\"it-IT\",\"@id\":\"https:\/\/sisgeo.com\/it\/#\/schema\/logo\/image\/\",\"url\":\"https:\/\/sisgeodev.pipehosting.it\/wp-content\/uploads\/2023\/06\/logo-RGB.png\",\"contentUrl\":\"https:\/\/sisgeodev.pipehosting.it\/wp-content\/uploads\/2023\/06\/logo-RGB.png\",\"width\":205,\"height\":97,\"caption\":\"Sisgeo S.r.l.\"},\"image\":{\"@id\":\"https:\/\/sisgeo.com\/it\/#\/schema\/logo\/image\/\"}}]}<\/script>\n<!-- \/ Yoast SEO Premium plugin. -->","yoast_head_json":{"title":"R&amp;D - Sisgeo","robots":{"index":"index","follow":"follow","max-snippet":"max-snippet:-1","max-image-preview":"max-image-preview:large","max-video-preview":"max-video-preview:-1"},"canonical":"https:\/\/sisgeo.com\/it\/company\/rd\/","og_locale":"it_IT","og_type":"article","og_title":"R&amp;D","og_description":"Un\u2019innata inclinazione al miglioramento Essere sempre attivi sul lato della ricerca e sviluppo \u00e8 uno dei nostri tratti distintivi. Un impegno al miglioramento continuo che si traduce nella progettazione di nuovi e innovativi prodotti per aggiornare la propria linea di strumenti e renderla sempre pi\u00f9 completa, flessibile e competitiva. Pi\u00f9 Altissimi standard di qualit\u00e0 e [&hellip;]","og_url":"https:\/\/sisgeo.com\/it\/company\/rd\/","og_site_name":"Sisgeo","article_modified_time":"2023-12-01T11:14:21+00:00","og_image":[{"url":"https:\/\/sisgeo.com\/wp-content\/uploads\/2023\/09\/RD.png","type":"","width":"","height":""}],"twitter_card":"summary_large_image","twitter_misc":{"Tempo di lettura stimato":"1 minuto"},"schema":{"@context":"https:\/\/schema.org","@graph":[{"@type":"WebPage","@id":"https:\/\/sisgeo.com\/it\/company\/rd\/","url":"https:\/\/sisgeo.com\/it\/company\/rd\/","name":"R&amp;D - Sisgeo","isPartOf":{"@id":"https:\/\/sisgeo.com\/it\/#website"},"primaryImageOfPage":{"@id":"https:\/\/sisgeo.com\/it\/company\/rd\/#primaryimage"},"image":{"@id":"https:\/\/sisgeo.com\/it\/company\/rd\/#primaryimage"},"thumbnailUrl":"https:\/\/sisgeo.com\/wp-content\/uploads\/2023\/09\/RD.png","datePublished":"2023-08-29T15:57:16+00:00","dateModified":"2023-12-01T11:14:21+00:00","breadcrumb":{"@id":"https:\/\/sisgeo.com\/it\/company\/rd\/#breadcrumb"},"inLanguage":"it-IT","potentialAction":[{"@type":"ReadAction","target":["https:\/\/sisgeo.com\/it\/company\/rd\/"]}]},{"@type":"ImageObject","inLanguage":"it-IT","@id":"https:\/\/sisgeo.com\/it\/company\/rd\/#primaryimage","url":"https:\/\/sisgeo.com\/wp-content\/uploads\/2023\/09\/RD.png","contentUrl":"https:\/\/sisgeo.com\/wp-content\/uploads\/2023\/09\/RD.png"},{"@type":"BreadcrumbList","@id":"https:\/\/sisgeo.com\/it\/company\/rd\/#breadcrumb","itemListElement":[{"@type":"ListItem","position":1,"name":"Home","item":"https:\/\/sisgeo.com\/it\/strumentazione-geotecnica-e-strutturale-per-lo-shm\/"},{"@type":"ListItem","position":2,"name":"Azienda","item":"https:\/\/sisgeo.com\/it\/company\/"},{"@type":"ListItem","position":3,"name":"R&amp;D"}]},{"@type":"WebSite","@id":"https:\/\/sisgeo.com\/it\/#website","url":"https:\/\/sisgeo.com\/it\/","name":"Sisgeo","description":"Inclined to improvement","publisher":{"@id":"https:\/\/sisgeo.com\/it\/#organization"},"potentialAction":[{"@type":"SearchAction","target":{"@type":"EntryPoint","urlTemplate":"https:\/\/sisgeo.com\/it\/?s={search_term_string}"},"query-input":{"@type":"PropertyValueSpecification","valueRequired":true,"valueName":"search_term_string"}}],"inLanguage":"it-IT"},{"@type":"Organization","@id":"https:\/\/sisgeo.com\/it\/#organization","name":"Sisgeo S.r.l.","url":"https:\/\/sisgeo.com\/it\/","logo":{"@type":"ImageObject","inLanguage":"it-IT","@id":"https:\/\/sisgeo.com\/it\/#\/schema\/logo\/image\/","url":"https:\/\/sisgeodev.pipehosting.it\/wp-content\/uploads\/2023\/06\/logo-RGB.png","contentUrl":"https:\/\/sisgeodev.pipehosting.it\/wp-content\/uploads\/2023\/06\/logo-RGB.png","width":205,"height":97,"caption":"Sisgeo S.r.l."},"image":{"@id":"https:\/\/sisgeo.com\/it\/#\/schema\/logo\/image\/"}}]}},"_links":{"self":[{"href":"https:\/\/sisgeo.com\/it\/wp-json\/wp\/v2\/pages\/13256","targetHints":{"allow":["GET"]}}],"collection":[{"href":"https:\/\/sisgeo.com\/it\/wp-json\/wp\/v2\/pages"}],"about":[{"href":"https:\/\/sisgeo.com\/it\/wp-json\/wp\/v2\/types\/page"}],"author":[{"embeddable":true,"href":"https:\/\/sisgeo.com\/it\/wp-json\/wp\/v2\/users\/1"}],"replies":[{"embeddable":true,"href":"https:\/\/sisgeo.com\/it\/wp-json\/wp\/v2\/comments?post=13256"}],"version-history":[{"count":4,"href":"https:\/\/sisgeo.com\/it\/wp-json\/wp\/v2\/pages\/13256\/revisions"}],"predecessor-version":[{"id":19698,"href":"https:\/\/sisgeo.com\/it\/wp-json\/wp\/v2\/pages\/13256\/revisions\/19698"}],"up":[{"embeddable":true,"href":"https:\/\/sisgeo.com\/it\/wp-json\/wp\/v2\/pages\/13250"}],"wp:attachment":[{"href":"https:\/\/sisgeo.com\/it\/wp-json\/wp\/v2\/media?parent=13256"}],"wp:term":[{"taxonomy":"category","embeddable":true,"href":"https:\/\/sisgeo.com\/it\/wp-json\/wp\/v2\/categories?post=13256"},{"taxonomy":"post_tag","embeddable":true,"href":"https:\/\/sisgeo.com\/it\/wp-json\/wp\/v2\/tags?post=13256"}],"curies":[{"name":"wp","href":"https:\/\/api.w.org\/{rel}","templated":true}]}}