{"id":15881,"date":"2023-09-25T09:45:04","date_gmt":"2023-09-25T07:45:04","guid":{"rendered":"https:\/\/sisgeodev.pipehosting.it\/terms-conditions\/"},"modified":"2023-12-22T17:12:44","modified_gmt":"2023-12-22T16:12:44","slug":"termini-e-condizioni","status":"publish","type":"page","link":"https:\/\/sisgeo.com\/it\/termini-e-condizioni\/","title":{"rendered":"Termini e Condizioni"},"content":{"rendered":"\t\t<div data-elementor-type=\"wp-page\" data-elementor-id=\"15881\" class=\"elementor elementor-15881 elementor-15426\" data-elementor-post-type=\"page\">\n\t\t\t\t<div class=\"elementor-element elementor-element-1c1cf32 e-flex e-con-boxed e-con e-parent\" data-id=\"1c1cf32\" data-element_type=\"container\" data-e-type=\"container\">\n\t\t\t\t\t<div class=\"e-con-inner\">\n\t\t\t\t<div class=\"elementor-element elementor-element-2d22766e elementor-widget elementor-widget-text-editor\" data-id=\"2d22766e\" data-element_type=\"widget\" data-e-type=\"widget\" data-widget_type=\"text-editor.default\">\n\t\t\t\t<div class=\"elementor-widget-container\">\n\t\t\t\t\t\t\t\t\t<h4>BENVENUTI NEL SITO WEB SISGEO.<\/h4>\n<p>SI PREGA DI LEGGERE ATTENTAMENTE LE CONDIZIONI D\u2019USO PRIMA DI UTILIZZARE QUESTO SITO. QUESTO SITO VA USATO SOLAMENTE A SCOPI INFORMATIVI. DANDO IL PROPRIO CONSENSO E UTILIZZANDO IL SITO O SCARICANDO MATERIALI DA ESSO, L\u2019UTENTE SI IMPEGNA AD ATTENERSI AI TERMINI E ALLE CONDIZIONI (\u201cTERMINI E CONDIZIONI D\u2019USO\u201d) ESPRESSI DI SEGUITO. NEL CASO NON SI ACCETTINO I TERMINI E LE CONDIZIONI, L\u2019UTENTE NON DEVE DARE IL PROPRIO CONSENSO, NON DEVE USARE IL SITO E NON DEVE SCARICARNE LE INFORMAZIONI.   <\/p>\n<h4><strong>Licenza<\/strong><\/h4>\n<p>Ai sensi dei termini e delle condizioni riportate nel presente accordo, SISGEO concede all\u2019utente un diritto limitato non esclusivo e non trasferibile di accesso, di utilizzo e di visualizzazione di questo Sito e del materiale inerente. Con il presente accordo, l\u2019utente si impegna a non interrompere o tentare di interrompere il funzionamento del Sito in alcun modo. SISGEO autorizza a visionare e scaricare le informazioni (il \u201cMateriale\u201d) del Sito. Questa autorizzazione non costituisce un trasferimento di titolarit\u00e0 del Materiale e delle sue copie ed \u00e8 subordinata alle seguenti restrizioni: <br \/>\u2013 vanno conservate, su tutte le copie dei Materiali scaricati, gli avvisi di copyright e di brevetto contenuti nel Materiale;<br \/>\u2013 l\u2019utente non pu\u00f2 modificare il Materiale in alcun modo o riprodurlo, esporlo o presentarlo in pubblico, n\u00e9 distribuirlo o utilizzarlo in qualsivoglia modo o darne comunicazione pubblica o per scopi commerciali se non preventivamente richiesto a SISGEO;<br \/>\u2013 l\u2019utente non pu\u00f2 trasferire il Materiale a terzi salvo che questi ultimi siano notificati dall\u2019utente degli obblighi derivanti dai presenti termini e condizioni d\u2019uso e si impegnino ad osservare tali obblighi.<\/p>\n<p>Questo Sito e tutto il Materiale sono protetti da copyright a livello internazionale e sono tutelati dalle leggi e dai trattati internazionali in materia di diritto d\u2019autore. Nell\u2019utilizzo di questo Sito, l\u2019utente si impegna a rispettare le leggi internazionali sul diritto d\u2019autore e a impedire qualunque forma di copia non autorizzata del Materiale. Fatta eccezione per quanto diversamente ed espressamente specificato nel presente accordo, SISGEO non cede alcun diritto espresso o implicito ai sensi della legislazione vigente su brevetti, disegni, marchi, copyright e segreti commerciali.   <\/p>\n<h4>Account Utente<\/h4>\n<p>\u00c8 possibile che all\u2019utente sia richiesto di attivare un account per accedere ad alcune aree riservate del Sito. In tale evento, sar\u00e0 necessario completare la procedura di registrazione fornendo tutte le informazioni richieste nell\u2019apposito modulo di registrazione. Sar\u00e0 richiesto anche di creare una password. Sar\u00e0 cura dell\u2019utente mantenere la segretezza dell\u2019account e della password. L\u2019utente risponder\u00e0 di tutte le attivit\u00e0 e operazioni svolte con l\u2019account attivato e render\u00e0 immediatamente informata SISGEO di qualunque uso non autorizzato del proprio account e di altre eventuali violazioni della sicurezza. SISGEO non sar\u00e0 responsabile per eventuali perdite subite dall\u2019utente a causa dell\u2019utilizzo dell\u2019account e della password da parte di terzi.      <\/p>\n<h4>Garanzie dell\u2019utente<\/h4>\n<p>L\u2019utente si impegna a utilizzare il Sito in conformit\u00e0 alle disposizioni del presente Accordo, incluse le leggi e le clausole inerenti e di attenersi alle prassi e alle regole del Sito presenti e future. L\u2019utente si impegna a non usare il Sito per: <br \/>\u2013 svolgere attivit\u00e0 di spamming o comunque trasmettere o inviare comunicazioni non richieste;<br \/>\u2013 fingere di agire per conto di SISGEO o altri;<br \/>\u2013 falsificare intestazioni o altrimenti manipolare strumenti identificatori per camuffare l\u2019origine di contenuti trasmessi attraverso il Sito;<br \/>\u2013 fare dichiarazioni false su affiliazioni dell\u2019utente a persone o entit\u00e0;<br \/>\u2013 agire con modalit\u00e0 che possano influenzare negativamente la capacit\u00e0 di utilizzo del Sito da parte di altri utenti;<br \/>\u2013 intraprendere attivit\u00e0 in violazione di qualunque legge pertinente;<br \/>\u2013 inviare o trasmettere materiale che possa infrangere o violare i diritti di terzi o che sia illegale, abusivo, diffamatorio, volgare o in altro modo biasimevole o che contenga pubblicit\u00e0 o sollecitazioni riguardo ai prodotti o ai servizi;<br \/>\u2013 raccogliere o archiviare dati personali di altri utenti senza una loro specifica autorizzazione;<br \/>\u2013 non accogliere una richiesta di recesso da un\u2019autorizzazione data di cui al punto precedente.<br \/>L\u2019utente che non si attiene a quanto sopra esposto, non potr\u00e0 usare il Sito; SISGEO non potr\u00e0 essere ritenuta legalmente vincolata da questo Accordo e potr\u00e0 invece avvalersi di tutti i diritti legali riconducibili alla suddetta mancata ottemperanza da parte dell\u2019utente. In caso di violazione dei Termini e condizioni d\u2019uso, l\u2019utente sar\u00e0 tenuto a risarcire i danni causati a SISGEO e alle sue societ\u00e0 affiliate in conseguenza delle proprie azioni.<\/p>\n<h4>Modifiche<\/h4>\n<p>SISGEO si riserva il diritto, a propria esclusiva discrezione, di cambiare, modificare, aggiungere o rimuovere \u2013 per intero o in parte e in qualunque momento \u2013 qualunque parte del presente Accordo. Ogni modifica riferita al presente Accordo avr\u00e0 efficacia dal momento in cui l\u2019avviso della modifica \u00e8 pubblicato sul Sito. Il proseguimento dell\u2019uso del Sito da parte dell\u2019utente a seguito di una modifica costituir\u00e0 una sua accettazione implicita della stessa modifica.  <br \/>SISGEO pu\u00f2 revocare, modificare, correggere qualunque errore o omissione in qualunque parte del Sito, apportare ulteriori modifiche al Sito, al materiale e a prodotti, a programmi, a servizi descritti nel Sito, sospendere o cessare qualunque profilo del Sito, compresa la disponibilit\u00e0 delle varie configurazioni del Sito, in qualunque momento e senza alcun preavviso. SISGEO pu\u00f2, in qualsiasi momento, revocare l\u2019autorizzazione, i diritti e la licenza di cui sopra: all\u2019atto della revoca, l\u2019utente dovr\u00e0 distruggere immediatamente tutto il Materiale.  <\/p>\n<h4>Riconoscimento dei diritti di propriet\u00e0 intellettuale<\/h4>\n<p>L\u2019utente riconosce che tutti i diritti di propriet\u00e0 intellettuale del Sito (inclusi, e senza limitazioni, i diritti d\u2019autore, brevetti, know-how, informazioni confidenziali, banche dati, diritti di marchio e design \u2013 registrati o no) siano conferiti a SISGEO o ai suoi concessori di brevetto. Tutti i diritti di propriet\u00e0 intellettuale e avviamento derivanti dall\u2019uso di tali diritti conferiti a SISGEO saranno a beneficio di SISGEO. <\/p>\n<h4>Informazioni fornite dall\u2019utente<\/h4>\n<p>Qualunque informazione fornita dall\u2019utente che permetta a SISGEO di identificare la persona tramite questo sito \u00e8 protetta dalla legge sulla privacy. Non si devono tuttavia inviare a SISGEO informazioni confidenziali o esclusive tramite questo Sito. L\u2019utente accetta che qualsiasi informazione fornita dallo stesso, o da chi agisce per suo conto, a SISGEO non sar\u00e0 considerata confidenziale o esclusiva. Fornendo tali informazioni o materiale a SISGEO, l\u2019utente assegna e trasferisce interamente a SISGEO tutti i diritti di propriet\u00e0 intellettuale relativi a tali informazioni e materiali e \u2013 pertanto \u2013 SISGEO sar\u00e0 libera di usare, riprodurre, esporre, eseguire pubblicamente, trasmettere, distribuire, modificare, assegnare e concedere in licenza tali informazioni e materiali; l\u2019utente accetta inoltre che SISGEO sia libera di usare qualsiasi idea, concetto o know-how forniti a SISGEO dall\u2019utente o da chi agisce per suo conto. L\u2019utente garantisce inoltre che non fornir\u00e0 alcuna informazione o materiale a SISGEO che abbia carattere diffamatorio, minaccioso, osceno, assillante o sia comunque illegale ai sensi di qualsiasi legge applicabile o che incorpori il materiale esclusivo di un\u2019altra persona. SISGEO si riserva, a propria esclusiva discrezione, il diritto di rimuovere dal Sito qualsiasi informazione fornita dall\u2019utente.     <\/p>\n<h4>Sicurezza<\/h4>\n<p>L\u2019utente non pu\u00f2:<br \/>\u2013 usare dispositivi o software capaci di interferire con il funzionamento del Sito;<br \/>\u2013 intraprendere azioni che impongano un carico di grandezza sproporzionata o irragionevole sull\u2019infrastruttura del Sito (come l\u2019invio di e-mail in massa o \u201cspamming\u201d);<br \/>\u2013 interferire con \u2013 o manomettere \u2013 il software del Sito o la sua funzionalit\u00e0. Ci\u00f2 include la pubblicazione nel Sito di materiale che sia infetto da virus, cavalli di Troia, bombe a tempo o altri elementi che possano interferire con \u2013 o danneggiare \u2013 la struttura del sistema di programmazione del Sito. <\/p>\n<h4>Siti web di terzi<\/h4>\n<p>SISGEO non si impegna a monitorare o a esaminare il contenuto dei siti di terzi, n\u00e9 pu\u00f2 essere ritenuta responsabile dell\u2019accuratezza o dell\u2019affidabilit\u00e0 di tali siti. SISGEO altres\u00ec pu\u00f2 fornire link ad altri siti web gestiti da altre entit\u00e0. L\u2019accesso a tali siti comporta l\u2019uscita da questo Sito. L\u2019utente che visiti un altro sito tramite i suddetti link lo fa a proprio rischio ed \u00e8 responsabile di tutte le misure protettive volte a contrastare virus o altri elementi distruttivi. SISGEO declina ogni responsabilit\u00e0 riguardo a qualsiasi sito web visitato tramite i suddetti link o riguardo alle informazioni contenute in tale sito o ai prodotti o servizi descritti in esso. L\u2019accesso a un altro sito tramite link non significa che SISGEO \u2013 o il Sito \u2013 sponsorizzi o avalli il sito visitato n\u00e9 che sia ad esso affiliato o associato o che sia legalmente autorizzato a usare qualsiasi marchio di fabbrica, nome commerciale, logo o simbolo di copyright visualizzato o accessibile tramite questi link. N\u00e9 significa che il sito visitato tramite link sia autorizzato ad usare marchi di fabbrica, nomi commerciali, loghi o simboli di copyright di SISGEO o delle proprie affiliate o sussidiarie.     <\/p>\n<h4>Esclusione di garanzie implicite<\/h4>\n<p>Sebbene ci si sia sforzati di assicurare l\u2019accuratezza delle informazioni di questo Sito, SISGEO non si assume alcuna responsabilit\u00e0 al riguardo. IL MATERIALE PU\u00d2 CONTENERE INESATTEZZE O ERRORI TIPOGRAFICI. SISGEO NON GARANTISCE L\u2019ACCURATEZZA O LA COMPLETEZZA DEL MATERIALE O L\u2019ATTENDIBILIT\u00c0 DI QUALSIASI CONSIGLIO, OPINIONE, AFFERMAZIONE O ALTRA INFORMAZIONE VISUALIZZATA O DISTRIBUITA TRAMITE IL SITO. L\u2019UTENTE ACCETTA DI VALUTARE A PROPRIO RISCHIO L\u2019ATTENDIBILIT\u00c0 DI TALI OPINIONI, CONSIGLI, AFFERMAZIONI, PROMEMORIA O INFORMAZIONI. TUTTO IL CONTENUTO VIENE FORNITO \u201cCOS\u00cc COM\u2019\u00c8\u201d E \u201cCOME DISPONIBILE\u201d. SISGEO NEGA ESPRESSAMENTE QUALSIASI GARANZIA O CONDIZIONE, ESPRESSA O IMPLICITA, COMPRESA, IN VIA ESEMPLIFICATIVA, LA GARANZIA DI COMMERCIABILIT\u00c0 E IDONEIT\u00c0 PER UN FINE PARTICOLARE, DI NON VIOLAZIONE DEI DIRITTI ALTRUI O DI FUNZIONAMENTO DEL PRESENTE SITO O DEL SUO CONTENUTO. SISGEO DECLINA OGNI RESPONSABILIT\u00c0 RIGUARDO LA SICUREZZA DEL PRESENTE SITO WEB. L\u2019UTENTE ACCETTA CHE QUALSIASI INFORMAZIONE TRASMESSA POSSA ESSERE INTERCETTATA. SISGEO NON GARANTISCE CHE IL SITO WEB O I SERVER CHE RENDONO DISPONIBILE QUESTO SITO O LE COMUNICAZIONI ELETTRONICHE INVIATE DA SISGEO SIANO PRIVE DI VIRUS O ALTRI ELEMENTI NOCIVI. SI ESCLUDONO TUTTE TALI GARANZIE E CONDIZIONI SALVO NEI CASI IN CUI TALE ESCLUSIONE SIA VIETATA PER LEGGE.         <\/p>\n<h4>Limitazione di responsabilit\u00e0<\/h4>\n<p>IN NESSUN CASO SISGEO POTR\u00c0 ESSERE RITENUTA RESPONSABILE DI DANNI DIRETTI, INDIRETTI, CONSEQUENZIALI, PUNITIVI, SPECIALI O INCIDENTALI (IVI COMPRESI, IN VIA ESEMPLIFICATIVA, DANNI PER PERDITA DI OPPORTUNIT\u00c0 COMMERCIALI, CONTRATTI, INTROITI, DATI, INFORMAZIONI O INTERRUZIONE DI ATTIVIT\u00c0) DERIVANTI DALL\u2019USO O DALL\u2019IMPOSSIBILIT\u00c0 DI USARE QUESTO SITO O IL RELATIVO CONTENUTO AI SENSI DEL PRESENTE ACCORDO, ANCHE NELL\u2019EVENTUALIT\u00c0 IN CUI SISGEO SIA STATA INFORMATA DELLA POSSIBILIT\u00c0 DI TALI DANNI. OLTRE ALLE CONDIZIONI QUI ENUNCIATE, SISGEO NON SAR\u00c0 IN ALCUN CASO RESPONSABILE DI ERRORI, IMPRECISIONI, OMISSIONI O ALTRI DIFETTI N\u00c9 DELL\u2019INTEMPESTIVIT\u00c0 O DELLA NON AUTENTICIT\u00c0 DELLE INFORMAZIONI CONTENUTE IN QUESTO SITO. <\/p>\n<h4>Attenuazione delle perdite<\/h4>\n<p>Senza pregiudizio alle limitazioni di responsabilit\u00e0 qui enunciate, l\u2019utente si impegna a prendere tutte le misure ragionevoli volte ad attenuare le proprie perdite derivanti da qualsiasi reclamo o azione (a causa di negligenza, violazione di contratto o altro motivo) che l\u2019utente potr\u00e0 intentare nei confronti di SISGEO.<\/p>\n<h4>Avvisi<\/h4>\n<p>Tutti i riferimenti a \u201cscritti\u201d, \u201cavvisi\u201d e \u201cnotifiche\u201d e a tutte le espressioni riguardanti le medesime finalit\u00e0, si riferiscono a metodi di comunicazione elettronici (ad esempio, e-mail) a condizione che la parte interessata conservi una prova accettabile delle comunicazioni inviate e ricevute. Termini di prescrizione e divisibilit\u00e0 Qualsiasi ricorso alle vie legali che l\u2019utente possa intentare riguardo all\u2019utilizzo del Sito deve essere avviata entro (1) anno dalla comunicazione del reclamo o dal momento in cui si \u00e8 verificato l\u2019evento per il quali si intende procedere in giudizio. Se per qualsiasi ragione un tribunale di giurisdizione competente dovesse rilevare che una disposizione (o sua porzione) dell\u2019Accordo sia inapplicabile, tale disposizione sar\u00e0 applicata nei massimi limiti consentiti, in modo da non condizionare l\u2019intento dell\u2019Accordo, mentre la parte rimanente del presente Accordo continuer\u00e0 ad avere piena validit\u00e0 ed efficacia. Accesso da territori e luoghi al di fuori dall\u2019Italia SISGEO declina ogni responsabilit\u00e0 sul fatto che il materiale di questo Sito sia appropriato o disponibile per l\u2019uso in sedi situate al di fuori dell\u2019Italia. \u00c8 proibito l\u2019accesso al materiale da territori in cui il suo contenuto \u00e8 illegale. Chi accede a questo Sito da sedi al di fuori dell\u2019Italia \u00e8 responsabile dell\u2019osservanza di tutte le normative locali. Foro competente L\u2019utilizzo di questo sito e i termini del presente Accordo sono disciplinati dalle leggi della Repubblica Italiana, senza effetti per le disposizioni sui conflitti di legge.    <\/p>\n\t\t\t\t\t\t\t\t<\/div>\n\t\t\t\t<\/div>\n\t\t\t\t\t<\/div>\n\t\t\t\t<\/div>\n\t\t\t\t<\/div>\n\t\t","protected":false},"excerpt":{"rendered":"<p>BENVENUTI NEL SITO WEB SISGEO. SI PREGA DI LEGGERE ATTENTAMENTE LE CONDIZIONI D\u2019USO PRIMA DI UTILIZZARE QUESTO SITO. QUESTO SITO VA USATO SOLAMENTE A SCOPI INFORMATIVI. DANDO IL PROPRIO CONSENSO E UTILIZZANDO IL SITO O SCARICANDO MATERIALI DA ESSO, L\u2019UTENTE SI IMPEGNA AD ATTENERSI AI TERMINI E ALLE CONDIZIONI (\u201cTERMINI E CONDIZIONI D\u2019USO\u201d) ESPRESSI DI [&hellip;]<\/p>\n","protected":false},"author":1,"featured_media":0,"parent":0,"menu_order":0,"comment_status":"closed","ping_status":"closed","template":"","meta":{"footnotes":""},"categories":[],"tags":[],"class_list":["post-15881","page","type-page","status-publish","hentry"],"yoast_head":"<!-- This site is optimized with the Yoast SEO Premium plugin v27.2 (Yoast SEO v27.2) - https:\/\/yoast.com\/product\/yoast-seo-premium-wordpress\/ -->\n<title>Termini e Condizioni - Sisgeo<\/title>\n<meta name=\"robots\" content=\"index, follow, max-snippet:-1, max-image-preview:large, max-video-preview:-1\" \/>\n<link rel=\"canonical\" href=\"https:\/\/sisgeo.com\/it\/termini-e-condizioni\/\" \/>\n<meta property=\"og:locale\" content=\"it_IT\" \/>\n<meta property=\"og:type\" content=\"article\" \/>\n<meta property=\"og:title\" content=\"Termini e Condizioni\" \/>\n<meta property=\"og:description\" content=\"BENVENUTI NEL SITO WEB SISGEO. SI PREGA DI LEGGERE ATTENTAMENTE LE CONDIZIONI D\u2019USO PRIMA DI UTILIZZARE QUESTO SITO. QUESTO SITO VA USATO SOLAMENTE A SCOPI INFORMATIVI. DANDO IL PROPRIO CONSENSO E UTILIZZANDO IL SITO O SCARICANDO MATERIALI DA ESSO, L\u2019UTENTE SI IMPEGNA AD ATTENERSI AI TERMINI E ALLE CONDIZIONI (\u201cTERMINI E CONDIZIONI D\u2019USO\u201d) ESPRESSI DI [&hellip;]\" \/>\n<meta property=\"og:url\" content=\"https:\/\/sisgeo.com\/it\/termini-e-condizioni\/\" \/>\n<meta property=\"og:site_name\" content=\"Sisgeo\" \/>\n<meta property=\"article:modified_time\" content=\"2023-12-22T16:12:44+00:00\" \/>\n<meta name=\"twitter:card\" content=\"summary_large_image\" \/>\n<meta name=\"twitter:label1\" content=\"Tempo di lettura stimato\" \/>\n\t<meta name=\"twitter:data1\" content=\"10 minuti\" \/>\n<script type=\"application\/ld+json\" class=\"yoast-schema-graph\">{\"@context\":\"https:\/\/schema.org\",\"@graph\":[{\"@type\":\"WebPage\",\"@id\":\"https:\/\/sisgeo.com\/it\/termini-e-condizioni\/\",\"url\":\"https:\/\/sisgeo.com\/it\/termini-e-condizioni\/\",\"name\":\"Termini e Condizioni - Sisgeo\",\"isPartOf\":{\"@id\":\"https:\/\/sisgeo.com\/it\/#website\"},\"datePublished\":\"2023-09-25T07:45:04+00:00\",\"dateModified\":\"2023-12-22T16:12:44+00:00\",\"breadcrumb\":{\"@id\":\"https:\/\/sisgeo.com\/it\/termini-e-condizioni\/#breadcrumb\"},\"inLanguage\":\"it-IT\",\"potentialAction\":[{\"@type\":\"ReadAction\",\"target\":[\"https:\/\/sisgeo.com\/it\/termini-e-condizioni\/\"]}]},{\"@type\":\"BreadcrumbList\",\"@id\":\"https:\/\/sisgeo.com\/it\/termini-e-condizioni\/#breadcrumb\",\"itemListElement\":[{\"@type\":\"ListItem\",\"position\":1,\"name\":\"Home\",\"item\":\"https:\/\/sisgeo.com\/it\/strumentazione-geotecnica-e-strutturale-per-lo-shm\/\"},{\"@type\":\"ListItem\",\"position\":2,\"name\":\"Termini e Condizioni\"}]},{\"@type\":\"WebSite\",\"@id\":\"https:\/\/sisgeo.com\/it\/#website\",\"url\":\"https:\/\/sisgeo.com\/it\/\",\"name\":\"Sisgeo\",\"description\":\"Inclined to improvement\",\"publisher\":{\"@id\":\"https:\/\/sisgeo.com\/it\/#organization\"},\"potentialAction\":[{\"@type\":\"SearchAction\",\"target\":{\"@type\":\"EntryPoint\",\"urlTemplate\":\"https:\/\/sisgeo.com\/it\/?s={search_term_string}\"},\"query-input\":{\"@type\":\"PropertyValueSpecification\",\"valueRequired\":true,\"valueName\":\"search_term_string\"}}],\"inLanguage\":\"it-IT\"},{\"@type\":\"Organization\",\"@id\":\"https:\/\/sisgeo.com\/it\/#organization\",\"name\":\"Sisgeo S.r.l.\",\"url\":\"https:\/\/sisgeo.com\/it\/\",\"logo\":{\"@type\":\"ImageObject\",\"inLanguage\":\"it-IT\",\"@id\":\"https:\/\/sisgeo.com\/it\/#\/schema\/logo\/image\/\",\"url\":\"https:\/\/sisgeodev.pipehosting.it\/wp-content\/uploads\/2023\/06\/logo-RGB.png\",\"contentUrl\":\"https:\/\/sisgeodev.pipehosting.it\/wp-content\/uploads\/2023\/06\/logo-RGB.png\",\"width\":205,\"height\":97,\"caption\":\"Sisgeo S.r.l.\"},\"image\":{\"@id\":\"https:\/\/sisgeo.com\/it\/#\/schema\/logo\/image\/\"}}]}<\/script>\n<!-- \/ Yoast SEO Premium plugin. -->","yoast_head_json":{"title":"Termini e Condizioni - Sisgeo","robots":{"index":"index","follow":"follow","max-snippet":"max-snippet:-1","max-image-preview":"max-image-preview:large","max-video-preview":"max-video-preview:-1"},"canonical":"https:\/\/sisgeo.com\/it\/termini-e-condizioni\/","og_locale":"it_IT","og_type":"article","og_title":"Termini e Condizioni","og_description":"BENVENUTI NEL SITO WEB SISGEO. SI PREGA DI LEGGERE ATTENTAMENTE LE CONDIZIONI D\u2019USO PRIMA DI UTILIZZARE QUESTO SITO. QUESTO SITO VA USATO SOLAMENTE A SCOPI INFORMATIVI. DANDO IL PROPRIO CONSENSO E UTILIZZANDO IL SITO O SCARICANDO MATERIALI DA ESSO, L\u2019UTENTE SI IMPEGNA AD ATTENERSI AI TERMINI E ALLE CONDIZIONI (\u201cTERMINI E CONDIZIONI D\u2019USO\u201d) ESPRESSI DI [&hellip;]","og_url":"https:\/\/sisgeo.com\/it\/termini-e-condizioni\/","og_site_name":"Sisgeo","article_modified_time":"2023-12-22T16:12:44+00:00","twitter_card":"summary_large_image","twitter_misc":{"Tempo di lettura stimato":"10 minuti"},"schema":{"@context":"https:\/\/schema.org","@graph":[{"@type":"WebPage","@id":"https:\/\/sisgeo.com\/it\/termini-e-condizioni\/","url":"https:\/\/sisgeo.com\/it\/termini-e-condizioni\/","name":"Termini e Condizioni - Sisgeo","isPartOf":{"@id":"https:\/\/sisgeo.com\/it\/#website"},"datePublished":"2023-09-25T07:45:04+00:00","dateModified":"2023-12-22T16:12:44+00:00","breadcrumb":{"@id":"https:\/\/sisgeo.com\/it\/termini-e-condizioni\/#breadcrumb"},"inLanguage":"it-IT","potentialAction":[{"@type":"ReadAction","target":["https:\/\/sisgeo.com\/it\/termini-e-condizioni\/"]}]},{"@type":"BreadcrumbList","@id":"https:\/\/sisgeo.com\/it\/termini-e-condizioni\/#breadcrumb","itemListElement":[{"@type":"ListItem","position":1,"name":"Home","item":"https:\/\/sisgeo.com\/it\/strumentazione-geotecnica-e-strutturale-per-lo-shm\/"},{"@type":"ListItem","position":2,"name":"Termini e Condizioni"}]},{"@type":"WebSite","@id":"https:\/\/sisgeo.com\/it\/#website","url":"https:\/\/sisgeo.com\/it\/","name":"Sisgeo","description":"Inclined to improvement","publisher":{"@id":"https:\/\/sisgeo.com\/it\/#organization"},"potentialAction":[{"@type":"SearchAction","target":{"@type":"EntryPoint","urlTemplate":"https:\/\/sisgeo.com\/it\/?s={search_term_string}"},"query-input":{"@type":"PropertyValueSpecification","valueRequired":true,"valueName":"search_term_string"}}],"inLanguage":"it-IT"},{"@type":"Organization","@id":"https:\/\/sisgeo.com\/it\/#organization","name":"Sisgeo S.r.l.","url":"https:\/\/sisgeo.com\/it\/","logo":{"@type":"ImageObject","inLanguage":"it-IT","@id":"https:\/\/sisgeo.com\/it\/#\/schema\/logo\/image\/","url":"https:\/\/sisgeodev.pipehosting.it\/wp-content\/uploads\/2023\/06\/logo-RGB.png","contentUrl":"https:\/\/sisgeodev.pipehosting.it\/wp-content\/uploads\/2023\/06\/logo-RGB.png","width":205,"height":97,"caption":"Sisgeo S.r.l."},"image":{"@id":"https:\/\/sisgeo.com\/it\/#\/schema\/logo\/image\/"}}]}},"_links":{"self":[{"href":"https:\/\/sisgeo.com\/it\/wp-json\/wp\/v2\/pages\/15881","targetHints":{"allow":["GET"]}}],"collection":[{"href":"https:\/\/sisgeo.com\/it\/wp-json\/wp\/v2\/pages"}],"about":[{"href":"https:\/\/sisgeo.com\/it\/wp-json\/wp\/v2\/types\/page"}],"author":[{"embeddable":true,"href":"https:\/\/sisgeo.com\/it\/wp-json\/wp\/v2\/users\/1"}],"replies":[{"embeddable":true,"href":"https:\/\/sisgeo.com\/it\/wp-json\/wp\/v2\/comments?post=15881"}],"version-history":[{"count":2,"href":"https:\/\/sisgeo.com\/it\/wp-json\/wp\/v2\/pages\/15881\/revisions"}],"predecessor-version":[{"id":20983,"href":"https:\/\/sisgeo.com\/it\/wp-json\/wp\/v2\/pages\/15881\/revisions\/20983"}],"wp:attachment":[{"href":"https:\/\/sisgeo.com\/it\/wp-json\/wp\/v2\/media?parent=15881"}],"wp:term":[{"taxonomy":"category","embeddable":true,"href":"https:\/\/sisgeo.com\/it\/wp-json\/wp\/v2\/categories?post=15881"},{"taxonomy":"post_tag","embeddable":true,"href":"https:\/\/sisgeo.com\/it\/wp-json\/wp\/v2\/tags?post=15881"}],"curies":[{"name":"wp","href":"https:\/\/api.w.org\/{rel}","templated":true}]}}